{"id":2055,"date":"2025-09-04T17:29:18","date_gmt":"2025-09-04T15:29:18","guid":{"rendered":"https:\/\/sites-recherche.univ-rennes2.fr\/ace\/?page_id=2055"},"modified":"2025-09-04T17:35:31","modified_gmt":"2025-09-04T15:35:31","slug":"archives-seminaire-popular-culture-politics-and-identity","status":"publish","type":"page","link":"https:\/\/sites-recherche.univ-rennes2.fr\/ace\/archives-seminaire-popular-culture-politics-and-identity\/","title":{"rendered":"Archives s\u00e9minaire \u00ab Popular Culture, Politics and Identity \u00bb"},"content":{"rendered":"<p><strong>Programme 2024-2025<\/strong><\/p>\n<ul>\n<li><strong>24 octobre (14h-16h, salle L201): <\/strong>Erin Callahan (San Jacinto College, Houston, TX):<strong> \u00ab\u00a0The Politics of Bob Dylan\u00a0\u00bb \/\/ <\/strong>S\u00e9ance accessible en visio: <a href=\"https:\/\/bbb-ens.univ-rennes2.fr\/gl\/hai-0ol-1za-v0z\">https:\/\/bbb-ens.univ-rennes2.fr\/gl\/hai-0ol-1za-v0z<\/a><\/li>\n<\/ul>\n<p>&nbsp;<\/p>\n<ul>\n<li><strong>30 janvier (14h-16h, salle L201): <\/strong>Guillaume Thomas (Universit\u00e9 Lyon 3):\u00a0<strong>\u00ab\u00a0An accident waiting to happen: was the acquittal of O.J. Simpson inevitable?\u00a0\u00bb <\/strong>\/\/ Captation de la s\u00e9ance accessible en ligne : <a href=\"https:\/\/scalelite-conf.univ-rennes2.fr\/playback\/presentation\/2.3\/f847f2dec7a8b9e35fcf82e1bf8e53c1e767644b-1738234503783\" target=\"_blank\" rel=\"noopener\">https:\/\/scalelite-conf.univ-rennes2.fr\/playback\/presentation\/2.3\/f847f2dec7a8b9e35fcf82e1bf8e53c1e767644b-1738234503783<\/a><strong><br \/>\n<\/strong><\/li>\n<\/ul>\n<p><em>When American football legend O.J. Simpson was acquitted of the double murder of his ex-wife Nicole Brown and her friend Ron Goldman, a dirty game of finger-pointing began. Some blamed the debacle on the incompetence of the state professionals involved (often starting with lead prosecutor Marcia Clark), others on the cynicism of O.J. Simpson\u2019s legal team. Without minimizing the impact of the errors committed during the criminal proceedings, it may be stated that the failure of the \u201cTrial of the Century\u201d, which left long-lasting scars on American society, was inevitable. One argument is that it was almost impossible for O.J. Simpson to be convicted, because of the social, racial, and geographic context in which the trial took place \u2013 thus raising significant questions about the fairness of the U.S. justice system.<\/em><\/p>\n<ul>\n<li><strong>13 f\u00e9vrier (14h-16h, salle L265):<\/strong> Claire Dutriaux (Sorbonne Universit\u00e9): \u00ab \u2018So-called Southern Speech:\u2019 the Racial Politics of Southern Accents in Hollywood Cinema, 1927-1964. \u00bb \/\/ Captation de la s\u00e9ance accessible en ligne : <a href=\"https:\/\/scalelite-conf.univ-rennes2.fr\/playback\/presentation\/2.3\/f847f2dec7a8b9e35fcf82e1bf8e53c1e767644b-1739450468363\">https:\/\/scalelite-conf.univ-rennes2.fr\/playback\/presentation\/2.3\/f847f2dec7a8b9e35fcf82e1bf8e53c1e767644b-1739450468363<\/a><\/li>\n<\/ul>\n<p>&nbsp;<\/p>\n<ul>\n<li><strong>13 mars (14h-16h, amphi T1, b\u00e2t. PNRV Villejean):<\/strong> John Denham (University of Southampton \u2013 former Labour MP and Secretary of State): \u00ab Englishness and politics: identity and ideas of the nation \u00bb.<\/li>\n<\/ul>\n<p><em>En raison des incertitudes li\u00e9es \u00e0 la mobilisation sociale en cours contre les politiques d\u2019aust\u00e9rit\u00e9 budg\u00e9taire impos\u00e9es aux universit\u00e9s, la conf\u00e9rence de John Denham doit \u00eatre report\u00e9e. Nous vous prions de nous en excuser. Elle sera reprogramm\u00e9e \u00e0 l\u2019automne. L\u2019information sera publi\u00e9e sur le site d\u2019ACE.<\/em><\/p>\n<ul>\n<li><strong>11 avril (14h-16h, salle L201): <\/strong>Elsa Grassy (Universit\u00e9 de Strasbourg): <strong>\u00ab\u00a0The Chronopolitics of folk: from Katrina to Helene\u00a0\u00bb.<\/strong><\/li>\n<\/ul>\n<p><em>Cette s\u00e9ance est report\u00e9e \u00e0 l\u2019ann\u00e9e prochaine. Nous vous prions de nous excuser pour ce changement tardif.<\/em><\/p>\n","protected":false},"excerpt":{"rendered":"<p>Programme 2024-2025 24 octobre (14h-16h, salle L201): Erin Callahan (San Jacinto College, Houston, TX): \u00ab\u00a0The Politics of Bob Dylan\u00a0\u00bb \/\/ S\u00e9ance accessible en visio:&hellip;<\/p>\n","protected":false},"author":2,"featured_media":0,"parent":0,"menu_order":0,"comment_status":"closed","ping_status":"closed","template":"","meta":{"_acf_changed":false,"footnotes":""},"class_list":["post-2055","page","type-page","status-publish","hentry"],"acf":[],"_links":{"self":[{"href":"https:\/\/sites-recherche.univ-rennes2.fr\/ace\/wp-json\/wp\/v2\/pages\/2055","targetHints":{"allow":["GET"]}}],"collection":[{"href":"https:\/\/sites-recherche.univ-rennes2.fr\/ace\/wp-json\/wp\/v2\/pages"}],"about":[{"href":"https:\/\/sites-recherche.univ-rennes2.fr\/ace\/wp-json\/wp\/v2\/types\/page"}],"author":[{"embeddable":true,"href":"https:\/\/sites-recherche.univ-rennes2.fr\/ace\/wp-json\/wp\/v2\/users\/2"}],"replies":[{"embeddable":true,"href":"https:\/\/sites-recherche.univ-rennes2.fr\/ace\/wp-json\/wp\/v2\/comments?post=2055"}],"version-history":[{"count":1,"href":"https:\/\/sites-recherche.univ-rennes2.fr\/ace\/wp-json\/wp\/v2\/pages\/2055\/revisions"}],"predecessor-version":[{"id":2056,"href":"https:\/\/sites-recherche.univ-rennes2.fr\/ace\/wp-json\/wp\/v2\/pages\/2055\/revisions\/2056"}],"wp:attachment":[{"href":"https:\/\/sites-recherche.univ-rennes2.fr\/ace\/wp-json\/wp\/v2\/media?parent=2055"}],"curies":[{"name":"wp","href":"https:\/\/api.w.org\/{rel}","templated":true}]}}