{"id":328,"date":"2022-01-12T14:41:57","date_gmt":"2022-01-12T13:41:57","guid":{"rendered":"https:\/\/sites-recherche.univ-rennes2.fr\/ace\/?page_id=328"},"modified":"2023-11-09T11:59:48","modified_gmt":"2023-11-09T10:59:48","slug":"conferences-and-worshops","status":"publish","type":"page","link":"https:\/\/sites-recherche.univ-rennes2.fr\/ace\/en\/home\/conferences-and-worshops\/","title":{"rendered":"Conferences"},"content":{"rendered":"<h2>2021<\/h2>\n<p>\u00ab\u00a0<strong>Biopouvoir en culture de l\u2019\u00e9cran\u00a0\u00bb<\/strong> &#8211; International conference in partnership with UBO, UQAM, Paris 8 and Montpellier 3, 30 September and 1 October . More information <a href=\"https:\/\/sites-recherche.univ-rennes2.fr\/ace\/evenement\/colloque-international-biopouvoir-en-culture-de-lecran\/\">here<\/a>.<\/p>\n<p>\u00ab\u00a0<strong>Anthropomorphisme<\/strong>\u00a0\u00bb &#8211; Study day of the DU Animals and Society (Organisation: Emilie Dardenne), 24 June. More information <a href=\"https:\/\/perso.univ-rennes2.fr\/emilie.dardenne\">here<\/a>.<\/p>\n<p>&nbsp;<\/p>\n<h2>2020<\/h2>\n<p>\u00ab\u00a0<strong>War Memories: Sharing War Memories-From the Military to the Civilian<\/strong>\u00a0\u00bb &#8211; International conference in partnership with 3L.AM and the Royal Military College of Canada (Organizers: Ren\u00e9e Dickason, Delphine Letort, St\u00e9phanie B\u00e9langer, Maud Michaud, Rebecca Dickason, Sylvie Servoise) Le Mans, 24-26 June. More information <a href=\"https:\/\/warmem2020.sciencesconf.org\/\">here<\/a>.<\/p>\n<p>\u00ab\u00a0<strong>Epiphanies V\u00e9g\u00e9tariennes<\/strong>\u00a0\u00bb &#8211; International conference in partnership with Rennes 1 and University of California Santa Barbara (Organised by Emilie Dardenne, Romain Espinosa, Renan Larue), Rennes (16-17 April) and Santa Barbara (28-29 May). More information <a href=\"https:\/\/epiphaniesvege.sciencesconf.org\/\">here<\/a>.<\/p>\n<p>&nbsp;<\/p>\n<h2>2019<\/h2>\n<p>\u00ab\u00a0<strong>Passeurs de la litt\u00e9rature am\u00e9ricaine en France 1917-1967<\/strong>\u00a0\u00bb &#8211; International Study Days in partnership with LERMA EA 853, University of Aix-Marseille and CREA EA 370, University of Paris Nanterre (Organised by H\u00e9l\u00e8ne Aji, Sylvie Bauer, Anne Reynes-Delobel and Beno\u00eet Tadi\u00e9), Rennes, 14-15 March. More information <a href=\"https:\/\/passeurs2019.sciencesconf.org\/?forward-action=index&amp;forward-controller=index&amp;lang=fr\">here<\/a>.<\/p>\n<p>&nbsp;<\/p>\n<h2>2018<\/h2>\n<p>\u00ab\u00a0<strong>Rapports ordinaires au genre\u00a0\u00bb<\/strong> &#8211; International conference in partnership with UMR Ar\u00e8nes (Organiser: Emilie Billand, Christine Guionnet, Bleuwenn Lechaux, Ana\u00efs Le F\u00e8vre-Berthelot) Rennes, 18-19 October. More information <a href=\"https:\/\/rapgenre.sciencesconf.org\/\">here<\/a>.<\/p>\n<p>\u00ab\u00a0<strong>Memories of War: Celebrations, Reconstructions, Representations and War Narratives in the English-speaking World (18th-21st centuries)<\/strong>\u00a0\u00bb &#8211; International conference in collaboration with St\u00e9phanie B\u00e9langer at the Royal Military College of Canada (Organizers: Ren\u00e9e Dickason, St\u00e9phanie B\u00e9langer, Delphine Letort) Kingston, Ontario, 12-14 June. More information <a href=\"https:\/\/warmem2018.sciencesconf.org\/?forward-action=index&amp;forward-contro\">here<\/a>.<\/p>\n<p>&nbsp;<\/p>\n<h2>2017<\/h2>\n<p><strong>\u00ab\u00a0Le Spirituel : Un concept op\u00e9ratoire en sciences humaines ?\u00a0\u00bb<\/strong> &#8211; International colloquium in partnership with the Theorias network (Organised by Claude Le Fustec, Myriam Watthee-Delmotte, Xavier Gravend-Tirole) Rennes, 19-20 October. More information <a href=\"https:\/\/intranet.univ-rennes2.fr\/system\/files\/UHB\/UNITE-RECHERCHE-ACE\/colloque_2017_plaquette_colloque_le_spirituel-bat4_1.pdf\">here<\/a>.<\/p>\n<p>\u00ab\u00a0<strong>Industrial Heritage in the UK: Mutations, Conversions and Representations<\/strong>\u00a0\u00bb &#8211; Study day organised by Aurore Caignet and Ren\u00e9e Dickason (10 October). More information <a href=\"https:\/\/intranet.univ-rennes2.fr\/system\/files\/UHB\/UNITE-RECHERCHE-ACE\/je_2017_programme_conference_industrial_heritage.pdf\">here<\/a>.<\/p>\n<p>\u00ab\u00a0<strong>OK Computer, 20 ans apr\u00e8s : l\u2019h\u00e9ritage musical, culturel et politique de Radiohead<\/strong>\u00a0\u00bb &#8211; Study day organised by Guillaume Cl\u00e9ment and David Haigron (18 May). More information <a href=\"https:\/\/radiohead.sciencesconf.org\/\">here<\/a>.<\/p>\n<p>\u00ab\u00a0<strong>Lost: \u00e9pisode &lsquo;LaFleur&rsquo;<\/strong>\u00a0\u00bb &#8211; Study Days organised by Delphine Lemonnier-Texier and Sandrine Oriez in partnership with GUEST-Normandie (25-26 April). Youtube link <a href=\"https:\/\/www.youtube.com\/playlist?list=PLWiNpCowppol5onSOcIf2QVEBihRWCVx1\">here<\/a>.<\/p>\n<p>&nbsp;<\/p>\n<h2>2016<\/h2>\n<p>\u00ab\u00a0<strong>War Memories: Commemoration, Re-enactment, Writings of War in the English-speaking World (18th-21st centuries)<\/strong>\u00a0\u00bb &#8211; International Conference in collaboration with St\u00e9phanie B\u00e9langer and Delphine Lemonnier-Texier, organised by ACE and the Royal Military College of Canada (Organiser: Ren\u00e9e Dickason, Michel Prum, Florence Binard, St\u00e9phanie B\u00e9langer) Rennes, 14-16 June. More information <a href=\"https:\/\/warmem2016.sciencesconf.org\/\">here<\/a>.<\/p>\n<p>\u00ab\u00a0<strong>The Leftovers\u00a0\u00bb<\/strong> &#8211; Study day organised by Delphine Lemonnier-Texier in partnership with GUEST-Normandie (26 April). Youtube link <a href=\"https:\/\/www.youtube.com\/playlist?list=PLWiNpCowppol2vSvNkUHMH_WjVmfTg6M9\">here<\/a>.<\/p>\n<p>\u00ab\u00a0<strong>Lost: episode &lsquo;Cabin Fever'\u00a0\u00bb<\/strong> &#8211; Study day organised by Delphine Lemonnier-Texier in partnership with GUEST-Normandie (25 April). Youtube link <a href=\"https:\/\/www.youtube.com\/playlist?list=PLWiNpCowppokJHoe8qmEP6e1sw3k9E3Ec\">here<\/a>.<\/p>\n<p>&nbsp;<\/p>\n<h2>2015<\/h2>\n<p>\u00ab\u00a0<strong>Peter Singer et La lib\u00e9ration animale, Quarante ans plus tard<\/strong>\u00a0\u00bb &#8211; International interdisciplinary conference in partnership with the CRE ( Research Institute in Ethical Studies &#8211; University of Montreal) and CORPUS (Conflicts, Representations and Dialogues in the Anglo-Saxon World &#8211; University of Rouen). Organisation: Emilie Dardenne, Val\u00e9ry Giroux, Enrique Utria. 28-29 May. More information <a href=\"https:\/\/animallib.sciencesconf.org\/\">here<\/a>.<\/p>\n<p>&nbsp;<\/p>\n<h2>2014<\/h2>\n<p>\u00ab\u00a0<strong>War Memories: Commemoration, Re-enactment, Writings of War in the English-speaking World (18th-21st centuries)\u00a0\u00bb<\/strong>\u00a0&#8211; International conference in partnership with the Royal Military College Kingston, Canada. Organised by St\u00e9phanie B\u00e9langer, Alice Byrne, Nicole Cloarec, Corinne David-Ives, Ren\u00e9e Dickason, David Haigron, Catherine Hinault, Delphine Lemonnier-Texier, Sophie Mespl\u00e8de. 17-19 June. More information <a href=\"https:\/\/warmem2014.sciencesconf.org\/\">here<\/a>.<\/p>\n<p>&nbsp;<\/p>\n<h2>2013<\/h2>\n<p>\u00ab\u00a0<strong>La repr\u00e9sentation des classes sociales dans les films sur les petit et grand \u00e9crans dans les pays anglophones \/ Representing social classes in films on television and in cinema in English-speaking countries\u00a0\u00bb <\/strong>&#8211; International conference in partnership with 3L.AM ( Laboratory of Languages, Literatures, Linguistics &#8211; Universities of Maine and Angers &#8211; EA 4335) and HCTI (Heritages and Constructions in Text and Image, EA 4249 &#8211; Universities of Bretagne Occidentale and Bretagne Sud), ERIBIA (Interdisciplinary Research Team on Great Britain, Ireland and North America, EA 2610 &#8211; University of Caen), and LIDILE (EA 3874 &#8211; Rennes 2 and Rennes 1). Organisation: Ren\u00e9e Dickason, David Haigron, Nicole Cloarec, Delphine Letort. 10-11 October. More information <a href=\"https:\/\/classesinfilms.sciencesconf.org\/\">here<\/a>.<\/p>\n<p>\u00ab\u00a0<strong>Political Ecology and Environmentalism in Britain<\/strong>\u00a0\u00bb &#8211; Study Day organised by David Haigron and Brendan Prendiville (23 September).<\/p>\n<p>&nbsp;<\/p>\n<h2>2011<\/h2>\n<p>\u00ab\u00a0<strong>Approches Transdisciplinaires de la Spiritualit\u00e9 dans les Arts et les Sciences<\/strong>\u00a0\u00bb &#8211; International conference in partnership with the CTEL ( Transdisciplinary Centre of Epistemology of Literature), Mediterranean University Centre, Nice. Organiser: Claude Le Fustec. 9-10 June. More information <a href=\"https:\/\/intranet.univ-rennes2.fr\/system\/files\/UHB\/UNITE-RECHERCHE-ACE\/colloque_2011_conference_programme_1_.pdf\">here<\/a>.<\/p>\n<p>\u00ab\u00a0<strong>Variations on the Work of Rachel Cusk<\/strong>\u00a0\u00bb &#8211; Study Day organised by Maria Tang (18 February). More information <a href=\"https:\/\/journals.openedition.org\/erea\/2966\">here<\/a>.<\/p>\n<p>&nbsp;<\/p>\n<h2>2010<\/h2>\n<p>\u00ab\u00a0<strong>L\u2019imposture : Territoire am\u00e9ricain ?<\/strong>\u00a0\u00bb &#8211; Study day organised by Anthony Larson (22 October).<\/p>\n<p>\u00ab\u00a0<strong>Toujours \u00e2mes s\u0153urs ? Les convergences et les divergences entre les conservateurs aux Etats-Unis et en Grande-Bretagne<\/strong>\u00a0\u00bb &#8211; Study day organised by Mark McNaught (19 November).<\/p>\n","protected":false},"excerpt":{"rendered":"<p>2021 \u00ab\u00a0Biopouvoir en culture de l\u2019\u00e9cran\u00a0\u00bb &#8211; International conference in partnership with UBO, UQAM, Paris 8 and Montpellier 3, 30 September and 1 October&hellip;<\/p>\n","protected":false},"author":2,"featured_media":0,"parent":185,"menu_order":1,"comment_status":"closed","ping_status":"closed","template":"","meta":{"_acf_changed":false,"footnotes":""},"class_list":["post-328","page","type-page","status-publish","hentry"],"acf":[],"_links":{"self":[{"href":"https:\/\/sites-recherche.univ-rennes2.fr\/ace\/wp-json\/wp\/v2\/pages\/328","targetHints":{"allow":["GET"]}}],"collection":[{"href":"https:\/\/sites-recherche.univ-rennes2.fr\/ace\/wp-json\/wp\/v2\/pages"}],"about":[{"href":"https:\/\/sites-recherche.univ-rennes2.fr\/ace\/wp-json\/wp\/v2\/types\/page"}],"author":[{"embeddable":true,"href":"https:\/\/sites-recherche.univ-rennes2.fr\/ace\/wp-json\/wp\/v2\/users\/2"}],"replies":[{"embeddable":true,"href":"https:\/\/sites-recherche.univ-rennes2.fr\/ace\/wp-json\/wp\/v2\/comments?post=328"}],"version-history":[{"count":13,"href":"https:\/\/sites-recherche.univ-rennes2.fr\/ace\/wp-json\/wp\/v2\/pages\/328\/revisions"}],"predecessor-version":[{"id":932,"href":"https:\/\/sites-recherche.univ-rennes2.fr\/ace\/wp-json\/wp\/v2\/pages\/328\/revisions\/932"}],"up":[{"embeddable":true,"href":"https:\/\/sites-recherche.univ-rennes2.fr\/ace\/wp-json\/wp\/v2\/pages\/185"}],"wp:attachment":[{"href":"https:\/\/sites-recherche.univ-rennes2.fr\/ace\/wp-json\/wp\/v2\/media?parent=328"}],"curies":[{"name":"wp","href":"https:\/\/api.w.org\/{rel}","templated":true}]}}