{"id":40,"date":"2020-12-18T15:20:31","date_gmt":"2020-12-18T14:20:31","guid":{"rendered":"https:\/\/sites-recherche.univ-rennes2.fr\/ace\/?page_id=40"},"modified":"2026-01-22T10:58:30","modified_gmt":"2026-01-22T09:58:30","slug":"master","status":"publish","type":"page","link":"https:\/\/sites-recherche.univ-rennes2.fr\/ace\/accueil\/master\/","title":{"rendered":"Master LLCER &#8211; \u00c9tudes anglophones"},"content":{"rendered":"<h2>Objectifs de la formation<\/h2>\n<ul>\n<li>Approfondir les savoirs th\u00e9oriques li\u00e9s \u00e0 la linguistique, aux litt\u00e9ratures et aux cultures des pays anglophones.<\/li>\n<li>Mettre en \u0153uvre, dans le champ disciplinaire de l\u2019anglistique, des outils conceptuels, m\u00e9thodologiques et documentaires au service d\u2019une r\u00e9flexion critique.<\/li>\n<li>Conduire un projet de recherche mobilisant des comp\u00e9tences linguistiques et pluridisciplinaires dans un cadre collaboratif et en assumer les responsabilit\u00e9s.<\/li>\n<li>Actualiser ses connaissances dans sa sous-sp\u00e9cialit\u00e9 par une veille concernant l\u2019\u00e9tat de la recherche.<\/li>\n<li>Communiquer par oral et par \u00e9crit, de fa\u00e7on claire, en anglais et en fran\u00e7ais, et dans des registres adapt\u00e9s \u00e0\u00a0des publics de sp\u00e9cialistes ou de non-sp\u00e9cialistes.<\/li>\n<\/ul>\n<h2>D\u00e9bouch\u00e9s professionnels<\/h2>\n<p>Si les concours de l\u2019enseignement secondaire et\/ou la poursuite en doctorat sont les d\u00e9bouch\u00e9s les plus \u00e9vidents apr\u00e8s le master \u00c9tudes anglophones, les comp\u00e9tences acquises pendant les deux ann\u00e9es de la formation peuvent \u00eatre mises \u00e0 profit dans de nombreuses branches et m\u00e9tiers.<\/p>\n<ul>\n<li>M\u00e9tiers de l\u2019enseignement\n<ul>\n<li>Enseignement primaire et secondaire<\/li>\n<li>Enseignement sup\u00e9rieur et recherche<\/li>\n<li>Formation pour adultes<\/li>\n<\/ul>\n<\/li>\n<li>Concours de la fonction publique<\/li>\n<li>M\u00e9tiers du livre et de la culture, humanit\u00e9s num\u00e9riques<\/li>\n<li>Recherche et valorisation : une r\u00e9union d\u2019information sur le doctorat est organis\u00e9e par l\u2019\u00c9cole doctorale Arts Lettres Langues au mois de d\u00e9cembre (les masterant\u00b7es en sont pr\u00e9venu\u00b7es via les listes de l\u2019universit\u00e9). <a href=\"https:\/\/ed-all.doctorat-bretagne.fr\">https:\/\/ed-all.doctorat-bretagne.fr<\/a><\/li>\n<li>Relations publiques et \u00e9changes internationaux<\/li>\n<\/ul>\n<h2><strong>Admission\u00a0<\/strong><\/h2>\n<p>Capacit\u00e9 d&rsquo;accueil de 50 \u00e9tudiantes et \u00e9tudiants<\/p>\n<h2 class=\"g-font-size-20 g-color-black-v1 g-letter-spacing-0_5 g-font-primary-light g-mb-20\"><strong>Modalit\u00e9s d&rsquo;inscription<\/strong><\/h2>\n<div class=\"g-font-primary-light g-font-size-14 g-letter-spacing-0_3 g-color-black-v2 g-mb-25--lg g-mb-15\">\n<p><strong>MASTER 1 : Les candidatures sont s\u00e9lectionn\u00e9es apr\u00e8s examen des dossiers.<\/strong><\/p>\n<p><em>La candidature se fait via la plateforme nationale Mon Master. Le dossier de candidatures sera constitu\u00e9 des pi\u00e8ces ci-apr\u00e8s \u00e9nonc\u00e9es :<\/em><\/p>\n<ul>\n<li>Un dossier d\u00e9taill\u00e9 du cursus suivi par le candidat permettant notamment d\u2019appr\u00e9cier les objectifs et les comp\u00e9tences vis\u00e9s par la formation ant\u00e9rieure et leur ad\u00e9quation \u00e0 la formation dans laquelle le candidat souhaite s&rsquo;inscrire.<\/li>\n<li>Les dipl\u00f4mes, certificats, relev\u00e9s de notes permettant d&rsquo;appr\u00e9cier la nature et le niveau des \u00e9tudes suivies.<\/li>\n<li>Lettre de motivation en fran\u00e7ais<\/li>\n<li>Projet de recherche en anglais<\/li>\n<\/ul>\n<\/div>\n<p><strong>Plus de d\u00e9tails sur <a href=\"https:\/\/masteranglr2.hypotheses.org\/\">le site de la formation<\/a>.<\/strong><\/p>\n","protected":false},"excerpt":{"rendered":"<p>Objectifs de la formation Approfondir les savoirs th\u00e9oriques li\u00e9s \u00e0 la linguistique, aux litt\u00e9ratures et aux cultures des pays anglophones. Mettre en \u0153uvre, dans&hellip;<\/p>\n","protected":false},"author":1,"featured_media":0,"parent":5,"menu_order":2,"comment_status":"closed","ping_status":"closed","template":"","meta":{"_acf_changed":false,"footnotes":""},"class_list":["post-40","page","type-page","status-publish","hentry"],"acf":[],"_links":{"self":[{"href":"https:\/\/sites-recherche.univ-rennes2.fr\/ace\/wp-json\/wp\/v2\/pages\/40","targetHints":{"allow":["GET"]}}],"collection":[{"href":"https:\/\/sites-recherche.univ-rennes2.fr\/ace\/wp-json\/wp\/v2\/pages"}],"about":[{"href":"https:\/\/sites-recherche.univ-rennes2.fr\/ace\/wp-json\/wp\/v2\/types\/page"}],"author":[{"embeddable":true,"href":"https:\/\/sites-recherche.univ-rennes2.fr\/ace\/wp-json\/wp\/v2\/users\/1"}],"replies":[{"embeddable":true,"href":"https:\/\/sites-recherche.univ-rennes2.fr\/ace\/wp-json\/wp\/v2\/comments?post=40"}],"version-history":[{"count":12,"href":"https:\/\/sites-recherche.univ-rennes2.fr\/ace\/wp-json\/wp\/v2\/pages\/40\/revisions"}],"predecessor-version":[{"id":2240,"href":"https:\/\/sites-recherche.univ-rennes2.fr\/ace\/wp-json\/wp\/v2\/pages\/40\/revisions\/2240"}],"up":[{"embeddable":true,"href":"https:\/\/sites-recherche.univ-rennes2.fr\/ace\/wp-json\/wp\/v2\/pages\/5"}],"wp:attachment":[{"href":"https:\/\/sites-recherche.univ-rennes2.fr\/ace\/wp-json\/wp\/v2\/media?parent=40"}],"curies":[{"name":"wp","href":"https:\/\/api.w.org\/{rel}","templated":true}]}}