{"id":46,"date":"2020-12-18T15:21:44","date_gmt":"2020-12-18T14:21:44","guid":{"rendered":"https:\/\/sites-recherche.univ-rennes2.fr\/ace\/?page_id=46"},"modified":"2023-11-09T11:50:14","modified_gmt":"2023-11-09T10:50:14","slug":"du","status":"publish","type":"page","link":"https:\/\/sites-recherche.univ-rennes2.fr\/ace\/accueil\/du\/","title":{"rendered":"DU Animaux et Soci\u00e9t\u00e9s"},"content":{"rendered":"<h2>Pr\u00e9sentation<\/h2>\n<h3><strong>Objectifs<\/strong><\/h3>\n<p>La question des rapports entre les \u00eatres humains et les animaux s&rsquo;impose de plus en plus sur les sc\u00e8nes associative, politique, scientifique et m\u00e9diatique. En France, la demande grandit \u00e9galement autour de la promotion de rapports d\u2019empathie avec les animaux \u00e0 l&rsquo;\u00e9cole, au coll\u00e8ge, au lyc\u00e9e, dans le monde du travail (production, loisirs, sant\u00e9).<br \/>\nIl appara\u00eet aujourd&rsquo;hui n\u00e9cessaire d&rsquo;apporter un \u00e9clairage mobilisant principalement les sciences humaines et sociales aux professionnel.le.s du secteur public, priv\u00e9 ou associatif afin de renforcer leurs connaissances sur cette th\u00e9matique en \u00e9mergence. Elles et ils pourront ainsi b\u00e9n\u00e9ficier d\u2019une formation universitaire qui les aidera \u00e0 comprendre les \u00e9volutions des rapports de nos soci\u00e9t\u00e9s aux autres animaux, et de saisir toutes les dimensions de ces changements.<br \/>\nCette formation transdisciplinaire apportera un \u00e9clairage th\u00e9orique et m\u00e9thodologique, ainsi que des savoirs d\u2019ordre plus concret \u00e0 celles et \u00e0 ceux qui s\u2019interrogent, de pr\u00e8s ou de loin, sur la condition animale, sur les rapports entre humain.e.s et animaux, sur le statut moral et juridique des animaux. Elle vise \u00e0 contribuer \u00e0 donner une dimension scientifique, conceptuelle, universitaire \u00e0 cette question parfois clivante dont les enjeux \u00e9thiques, \u00e9conomiques et soci\u00e9taux sont importants.<br \/>\nCette formation, sanctionn\u00e9e par un dipl\u00f4me universitaire, sera dispens\u00e9e par des enseignantes-chercheuses, et par des professionnel.le.s issu.e.s du secteur associatif et priv\u00e9 (domaines \u00e9ducatif, juridique et animaliste).<\/p>\n<h3><strong>Savoir-faire et comp\u00e9tences\u00a0<\/strong><\/h3>\n<p>&#8211; Comprendre et pouvoir r\u00e9utiliser les th\u00e9ories et les concepts des\u00a0<em>animal studies<\/em>\/\u00e9tudes animales en situation professionnelle.<br \/>\n&#8211; Ma\u00eetriser les grandes \u00e9tapes de l\u2019histoire des pratiques li\u00e9es aux relations avec les animaux dans les territoires francophones et anglophones.<br \/>\n&#8211; Ma\u00eetriser les outils d\u2019analyse \u00e9thique, g\u00e9ographique, juridique, sociologique, linguistique et historique n\u00e9cessaires \u00e0 la l\u2019\u00e9laboration, la mise en \u0153uvre, l\u2019\u00e9valuation des pratiques professionnelles et des politiques publiques ayant trait \u00e0 la condition animale.<br \/>\n&#8211; Fournir des grilles de lecture pour analyser et mettre en perspective les mouvements soci\u00e9taux francophones et anglophones autour de la condition animale.<br \/>\n&#8211; Identifier, analyser les concepts et attitudes construits autour du statut (r\u00e9el ou imaginaire) des animaux.<br \/>\n&#8211; Comprendre les enjeux et identifier les parties prenantes des d\u00e9bats autour du statut moral des animaux non humains.<br \/>\n&#8211; Accompagner les r\u00e9flexions sur la transition socio-\u00e9cologique.<br \/>\n&#8211; Ma\u00eetriser les r\u00e8gles juridiques \u00e9l\u00e9mentaires qui s\u2019appliquent au traitement des animaux.<\/p>\n<h3><strong>Organisation de la formation<\/strong><\/h3>\n<p><em>Dur\u00e9e de la formation\u00a0:<\/em>\u00a077h (70h de cours + 7h de conf\u00e9rences lors de la journ\u00e9e d\u2019\u00e9tudes).<\/p>\n<h2>Admission<\/h2>\n<p>Capacit\u00e9 d\u2019accueil de 20 \u00e9tudiant\u00b7es.<\/p>\n<h3><strong>Conditions d&rsquo;admission<\/strong><\/h3>\n<p>Bac + 2 ou exp\u00e9riences professionnelles, sociales et personnelles d\u2019au moins 2 ans dans l\u2019\u00e9ducation, le secteur associatif, le secteur public, ou les professions en contact avec les animaux<\/p>\n<h3><strong>Modalit\u00e9s d&rsquo;inscription<\/strong><\/h3>\n<p>L&rsquo;inscription se fait par voie d\u00e9mat\u00e9rialis\u00e9e via le lien suivant <a class=\"simple\" href=\"https:\/\/candidatures.univ-rennes2.fr\/\">https:\/\/candidatures.univ-rennes2.fr<\/a><\/p>\n<h3><strong>Public cible<\/strong><\/h3>\n<p>&#8211; Enseignant.e.s, \u00e9ducateurs\/\u00e9ducatrices.<br \/>\n&#8211; Salari\u00e9.e.s des secteurs priv\u00e9 et public (culturel ou associatif).<br \/>\n&#8211; Charg\u00e9.e.s de projets et de missions (condition animale, environnement, biodiversit\u00e9).<\/p>\n<p>&nbsp;<\/p>\n<p>&nbsp;<\/p>\n<h2>Programme<\/h2>\n<h4><strong>Sociologie du rapport \u00e0 l&rsquo;animal (14h) \/ V\u00e9ronique Van Tilbeurgh, PRe de sociologie-Universit\u00e9 Rennes 2<\/strong><\/h4>\n<h4><strong>\u00c9tudes animales (14h) \/ \u00c9milie Dardenne, MCF en anglais, Universit\u00e9 Rennes 2<\/strong><\/h4>\n<h4><strong>Droit (14h) \/ Arielle Moreau, avocate, consultante pour l&rsquo;association One Voice<\/strong><\/h4>\n<p><em>1\/ Dans la premi\u00e8re partie de module juridique, nous verrons comment la protection juridique des animaux s\u2019est organis\u00e9e autour du droit de propri\u00e9t\u00e9 puis de la volont\u00e9 d\u2019\u00e9duquer le peuple<br \/>\n<\/em><\/p>\n<p><em>2\/ \u00c9thique animale, \u00e9thique du vivant et r\u00e8gle de droit : de l\u2019\u00e9thique \u00e0 l\u2019\u00e9tiquette. Dans cette seconde partie, nous nous int\u00e9resserons \u00e0 la mont\u00e9e en puissance du concept de bien-\u00eatre animal. Nous verrons que cette notion vaste est con\u00e7ue selon une g\u00e9om\u00e9trie variable. Nous aborderons notamment les \u00e9l\u00e9ments suivants qui permettent de redessiner les contours du droit fran\u00e7ais contemporain relatif au statut des animaux<br \/>\n<\/em><\/p>\n<h4><strong>\u00c9ducation, sensibilisation, communication (17h)<\/strong><\/h4>\n<p><em>1\/ La cause animale comme mouvement social : strat\u00e9gies de sensibilisation et p\u00e9dagogies de l\u2019\u00e9thique animale \/ Dominic Hofbauer, \u00e9ducateur en \u00e9thique animale, association L214 (14h). Ce cours analysera les diff\u00e9rentes strat\u00e9gies de communication des ONG de d\u00e9fense des animaux sur les plans diachronique et politique :<\/em><\/p>\n<p><em>2\/ Dr\u00f4le De Z\u00e8bre, accompagnement d\u2019actions en faveur de la biodiversit\u00e9 et de la cause animale aupr\u00e8s des entreprises et des collectivit\u00e9s territoriales \/ Anne-Laure Meynkens, consultante en enjeux animaux (3h)<\/em><\/p>\n<h3><strong>Alimentation, environnements et soci\u00e9t\u00e9s (7h) \/ Laurence Le D\u00fb-Blayo, MCF en g\u00e9ographie, Universit\u00e9 Rennes 2<\/strong><\/h3>\n<h3><strong>M\u00e9thodologie du dossier de recherche (1h) \/ Emilie Dardenne, MCF en anglais, Universit\u00e9 Rennes 2<\/strong><\/h3>\n<p>&nbsp;<\/p>\n<h2>Et apr\u00e8s ?<\/h2>\n<h3><strong>Insertion professionnelle\u00a0<\/strong><\/h3>\n<ul>\n<li>Champs de l\u2019information et de la communication.<\/li>\n<li>Champs des collectivit\u00e9s territoriales, des politiques publiques et des services de l\u2019\u00e9tat.<\/li>\n<li>Champs de l\u2019\u00e9ducation.<\/li>\n<li>Champs associatifs.<\/li>\n<\/ul>\n<p>&nbsp;<\/p>\n<p><strong>Trouvez plus de d\u00e9tails sur la formation <a href=\"https:\/\/formations.univ-rennes2.fr\/fr\/formations\/diplome-d-universite-72\/diplome-d-universite-animaux-et-societe-JT4ET90K.html#programContentef82029e-614a-48b3-b565-3af1140e35e3-3\">ici<\/a>.<\/strong><\/p>\n<p><strong>Retrouvez la journ\u00e9e d&rsquo;\u00e9tude 2022 : \u00ab\u00a0Les animaux dans la ville\u00a0\u00bb <a href=\"https:\/\/ubicast.visio.univ-rennes2.fr\/channels\/#du-animaux-et-societe-23062022\">ici.<\/a><\/strong><\/p>\n<p>&nbsp;<\/p>\n","protected":false},"excerpt":{"rendered":"<p>Pr\u00e9sentation Objectifs La question des rapports entre les \u00eatres humains et les animaux s&rsquo;impose de plus en plus sur les sc\u00e8nes associative, politique, scientifique&hellip;<\/p>\n","protected":false},"author":1,"featured_media":0,"parent":5,"menu_order":2,"comment_status":"closed","ping_status":"closed","template":"","meta":{"_acf_changed":false,"footnotes":""},"class_list":["post-46","page","type-page","status-publish","hentry"],"acf":[],"_links":{"self":[{"href":"https:\/\/sites-recherche.univ-rennes2.fr\/ace\/wp-json\/wp\/v2\/pages\/46","targetHints":{"allow":["GET"]}}],"collection":[{"href":"https:\/\/sites-recherche.univ-rennes2.fr\/ace\/wp-json\/wp\/v2\/pages"}],"about":[{"href":"https:\/\/sites-recherche.univ-rennes2.fr\/ace\/wp-json\/wp\/v2\/types\/page"}],"author":[{"embeddable":true,"href":"https:\/\/sites-recherche.univ-rennes2.fr\/ace\/wp-json\/wp\/v2\/users\/1"}],"replies":[{"embeddable":true,"href":"https:\/\/sites-recherche.univ-rennes2.fr\/ace\/wp-json\/wp\/v2\/comments?post=46"}],"version-history":[{"count":15,"href":"https:\/\/sites-recherche.univ-rennes2.fr\/ace\/wp-json\/wp\/v2\/pages\/46\/revisions"}],"predecessor-version":[{"id":870,"href":"https:\/\/sites-recherche.univ-rennes2.fr\/ace\/wp-json\/wp\/v2\/pages\/46\/revisions\/870"}],"up":[{"embeddable":true,"href":"https:\/\/sites-recherche.univ-rennes2.fr\/ace\/wp-json\/wp\/v2\/pages\/5"}],"wp:attachment":[{"href":"https:\/\/sites-recherche.univ-rennes2.fr\/ace\/wp-json\/wp\/v2\/media?parent=46"}],"curies":[{"name":"wp","href":"https:\/\/api.w.org\/{rel}","templated":true}]}}