{"id":5,"date":"2020-12-16T14:12:36","date_gmt":"2020-12-16T13:12:36","guid":{"rendered":"https:\/\/sites-recherche.univ-rennes2.fr\/ace\/accueil\/"},"modified":"2026-01-22T10:51:11","modified_gmt":"2026-01-22T09:51:11","slug":"accueil","status":"publish","type":"page","link":"https:\/\/sites-recherche.univ-rennes2.fr\/ace\/","title":{"rendered":"Accueil"},"content":{"rendered":"<p>ACE consacre ses travaux aux domaines de l\u2019anglistique, en particulier la litt\u00e9rature, la linguistique et la civilisation du monde anglophone. Elle regroupe les chercheurs travaillant sur les aires anglophones (Grande-Bretagne, Irlande, \u00c9tats-Unis, Canada, Australie, Nouvelle-Z\u00e9lande, Afrique du Sud, Inde) et sur les n\u0153uds langue \/ culture sp\u00e9cifiques \u00e0 chaque aire g\u00e9ographique. Les membres de l\u2019\u00e9quipe sont sp\u00e9cialistes de domaines aussi vari\u00e9s que la litt\u00e9rature, la linguistique \u00e9nonciative, l\u2019histoire, l\u2019histoire des id\u00e9es, l\u2019histoire des arts, la philosophie, les \u00e9tudes cin\u00e9matographiques, les <i>cultural studies<\/i>\u2026 Leurs travaux s\u2019attachent \u00e0 analyser des ph\u00e9nom\u00e8nes culturels, philosophiques et sociaux en couvrant des champs disciplinaires dits classiques, et d\u2019autres plus \u00e9mergents (les manifestations culturelles et artistiques \u00ab populaires \u00bb, les \u00e9tudes de genre, l\u2019\u00e9thique animale, les s\u00e9ries t\u00e9l\u00e9vis\u00e9es, le spirituel\u2026). La th\u00e9matique choisie pour le contrat en cours est celle des \u00ab lieux communs \u00bb et ouvre plusieurs perspectives d\u2019analyse : comment se forment et circulent les id\u00e9es re\u00e7ues (conception critique), comment penser une vie linguistique, culturelle, sociale et politique sur une base d\u00e9mocratique et collective (tradition utopique) et comment faire \u00e9merger de nouveaux communs au sein de soci\u00e9t\u00e9s de plus en plus divis\u00e9es (dimension pratique).<\/p>\n<p>ACE compte 35 enseignant\u00b7es-chercheur\u00b7ses permanent\u00b7es, 6 doctorant\u00b7es et 10 membres associ\u00e9\u00b7es.<\/p>\n","protected":false},"excerpt":{"rendered":"<p>ACE consacre ses travaux aux domaines de l\u2019anglistique, en particulier la litt\u00e9rature, la linguistique et la civilisation du monde anglophone. Elle regroupe les chercheurs&hellip;<\/p>\n","protected":false},"author":1,"featured_media":0,"parent":0,"menu_order":0,"comment_status":"closed","ping_status":"closed","template":"","meta":{"_acf_changed":false,"footnotes":""},"class_list":["post-5","page","type-page","status-publish","hentry"],"acf":[],"_links":{"self":[{"href":"https:\/\/sites-recherche.univ-rennes2.fr\/ace\/wp-json\/wp\/v2\/pages\/5","targetHints":{"allow":["GET"]}}],"collection":[{"href":"https:\/\/sites-recherche.univ-rennes2.fr\/ace\/wp-json\/wp\/v2\/pages"}],"about":[{"href":"https:\/\/sites-recherche.univ-rennes2.fr\/ace\/wp-json\/wp\/v2\/types\/page"}],"author":[{"embeddable":true,"href":"https:\/\/sites-recherche.univ-rennes2.fr\/ace\/wp-json\/wp\/v2\/users\/1"}],"replies":[{"embeddable":true,"href":"https:\/\/sites-recherche.univ-rennes2.fr\/ace\/wp-json\/wp\/v2\/comments?post=5"}],"version-history":[{"count":26,"href":"https:\/\/sites-recherche.univ-rennes2.fr\/ace\/wp-json\/wp\/v2\/pages\/5\/revisions"}],"predecessor-version":[{"id":2237,"href":"https:\/\/sites-recherche.univ-rennes2.fr\/ace\/wp-json\/wp\/v2\/pages\/5\/revisions\/2237"}],"wp:attachment":[{"href":"https:\/\/sites-recherche.univ-rennes2.fr\/ace\/wp-json\/wp\/v2\/media?parent=5"}],"curies":[{"name":"wp","href":"https:\/\/api.w.org\/{rel}","templated":true}]}}