{"id":54,"date":"2020-12-18T15:24:01","date_gmt":"2020-12-18T14:24:01","guid":{"rendered":"https:\/\/sites-recherche.univ-rennes2.fr\/ace\/?page_id=54"},"modified":"2024-04-14T16:40:33","modified_gmt":"2024-04-14T14:40:33","slug":"seminaires-et-ateliers","status":"publish","type":"page","link":"https:\/\/sites-recherche.univ-rennes2.fr\/ace\/accueil\/seminaires-et-ateliers\/","title":{"rendered":"S\u00e9minaires et ateliers"},"content":{"rendered":"<h2>2023-2024<\/h2>\n<h3><strong>S\u00e9minaire d&rsquo;ACE \u00ab\u00a0Lieux communs : r\u00e9flexions sur une recherche en cours\u00a0\u00bb<\/strong><\/h3>\n<p>Ce s\u00e9minaire est l&rsquo;occasion pour les membres d&rsquo;ACE de partager leurs recherches en cours avec les coll\u00e8gues du laboratoire. La recherche peut \u00eatre peu ou tr\u00e8s avanc\u00e9e : c&rsquo;est l&rsquo;occasion de pr\u00e9senter ses r\u00e9flexions, ses questionnements et difficult\u00e9s \u00e9ventuelles, de recevoir un retour des coll\u00e8gues et faire appara\u00eetre des pistes de recherches partag\u00e9es pouvant mener \u00e0 des collaborations.<\/p>\n<h4>Programme<\/h4>\n<ul>\n<li><a href=\"https:\/\/sites-recherche.univ-rennes2.fr\/ace\/evenement\/seminaire-ace-reflexions-sur-une-recherche-en-cours-seance-1-anais-le-fevre-berthelot\/\">S\u00e9ance 1<\/a> : jeudi 12\/10 (14h-16h) \u2013 L201 \u2013 Ana\u00efs Le F\u00e8vre Berthelot (\u00e9quipe EPIC)<\/li>\n<li><a href=\"https:\/\/sites-recherche.univ-rennes2.fr\/ace\/evenement\/seminaire-ace-lieux-communs-reflexions-sur-une-recherche-en-cours-delphine-lemonnier-texier\/\">S\u00e9ance 2<\/a> : jeudi 14\/12 (15h30-17h30) \u2013 L201 \u2013\u00a0 Delphine Lemonnier-Texier (\u00e9quipe TELL) \u2013 report\u00e9e au mois d\u2019avril<\/li>\n<li><a href=\"https:\/\/sites-recherche.univ-rennes2.fr\/ace\/evenement\/1298\/\">S\u00e9ance 3<\/a> : jeudi 25\/01(15h30-17h30) \u2013 L201 \u2013 Emilie Dardenne (\u00e9quipe EPIC)<\/li>\n<\/ul>\n<p>&nbsp;<\/p>\n<ul>\n<li><a href=\"https:\/\/sites-recherche.univ-rennes2.fr\/ace\/evenement\/seminaire-ace-lieux-communs-conferencier-invite-prof-em-scott-slovic-sur-lecocritique-et-les-lieux-communs\/\">Conf\u00e9rencier invit\u00e9<\/a> : vendredi 22 mars (14-16h) \u2013 L201 \u2013 Scott Slovic (Prof. Em University of Idaho, Senior Scientist at the Oregon Research Institute) sur l&rsquo;\u00e9cocritique et les lieux communs<\/li>\n<\/ul>\n<h3><\/h3>\n<h3><strong>S\u00e9minaire doctoral ACE \u00ab\u00a0Les imaginaires contemporains\u00a0\u00bb<br \/>\n<\/strong><\/h3>\n<p>Organis\u00e9 par H\u00e9l\u00e8ne Machinal et Sylvie Bauer<\/p>\n<p>Dans le cadre du s\u00e9minaire doctoral de l&rsquo;ED ALL, ACE organise une s\u00e9rie de conf\u00e9rences sur le th\u00e8me des imaginaires contemporains.<\/p>\n<ul>\n<li><a href=\"https:\/\/sites-recherche.univ-rennes2.fr\/ace\/evenement\/seminaire-doctoral-ace-les-imaginaires-contemporains-seance-1-jean-paul-engelibert-et-ted-ownby\/\">S\u00e9ance 1<\/a> : jeudi 05\/10 (14h-16h) \u2013 T147 (PNRV)\n<ul>\n<li>Jean-Paul Eng\u00e9libert, PR de litt\u00e9rature compar\u00e9e (Bordeaux Montaigne), \u201cNaissance d\u2019un imaginaire \u00e9cologique : une \u00e9colitt\u00e9rature au XXIe si\u00e8cle ?\u201d<\/li>\n<li>Ted Ownby, PR \u00e9m\u00e9rite en History and Southern Studies (University of Mississippi) et Professeur invit\u00e9, Chaire des Am\u00e9riques, Institut des Am\u00e9riques &#8211; Rennes, \u201cMiss Mississippi and Freedom Summer: Race, Pageants, Religion, and Silence in 1964\u201d<\/li>\n<\/ul>\n<\/li>\n<li><a href=\"https:\/\/sites-recherche.univ-rennes2.fr\/ace\/evenement\/seminaire-doctoral-ace-les-imaginaires-contemporains-seance-2-matthieu-freyheit-et-delphine-lemonnier-texier\/\">S\u00e9ance 2<\/a> : jeudi 15\/02 (14h-16h) \u2013 L201\n<ul>\n<li>Matthieu Freyheit, MCF en \u00c9tudes culturelles (Nancy), \u00ab Le postanimal est-il un posthumain comme les autres ? \u00bb<\/li>\n<\/ul>\n<\/li>\n<\/ul>\n<p>&nbsp;<\/p>\n<ul>\n<li>Les doctorant.e.s sont invit\u00e9.e.s \u00e0 assister \u00e0 la conf\u00e9rence de Scott Slovic sur l&rsquo;\u00e9cocritique et les lieux communs, dans le cadre du s\u00e9minaire d&rsquo;ACE \u00ab\u00a0Lieux communs : r\u00e9flexions sur une recherche en cours\u00a0\u00bb<\/li>\n<\/ul>\n<p>&nbsp;<\/p>\n<h3><strong>S\u00e9minaire &lsquo;Popular culture, politics and identity in Britain&rsquo;\u00a0<\/strong><\/h3>\n<p>Organis\u00e9 par Guillaume Cl\u00e9ment<\/p>\n<p>In recent years, the study of popular culture has blossomed into a field of study in its own right, at the crossroads of several methodologies (history, political science, literature, sociology, musicology, film studies, and so on). This pluridisciplinary approach will be applied to the analysis of popular culture in the troubled political context that has been experienced in Britain and many other parts of the world in recent years. While it bears no doubt that British politics remains, to this day, defined by an increasing polarisation and the influence of populism, not least in the context of the Brexit referendum, it should be interesting to study how British popular culture reflects, mirrors, and sometimes comments upon the state of British society, politics and identity. This seminar aims at providing colleagues from a variety of academic backgrounds (English studies, cultural studies, literature, film studies, history, journalism) with a space in which they will be allowed to showcase their own research. It is hoped that this seminar should also provide doctoral students interested in pursuing research on popular culture in the future with deeper insight into the methodologies that may be applied when considering such a multi-faceted object.<\/p>\n<h4>Programme<\/h4>\n<ul>\n<li><a href=\"https:\/\/sites-recherche.univ-rennes2.fr\/ace\/evenement\/seminaire-popular-culture-politics-and-identity-in-britain-seance-1\/\">S\u00e9ance 1<\/a> : jeudi 19\/10\/2023 (15h-17h &#8211; salle L201) \u2013 Guillaume Cl\u00e9ment (MCF, Universit\u00e9 de Rennes) : \u00ab\u00a0The roots of Brexit in popular culture\u00a0\u00bb<\/li>\n<li><a href=\"https:\/\/sites-recherche.univ-rennes2.fr\/ace\/evenement\/seminaire-popular-culture-politics-and-identity-in-britain-seance-2\/\">S\u00e9ance 2<\/a> : jeudi 23\/11\/2023 (15h-17h &#8211; salle L201) \u2013 C\u00e9cile Beaufils (MCF, Sorbonne-Universit\u00e9) : \u00ab\u00a0Brexit Literature: crisis writing in the UK\u00a0\u00bb<\/li>\n<li><a href=\"https:\/\/sites-recherche.univ-rennes2.fr\/ace\/evenement\/seminaire-popular-culture-politics-and-identity-in-britain-seance-3\/\">S\u00e9ance 3<\/a> : jeudi 7\/12\/2023 (15h-17h &#8211; salle L201) \u2013 Coline Caillol (doctorante, Universit\u00e9 Paris-Cit\u00e9) : \u00ab\u00a0Britishness in heavy metal &#8211; a socio-phonetic perspective\u00a0\u00bb<\/li>\n<li><a href=\"https:\/\/sites-recherche.univ-rennes2.fr\/ace\/evenement\/seminaire-popular-culture-politics-and-identity-in-britain-seance-4\/\">S\u00e9ance 4<\/a> : jeudi 18\/01\/2024 (14h30-16h30 &#8211; salle L201) \u2013 Marion Henry (MCF, Universit\u00e9 Panth\u00e9on-Sorbonne) : \u00ab\u00a0Repr\u00e9senter la communaut\u00e9 : <em>brass bands<\/em> et identit\u00e9s au sein des bassins miniers britanniques (1947-ann\u00e9es 1960)\u00a0\u00bb<\/li>\n<li><a href=\"https:\/\/sites-recherche.univ-rennes2.fr\/ace\/evenement\/seminaire-popular-culture-politics-and-identity-in-britain-seance-5\/\" rel=\"noopener\">S\u00e9ance 5<\/a> : jeudi 14\/03\/2024 (14h30-16h30 &#8211; salle L148) \u2013 table-ronde avec Guillaume Cl\u00e9ment, No\u00e9mie Lecoq (journaliste, <em>Les Inrockuptibles<\/em>) et Christophe Brault (Alter1fo, France Bleu Armorique) : \u00ab\u00a0Identit\u00e9(s) dans le rock britannique \u00e0 l&rsquo;heure du Brexit\u00a0\u00bb<\/li>\n<li><a href=\"https:\/\/sites-recherche.univ-rennes2.fr\/ace\/evenement\/seminaire-popular-culture-politics-and-identity-in-britain-seance-6\/\">S\u00e9ance 6<\/a> : jeudi 11\/04\/2024 (14h30-16h30 &#8211; salle L148) \u2013 Nicole Cloarec (MCF, Universit\u00e9 de Rennes) : \u00ab\u00a0Revisiting &lsquo;Little Britain&rsquo; in <em>Don&rsquo;t Forget the Driver<\/em> (BBC 2019)\u00a0\u00bb<\/li>\n<\/ul>\n<p>&nbsp;<\/p>\n<h2>2019 &#8211; 2020<\/h2>\n<h3><strong>S\u00e9minaire doctoral \u00ab\u00a0R\u00e9alit\u00e9s litt\u00e9raires\u00a0\u00bb\u00a0<\/strong><\/h3>\n<p>Organis\u00e9 par Sylvie Bauer et Beno\u00eet Tadi\u00e9<\/p>\n<h4>Programme<\/h4>\n<ul>\n<li>S\u00e9ance 1 : Jeudi 19\/09 \u2013 Val\u00e9rie Savard et Laurence Perron<\/li>\n<li>S\u00e9ance 2 : Jeudi 17\/10 \u2013 Zelda Chesneau<\/li>\n<li>S\u00e9ance 3 : Jeudi 21\/11 \u2013<\/li>\n<li>S\u00e9ance 4 : Jeudi 12\/12 \u2013 Pauline Boisgerault<\/li>\n<li>S\u00e9ance 5 : Jeudi 23\/01 \u2013 Christine Baron<\/li>\n<li>S\u00e9ance 6 : Jeudi 20\/02 \u2013 Ariane Lefebvre<\/li>\n<li>S\u00e9ance 7 : Jeudi 5\/03 \u2013 Journ\u00e9e d&rsquo;\u00e9tude \u00ab\u00a0Trans\u00a0\u00bb<\/li>\n<li>S\u00e9ance 8 : Jeudi 19\/03 \u2013<\/li>\n<li>S\u00e9ance 9 : Jeudi 16\/04 \u2013 Christelle Centi<\/li>\n<li>S\u00e9ance 10 : Jeudi 14\/05 \u2013 Isabelle Alfandary<\/li>\n<li>S\u00e9ance 11 : Jeudi 19\/06 \u2013 Stefania Iliescu<\/li>\n<\/ul>\n<p>&nbsp;<\/p>\n<h2>2018 &#8211; 2019<\/h2>\n<h3><strong>S\u00e9minaire doctoral \u00ab\u00a0R\u00e9alit\u00e9s litt\u00e9raires\u00a0\u00bb<\/strong><\/h3>\n<p>En partenariat avec le <a href=\"http:\/\/intranet.univ-rennes2.fr\/cellam\">CELLAM\u00a0<\/a>\/\/<a href=\"http:\/\/intranet.univ-rennes2.fr\/cellam\">\u00a0<\/a>organis\u00e9 par Sylvie Bauer, Emmanuel Bouju et Beno\u00eet Tadi\u00e9<\/p>\n<h4>Programme\u00a0 \u00ab\u00a0Litt\u00e9rature et traduction\u00a0\u00bb<\/h4>\n<ul>\n<li>S\u00e9ance 1 &#8211; Introduction\u00a0<em>20 septembre<\/em><\/li>\n<li>S\u00e9ance 2 &#8211; Olivier Gallmeister (\u00e9diteur) et Sophie Aslanides (traductrice)\u00a0<em>18 octobre<\/em><\/li>\n<li>S\u00e9ance 3 &#8211; Lecture crois\u00e9e VO\/VF autour de\u00a0<em>Ulysses<\/em>, James Joyce, avec Flavie Epi\u00e9 (Universit\u00e9 Bordeaux Montaigne) et Val\u00e9rie B\u00e9n\u00e9jam (Universit\u00e9 de Nantes)<em>\u00a013 d\u00e9cembre &gt; S\u00e9ance report\u00e9e au 17 janvier<\/em><\/li>\n<li>S\u00e9ance 4 &#8211; Tiphaine Samoyault (Sorbonne Nouvelle Paris 3) \u00e0 propos de\u00a0<em>Ulysses<\/em>, James Joyce\u00a0<em>11 janvier<\/em><\/li>\n<li>S\u00e9ance 5 &#8211; Jean-Jacques Lecercle (Universit\u00e9 Paris Nanterre)\u00a0<em>14 f\u00e9vrier<\/em><\/li>\n<li>Journ\u00e9es d&rsquo;\u00e9tude internationales: \u00ab Passeurs de la litt\u00e9rature am\u00e9ricaine en France 1917-1967 \u00bb\u00a0<em>14-15 mars<\/em><\/li>\n<li>Journ\u00e9e d&rsquo;\u00e9tude \u00ab Usual Suspects \u00bb\u00a0<em>21 mars<\/em><\/li>\n<li>S\u00e9ance 6 &#8211; Bastien M\u00e9resse (Sorbonne Nouvelle Paris 3) et Nicolas Richard (traducteur et \u00e9crivain) autour de Thomas Pynchon\u00a0<em>9 mai<\/em><\/li>\n<\/ul>\n<h3><strong>\u00ab\u00a0Popular culture and industrial identity in Manchester\u00a0\u00bb\u00a0<\/strong><\/h3>\n<p><span class=\"adresse\">Atelier organis\u00e9 par Guillaume Cl\u00e9ment, Nicole Cloarec et Aurore Caignet, <em>25 mai<\/em><\/span><\/p>\n<p>&nbsp;<\/p>\n<h2><span class=\"adresse\">2016<\/span><\/h2>\n<h3><strong>\u00ab\u00a0Popular music and Political Discourse\u00a0\u00bb\u00a0<\/strong><\/h3>\n<p><span class=\"adresse\">S\u00e9minaire de recherche organis\u00e9 par Guillaume Cl\u00e9ment et David Haigron, <em>mars<\/em><\/span><\/p>\n<p>&nbsp;<\/p>\n<h2><span class=\"adresse\">2015<\/span><\/h2>\n<h3><strong>\u00ab\u00a0A Secularized Sacred Place: Northrop Frye&rsquo;s Theory of Culture\u00a0\u00bb &amp; \u00ab\u00a0The Prison of Narcissus: Narratives of Reality and Illusion in Jacques Lacan and Northrop Frye\u00a0\u00bb<\/strong><\/h3>\n<p>Conf\u00e9rences de S\u00e1ra T\u00f3th (Universit\u00e9 K\u00e1roli G\u00e1sp\u00e1r de Budapest, Hongrie), <em>30 avril<\/em><\/p>\n<p>&nbsp;<\/p>\n<h2>2012<\/h2>\n<h3><strong>\u00ab\u00a0Litt\u00e9rature du complot : lectures et interpr\u00e9tations\u00a0\u00bb \u2014 Rencontre avec Percival Everett<\/strong><\/h3>\n<p>Table ronde anim\u00e9e par Anthony Larson, Claude Le Fustec, Anne-Laure Tissut et Florian Tr\u00e9guer, <em>21 novembre<\/em><\/p>\n<p>&nbsp;<\/p>\n<p><strong>Pour plus d&rsquo;informations sur les s\u00e9minaires et ateliers, cliquez <a href=\"https:\/\/intranet.univ-rennes2.fr\/ace\/seminaires-ateliers#\">ici<\/a>.\u00a0<\/strong><\/p>\n<p>&nbsp;<\/p>\n","protected":false},"excerpt":{"rendered":"<p>2023-2024 S\u00e9minaire d&rsquo;ACE \u00ab\u00a0Lieux communs : r\u00e9flexions sur une recherche en cours\u00a0\u00bb Ce s\u00e9minaire est l&rsquo;occasion pour les membres d&rsquo;ACE de partager leurs recherches&hellip;<\/p>\n","protected":false},"author":1,"featured_media":0,"parent":5,"menu_order":1,"comment_status":"closed","ping_status":"closed","template":"","meta":{"_acf_changed":false,"footnotes":""},"class_list":["post-54","page","type-page","status-publish","hentry"],"acf":[],"_links":{"self":[{"href":"https:\/\/sites-recherche.univ-rennes2.fr\/ace\/wp-json\/wp\/v2\/pages\/54","targetHints":{"allow":["GET"]}}],"collection":[{"href":"https:\/\/sites-recherche.univ-rennes2.fr\/ace\/wp-json\/wp\/v2\/pages"}],"about":[{"href":"https:\/\/sites-recherche.univ-rennes2.fr\/ace\/wp-json\/wp\/v2\/types\/page"}],"author":[{"embeddable":true,"href":"https:\/\/sites-recherche.univ-rennes2.fr\/ace\/wp-json\/wp\/v2\/users\/1"}],"replies":[{"embeddable":true,"href":"https:\/\/sites-recherche.univ-rennes2.fr\/ace\/wp-json\/wp\/v2\/comments?post=54"}],"version-history":[{"count":32,"href":"https:\/\/sites-recherche.univ-rennes2.fr\/ace\/wp-json\/wp\/v2\/pages\/54\/revisions"}],"predecessor-version":[{"id":1457,"href":"https:\/\/sites-recherche.univ-rennes2.fr\/ace\/wp-json\/wp\/v2\/pages\/54\/revisions\/1457"}],"up":[{"embeddable":true,"href":"https:\/\/sites-recherche.univ-rennes2.fr\/ace\/wp-json\/wp\/v2\/pages\/5"}],"wp:attachment":[{"href":"https:\/\/sites-recherche.univ-rennes2.fr\/ace\/wp-json\/wp\/v2\/media?parent=54"}],"curies":[{"name":"wp","href":"https:\/\/api.w.org\/{rel}","templated":true}]}}