{"id":122,"date":"2020-09-02T16:28:59","date_gmt":"2020-09-02T14:28:59","guid":{"rendered":"http:\/\/sites-recherche.univ-rennes2.fr\/cellam\/?page_id=122"},"modified":"2023-07-05T17:24:08","modified_gmt":"2023-07-05T15:24:08","slug":"revues","status":"publish","type":"page","link":"https:\/\/sites-recherche.univ-rennes2.fr\/cellam\/revues\/","title":{"rendered":"Revues"},"content":{"rendered":"<h2>Revue <em>Amerika<\/em><\/h2>\n<div><a href=\"https:\/\/journals.openedition.org\/amerika\/17180\">Num\u00e9ro 26<\/a><\/div>\n<div>Ce num\u00e9ro est le fruit d&rsquo;une collaboration avec les Universit\u00e9s de Br\u00eame, Hambourg et J\u00e9rusalem. Le dossier, consacr\u00e9 aux \u00e9critures terrifiques et horrifiques dans les litt\u00e9ratures du C\u00f4ne Sud et du Br\u00e9sil, a \u00e9t\u00e9 con\u00e7u et coordonn\u00e9 par Ruth Fine (Universit\u00e9 de J\u00e9rusalem), Inke Gunia (Universit\u00e9 de Hambourg) et Sabine Schlickers (Universit\u00e9 de Br\u00eame). Il part du principe que la violence, omnipr\u00e9sente dans les imaginaires du C\u00f4ne Sud, g\u00e9n\u00e8re de la peur et de l&rsquo;horreur, et que ces repr\u00e9sentations permettent de critiquer des situations sociopolitiques souvent complexes. Le dossier cherche \u00e0 aller chercher les sources de ces mises en perspective; en s&rsquo;interrogeant sur leur essor dans la litt\u00e9rature, le roman graphique et le cin\u00e9ma contemporains.<\/div>\n<div>Outre le dossier, des articles ayant trait aux actualit\u00e9s am\u00e9ricanistes sont pr\u00e9sentes dans les rubriques\u00a0<em>M\u00e9langes,\u00a0<\/em><em>Varia,\u00a0<\/em><em>Entretiens\u00a0<\/em>et\u00a0<em>Comptes-Rendus<\/em>.<\/div>\n<div><\/div>\n<div><\/div>\n<h2><\/h2>\n<h2>Revue <em>Carnets de Po\u00e9diles <\/em>n\u00b01, 2023<\/h2>\n<div><img loading=\"lazy\" decoding=\"async\" class=\"alignnone size-medium wp-image-3745 alignleft\" src=\"http:\/\/sites-recherche.univ-rennes2.fr\/cellam\/wp-content\/uploads\/2023\/07\/carnetspoediles_logo-300x250.jpeg\" alt=\"\" width=\"300\" height=\"250\" srcset=\"https:\/\/sites-recherche.univ-rennes2.fr\/cellam\/wp-content\/uploads\/2023\/07\/carnetspoediles_logo-300x250.jpeg 300w, https:\/\/sites-recherche.univ-rennes2.fr\/cellam\/wp-content\/uploads\/2023\/07\/carnetspoediles_logo-1024x853.jpeg 1024w, https:\/\/sites-recherche.univ-rennes2.fr\/cellam\/wp-content\/uploads\/2023\/07\/carnetspoediles_logo-768x640.jpeg 768w, https:\/\/sites-recherche.univ-rennes2.fr\/cellam\/wp-content\/uploads\/2023\/07\/carnetspoediles_logo-920x767.jpeg 920w, https:\/\/sites-recherche.univ-rennes2.fr\/cellam\/wp-content\/uploads\/2023\/07\/carnetspoediles_logo.jpeg 1200w\" sizes=\"auto, (max-width: 300px) 100vw, 300px\" \/><\/div>\n<div style=\"text-align: left;\"><a href=\"https:\/\/carnets-poediles.pergola-publications.fr\/\">Premier num\u00e9ro \u00ab\u00a0Po\u00e8me\/sc\u00e8ne\/vid\u00e9o\u00a0\u00bb<\/a><\/div>\n<div style=\"text-align: left;\">Diffus\u00e9e en libre acc\u00e8s sur la plateforme <a href=\"https:\/\/pergola-publications.fr\/\">PERGOLA<\/a> (p\u00e9pini\u00e8re de revues scientifiques en SHS du P\u00f4le revues Grand Ouest), <a href=\"https:\/\/carnets-poediles.pergola-publications.fr\/\"><i>Carnets de Po\u00e9diles<\/i><\/a> est la revue du r\u00e9seau de recherche international Po\u00e9diles.<\/div>\n<div style=\"text-align: left;\">Cette revue de didactique de la litt\u00e9rature a pour objectif de rassembler des travaux scientifiques, r\u00e9dig\u00e9s en langue fran\u00e7aise, aptes \u00e0 d\u00e9velopper un enseignement et un apprentissage ouverts de la po\u00e9sie, \u00e0 encourager des exp\u00e9riences po\u00e9tiques en classe de la maternelle \u00e0 l\u2019universit\u00e9, \u00e0 faire d\u00e9couvrir de nouveaux corpus en toutes langues, \u00e0 renforcer les collaborations entre les mondes de la recherche, de la cr\u00e9ation litt\u00e9raire et de l\u2019\u00e9cole.<\/div>\n<div style=\"text-align: left;\">Cette revue b\u00e9n\u00e9ficie de l&rsquo;accompagnement <a href=\"https:\/\/www.mshb.fr\/pole-editorial-projets\">REGOSO<\/a>.<\/div>\n<h2><\/h2>\n<h2>Revue <em>Textimage<\/em><\/h2>\n<div><img loading=\"lazy\" decoding=\"async\" class=\"size-medium wp-image-3049 alignleft\" src=\"http:\/\/sites-recherche.univ-rennes2.fr\/cellam\/wp-content\/uploads\/2022\/10\/Capture-de\u0301cran-2022-10-13-a\u0300-22.32.58-232x300.png\" alt=\"\" width=\"232\" height=\"300\" srcset=\"https:\/\/sites-recherche.univ-rennes2.fr\/cellam\/wp-content\/uploads\/2022\/10\/Capture-de\u0301cran-2022-10-13-a\u0300-22.32.58-232x300.png 232w, https:\/\/sites-recherche.univ-rennes2.fr\/cellam\/wp-content\/uploads\/2022\/10\/Capture-de\u0301cran-2022-10-13-a\u0300-22.32.58-791x1024.png 791w, https:\/\/sites-recherche.univ-rennes2.fr\/cellam\/wp-content\/uploads\/2022\/10\/Capture-de\u0301cran-2022-10-13-a\u0300-22.32.58-768x994.png 768w, https:\/\/sites-recherche.univ-rennes2.fr\/cellam\/wp-content\/uploads\/2022\/10\/Capture-de\u0301cran-2022-10-13-a\u0300-22.32.58.png 869w\" sizes=\"auto, (max-width: 232px) 100vw, 232px\" \/><\/div>\n<div><\/div>\n<div><\/div>\n<div><\/div>\n<div>L&rsquo;\u00e9quipe du Greces\u00a0a le plaisir de vous annoncer\u00a0la mise en ligne du num\u00e9ro d&rsquo;automne de la revue\u00a0<a href=\"http:\/\/revue-textimage.com\/conferencier\/sommaire\/12_sommaire.html\"><i>Textimage<\/i><\/a>\u00a0consacr\u00e9 aux Portraits de pays dans les collections jeunes publics.<\/div>\n<h2 class=\"name\"><\/h2>\n<h2 class=\"name\"><\/h2>\n<h2 class=\"name\"><\/h2>\n<h2 class=\"name\"><\/h2>\n<h2 class=\"name\"><\/h2>\n<h2 class=\"name\"><\/h2>\n<h2 class=\"name\"><\/h2>\n<h2 class=\"name\"><span class=\"notice_title\">Revue <em>Verlaine <\/em>n\u00b019, 2021<\/span><\/h2>\n<div>\n<ul class=\"list-unstyled\">\n<li>\n<h3><img loading=\"lazy\" decoding=\"async\" class=\"alignnone size-medium wp-image-2742 alignleft\" src=\"http:\/\/sites-recherche.univ-rennes2.fr\/cellam\/wp-content\/uploads\/2022\/04\/Revue-Verlaine-19b-200x300.png\" alt=\"\" width=\"200\" height=\"300\" srcset=\"https:\/\/sites-recherche.univ-rennes2.fr\/cellam\/wp-content\/uploads\/2022\/04\/Revue-Verlaine-19b-200x300.png 200w, https:\/\/sites-recherche.univ-rennes2.fr\/cellam\/wp-content\/uploads\/2022\/04\/Revue-Verlaine-19b.png 400w\" sizes=\"auto, (max-width: 200px) 100vw, 200px\" \/>Sous la direction d&rsquo;Arnaud <span class=\"notice_contact\">Bernadet<\/span>, Bertrand <span class=\"notice_contact\">Degott et Solenn<\/span>\u00a0<span class=\"notice_contact\">Dupas\u00a0<\/span><\/h3>\n<\/li>\n<li style=\"text-align: left;\">La\u00a0<i>Revue Verlaine<\/i>\u00a0r\u00e9unit des contributions portant sur les diff\u00e9rentes facettes de la vie et de l&rsquo;\u0153uvre du po\u00e8te. Elle croise les approches critiques afin de souligner la diversit\u00e9 et la coh\u00e9rence d&rsquo;une \u0153uvre inscrite dans son \u00e9poque, refl\u00e9tant une conscience aigu\u00eb des ressources du langage.<\/li>\n<li style=\"text-align: left;\"><b>Nombre de pages:<\/b>\u00a0243<\/li>\n<li style=\"text-align: left;\"><b>Parution:<\/b>\u00a0<span id=\"pse-parutiondate\">30\/03\/2022<\/span><\/li>\n<li style=\"text-align: left;\"><b>Revue:<\/b>\u00a0<a href=\"https:\/\/classiques-garnier.com\/revue-verlaine.html\">Revue Verlaine<\/a>, n\u00b0 19<\/li>\n<li style=\"text-align: left;\"><\/li>\n<\/ul>\n<\/div>\n<h2><\/h2>\n<h2><\/h2>\n<h2><a href=\"https:\/\/classiques-garnier.com\/revue-verlaine.html\">Revue <em>Verlaine<\/em> n\u00b018, 2020<\/a><\/h2>\n<p><img loading=\"lazy\" decoding=\"async\" class=\"size-medium wp-image-2040 alignleft\" src=\"http:\/\/sites-recherche.univ-rennes2.fr\/cellam\/wp-content\/uploads\/2021\/06\/RVSiteCellam-200x300.png\" alt=\"\" width=\"200\" height=\"300\" srcset=\"https:\/\/sites-recherche.univ-rennes2.fr\/cellam\/wp-content\/uploads\/2021\/06\/RVSiteCellam-200x300.png 200w, https:\/\/sites-recherche.univ-rennes2.fr\/cellam\/wp-content\/uploads\/2021\/06\/RVSiteCellam.png 432w\" sizes=\"auto, (max-width: 200px) 100vw, 200px\" \/>La <em>Revue Verlaine<\/em>\u00a0r\u00e9unit des contributions portant sur les diff\u00e9rentes facettes de la vie et de l&rsquo;\u0153uvre du po\u00e8te. Elle croise les approches critiques afin de souligner la diversit\u00e9 et la coh\u00e9rence d&rsquo;une \u0153uvre inscrite dans son \u00e9poque, refl\u00e9tant une conscience aigu\u00eb des ressources du langage.<\/p>\n<p><a href=\"https:\/\/classiques-garnier.com\/revue-verlaine-2020-n-18-varia.html\">Site de la revue<\/a><\/p>\n<p>&nbsp;<\/p>\n<p>&nbsp;<\/p>\n<h2><\/h2>\n<h2><\/h2>\n<h2><\/h2>\n<h2><a href=\"https:\/\/classiques-garnier.com\/romanesques-2021-n-13-numerique-et-romanesque.html\">Revue <em>Romanesques <\/em>n\u00b013, 2021<\/a><\/h2>\n<p><img loading=\"lazy\" decoding=\"async\" class=\"size-medium wp-image-2031 alignleft\" src=\"http:\/\/sites-recherche.univ-rennes2.fr\/cellam\/wp-content\/uploads\/2021\/06\/Romanesques13_couv-200x300.jpeg\" alt=\"\" width=\"200\" height=\"300\" srcset=\"https:\/\/sites-recherche.univ-rennes2.fr\/cellam\/wp-content\/uploads\/2021\/06\/Romanesques13_couv-200x300.jpeg 200w, https:\/\/sites-recherche.univ-rennes2.fr\/cellam\/wp-content\/uploads\/2021\/06\/Romanesques13_couv-683x1024.jpeg 683w, https:\/\/sites-recherche.univ-rennes2.fr\/cellam\/wp-content\/uploads\/2021\/06\/Romanesques13_couv-768x1152.jpeg 768w, https:\/\/sites-recherche.univ-rennes2.fr\/cellam\/wp-content\/uploads\/2021\/06\/Romanesques13_couv-1024x1536.jpeg 1024w, https:\/\/sites-recherche.univ-rennes2.fr\/cellam\/wp-content\/uploads\/2021\/06\/Romanesques13_couv-800x1200.jpeg 800w, https:\/\/sites-recherche.univ-rennes2.fr\/cellam\/wp-content\/uploads\/2021\/06\/Romanesques13_couv.jpeg 1260w\" sizes=\"auto, (max-width: 200px) 100vw, 200px\" \/><\/p>\n<p>La revue\u00a0<em>Romanesques,<\/em>\u00a0semestrielle, a pour vocation d&rsquo;explorer la notion de romanesque, \u00e0 la crois\u00e9e des interrogations sur la fiction, la lecture, l&rsquo;histoire litt\u00e9raire et la th\u00e9orie des genres.<\/p>\n<p>N\u00b013 DOSSIER NUM\u00c9RIQUE ET ROMANESQUE<\/p>\n<p>Ce dossier propose une remise en\u00a0jeu\u00a0de la r\u00e9flexion sur le romanesque en le frottant \u00e0 l\u2019\u00e8re num\u00e9rique, et les possibles que celle-ci a ouverts depuis le\u00a0xxe\u00a0si\u00e8cle. Il engage une attention aux supports, aux r\u00e9seaux et aux formes de la mat\u00e9rialisation des \u0153uvres pour reposer l\u2019articulation de la notion de romanesque aux formes g\u00e9n\u00e9riques, tout \u00e0 la fois dans les formes num\u00e9riques elle-m\u00eame mais aussi dans les \u0153uvres romanesques sur support papier.<\/p>\n<p><a href=\"https:\/\/classiques-garnier.com\/romanesques-2021-n-13-numerique-et-romanesque.html\">Site de l&rsquo;\u00e9diteur<\/a><\/p>\n<h2><\/h2>\n<h2>Revue <em>Stendhal, <\/em>n\u00b02, 2021<\/h2>\n<p><img loading=\"lazy\" decoding=\"async\" class=\"size-medium wp-image-1802 alignleft\" src=\"http:\/\/sites-recherche.univ-rennes2.fr\/cellam\/wp-content\/uploads\/2021\/04\/revue_stendhal_n2-_couverture_seule_page-0001-214x300.jpg\" alt=\"\" width=\"214\" height=\"300\" srcset=\"https:\/\/sites-recherche.univ-rennes2.fr\/cellam\/wp-content\/uploads\/2021\/04\/revue_stendhal_n2-_couverture_seule_page-0001-214x300.jpg 214w, https:\/\/sites-recherche.univ-rennes2.fr\/cellam\/wp-content\/uploads\/2021\/04\/revue_stendhal_n2-_couverture_seule_page-0001-731x1024.jpg 731w, https:\/\/sites-recherche.univ-rennes2.fr\/cellam\/wp-content\/uploads\/2021\/04\/revue_stendhal_n2-_couverture_seule_page-0001-768x1076.jpg 768w, https:\/\/sites-recherche.univ-rennes2.fr\/cellam\/wp-content\/uploads\/2021\/04\/revue_stendhal_n2-_couverture_seule_page-0001-857x1200.jpg 857w, https:\/\/sites-recherche.univ-rennes2.fr\/cellam\/wp-content\/uploads\/2021\/04\/revue_stendhal_n2-_couverture_seule_page-0001.jpg 886w\" sizes=\"auto, (max-width: 214px) 100vw, 214px\" \/>Pour son deuxi\u00e8me num\u00e9ro, la Revue Stendhal propose deux dossiers : Milanese \u00bb et \u00ab Stendhal en Chine \u00bb.<\/p>\n<p>Le premier dossier interroge l\u2019\u00e9vidence impos\u00e9e par Stendhal dans son \u00e9pitaphe : Henri Beyle, \u00ab Milanese \u00bb ? Historiens, sp\u00e9cialistes de litt\u00e9rature italienne et de Stendhal sont r\u00e9unis pour comprendre ce qu\u2019est \u00ab Milan \u00bb au d\u00e9but du si\u00e8cle et son r\u00f4le dans le parcours xixe intellectuel et la construction identitaire de Stendhal. Capitale culturelle o\u00f9 \u00e9merge de fa\u00e7on d\u00e9cisive le d\u00e9bat romantique, t\u00e9moin et enjeu essentiel d\u2019une g\u00e9opolitique europ\u00e9enne marqu\u00e9e par l\u2019essor puis le reflux de l\u2019imp\u00e9rialisme napol\u00e9onien, par l\u2019\u00e9mergence de la question \u00ab italienne \u00bb et du lib\u00e9ralisme sous la Restauration autrichienne, lieu de la d\u00e9couverte, aussi, du sexe, des arts et de l\u2019engagement s\u00e9rieux dans l\u2019\u00e9criture, Milan est pour Stendhal comme un laboratoire de soi dans l\u2019histoire, qui laisse une empreinte forte dans l\u2019ensemble de son oeuvre Le second dossier aborde les questions id\u00e9ologiques, culturelles et traductologiques qui ont suscit\u00e9 le d\u00e9bat en Chine, depuis les premi\u00e8res traductions et adaptations de Stendhal en mandarin jusqu\u2019\u00e0 nos jours, soit avant, pendant et apr\u00e8s la p\u00e9riode mao\u00efste.<\/p>\n<p><a href=\"https:\/\/psn.univ-paris3.fr\/ouvrage\/2-milanese#\">Site de l&rsquo;\u00e9diteur<\/a><\/p>\n<h2><\/h2>\n<h2><a href=\"https:\/\/journals.openedition.org\/amerika\/\" rel=\"noopener\">Revue <em>Amerika<\/em><\/a><\/h2>\n<p><em><img loading=\"lazy\" decoding=\"async\" class=\"alignnone size-medium wp-image-509\" src=\"http:\/\/sites-recherche.univ-rennes2.fr\/cellam\/wp-content\/uploads\/2020\/12\/amerika-300x54.png\" alt=\"\" width=\"300\" height=\"54\" srcset=\"https:\/\/sites-recherche.univ-rennes2.fr\/cellam\/wp-content\/uploads\/2020\/12\/amerika-300x54.png 300w, https:\/\/sites-recherche.univ-rennes2.fr\/cellam\/wp-content\/uploads\/2020\/12\/amerika-768x139.png 768w, https:\/\/sites-recherche.univ-rennes2.fr\/cellam\/wp-content\/uploads\/2020\/12\/amerika.png 839w\" sizes=\"auto, (max-width: 300px) 100vw, 300px\" \/><\/em><\/p>\n<p><i>Amerika<\/i>\u00a0est une revue semestrielle du CELLAM (Centre d&rsquo;Etudes de Langues et Litt\u00e9ratures Anciennes et Modernes, EA 3206, Universit\u00e9 Rennes 2) qui publie des dossiers th\u00e9matiques et pluridisciplinaires autour de la probl\u00e9matique des m\u00e9moires, des identit\u00e9s et des cultures des Am\u00e9riques (anglophones, francophones,\u00a0hispanophones,\u00a0lusophones).<\/p>\n<ul>\n<li><a href=\"https:\/\/journals.openedition.org\/amerika\/\">Lire la revue en ligne\u00a0<\/a><\/li>\n<\/ul>\n<p>&nbsp;<\/p>\n<h2><a href=\"http:\/\/phlit.org\/press\/?page_id=2570\" rel=\"noopener\">Revue internationale de Photolitt\u00e9rature PHLiT<\/a><\/h2>\n<p><img loading=\"lazy\" decoding=\"async\" class=\"alignnone size-medium wp-image-510\" src=\"http:\/\/sites-recherche.univ-rennes2.fr\/cellam\/wp-content\/uploads\/2020\/12\/phlit-300x106.png\" alt=\"\" width=\"300\" height=\"106\" srcset=\"https:\/\/sites-recherche.univ-rennes2.fr\/cellam\/wp-content\/uploads\/2020\/12\/phlit-300x106.png 300w, https:\/\/sites-recherche.univ-rennes2.fr\/cellam\/wp-content\/uploads\/2020\/12\/phlit.png 696w\" sizes=\"auto, (max-width: 300px) 100vw, 300px\" \/><img loading=\"lazy\" decoding=\"async\" class=\"alignnone wp-image-511\" src=\"http:\/\/sites-recherche.univ-rennes2.fr\/cellam\/wp-content\/uploads\/2020\/12\/10421245_585725758211722_1202986384382813533_n.jpg\" alt=\"\" width=\"106\" height=\"106\" srcset=\"https:\/\/sites-recherche.univ-rennes2.fr\/cellam\/wp-content\/uploads\/2020\/12\/10421245_585725758211722_1202986384382813533_n.jpg 232w, https:\/\/sites-recherche.univ-rennes2.fr\/cellam\/wp-content\/uploads\/2020\/12\/10421245_585725758211722_1202986384382813533_n-150x150.jpg 150w\" sizes=\"auto, (max-width: 106px) 100vw, 106px\" \/><\/p>\n<p>La Revue internationale de Photolitt\u00e9rature (ISSN 2606-6785) a pour vocation d\u2019accueillir les contributions de chercheurs travaillant sur les rapports entre les domaines litt\u00e9raire et photographique, quels que soient les langues ou les genres litt\u00e9raires, quels que soient les proc\u00e9d\u00e9s photographiques. Elle vise \u00e0 \u00e9tudier comment l\u2019image photographique ainsi que tous les ph\u00e9nom\u00e8nes imaginaires qui lui sont li\u00e9s ont p\u00e9n\u00e9tr\u00e9 l\u2019\u00e9criture litt\u00e9raire depuis le milieu du XIXe si\u00e8cle, et \u00e0 promouvoir l\u2019id\u00e9e qu\u2019il existe une sp\u00e9cificit\u00e9 de la photographie, au regard de toutes les autres formes d\u2019images que les \u00e9crivains ont pu utiliser dans leurs publications, ou en collaborant avec d\u2019autres artistes en vue de r\u00e9aliser des ouvrages communs. De m\u00eame, elle vise \u00e0 enrichir la connaissance des multiples mani\u00e8res dont les photographes sont all\u00e9s puiser \u00e0 la litt\u00e9rature pour constituer leurs \u0153uvres, soit en s\u2019inspirant de genres litt\u00e9raires consitu\u00e9s, soit en sollicitant des pr\u00e9faciers, soit m\u00eame en devenant \u00e0 leur tour des \u00e9crivains. La Revue internationale de Photolitt\u00e9rature ne privil\u00e9gie aucune m\u00e9thodologie ni \u00e9cole, et souhaite recourir \u00e0 toutes les approches \u2013 s\u00e9miologie, analyses litt\u00e9raires ou historiques, m\u00e9diologie et communication, voire neurosciences \u2013 qui seront susceptibles de mettre en lumi\u00e8re les sp\u00e9cificit\u00e9s de son champ d\u2019\u00e9tude.<\/p>\n<ul>\n<li><a href=\"http:\/\/phlit.org\/press\/?page_id=2570\">Lire la revue en ligne\u00a0<\/a><\/li>\n<\/ul>\n<p>&nbsp;<\/p>\n<h2><a href=\"https:\/\/adhoc.hypotheses.org\/presentation-de-la-revue-ad-hoc\" rel=\"noopener\">Revue <em>Ad Hoc<\/em><\/a><\/h2>\n<p><img loading=\"lazy\" decoding=\"async\" class=\"alignnone size-medium wp-image-496\" src=\"http:\/\/sites-recherche.univ-rennes2.fr\/cellam\/wp-content\/uploads\/2020\/12\/ADHOC-LOGO-BANNIERE-02-300x99.jpg\" alt=\"\" width=\"300\" height=\"99\" srcset=\"https:\/\/sites-recherche.univ-rennes2.fr\/cellam\/wp-content\/uploads\/2020\/12\/ADHOC-LOGO-BANNIERE-02-300x99.jpg 300w, https:\/\/sites-recherche.univ-rennes2.fr\/cellam\/wp-content\/uploads\/2020\/12\/ADHOC-LOGO-BANNIERE-02-1024x339.jpg 1024w, https:\/\/sites-recherche.univ-rennes2.fr\/cellam\/wp-content\/uploads\/2020\/12\/ADHOC-LOGO-BANNIERE-02-768x254.jpg 768w, https:\/\/sites-recherche.univ-rennes2.fr\/cellam\/wp-content\/uploads\/2020\/12\/ADHOC-LOGO-BANNIERE-02-1536x508.jpg 1536w, https:\/\/sites-recherche.univ-rennes2.fr\/cellam\/wp-content\/uploads\/2020\/12\/ADHOC-LOGO-BANNIERE-02-2048x677.jpg 2048w, https:\/\/sites-recherche.univ-rennes2.fr\/cellam\/wp-content\/uploads\/2020\/12\/ADHOC-LOGO-BANNIERE-02-920x304.jpg 920w\" sizes=\"auto, (max-width: 300px) 100vw, 300px\" \/><\/p>\n<p>Tout comme l\u2019association dont elle est issue, la revue <em>Ad Hoc<\/em> est le fruit d\u2019une collaboration entre les jeunes chercheurs du CELLAM. D\u00e9sireux de construire un travail en commun, nous proposons une ligne \u00e9ditoriale f\u00e9d\u00e9ratrice ; chaque num\u00e9ro partira ainsi d\u2019une notion ouverte qui nourrira des probl\u00e9matiques trait\u00e9es de mani\u00e8re transdisciplinaire et transhistorique. Cette revue a pour objectif de fournir aux jeunes chercheurs une plateforme de publication en ligne qui r\u00e9ponde aux exigences du monde de la recherche.<\/p>\n<ul>\n<li><a href=\"https:\/\/adhoc.hypotheses.org\/presentation-de-la-revue-ad-hoc\">Lire la revue en ligne\u00a0<\/a><\/li>\n<\/ul>\n","protected":false},"excerpt":{"rendered":"<p>Revue Amerika Num\u00e9ro 26 Ce num\u00e9ro est le fruit d&rsquo;une collaboration avec les Universit\u00e9s de Br\u00eame, Hambourg et J\u00e9rusalem. Le dossier, consacr\u00e9 aux \u00e9critures&hellip;<\/p>\n","protected":false},"author":1,"featured_media":0,"parent":0,"menu_order":0,"comment_status":"closed","ping_status":"closed","template":"","meta":{"_acf_changed":false,"footnotes":""},"class_list":["post-122","page","type-page","status-publish","hentry"],"acf":[],"_links":{"self":[{"href":"https:\/\/sites-recherche.univ-rennes2.fr\/cellam\/wp-json\/wp\/v2\/pages\/122","targetHints":{"allow":["GET"]}}],"collection":[{"href":"https:\/\/sites-recherche.univ-rennes2.fr\/cellam\/wp-json\/wp\/v2\/pages"}],"about":[{"href":"https:\/\/sites-recherche.univ-rennes2.fr\/cellam\/wp-json\/wp\/v2\/types\/page"}],"author":[{"embeddable":true,"href":"https:\/\/sites-recherche.univ-rennes2.fr\/cellam\/wp-json\/wp\/v2\/users\/1"}],"replies":[{"embeddable":true,"href":"https:\/\/sites-recherche.univ-rennes2.fr\/cellam\/wp-json\/wp\/v2\/comments?post=122"}],"version-history":[{"count":52,"href":"https:\/\/sites-recherche.univ-rennes2.fr\/cellam\/wp-json\/wp\/v2\/pages\/122\/revisions"}],"predecessor-version":[{"id":3756,"href":"https:\/\/sites-recherche.univ-rennes2.fr\/cellam\/wp-json\/wp\/v2\/pages\/122\/revisions\/3756"}],"wp:attachment":[{"href":"https:\/\/sites-recherche.univ-rennes2.fr\/cellam\/wp-json\/wp\/v2\/media?parent=122"}],"curies":[{"name":"wp","href":"https:\/\/api.w.org\/{rel}","templated":true}]}}