{"id":138,"date":"2020-09-02T16:34:30","date_gmt":"2020-09-02T14:34:30","guid":{"rendered":"http:\/\/sites-recherche.univ-rennes2.fr\/cellam\/?page_id=138"},"modified":"2020-12-15T14:39:46","modified_gmt":"2020-12-15T13:39:46","slug":"post-doctorat","status":"publish","type":"page","link":"https:\/\/sites-recherche.univ-rennes2.fr\/cellam\/post-doctorat\/","title":{"rendered":"Post-doctorat"},"content":{"rendered":"<h2>Le programme postdoctoral BIENVEN\u00dcE<\/h2>\n<p>Le <strong>programme postdoctoral BIENVEN\u00dcE<\/strong> \u2013 \u00ab Welcoming highly-talented international post-docs in Brittany \u00bb 2, port\u00e9 par la R\u00e9gion Bretagne, en partenariat avec huit \u00e9tablissements d\u2019enseignement sup\u00e9rieur et de recherche implant\u00e9s en Bretagne, dont l&rsquo;Universit\u00e9 Rennes 2, pr\u00e9voit le recrutement dans les laboratoires bretons de 75 post-doctorant\u00b7e\u00b7s au profil international de haut niveau. Les projets postdoctoraux sont \u00e9labor\u00e9s par les candidat\u00b7e\u00b7s, en lien avec leurs superviseurs, sur la th\u00e9matique de leur choix, et doivent s\u2019inscrire dans l\u2019un des domaines d\u2019innovation strat\u00e9giques de la Strat\u00e9gie r\u00e9gionale de recherche et d\u2019innovation &#8211; S3 bretonne. Ils doivent par ailleurs se d\u00e9rouler en Bretagne.<\/p>\n<p>Le projet a \u00e9t\u00e9 lanc\u00e9 publiquement le 10 novembre 2020.<\/p>\n<p><a href=\"http:\/\/sites-recherche.univ-rennes2.fr\/cellam\/wp-content\/uploads\/2020\/12\/BIENVENUE_Presentation_Lancement_10112020.pdf\" target=\"_blank\" rel=\"noopener\">Pr\u00e9sentation du programme postdoctoral BIENVEN\u00dcE.<\/a><\/p>\n<p><strong>Contacts<\/strong> : <a href=\"mailto:xhensila.lachambre@univ-rennes2.fr\">xhensila.lachambre@univ-rennes2.fr<\/a>, <a href=\"mailto:drv-pole-europe@univ-rennes2.fr\">drv-pole-europe@univ-rennes2.fr<\/a><\/p>\n","protected":false},"excerpt":{"rendered":"<p>Le programme postdoctoral BIENVEN\u00dcE Le programme postdoctoral BIENVEN\u00dcE \u2013 \u00ab Welcoming highly-talented international post-docs in Brittany \u00bb 2, port\u00e9 par la R\u00e9gion Bretagne, en&hellip;<\/p>\n","protected":false},"author":1,"featured_media":0,"parent":0,"menu_order":0,"comment_status":"closed","ping_status":"closed","template":"","meta":{"_acf_changed":false,"footnotes":""},"class_list":["post-138","page","type-page","status-publish","hentry"],"acf":[],"_links":{"self":[{"href":"https:\/\/sites-recherche.univ-rennes2.fr\/cellam\/wp-json\/wp\/v2\/pages\/138","targetHints":{"allow":["GET"]}}],"collection":[{"href":"https:\/\/sites-recherche.univ-rennes2.fr\/cellam\/wp-json\/wp\/v2\/pages"}],"about":[{"href":"https:\/\/sites-recherche.univ-rennes2.fr\/cellam\/wp-json\/wp\/v2\/types\/page"}],"author":[{"embeddable":true,"href":"https:\/\/sites-recherche.univ-rennes2.fr\/cellam\/wp-json\/wp\/v2\/users\/1"}],"replies":[{"embeddable":true,"href":"https:\/\/sites-recherche.univ-rennes2.fr\/cellam\/wp-json\/wp\/v2\/comments?post=138"}],"version-history":[{"count":4,"href":"https:\/\/sites-recherche.univ-rennes2.fr\/cellam\/wp-json\/wp\/v2\/pages\/138\/revisions"}],"predecessor-version":[{"id":590,"href":"https:\/\/sites-recherche.univ-rennes2.fr\/cellam\/wp-json\/wp\/v2\/pages\/138\/revisions\/590"}],"wp:attachment":[{"href":"https:\/\/sites-recherche.univ-rennes2.fr\/cellam\/wp-json\/wp\/v2\/media?parent=138"}],"curies":[{"name":"wp","href":"https:\/\/api.w.org\/{rel}","templated":true}]}}