{"id":140,"date":"2020-09-02T16:35:28","date_gmt":"2020-09-02T14:35:28","guid":{"rendered":"http:\/\/sites-recherche.univ-rennes2.fr\/cellam\/?page_id=140"},"modified":"2021-10-13T23:16:01","modified_gmt":"2021-10-13T21:16:01","slug":"carnets-de-recherche","status":"publish","type":"page","link":"https:\/\/sites-recherche.univ-rennes2.fr\/cellam\/carnets-de-recherche\/","title":{"rendered":"Carnets de recherche"},"content":{"rendered":"<h2>Sitographie des blogs et carnets de recherche des membres du Cellam<\/h2>\n<p><a href=\"https:\/\/sedill.hypotheses.org\">S\u00c9minaire de DIdactique de la Langue et de la Litt\u00e9rature<\/a><span style=\"font-size: 1rem;\">, carnet de recherche du S\u00c9DILL<\/span><\/p>\n<p><span style=\"font-size: 1rem;\"><a href=\"https:\/\/lguilloux.hypotheses.org\/\">\u00c9tudes Louis Guilloux<\/a> du CELLAM<\/span><\/p>\n<p><a href=\"https:\/\/pramulohe.hypotheses.org\">Pratiques du multiple et logiques h\u00e9t\u00e9rog\u00e8nes<\/a>, carnet de recherche de Ga\u00eblle Debeaux<\/p>\n<p><a href=\"https:\/\/relarts.hypotheses.org\">La \u00ab\u00a0relation critique\u00a0\u00bb en France (1944-1964)<\/a>, carnet de recherche du projet REL-ARTS<\/p>\n<p><a href=\"https:\/\/multirecits.hypotheses.org\" rel=\"noopener\">Multiplication des r\u00e9cits<\/a>, carnet de recherche de Ga\u00eblle Debeaux<\/p>\n<p><a href=\"https:\/\/miniphlit.hypotheses.org\" rel=\"noopener\">Miniphlit : litt\u00e9rature pour la jeunesse<\/a>, carnet de recherche de Laurence Le Guen<\/p>\n<p>&nbsp;<\/p>\n<p>&nbsp;<\/p>\n<p>&nbsp;<\/p>\n","protected":false},"excerpt":{"rendered":"<p>Sitographie des blogs et carnets de recherche des membres du Cellam S\u00c9minaire de DIdactique de la Langue et de la Litt\u00e9rature, carnet de recherche&hellip;<\/p>\n","protected":false},"author":1,"featured_media":0,"parent":0,"menu_order":0,"comment_status":"closed","ping_status":"closed","template":"","meta":{"_acf_changed":false,"footnotes":""},"class_list":["post-140","page","type-page","status-publish","hentry"],"acf":[],"_links":{"self":[{"href":"https:\/\/sites-recherche.univ-rennes2.fr\/cellam\/wp-json\/wp\/v2\/pages\/140","targetHints":{"allow":["GET"]}}],"collection":[{"href":"https:\/\/sites-recherche.univ-rennes2.fr\/cellam\/wp-json\/wp\/v2\/pages"}],"about":[{"href":"https:\/\/sites-recherche.univ-rennes2.fr\/cellam\/wp-json\/wp\/v2\/types\/page"}],"author":[{"embeddable":true,"href":"https:\/\/sites-recherche.univ-rennes2.fr\/cellam\/wp-json\/wp\/v2\/users\/1"}],"replies":[{"embeddable":true,"href":"https:\/\/sites-recherche.univ-rennes2.fr\/cellam\/wp-json\/wp\/v2\/comments?post=140"}],"version-history":[{"count":9,"href":"https:\/\/sites-recherche.univ-rennes2.fr\/cellam\/wp-json\/wp\/v2\/pages\/140\/revisions"}],"predecessor-version":[{"id":2282,"href":"https:\/\/sites-recherche.univ-rennes2.fr\/cellam\/wp-json\/wp\/v2\/pages\/140\/revisions\/2282"}],"wp:attachment":[{"href":"https:\/\/sites-recherche.univ-rennes2.fr\/cellam\/wp-json\/wp\/v2\/media?parent=140"}],"curies":[{"name":"wp","href":"https:\/\/api.w.org\/{rel}","templated":true}]}}