{"id":394,"date":"2020-10-14T11:06:21","date_gmt":"2020-10-14T09:06:21","guid":{"rendered":"http:\/\/sites-recherche.univ-rennes2.fr\/cellam\/?page_id=394"},"modified":"2020-12-11T15:59:24","modified_gmt":"2020-12-11T14:59:24","slug":"logo-du-cellam","status":"publish","type":"page","link":"https:\/\/sites-recherche.univ-rennes2.fr\/cellam\/logo-du-cellam\/","title":{"rendered":"Logo du CELLAM"},"content":{"rendered":"<div class=\"page\" title=\"Page 1\">\n<div class=\"section\">\n<div class=\"layoutArea\">\n<div class=\"column\">\n<p>\u00a0 \u00a0 \u00a0 \u00a0 \u00a0 \u00a0 \u00a0 \u00a0 \u00a0\u00a0<span style=\"font-size: 1rem;\">\u00a0\u00a0<\/span> <span style=\"font-size: 1rem;\">\u00a0<\/span><\/p>\n<p><img loading=\"lazy\" decoding=\"async\" class=\"alignnone wp-image-392 alignleft\" style=\"font-size: 1rem;\" src=\"http:\/\/sites-recherche.univ-rennes2.fr\/cellam\/wp-content\/uploads\/2020\/10\/LOGO_CELLAM_iconogramme-300x239.png\" alt=\"\" width=\"130\" height=\"104\" srcset=\"https:\/\/sites-recherche.univ-rennes2.fr\/cellam\/wp-content\/uploads\/2020\/10\/LOGO_CELLAM_iconogramme-300x239.png 300w, https:\/\/sites-recherche.univ-rennes2.fr\/cellam\/wp-content\/uploads\/2020\/10\/LOGO_CELLAM_iconogramme-1024x816.png 1024w, https:\/\/sites-recherche.univ-rennes2.fr\/cellam\/wp-content\/uploads\/2020\/10\/LOGO_CELLAM_iconogramme-768x612.png 768w, https:\/\/sites-recherche.univ-rennes2.fr\/cellam\/wp-content\/uploads\/2020\/10\/LOGO_CELLAM_iconogramme-1536x1223.png 1536w, https:\/\/sites-recherche.univ-rennes2.fr\/cellam\/wp-content\/uploads\/2020\/10\/LOGO_CELLAM_iconogramme-920x733.png 920w, https:\/\/sites-recherche.univ-rennes2.fr\/cellam\/wp-content\/uploads\/2020\/10\/LOGO_CELLAM_iconogramme.png 2000w\" sizes=\"auto, (max-width: 130px) 100vw, 130px\" \/><img loading=\"lazy\" decoding=\"async\" class=\"alignnone wp-image-392 alignleft\" style=\"font-size: 1rem;\" src=\"http:\/\/sites-recherche.univ-rennes2.fr\/cellam\/wp-content\/uploads\/2020\/10\/LOGO_CELLAM_iconogramme-300x239.png\" alt=\"\" width=\"88\" height=\"70\" srcset=\"https:\/\/sites-recherche.univ-rennes2.fr\/cellam\/wp-content\/uploads\/2020\/10\/LOGO_CELLAM_iconogramme-300x239.png 300w, https:\/\/sites-recherche.univ-rennes2.fr\/cellam\/wp-content\/uploads\/2020\/10\/LOGO_CELLAM_iconogramme-1024x816.png 1024w, https:\/\/sites-recherche.univ-rennes2.fr\/cellam\/wp-content\/uploads\/2020\/10\/LOGO_CELLAM_iconogramme-768x612.png 768w, https:\/\/sites-recherche.univ-rennes2.fr\/cellam\/wp-content\/uploads\/2020\/10\/LOGO_CELLAM_iconogramme-1536x1223.png 1536w, https:\/\/sites-recherche.univ-rennes2.fr\/cellam\/wp-content\/uploads\/2020\/10\/LOGO_CELLAM_iconogramme-920x733.png 920w, https:\/\/sites-recherche.univ-rennes2.fr\/cellam\/wp-content\/uploads\/2020\/10\/LOGO_CELLAM_iconogramme.png 2000w\" sizes=\"auto, (max-width: 88px) 100vw, 88px\" \/><img loading=\"lazy\" decoding=\"async\" class=\"alignnone wp-image-392 alignleft\" style=\"font-size: 1rem;\" src=\"http:\/\/sites-recherche.univ-rennes2.fr\/cellam\/wp-content\/uploads\/2020\/10\/LOGO_CELLAM_iconogramme-300x239.png\" alt=\"\" width=\"61\" height=\"48\" srcset=\"https:\/\/sites-recherche.univ-rennes2.fr\/cellam\/wp-content\/uploads\/2020\/10\/LOGO_CELLAM_iconogramme-300x239.png 300w, https:\/\/sites-recherche.univ-rennes2.fr\/cellam\/wp-content\/uploads\/2020\/10\/LOGO_CELLAM_iconogramme-1024x816.png 1024w, https:\/\/sites-recherche.univ-rennes2.fr\/cellam\/wp-content\/uploads\/2020\/10\/LOGO_CELLAM_iconogramme-768x612.png 768w, https:\/\/sites-recherche.univ-rennes2.fr\/cellam\/wp-content\/uploads\/2020\/10\/LOGO_CELLAM_iconogramme-1536x1223.png 1536w, https:\/\/sites-recherche.univ-rennes2.fr\/cellam\/wp-content\/uploads\/2020\/10\/LOGO_CELLAM_iconogramme-350x270.png 350w, https:\/\/sites-recherche.univ-rennes2.fr\/cellam\/wp-content\/uploads\/2020\/10\/LOGO_CELLAM_iconogramme-920x733.png 920w, https:\/\/sites-recherche.univ-rennes2.fr\/cellam\/wp-content\/uploads\/2020\/10\/LOGO_CELLAM_iconogramme.png 2000w\" sizes=\"auto, (max-width: 61px) 100vw, 61px\" \/><\/p>\n<p>&nbsp;<\/p>\n<p>La conception graphique du logo se fonde sur la stylisation et la simplification g\u00e9om\u00e9trique des deux \u00ab L \u00bb, au c\u0153ur de l\u2019acronyme du Cellam \u2013 \u00ab Langues et Litt\u00e9ratures \u00bb, sous forme de feuillets de livres ouverts.<\/p>\n<p>Le dessin minimaliste n\u2019en est pas moins suggestif ; le trac\u00e9 rappelle \u00e9galement des guillemets en chevrons qui \u00e9voquent la pratique de la recherche acad\u00e9mique, ou encore des ailes, peut-\u00eatre celles d\u2019un certain oiseau qui ne s\u2019envole qu\u2019au cr\u00e9puscule&#8230;<\/p>\n<p>Les lignes pures, les formes et les couleurs sobres participent de l\u2019identit\u00e9 et de l\u2019efficacit\u00e9 visuelle du monogramme.<\/p>\n<p>Ainsi, le logo demeure identifiable, lisible et esth\u00e9tique \u00e0 toute \u00e9chelle et sur divers supports.<\/p>\n<p>&nbsp;<\/p>\n<p><img loading=\"lazy\" decoding=\"async\" class=\"alignnone size-medium wp-image-395\" src=\"http:\/\/sites-recherche.univ-rennes2.fr\/cellam\/wp-content\/uploads\/2020\/10\/LOGO_CELLAM_VF_bleu-nuit-300x286.png\" alt=\"\" width=\"300\" height=\"286\" srcset=\"https:\/\/sites-recherche.univ-rennes2.fr\/cellam\/wp-content\/uploads\/2020\/10\/LOGO_CELLAM_VF_bleu-nuit-300x286.png 300w, https:\/\/sites-recherche.univ-rennes2.fr\/cellam\/wp-content\/uploads\/2020\/10\/LOGO_CELLAM_VF_bleu-nuit-1024x977.png 1024w, https:\/\/sites-recherche.univ-rennes2.fr\/cellam\/wp-content\/uploads\/2020\/10\/LOGO_CELLAM_VF_bleu-nuit-768x733.png 768w, https:\/\/sites-recherche.univ-rennes2.fr\/cellam\/wp-content\/uploads\/2020\/10\/LOGO_CELLAM_VF_bleu-nuit-1536x1466.png 1536w, https:\/\/sites-recherche.univ-rennes2.fr\/cellam\/wp-content\/uploads\/2020\/10\/LOGO_CELLAM_VF_bleu-nuit-2048x1954.png 2048w, https:\/\/sites-recherche.univ-rennes2.fr\/cellam\/wp-content\/uploads\/2020\/10\/LOGO_CELLAM_VF_bleu-nuit-920x878.png 920w\" sizes=\"auto, (max-width: 300px) 100vw, 300px\" \/><strong>\u00a0<a href=\"http:\/\/sites-recherche.univ-rennes2.fr\/cellam\/wp-content\/uploads\/2020\/12\/LOGO_CELLAM_VF_bleu-nuit.png\" target=\"_blank\" rel=\"noopener noreferrer\">T\u00e9l\u00e9chargez la charte graphique du Cellam<\/a><\/strong><\/p>\n<\/div>\n<\/div>\n<\/div>\n<\/div>\n","protected":false},"excerpt":{"rendered":"<p>\u00a0 \u00a0 \u00a0 \u00a0 \u00a0 \u00a0 \u00a0 \u00a0 \u00a0\u00a0\u00a0\u00a0 \u00a0 &nbsp; La conception graphique du logo se fonde sur la stylisation et la simplification&hellip;<\/p>\n","protected":false},"author":6,"featured_media":392,"parent":0,"menu_order":0,"comment_status":"closed","ping_status":"closed","template":"","meta":{"_acf_changed":false,"footnotes":""},"class_list":["post-394","page","type-page","status-publish","has-post-thumbnail","hentry"],"acf":[],"_links":{"self":[{"href":"https:\/\/sites-recherche.univ-rennes2.fr\/cellam\/wp-json\/wp\/v2\/pages\/394","targetHints":{"allow":["GET"]}}],"collection":[{"href":"https:\/\/sites-recherche.univ-rennes2.fr\/cellam\/wp-json\/wp\/v2\/pages"}],"about":[{"href":"https:\/\/sites-recherche.univ-rennes2.fr\/cellam\/wp-json\/wp\/v2\/types\/page"}],"author":[{"embeddable":true,"href":"https:\/\/sites-recherche.univ-rennes2.fr\/cellam\/wp-json\/wp\/v2\/users\/6"}],"replies":[{"embeddable":true,"href":"https:\/\/sites-recherche.univ-rennes2.fr\/cellam\/wp-json\/wp\/v2\/comments?post=394"}],"version-history":[{"count":21,"href":"https:\/\/sites-recherche.univ-rennes2.fr\/cellam\/wp-json\/wp\/v2\/pages\/394\/revisions"}],"predecessor-version":[{"id":492,"href":"https:\/\/sites-recherche.univ-rennes2.fr\/cellam\/wp-json\/wp\/v2\/pages\/394\/revisions\/492"}],"wp:featuredmedia":[{"embeddable":true,"href":"https:\/\/sites-recherche.univ-rennes2.fr\/cellam\/wp-json\/wp\/v2\/media\/392"}],"wp:attachment":[{"href":"https:\/\/sites-recherche.univ-rennes2.fr\/cellam\/wp-json\/wp\/v2\/media?parent=394"}],"curies":[{"name":"wp","href":"https:\/\/api.w.org\/{rel}","templated":true}]}}