{"id":5,"date":"2020-07-08T10:25:54","date_gmt":"2020-07-08T08:25:54","guid":{"rendered":"http:\/\/sites-recherche.univ-rennes2.fr\/cellam\/accueil\/"},"modified":"2024-10-22T11:23:59","modified_gmt":"2024-10-22T09:23:59","slug":"accueil","status":"publish","type":"page","link":"https:\/\/sites-recherche.univ-rennes2.fr\/cellam\/","title":{"rendered":"Accueil"},"content":{"rendered":"<div title=\"Page 38\">\n<p>Le <strong>Cellam<\/strong> est une unit\u00e9 de recherche en langues et litt\u00e9ratures anciennes et modernes rattach\u00e9e \u00e0 l&rsquo;Universit\u00e9 Rennes 2.<\/p>\n<p>Fond\u00e9 vers le milieu des ann\u00e9es 1980, et renouvel\u00e9 par l\u2019int\u00e9gration plus r\u00e9cente de coll\u00e8gues de langues\u00a0<span style=\"font-size: 1rem;\">et sp\u00e9cialistes de litt\u00e9ratures \u00e9trang\u00e8res\u00a0(italianistes, hispanistes, germanistes, anglicistes), le Cellam regroupe, \u00e0 ce jour, <strong>44<\/strong> enseignants-chercheurs titulaires, <strong>43<\/strong> doctorants, <strong>64<\/strong> membres associ\u00e9s (dont <strong>51<\/strong>\u00a0<\/span>exclusivement<span style=\"font-size: 1rem;\">\u00a0rattach\u00e9s au Cellam) et <strong>3<\/strong> personnels administratifs.\u00a0<\/span><\/p>\n<p><span style=\"font-size: 1rem;\">Pluridisciplinaires et transs\u00e9culaires, les travaux de l&rsquo;\u00e9quipe partagent une m\u00eame approche litt\u00e9raire et se d\u00e9clinent\u00a0<\/span>principalement<span style=\"font-size: 1rem;\">\u00a0en\u00a0<\/span>quatre<span style=\"font-size: 1rem;\">\u00a0<a href=\"http:\/\/sites-recherche.univ-rennes2.fr\/cellam\/axes-de-recherche\/\" rel=\"noopener\">axes de recherche<\/a>. <em>Axe 1 &#8211; Contexte(s) : litt\u00e9rature et sciences humaines, Axe 2 &#8211; En qu\u00eate de sens : pratiques et effets de la litt\u00e9rature, Axe 3 &#8211; Transmission et r\u00e9ception : litt\u00e9rature, lecture, langue et m\u00e9diation (didactique, \u00e9dition, diffusion), Axe 4 &#8211; Confluences : litt\u00e9ratures et arts.<\/em><\/span><\/p>\n<h3><strong>\u00c9quipe de direction<\/strong><\/h3>\n<p><strong>Directrice<\/strong><br \/>\nAnne Rolet<\/p>\n<p><strong>Directrice adjointe<\/strong><br \/>\nEsther Pinon<\/p>\n<\/div>\n<p><strong>Acronyme <\/strong>: CELLAM<\/p>\n<p><strong>UFR de rattachement<\/strong> : <a href=\"https:\/\/intranet.univ-rennes2.fr\/ufr-alc\">UFR Arts, Lettres, Communication (ALC)<\/a><\/p>\n<p>&nbsp;<\/p>\n<p>&nbsp;<\/p>\n<p><img loading=\"lazy\" decoding=\"async\" class=\"alignnone wp-image-392\" src=\"http:\/\/sites-recherche.univ-rennes2.fr\/cellam\/wp-content\/uploads\/2020\/10\/LOGO_CELLAM_iconogramme-300x239.png\" alt=\"\" width=\"196\" height=\"156\" srcset=\"https:\/\/sites-recherche.univ-rennes2.fr\/cellam\/wp-content\/uploads\/2020\/10\/LOGO_CELLAM_iconogramme-300x239.png 300w, https:\/\/sites-recherche.univ-rennes2.fr\/cellam\/wp-content\/uploads\/2020\/10\/LOGO_CELLAM_iconogramme-1024x816.png 1024w, https:\/\/sites-recherche.univ-rennes2.fr\/cellam\/wp-content\/uploads\/2020\/10\/LOGO_CELLAM_iconogramme-768x612.png 768w, https:\/\/sites-recherche.univ-rennes2.fr\/cellam\/wp-content\/uploads\/2020\/10\/LOGO_CELLAM_iconogramme-1536x1223.png 1536w, https:\/\/sites-recherche.univ-rennes2.fr\/cellam\/wp-content\/uploads\/2020\/10\/LOGO_CELLAM_iconogramme-920x733.png 920w, https:\/\/sites-recherche.univ-rennes2.fr\/cellam\/wp-content\/uploads\/2020\/10\/LOGO_CELLAM_iconogramme.png 2000w\" sizes=\"auto, (max-width: 196px) 100vw, 196px\" \/><strong><a href=\"http:\/\/sites-recherche.univ-rennes2.fr\/cellam\/logo-du-cellam\/\">LE LOGO DU CELLAM<\/a>\u00a0<\/strong><\/p>\n<p>&nbsp;<\/p>\n<p><span style=\"font-size: 1rem;\">Bilan HCERES Campagne d&rsquo;\u00e9valuation 2020-2021<\/span><\/p>\n<p><a href=\"http:\/\/sites-recherche.univ-rennes2.fr\/cellam\/wp-content\/uploads\/2020\/12\/Rapport-HCERES.pdf\" rel=\"noopener\">Bilan HCERES Campagne d\u2019\u00e9valuation 2015-2016<\/a><\/p>\n","protected":false},"excerpt":{"rendered":"<p>Le Cellam est une unit\u00e9 de recherche en langues et litt\u00e9ratures anciennes et modernes rattach\u00e9e \u00e0 l&rsquo;Universit\u00e9 Rennes 2. Fond\u00e9 vers le milieu des&hellip;<\/p>\n","protected":false},"author":1,"featured_media":2908,"parent":0,"menu_order":0,"comment_status":"closed","ping_status":"closed","template":"","meta":{"_acf_changed":false,"footnotes":""},"class_list":["post-5","page","type-page","status-publish","has-post-thumbnail","hentry"],"acf":[],"_links":{"self":[{"href":"https:\/\/sites-recherche.univ-rennes2.fr\/cellam\/wp-json\/wp\/v2\/pages\/5","targetHints":{"allow":["GET"]}}],"collection":[{"href":"https:\/\/sites-recherche.univ-rennes2.fr\/cellam\/wp-json\/wp\/v2\/pages"}],"about":[{"href":"https:\/\/sites-recherche.univ-rennes2.fr\/cellam\/wp-json\/wp\/v2\/types\/page"}],"author":[{"embeddable":true,"href":"https:\/\/sites-recherche.univ-rennes2.fr\/cellam\/wp-json\/wp\/v2\/users\/1"}],"replies":[{"embeddable":true,"href":"https:\/\/sites-recherche.univ-rennes2.fr\/cellam\/wp-json\/wp\/v2\/comments?post=5"}],"version-history":[{"count":45,"href":"https:\/\/sites-recherche.univ-rennes2.fr\/cellam\/wp-json\/wp\/v2\/pages\/5\/revisions"}],"predecessor-version":[{"id":4602,"href":"https:\/\/sites-recherche.univ-rennes2.fr\/cellam\/wp-json\/wp\/v2\/pages\/5\/revisions\/4602"}],"wp:featuredmedia":[{"embeddable":true,"href":"https:\/\/sites-recherche.univ-rennes2.fr\/cellam\/wp-json\/wp\/v2\/media\/2908"}],"wp:attachment":[{"href":"https:\/\/sites-recherche.univ-rennes2.fr\/cellam\/wp-json\/wp\/v2\/media?parent=5"}],"curies":[{"name":"wp","href":"https:\/\/api.w.org\/{rel}","templated":true}]}}