{"id":544,"date":"2020-12-15T10:43:02","date_gmt":"2020-12-15T09:43:02","guid":{"rendered":"http:\/\/sites-recherche.univ-rennes2.fr\/cellam\/?page_id=544"},"modified":"2021-02-17T19:08:22","modified_gmt":"2021-02-17T18:08:22","slug":"actualites-master","status":"publish","type":"page","link":"https:\/\/sites-recherche.univ-rennes2.fr\/cellam\/master\/actualites-master\/","title":{"rendered":"ACTUALIT\u00c9S MASTER"},"content":{"rendered":"<h3><strong>Appel \u00e0 contributions &#8211; Revue litt\u00e9raire <em>Eph\u00eameris<\/em>\u00a0<\/strong><\/h3>\n<p>Le Master de Litt\u00e9rature g\u00e9n\u00e9rale et compar\u00e9e de l\u2019Universit\u00e9 Rennes 2, parcours \u00ab ECCO \u00bb (\u00ab \u00c9critures Contemporaines COmpar\u00e9es \u00bb), r\u00e9alise et produit\u00a0<a href=\"https:\/\/masterlgcr2.hypotheses.org\/2020-2021-revue-ephemeris\">la revue litt\u00e9raire\u00a0<i>Eph\u00eameris<\/i><\/a>. Pour cette \u00e9dition, nous lan\u00e7ons des appels \u00e0 contribution. Toutes les propositions de textes cr\u00e9atifs ou th\u00e9oriques qui r\u00e9pondront \u00e0 la th\u00e9matique de ce num\u00e9ro seront les bienvenues.<\/p>\n<p><i>Eph\u00eameris\u00a0<\/i>souhaite devenir le\u00a0<b>terrain d\u2019accueil d\u2019\u00e9crits, les v\u00f4tres, porteurs d\u2019un regard sur des ph\u00e9nom\u00e8nes sensibles, de discrimination ou d\u2019oppression : subies ou observ\u00e9es, d\u2019ici ou d\u2019ailleurs.<\/b>\u00a0Vous trouverez en pi\u00e8ce jointe nos appels \u00e0 textes afin d\u2019en apprendre davantage sur ce th\u00e8me et sur les attentes formelles de la revue (nombre de signes, consignes de mise en forme).<\/p>\n<h4>Vous pourrez envoyer vos textes \u00e0 l\u2019adresse :\u00a0<a href=\"mailto:revue.ephemeris@gmail.com\">revue.ephemeris@gmail.com<\/a>, imp\u00e9rativement avant le<strong>\u00a04 mars 2021<\/strong>.<\/h4>\n<ul>\n<li><a href=\"http:\/\/sites-recherche.univ-rennes2.fr\/cellam\/wp-content\/uploads\/2021\/02\/Ephemeris-appel-a-textes-creatifs.pdf\">Eph\u00eameris appel \u00e0 textes cr\u00e9atifs\u00a0<\/a><\/li>\n<li><a href=\"http:\/\/sites-recherche.univ-rennes2.fr\/cellam\/wp-content\/uploads\/2021\/02\/Ephemeris-appel-a-textes-theoriques.pdf\">Eph\u00eameris appel \u00e0 textes th\u00e9oriques\u00a0<\/a><\/li>\n<\/ul>\n<p>&nbsp;<\/p>\n<h3><strong>Festival Transversales<\/strong><\/h3>\n<p>Le festival Transversales, nomm\u00e9 auparavant Transversales cin\u00e9matographiques, a \u00e9t\u00e9 fond\u00e9 par Jean Cl\u00e9der et Timoth\u00e9e Picard en 2011, et r\u00e9unit diff\u00e9rentes disciplines relevant de la litt\u00e9rature et des arts autour d\u2019une th\u00e9matique commune, qu\u2019il s\u2019agit d\u2019explorer gr\u00e2ce \u00e0 des \u00e9v\u00e9nements scientifiques (journ\u00e9e d\u2019\u00e9tude, colloque), des \u00e9v\u00e9nements culturels (projections de films, spectacles et repr\u00e9sentations musicale, th\u00e9\u00e2trale, de danse\u2026) et des rencontres (tables rondes, conf\u00e9rences\u2026). Ces \u00e9v\u00e9nements sont organis\u00e9s \u00e0 l\u2019universit\u00e9 Rennes 2 mais \u00e9galement dans diff\u00e9rents lieux culturels de la ville de Rennes, \u00e0 destination d\u2019un public universitaire et non-universitaire.<\/p>\n<p>Les \u00e9tudiants de master volontaires participent \u00e0 la pr\u00e9paration et la pr\u00e9sentation des \u00e9v\u00e9nements du festival.<\/p>\n<p><a href=\"https:\/\/transversales.hypotheses.org\/\" target=\"_blank\" rel=\"noopener noreferrer\">Site du festival<\/a><\/p>\n<p><strong>10e \u00e9dition du 24 au 28 novembre 2020<\/strong><\/p>\n<p><img loading=\"lazy\" decoding=\"async\" class=\"alignnone wp-image-549\" src=\"http:\/\/sites-recherche.univ-rennes2.fr\/cellam\/wp-content\/uploads\/2020\/12\/TRANSVERSALES-300x109.png\" alt=\"\" width=\"809\" height=\"294\" srcset=\"https:\/\/sites-recherche.univ-rennes2.fr\/cellam\/wp-content\/uploads\/2020\/12\/TRANSVERSALES-300x109.png 300w, https:\/\/sites-recherche.univ-rennes2.fr\/cellam\/wp-content\/uploads\/2020\/12\/TRANSVERSALES-1024x373.png 1024w, https:\/\/sites-recherche.univ-rennes2.fr\/cellam\/wp-content\/uploads\/2020\/12\/TRANSVERSALES-768x280.png 768w, https:\/\/sites-recherche.univ-rennes2.fr\/cellam\/wp-content\/uploads\/2020\/12\/TRANSVERSALES-920x335.png 920w, https:\/\/sites-recherche.univ-rennes2.fr\/cellam\/wp-content\/uploads\/2020\/12\/TRANSVERSALES.png 1343w\" sizes=\"auto, (max-width: 809px) 100vw, 809px\" \/><\/p>\n<h3><\/h3>\n<p>&nbsp;<\/p>\n<h3><strong>Colloque du Master 2 LGC \u2013 <em>Repr\u00e9sentation(s)<\/em>, lundi 6 et mardi 7 avril 2020<\/strong><\/h3>\n<p><img loading=\"lazy\" decoding=\"async\" class=\"alignnone size-medium wp-image-545\" src=\"http:\/\/sites-recherche.univ-rennes2.fr\/cellam\/wp-content\/uploads\/2020\/12\/colloque-MASTER-LGC-300x222.png\" alt=\"\" width=\"300\" height=\"222\" srcset=\"https:\/\/sites-recherche.univ-rennes2.fr\/cellam\/wp-content\/uploads\/2020\/12\/colloque-MASTER-LGC-300x222.png 300w, https:\/\/sites-recherche.univ-rennes2.fr\/cellam\/wp-content\/uploads\/2020\/12\/colloque-MASTER-LGC.png 731w\" sizes=\"auto, (max-width: 300px) 100vw, 300px\" \/><\/p>\n<p>Le colloque 3C, qui s\u2019adresse aux \u00e9tudiant.e.s du Master Litt\u00e9rature G\u00e9n\u00e9rale et Compar\u00e9e de l\u2019universit\u00e9 Rennes 2, permet \u00e0 ces dernier.e.s de proposer une communication scientifique en rapport avec leurs recherches personnelles dans le cadre du m\u00e9moire, mais \u00e9galement d\u2019\u00e9tablir les fondements d\u2019un dialogue autour des enjeux de la litt\u00e9rature \u00e0 travers les \u00e2ges et les espaces, les formes et les genres.<\/p>\n<p>L\u2019\u00e9dition 2020, qui n\u2019a pu se tenir en pr\u00e9sentiel compte-tenu de la situation sanitaire en France, interroge la notion volontairement polys\u00e9mique de repr\u00e9sentation.<\/p>\n<p><a href=\"https:\/\/f-origin.hypotheses.org\/wp-content\/blogs.dir\/6807\/files\/2020\/07\/Colloque-M2-2020-Programme-1.pdf\" target=\"_blank\" rel=\"noopener\">Programme du colloque :\u00a0<\/a><\/p>\n<p><a href=\"https:\/\/masterlgcr2.hypotheses.org\/colloque-2019-2020\" target=\"_blank\" rel=\"noopener\">Plus d&rsquo;informations :\u00a0<\/a><\/p>\n<h3><strong>La revue \u00e9ph\u00e9m\u00e8re du Master LGC\u00a0<\/strong><\/h3>\n<p>2019 : <a href=\"https:\/\/masterlgcr2.hypotheses.org\/lecho-ecrit-n-1-litterature-sauvage\" target=\"_blank\" rel=\"noopener\"><em>L&rsquo;\u00c9cho \u00c9crit<\/em><\/a><\/p>\n<p>2020 : <a href=\"https:\/\/masterlgcr2.hypotheses.org\/2019-2020-revue-meraki\" target=\"_blank\" rel=\"noopener\"><em>Revue M\u00e9raki<\/em>\u00a0<\/a><\/p>\n<p>&nbsp;<\/p>\n<p>&nbsp;<\/p>\n","protected":false},"excerpt":{"rendered":"<p>Appel \u00e0 contributions &#8211; Revue litt\u00e9raire Eph\u00eameris\u00a0 Le Master de Litt\u00e9rature g\u00e9n\u00e9rale et compar\u00e9e de l\u2019Universit\u00e9 Rennes 2, parcours \u00ab ECCO \u00bb (\u00ab \u00c9critures&hellip;<\/p>\n","protected":false},"author":6,"featured_media":0,"parent":126,"menu_order":0,"comment_status":"closed","ping_status":"closed","template":"","meta":{"_acf_changed":false,"footnotes":""},"class_list":["post-544","page","type-page","status-publish","hentry"],"acf":[],"_links":{"self":[{"href":"https:\/\/sites-recherche.univ-rennes2.fr\/cellam\/wp-json\/wp\/v2\/pages\/544","targetHints":{"allow":["GET"]}}],"collection":[{"href":"https:\/\/sites-recherche.univ-rennes2.fr\/cellam\/wp-json\/wp\/v2\/pages"}],"about":[{"href":"https:\/\/sites-recherche.univ-rennes2.fr\/cellam\/wp-json\/wp\/v2\/types\/page"}],"author":[{"embeddable":true,"href":"https:\/\/sites-recherche.univ-rennes2.fr\/cellam\/wp-json\/wp\/v2\/users\/6"}],"replies":[{"embeddable":true,"href":"https:\/\/sites-recherche.univ-rennes2.fr\/cellam\/wp-json\/wp\/v2\/comments?post=544"}],"version-history":[{"count":10,"href":"https:\/\/sites-recherche.univ-rennes2.fr\/cellam\/wp-json\/wp\/v2\/pages\/544\/revisions"}],"predecessor-version":[{"id":1658,"href":"https:\/\/sites-recherche.univ-rennes2.fr\/cellam\/wp-json\/wp\/v2\/pages\/544\/revisions\/1658"}],"up":[{"embeddable":true,"href":"https:\/\/sites-recherche.univ-rennes2.fr\/cellam\/wp-json\/wp\/v2\/pages\/126"}],"wp:attachment":[{"href":"https:\/\/sites-recherche.univ-rennes2.fr\/cellam\/wp-json\/wp\/v2\/media?parent=544"}],"curies":[{"name":"wp","href":"https:\/\/api.w.org\/{rel}","templated":true}]}}