{"id":96,"date":"2020-09-02T15:37:29","date_gmt":"2020-09-02T13:37:29","guid":{"rendered":"http:\/\/sites-recherche.univ-rennes2.fr\/cellam\/?page_id=96"},"modified":"2026-01-05T11:54:13","modified_gmt":"2026-01-05T10:54:13","slug":"groupes-de-recherche","status":"publish","type":"page","link":"https:\/\/sites-recherche.univ-rennes2.fr\/cellam\/groupes-de-recherche\/","title":{"rendered":"Groupes de recherche"},"content":{"rendered":"<p>&nbsp;<\/p>\n<h2>Groupe \u00ab\u00a0Voix et valeurs\u00a0\u00bb<\/h2>\n<p>Litt\u00e9rature fran\u00e7aise 18-19-20<\/p>\n<p>Ce groupe de recherche r\u00e9pond \u00e0 la volont\u00e9 de donner une visibilit\u00e9 aux travaux des chercheurs confirm\u00e9s et d\u00e9butants portant sur la litt\u00e9rature fran\u00e7aise des 18<sup>e<\/sup>, 19<sup>e<\/sup> et 20<sup>e<\/sup> si\u00e8cles. Par son intitul\u00e9, il affiche son intention de croiser la po\u00e9tique et l\u2019histoire litt\u00e9raire, d\u2019articuler les voix des textes aux valeurs du monde. Le terme de voix est pris \u00e0 la fois dans son sens restreint (\u00e9nonciation, corpor\u00e9it\u00e9 de la voix) et dans son sens \u00e9tendu (voix narrative, effets de voix, polyphonie dans les textes). Ax\u00e9 sur la probl\u00e9matique des rapports entre \u00e9thique et litt\u00e9rature, il entend \u00e9tudier \u00e0 la fois les syst\u00e8mes de normes instaur\u00e9s dans et par les textes, mettre en \u0153uvre une interrogation pluridisciplinaire sur les valeurs \u00e9thiques et sociales de la litt\u00e9rature dans leur lien avec l\u2019\u00e9valuation des \u0153uvres elles-m\u00eames, ainsi qu\u2019une r\u00e9flexion sur la constitution de publics, en constante reconfiguration dans l\u2019histoire. Une attention toute particuli\u00e8re sera accord\u00e9e \u00e0 ce lieu o\u00f9 s\u2019articulent la voix et la valeur\u00a0qu\u2019est l\u2019<em>ethos <\/em>discursif.<\/p>\n<p>Responsables\u00a0:<\/p>\n<p>Florence Magnot, professeure de litt\u00e9rature fran\u00e7aise du XVIII<sup>e<\/sup> si\u00e8cle (CELLAM)<\/p>\n<p>Xavier Bourdenet, professeur de litt\u00e9rature fran\u00e7aise du XIX<sup>e<\/sup> si\u00e8cle (CELLAM)<\/p>\n<p>Dominique Vaugeois, professeure de litt\u00e9rature fran\u00e7aise du XX<sup>e<\/sup> si\u00e8cle (CELLAM)<\/p>\n<p><a href=\"http:\/\/sites-recherche.univ-rennes2.fr\/cellam\/wp-content\/uploads\/2020\/09\/Voix-et-valeurs-calendrier-seminaires-2021-2022.pdf\">Voix et valeurs calendrier s\u00e9minaires 2021-2022<\/a><\/p>\n<p><a href=\"http:\/\/sites-recherche.univ-rennes2.fr\/cellam\/wp-content\/uploads\/2023\/03\/Programme-VetV-2022-2023-def.pdf\">Voix et valeurs calendrier s\u00e9minaire 2022-23<\/a><\/p>\n<p><a href=\"http:\/\/sites-recherche.univ-rennes2.fr\/cellam\/wp-content\/uploads\/2023\/10\/programme-2023-24.pdf\">Voix et valeurs calendrier s\u00e9minaire 2023-24<\/a><\/p>\n<hr \/>\n<h2><\/h2>\n<h2><em>Groupe \u03d5 (Po\u00e9tique historique et compar\u00e9e)<\/em><\/h2>\n<p>Le groupe de recherche en po\u00e9tique historique et compar\u00e9e (Phi) rassemble essentiellement des chercheurs en litt\u00e9ratures compar\u00e9e et fran\u00e7aise.\u00a0Les travaux du groupe Phi portent principalement sur l\u2019\u00e9tude de la litt\u00e9rature au pr\u00e9sent, en articulant la th\u00e9orie litt\u00e9raire \u00e0 l\u2019inscription dans l\u2019histoire et la pens\u00e9e contemporaines.\u00a0Depuis sa fondation, il s\u2019est donn\u00e9 pour projet d\u2019\u00e9tudier des notions de th\u00e9orie litt\u00e9raire emprunt\u00e9es \u00e0 d\u2019autres champs disciplinaires scientifiques\u00a0en favorisant les rencontres avec d\u2019autres disciplines, en particulier avec les sciences humaines et sociales, la philosophie politique, les litt\u00e9ratures et civilisations \u00e9trang\u00e8res.<\/p>\n<p>Responsable:<\/p>\n<p>Anne Teulade, professeure de litt\u00e9rature g\u00e9n\u00e9rale et compar\u00e9e<\/p>\n<p>Chaine Youtube du groupe Phi<\/p>\n<p>https:\/\/www.youtube.com\/@groupephirennes2\/streams<\/p>\n<p>&nbsp;<\/p>\n<p>Programme 2022-2026:<\/p>\n<p><a href=\"https:\/\/sites-recherche.univ-rennes2.fr\/cellam\/articles\/vertus-et-vanite-de-la-litterature\/\">https:\/\/sites-recherche.univ-rennes2.fr\/cellam\/articles\/vertus-et-vanite-de-la-litterature\/<\/a><\/p>\n<p>&nbsp;<\/p>\n<hr \/>\n<h2><em>Mouseion<\/em><\/h2>\n<p>Le groupe <em>Mouseion<\/em> poursuit et \u00e9toffe, pour les ann\u00e9es 2022-2026, son projet g\u00e9n\u00e9ral <em>Pr\u00e9sence des classiques. <\/em>Ce projet s\u2019organise autour de la notion de \u00ab\u00a0tradition culturelle\u00a0\u00bb et de quelques-uns de ses corrolaires\u00a0: modalit\u00e9s de la transmission, mat\u00e9rielles et immat\u00e9rielles, syst\u00e8mes\/hi\u00e9rarchie des normes et des valeurs, notion de mod\u00e8le et de source. Il s\u2019agit d\u2019\u00e9tudier, dans une perspective transs\u00e9culaire et transdisciplinaire, les formes de rayonnement des civilisations anciennes, en particulier grecque et romaine.<\/p>\n<p>Si nos recherches et activit\u00e9s sont cibl\u00e9es sur l\u2019analyse de l\u2019organisation de l\u2019\u0153uvre litt\u00e9raire ou sur le travail et les conditions historiques de son \u00e9laboration et de sa r\u00e9ception, elles s\u2019attachent \u00e9galement \u00e0 l\u2019histoire de la transmission textuelle et des commentaire ainsi qu\u2019aux probl\u00e9matiques \u00e9ditoriales. Tout en aspirant \u00e9galement \u00e0 s\u2019ouvrir sur les sciences humaines, nous nous penchons avec grand int\u00e9r\u00eat sur les questions que suscitent les interf\u00e9rences entre litt\u00e9rature et arts au sein d\u2019\u0153uvres hybrides.<\/p>\n<p>Le s\u00e9minaire <em>Dialogue des temps<\/em>, organis\u00e9 sous la forme de conf\u00e9rences-d\u00e9bats et de tables rondes, s\u2019int\u00e9resse \u00e0 l\u2019actualit\u00e9 des publications et des projets de recherche li\u00e9s \u00e0 l\u2019Antiquit\u00e9 et \u00e0 ses d\u00e9ploiements post\u00e9rieurs, plus sp\u00e9cifiquement la Renaissance, mais pas exclusivement.<\/p>\n<p><strong>Responsables du groupe : <\/strong>Sophie Van der Meeren et Judith Rohman<\/p>\n<p><strong>Responsable du s\u00e9minaire <em>Dialogue des temps<\/em> :<\/strong> Anne Rolet<\/p>\n<p>&nbsp;<\/p>\n<p><img loading=\"lazy\" decoding=\"async\" class=\"wp-image-3793 alignleft\" src=\"http:\/\/sites-recherche.univ-rennes2.fr\/cellam\/wp-content\/uploads\/2020\/09\/logo-mouseion-10-300x277.png\" sizes=\"auto, (max-width: 125px) 100vw, 125px\" srcset=\"https:\/\/sites-recherche.univ-rennes2.fr\/cellam\/wp-content\/uploads\/2020\/09\/logo-mouseion-10-300x277.png 300w, https:\/\/sites-recherche.univ-rennes2.fr\/cellam\/wp-content\/uploads\/2020\/09\/logo-mouseion-10.png 538w\" alt=\"\" width=\"125\" height=\"116\" \/><\/p>\n<p><a href=\"http:\/\/sites-recherche.univ-rennes2.fr\/cellam\/wp-content\/uploads\/2024\/10\/projet_mouseion_2022_2026.pdf\">PROJET_MOUSEION_PRESENTATION_DU GROUPE<\/a><\/p>\n<p><a href=\"http:\/\/sites-recherche.univ-rennes2.fr\/cellam\/wp-content\/uploads\/2020\/09\/seminaire_dialogue_des_temps_programme-groupe-mouseion_2023_2024.pdf\">SEMINAIRE_DIALOGUE_DES_TEMPS_PROGRAMME_2023_2024<\/a><\/p>\n<p><a href=\"http:\/\/sites-recherche.univ-rennes2.fr\/cellam\/wp-content\/uploads\/2024\/10\/programme-dialogue-des-temps-2.pdf\">SEMINAIRE_DIALOGUE_DES_TEMPS_PROGRAMME_2024_2025<\/a><\/p>\n<p><a href=\"http:\/\/sites-recherche.univ-rennes2.fr\/cellam\/wp-content\/uploads\/2024\/09\/programme-dialogue-des-temps-2025_2026.pdf\">SEMINAIRE_DIALOGUE_DES_TEMPS_PROGRAMME_2025_2026<\/a><\/p>\n<p>Toutes les s\u00e9ances auront lieu en hybride. Pour le lien Zoom, contactez : anne.rolet@univ-rennes2.fr<\/p>\n<p>Pour le programme d\u00e9taill\u00e9, les affiches et les r\u00e9sum\u00e9s des interventions, voir les <span id=\"sample-permalink\"><a href=\"https:\/\/sites-recherche.univ-rennes2.fr\/cellam\/activites\/archives-du-seminaire-dialogue-des-temps-groupe-mouseion\/\">ARCHIVES DU S\u00c9MINAIRE<\/a><\/span><\/p>\n<p>&nbsp;<\/p>\n<p>&nbsp;<\/p>\n<p><span class=\"Apple-converted-space\">\u00a0<\/span><\/p>\n<hr \/>\n<h2>Centre d\u2019\u00c9tudes des Textes M\u00e9di\u00e9vaux (CETM)<\/h2>\n<p>Outre leurs travaux personnels sur le roman arthurien, sur l\u2019all\u00e9gorie et la fiction, sur la lyrique et le th\u00e9\u00e2tre, essentiellement centr\u00e9s sur la fin du Moyen \u00c2ge, les membres du CETM d\u00e9ploient \u00e0 la fois une recherche collective en tant que m\u00e9di\u00e9vistes, en organisant un s\u00e9minaire r\u00e9gulier, des colloques, des journ\u00e9es d\u2019\u00e9tudes et des activit\u00e9s transversales en collaboration avec des coll\u00e8gues d\u2019autres p\u00e9riodes litt\u00e9raires et d\u2019autres disciplines.\u00a0Un fort investissement dans les questions du genre et de l\u2019\u00e9tude du patrimoine m\u00e9di\u00e9val y compris dans ses r\u00e9investissements contemporains a aussi amen\u00e9 de nombreuses activit\u00e9s sur le double plan de la recherche et de la vulgarisation\/diffusion.<\/p>\n<p><a href=\"http:\/\/sites-recherche.univ-rennes2.fr\/cellam\/wp-content\/uploads\/2023\/06\/programme-2023-2024.pdf\">CETM Programme 2023-2024<\/a><\/p>\n<p><a href=\"http:\/\/sites-recherche.univ-rennes2.fr\/cellam\/wp-content\/uploads\/2022\/10\/CETM-sexe-programme-2022-2023-affiche.pdf\">CETM sexe programme 2022-2023 affiche<\/a><\/p>\n<hr \/>\n<h2>Groupe romaniste<\/h2>\n<p>Le \u00ab\u00a0Groupe romaniste\u00a0\u00bb r\u00e9unit des chercheurs en litt\u00e9rature fran\u00e7aise, espagnole, latine, italienne, travaillant sur les litt\u00e9ratures humanistes et classiques de langues romanes sur une p\u00e9riode allant de la fin du Moyen \u00c2ge au XVIIe si\u00e8cle. Il organise chaque ann\u00e9e un s\u00e9minaire et participe r\u00e9guli\u00e8rement aux \u00e9v\u00e9nements scientifiques organis\u00e9s par l\u2019Universit\u00e9 (Village des sciences), et il se montre soucieux d\u2019initier \u00e0 la recherche les \u00e9tudiants de master et de doctorat.<\/p>\n<p>Programme: <a href=\"http:\/\/sites-recherche.univ-rennes2.fr\/cellam\/wp-content\/uploads\/2025\/12\/seminaire-romanistes-2025-2026.pdf\">Se\u0301minaire Romanistes 2025-2026<\/a><\/p>\n<p>Programme: <a href=\"http:\/\/sites-recherche.univ-rennes2.fr\/cellam\/wp-content\/uploads\/2025\/12\/seminaire-romaniste-2024-2025.pdf\">seminaire-romaniste-2024-2025<\/a><\/p>\n<p><a href=\"http:\/\/sites-recherche.univ-rennes2.fr\/cellam\/wp-content\/uploads\/2023\/06\/programme-des-romanistes-2023-2024.pdf\">Programme des Romanistes 2023-2024<\/a><\/p>\n<p><a href=\"http:\/\/sites-recherche.univ-rennes2.fr\/cellam\/wp-content\/uploads\/2025\/12\/programme-du-seminaire-du-groupe-romaniste-2022-2023.pdf\">Programme-du-seminaire-du-Groupe-romaniste-2022-2023<\/a><\/p>\n<p><a href=\"http:\/\/sites-recherche.univ-rennes2.fr\/cellam\/wp-content\/uploads\/2021\/09\/PROGRAMME-SEMINAIRE-GROUPE-ROMANISTE-2021-2022.pdf\">PROGRAMME SEMINAIRE GROUPE ROMANISTE 2021-2022<\/a><\/p>\n<hr \/>\n<h2><a href=\"https:\/\/greces.hypotheses.org\/\">Groupe de Recherches et d\u2019\u00c9tudes sur Culture \u00c9crite et Soci\u00e9t\u00e9 (GRECES)<\/a><\/h2>\n<p>Le GRECES se donne comme objet l\u2019\u00e9tude de toutes les manifestations de la culture \u00e9crite du Moyen-\u00e2ge \u00e0 nos jours, en croisant des approches principalement litt\u00e9raires et historiques.<\/p>\n<p><a href=\"https:\/\/greces.hypotheses.org\/\">Site du GRECES<\/a><\/p>\n<hr \/>\n<h2>Lectures et M\u00e9diations Num\u00e9riques (LMN)<\/h2>\n<p>Le groupe LMN envisage le num\u00e9rique comme un objet d\u2019\u00e9tudes et non comme un moyen de recherche.\u00a0Il s\u2019est donn\u00e9 pour objectif d\u2019\u00e9tudier les formes de cr\u00e9ation, de lecture et de m\u00e9diation propres aux outils et supports num\u00e9riques. Il s\u2019agit d\u2019abord d\u2019\u00e9valuer les effets de la multimodalit\u00e9, de l\u2019hybridation g\u00e9n\u00e9rique et technologique des objets lus, mais aussi ceux des hyperliens, de l\u2019interactivit\u00e9 et des parcours non lin\u00e9aires dans les \u0153uvres litt\u00e9raires en version num\u00e9rique. La r\u00e9flexion porte notamment sur la th\u00e9orisation de la lecture litt\u00e9raire \u00e0 l\u2019\u00e8re du num\u00e9rique et sur les probl\u00e9matiques de l\u2019\u00e9ditorialisation du mat\u00e9riau patrimonial. Elle interroge en particulier les op\u00e9rations de lecture d\u2019un livre patrimonial litt\u00e9raire en version num\u00e9rique enrichie.<\/p>\n<hr \/>\n<h2><a href=\"https:\/\/sedill.hypotheses.org\/\">S\u00c9DILL (S\u00c9minaire de recherche en DIdactique de la Langue et de la Litt\u00e9rature)<\/a><\/h2>\n<p>Le S\u00c9DILL d\u00e9veloppe un espace de recherche partag\u00e9 entre didactique de la langue et didactique de la litt\u00e9rature, notamment gr\u00e2ce \u00e0 des collaborations avec l\u2019INSPE, l\u2019\u00e9ducation nationale, le monde culturel (DAAC, Maison de la Po\u00e9sie\u2026) et d&rsquo;autres groupes de recherche. Il contribue \u00e0 une dynamique de r\u00e9seaux et de projets nationaux et internationaux : AIRDF, Episteverb, les Rencontres internationales des chercheurs en didactique de la litt\u00e9rature, <i>Po\u00e9diles<\/i>, <i>Litt\u00e9criture<\/i>\u2026 Le S\u00e9minaire, ouvert en 2019 aux lendemains des 20\u00e8s Rencontres des chercheurs en didactique de la litt\u00e9rature de Rennes, offre un rendez-vous r\u00e9gulier aux membres du groupe et \u00e0 un public \u00e9largi : cadres de l&rsquo;\u00e9ducation nationale, formateurs de l\u2019INSPE, professeurs des second et premier degr\u00e9s, doctorants, \u00e9tudiants en master Meef, master Recherche et agr\u00e9gatifs sont invit\u00e9s \u00e0 suivre les rendez-vous scientifiques et \u00e0 collaborer aux dispositifs de recherche cibl\u00e9s.<\/p>\n<p><a href=\"https:\/\/sedill.hypotheses.org\">Site du S\u00c9DILL<\/a><\/p>\n<hr \/>\n<h2>Arts, Litt\u00e9ratures, \u00c9changes, Fronti\u00e8res (ALEF)<\/h2>\n<p>Le groupe de recherche ALEF, fond\u00e9 en 2011, rassemble des doctorant.e.s et jeunes chercheurs.ses (non-titulaires) de diff\u00e9rentes disciplines\u00a0: litt\u00e9rature, musicologie, \u00e9tudes th\u00e9\u00e2trales, \u00e9tudes cin\u00e9matographiques, histoire de l\u2019art, sciences de l\u2019information et de la communication, etc. (tout jeune chercheur de l\u2019universit\u00e9 Rennes 2 peut demander \u00e0 faire partie du groupe, d\u00e8s lors que ses travaux de recherche s\u2019inscrivent dans le domaine des arts et de la litt\u00e9rature). Soutenu par quatre unit\u00e9s de recherche (CELLAM, APP, HCA et PTAC) de l\u2019UFR ALC, ainsi que par l\u2019\u00c9cole Doctorale ALL, ce groupe permet l\u2019organisation d\u2019une recherche collective autour de diff\u00e9rentes th\u00e9matiques, incarn\u00e9e dans des s\u00e9minaires, des journ\u00e9es d\u2019\u00e9tude et des publications. G\u00e9n\u00e9ralement, un terme polys\u00e9mique est choisi comme fondement pour une recherche au long cours\u00a0: entre 2014 et 2018, c\u2019est la notion d\u2019<i>enqu\u00eate<\/i> qui a \u00e9t\u00e9 mise \u00e0 l\u2019honneur\u00a0; un s\u00e9minaire autour de la cr\u00e9ation collective, pr\u00e9vu, n\u2019est pas parvenu \u00e0 se mettre en place malgr\u00e9 la tenue de s\u00e9ances de travail pr\u00e9paratoires.<span class=\"Apple-converted-space\">\u00a0<\/span><\/p>\n<hr \/>\n<h2>L\u2019association Adhoc<\/h2>\n<p>Fond\u00e9e en 2011 par Chlo\u00e9 Tazartez, l\u2019association Ad hoc r\u00e9unit plus sp\u00e9cifiquement les doctorant.e.s et les jeunes chercheurs.ses en litt\u00e9rature fran\u00e7aise, \u00e9trang\u00e8re et compar\u00e9e rattach\u00e9s au CELLAM (Centre d\u2019\u00e9tudes des langues et litt\u00e9ratures anciennes et modernes de l\u2019Universit\u00e9 Rennes 2). Ad hoc est en charge de l\u2019organisation de manifestations diverses, ouvertes aux jeunes chercheurs.ses : s\u00e9ances \u00ab\u00a0La Voix d\u2019un texte\u00a0\u00bb, journ\u00e9es d\u2019\u00e9tude, cycle de formations, journ\u00e9es des doctorant.e.s ; ainsi que de la publication annuelle d\u2019une revue \u00e9ponyme en ligne.<\/p>\n<p>Carnet Hypoth\u00e8ses de l&rsquo;association Adhoc: <span id=\"OBJ_PREFIX_DWT343_com_zimbra_url\" class=\"Object\" role=\"link\"><span id=\"OBJ_PREFIX_DWT349_com_zimbra_url\" class=\"Object\" role=\"link\"><a href=\"https:\/\/adhoc.hypotheses.org\/\" target=\"_blank\" rel=\"noopener\">https:\/\/adhoc.hypotheses.org\/<\/a><\/span><\/span><\/p>\n<p>Cha\u00eene Youtube de l&rsquo;association Adhoc:<\/p>\n<div><span id=\"OBJ_PREFIX_DWT344_com_zimbra_url\" class=\"Object\" role=\"link\"><span id=\"OBJ_PREFIX_DWT350_com_zimbra_url\" class=\"Object\" role=\"link\"><a href=\"https:\/\/www.youtube.com\/channel\/UCFeZ2shkv13_oFGE6-CCt1A\" target=\"_blank\" rel=\"noopener\">https:\/\/www.youtube.com\/channel\/UCFeZ2shkv13_oFGE6-CCt1A<\/a><\/span><\/span><\/div>\n","protected":false},"excerpt":{"rendered":"<p>&nbsp; Groupe \u00ab\u00a0Voix et valeurs\u00a0\u00bb Litt\u00e9rature fran\u00e7aise 18-19-20 Ce groupe de recherche r\u00e9pond \u00e0 la volont\u00e9 de donner une visibilit\u00e9 aux travaux des chercheurs&hellip;<\/p>\n","protected":false},"author":1,"featured_media":0,"parent":0,"menu_order":0,"comment_status":"closed","ping_status":"closed","template":"","meta":{"_acf_changed":false,"footnotes":""},"class_list":["post-96","page","type-page","status-publish","hentry"],"acf":[],"_links":{"self":[{"href":"https:\/\/sites-recherche.univ-rennes2.fr\/cellam\/wp-json\/wp\/v2\/pages\/96","targetHints":{"allow":["GET"]}}],"collection":[{"href":"https:\/\/sites-recherche.univ-rennes2.fr\/cellam\/wp-json\/wp\/v2\/pages"}],"about":[{"href":"https:\/\/sites-recherche.univ-rennes2.fr\/cellam\/wp-json\/wp\/v2\/types\/page"}],"author":[{"embeddable":true,"href":"https:\/\/sites-recherche.univ-rennes2.fr\/cellam\/wp-json\/wp\/v2\/users\/1"}],"replies":[{"embeddable":true,"href":"https:\/\/sites-recherche.univ-rennes2.fr\/cellam\/wp-json\/wp\/v2\/comments?post=96"}],"version-history":[{"count":65,"href":"https:\/\/sites-recherche.univ-rennes2.fr\/cellam\/wp-json\/wp\/v2\/pages\/96\/revisions"}],"predecessor-version":[{"id":5118,"href":"https:\/\/sites-recherche.univ-rennes2.fr\/cellam\/wp-json\/wp\/v2\/pages\/96\/revisions\/5118"}],"wp:attachment":[{"href":"https:\/\/sites-recherche.univ-rennes2.fr\/cellam\/wp-json\/wp\/v2\/media?parent=96"}],"curies":[{"name":"wp","href":"https:\/\/api.w.org\/{rel}","templated":true}]}}