{"id":139,"date":"2022-06-08T15:39:41","date_gmt":"2022-06-08T13:39:41","guid":{"rendered":"https:\/\/sites-recherche.univ-rennes2.fr\/celtic-blm\/?page_id=139"},"modified":"2022-07-09T09:22:51","modified_gmt":"2022-07-09T07:22:51","slug":"masters-et-du","status":"publish","type":"page","link":"https:\/\/sites-recherche.univ-rennes2.fr\/celtic-blm\/masters-et-du\/","title":{"rendered":"Masters et DU"},"content":{"rendered":"<h3>Le CELTIC-BLM est l&rsquo;unit\u00e9 de recherche d&rsquo;appui:<\/h3>\n<ol>\n<li>Du dipl\u00f4me d&rsquo;universit\u00e9 <a href=\"https:\/\/formations.univ-rennes2.fr\/fr\/formations\/diplome-d-universite-72\/diplome-d-universite-etudes-celtiques-JFTWOJ5R.html\">\u00c9tudes celtiques<\/a><\/li>\n<li>Des masters suivants:<\/li>\n<\/ol>\n<ul>\n<li><a href=\"https:\/\/formations.univ-rennes2.fr\/fr\/formations\/master-37\/master-mention-langues-litteratures-et-civilisations-etrangeres-et-regionales-parcours-breton-JFCOXC2T.html#programContent3f9d879f-3fd5-4ddc-ae01-2f62ea14714a-1\">Master mention Langues, litt\u00e9ratures et civilisations \u00e9trang\u00e8res et r\u00e9gionales, parcours Breton<\/a><\/li>\n<li><a href=\"https:\/\/formations.univ-rennes2.fr\/fr\/formations\/master-37\/master-mention-sciences-du-langage-parcours-francophonie-plurilinguisme-minorites-interculturel-JFMLG0K2.html\">Master mention Sciences du langage, parcours Francophonie, plurilinguisme, minorit\u00e9s, interculturel<\/a><\/li>\n<\/ul>\n<p>NB: site sp\u00e9cifique du master FPMI: <a href=\"https:\/\/www.masterfpmi.fr\">https:\/\/www.masterfpmi.fr<\/a><\/p>\n","protected":false},"excerpt":{"rendered":"<p>Le CELTIC-BLM est l&rsquo;unit\u00e9 de recherche d&rsquo;appui: Du dipl\u00f4me d&rsquo;universit\u00e9 \u00c9tudes celtiques Des masters suivants: Master mention Langues, litt\u00e9ratures et civilisations \u00e9trang\u00e8res et r\u00e9gionales,&hellip;<\/p>\n","protected":false},"author":1,"featured_media":0,"parent":0,"menu_order":0,"comment_status":"closed","ping_status":"closed","template":"","meta":{"_acf_changed":false,"footnotes":""},"class_list":["post-139","page","type-page","status-publish","hentry"],"acf":[],"_links":{"self":[{"href":"https:\/\/sites-recherche.univ-rennes2.fr\/celtic-blm\/wp-json\/wp\/v2\/pages\/139","targetHints":{"allow":["GET"]}}],"collection":[{"href":"https:\/\/sites-recherche.univ-rennes2.fr\/celtic-blm\/wp-json\/wp\/v2\/pages"}],"about":[{"href":"https:\/\/sites-recherche.univ-rennes2.fr\/celtic-blm\/wp-json\/wp\/v2\/types\/page"}],"author":[{"embeddable":true,"href":"https:\/\/sites-recherche.univ-rennes2.fr\/celtic-blm\/wp-json\/wp\/v2\/users\/1"}],"replies":[{"embeddable":true,"href":"https:\/\/sites-recherche.univ-rennes2.fr\/celtic-blm\/wp-json\/wp\/v2\/comments?post=139"}],"version-history":[{"count":5,"href":"https:\/\/sites-recherche.univ-rennes2.fr\/celtic-blm\/wp-json\/wp\/v2\/pages\/139\/revisions"}],"predecessor-version":[{"id":220,"href":"https:\/\/sites-recherche.univ-rennes2.fr\/celtic-blm\/wp-json\/wp\/v2\/pages\/139\/revisions\/220"}],"wp:attachment":[{"href":"https:\/\/sites-recherche.univ-rennes2.fr\/celtic-blm\/wp-json\/wp\/v2\/media?parent=139"}],"curies":[{"name":"wp","href":"https:\/\/api.w.org\/{rel}","templated":true}]}}