{"id":43,"date":"2022-03-17T10:45:57","date_gmt":"2022-03-17T09:45:57","guid":{"rendered":"https:\/\/sites-recherche.univ-rennes2.fr\/celtic-blm\/?page_id=43"},"modified":"2025-06-29T17:26:28","modified_gmt":"2025-06-29T15:26:28","slug":"a-propos","status":"publish","type":"page","link":"https:\/\/sites-recherche.univ-rennes2.fr\/celtic-blm\/a-propos\/","title":{"rendered":"\u00c0 propos"},"content":{"rendered":"<p>Le CELTIC-BLM est une unit\u00e9 de recherche fond\u00e9e le 1er janvier 2022. La cr\u00e9ation dans la principale universit\u00e9 ALL-SHS de Bretagne d\u2019une structure consacr\u00e9e aux questions de langues et cultures minoritaires, notamment bretonnes et en Bretagne, \u00e9largies au-del\u00e0 de la Bretagne celtique, endog\u00e8nes ou apport\u00e9es par immigration, r\u00e9pond \u00e0 une v\u00e9ritable demande soci\u00e9tale et est soutenue par les institutions r\u00e9gionales.<\/p>\n","protected":false},"excerpt":{"rendered":"<p>Le CELTIC-BLM est une unit\u00e9 de recherche fond\u00e9e le 1er janvier 2022. La cr\u00e9ation dans la principale universit\u00e9 ALL-SHS de Bretagne d\u2019une structure consacr\u00e9e&hellip;<\/p>\n","protected":false},"author":1,"featured_media":0,"parent":0,"menu_order":0,"comment_status":"closed","ping_status":"closed","template":"","meta":{"_acf_changed":false,"footnotes":""},"class_list":["post-43","page","type-page","status-publish","hentry"],"acf":[],"_links":{"self":[{"href":"https:\/\/sites-recherche.univ-rennes2.fr\/celtic-blm\/wp-json\/wp\/v2\/pages\/43","targetHints":{"allow":["GET"]}}],"collection":[{"href":"https:\/\/sites-recherche.univ-rennes2.fr\/celtic-blm\/wp-json\/wp\/v2\/pages"}],"about":[{"href":"https:\/\/sites-recherche.univ-rennes2.fr\/celtic-blm\/wp-json\/wp\/v2\/types\/page"}],"author":[{"embeddable":true,"href":"https:\/\/sites-recherche.univ-rennes2.fr\/celtic-blm\/wp-json\/wp\/v2\/users\/1"}],"replies":[{"embeddable":true,"href":"https:\/\/sites-recherche.univ-rennes2.fr\/celtic-blm\/wp-json\/wp\/v2\/comments?post=43"}],"version-history":[{"count":4,"href":"https:\/\/sites-recherche.univ-rennes2.fr\/celtic-blm\/wp-json\/wp\/v2\/pages\/43\/revisions"}],"predecessor-version":[{"id":560,"href":"https:\/\/sites-recherche.univ-rennes2.fr\/celtic-blm\/wp-json\/wp\/v2\/pages\/43\/revisions\/560"}],"wp:attachment":[{"href":"https:\/\/sites-recherche.univ-rennes2.fr\/celtic-blm\/wp-json\/wp\/v2\/media?parent=43"}],"curies":[{"name":"wp","href":"https:\/\/api.w.org\/{rel}","templated":true}]}}