{"id":7,"date":"2022-02-14T11:33:43","date_gmt":"2022-02-14T10:33:43","guid":{"rendered":"https:\/\/sites-recherche.univ-rennes2.fr\/celtic-blm\/accueil\/"},"modified":"2025-06-29T17:35:18","modified_gmt":"2025-06-29T15:35:18","slug":"accueil","status":"publish","type":"page","link":"https:\/\/sites-recherche.univ-rennes2.fr\/celtic-blm\/","title":{"rendered":"Accueil"},"content":{"rendered":"<p>Le CELTIC-BLM est une unit\u00e9 de recherche fond\u00e9e le 1er janvier 2022. La cr\u00e9ation dans la principale universit\u00e9 ALL-SHS de Bretagne d\u2019une structure consacr\u00e9e aux questions de langues et cultures minoritaires, notamment bretonnes et en Bretagne, \u00e9largies au-del\u00e0 de la Bretagne celtique, endog\u00e8nes ou apport\u00e9es par immigration, r\u00e9pond \u00e0 une v\u00e9ritable demande soci\u00e9tale et est soutenue par les institutions r\u00e9gionales.<\/p>\n<p>Le programme du CELTIC-BLM se d\u00e9cline en trois axes :<\/p>\n<ol>\n<li><em>Langues minoritaires<\/em> : descriptions, statuts, usages, enseignement, transmission, contacts et circulations plurilingues.<\/li>\n<li><em>Cultures et identit\u00e9s plurielles et minoritaires<\/em> : identification et analyse des cultures et identit\u00e9s dans une triple perspective th\u00e9orique, comparatiste et r\u00e9gionale.<\/li>\n<li><em>Litt\u00e9ratures en langues minoritaires :<\/em> concept d\u2019autonomie litt\u00e9raire analys\u00e9 \u00e0 travers l\u2019\u00e9tude de la minoration des litt\u00e9ratures en situation \u00e9mergente.<\/li>\n<\/ol>\n","protected":false},"excerpt":{"rendered":"<p>Le CELTIC-BLM est une unit\u00e9 de recherche fond\u00e9e le 1er janvier 2022. La cr\u00e9ation dans la principale universit\u00e9 ALL-SHS de Bretagne d\u2019une structure consacr\u00e9e&hellip;<\/p>\n","protected":false},"author":1,"featured_media":0,"parent":0,"menu_order":0,"comment_status":"closed","ping_status":"closed","template":"front-page.php","meta":{"_acf_changed":false,"footnotes":""},"class_list":["post-7","page","type-page","status-publish","hentry"],"acf":[],"_links":{"self":[{"href":"https:\/\/sites-recherche.univ-rennes2.fr\/celtic-blm\/wp-json\/wp\/v2\/pages\/7","targetHints":{"allow":["GET"]}}],"collection":[{"href":"https:\/\/sites-recherche.univ-rennes2.fr\/celtic-blm\/wp-json\/wp\/v2\/pages"}],"about":[{"href":"https:\/\/sites-recherche.univ-rennes2.fr\/celtic-blm\/wp-json\/wp\/v2\/types\/page"}],"author":[{"embeddable":true,"href":"https:\/\/sites-recherche.univ-rennes2.fr\/celtic-blm\/wp-json\/wp\/v2\/users\/1"}],"replies":[{"embeddable":true,"href":"https:\/\/sites-recherche.univ-rennes2.fr\/celtic-blm\/wp-json\/wp\/v2\/comments?post=7"}],"version-history":[{"count":8,"href":"https:\/\/sites-recherche.univ-rennes2.fr\/celtic-blm\/wp-json\/wp\/v2\/pages\/7\/revisions"}],"predecessor-version":[{"id":564,"href":"https:\/\/sites-recherche.univ-rennes2.fr\/celtic-blm\/wp-json\/wp\/v2\/pages\/7\/revisions\/564"}],"wp:attachment":[{"href":"https:\/\/sites-recherche.univ-rennes2.fr\/celtic-blm\/wp-json\/wp\/v2\/media?parent=7"}],"curies":[{"name":"wp","href":"https:\/\/api.w.org\/{rel}","templated":true}]}}