{"id":76,"date":"2022-03-30T15:41:06","date_gmt":"2022-03-30T13:41:06","guid":{"rendered":"https:\/\/sites-recherche.univ-rennes2.fr\/celtic-blm\/?page_id=76"},"modified":"2024-03-01T16:18:42","modified_gmt":"2024-03-01T15:18:42","slug":"collaborations-de-recherche","status":"publish","type":"page","link":"https:\/\/sites-recherche.univ-rennes2.fr\/celtic-blm\/collaborations-de-recherche\/","title":{"rendered":"Collaborations de recherche"},"content":{"rendered":"<ul>\n<li><a href=\"https:\/\/sites-recherche.univ-rennes2.fr\/celtic-blm\/activites\/discrimination-linguistique-et-prejuge-social-une-etude-comparative-entre-le-bresil-et-la-france\/\">DISCRIMINATION LINGUISTIQUE ET PR\u00c9JUG\u00c9 SOCIAL : UNE \u00c9TUDE COMPARATIVE ENTRE LE BR\u00c9SIL ET LA FRANCE. Programme de recherche franco-br\u00e9silien PHC-OFECUB &#8211; CAPES 2024-2028<\/a><\/li>\n<\/ul>\n","protected":false},"excerpt":{"rendered":"<p>DISCRIMINATION LINGUISTIQUE ET PR\u00c9JUG\u00c9 SOCIAL : UNE \u00c9TUDE COMPARATIVE ENTRE LE BR\u00c9SIL ET LA FRANCE. Programme de recherche franco-br\u00e9silien PHC-OFECUB &#8211; CAPES 2024-2028<\/p>\n","protected":false},"author":1,"featured_media":0,"parent":0,"menu_order":0,"comment_status":"closed","ping_status":"closed","template":"","meta":{"_acf_changed":false,"footnotes":""},"class_list":["post-76","page","type-page","status-publish","hentry"],"acf":[],"_links":{"self":[{"href":"https:\/\/sites-recherche.univ-rennes2.fr\/celtic-blm\/wp-json\/wp\/v2\/pages\/76","targetHints":{"allow":["GET"]}}],"collection":[{"href":"https:\/\/sites-recherche.univ-rennes2.fr\/celtic-blm\/wp-json\/wp\/v2\/pages"}],"about":[{"href":"https:\/\/sites-recherche.univ-rennes2.fr\/celtic-blm\/wp-json\/wp\/v2\/types\/page"}],"author":[{"embeddable":true,"href":"https:\/\/sites-recherche.univ-rennes2.fr\/celtic-blm\/wp-json\/wp\/v2\/users\/1"}],"replies":[{"embeddable":true,"href":"https:\/\/sites-recherche.univ-rennes2.fr\/celtic-blm\/wp-json\/wp\/v2\/comments?post=76"}],"version-history":[{"count":4,"href":"https:\/\/sites-recherche.univ-rennes2.fr\/celtic-blm\/wp-json\/wp\/v2\/pages\/76\/revisions"}],"predecessor-version":[{"id":480,"href":"https:\/\/sites-recherche.univ-rennes2.fr\/celtic-blm\/wp-json\/wp\/v2\/pages\/76\/revisions\/480"}],"wp:attachment":[{"href":"https:\/\/sites-recherche.univ-rennes2.fr\/celtic-blm\/wp-json\/wp\/v2\/media?parent=76"}],"curies":[{"name":"wp","href":"https:\/\/api.w.org\/{rel}","templated":true}]}}