{"id":104,"date":"2020-09-29T13:37:52","date_gmt":"2020-09-29T11:37:52","guid":{"rendered":"https:\/\/sites-recherche.univ-rennes2.fr\/erimit\/?page_id=104"},"modified":"2026-03-27T12:12:14","modified_gmt":"2026-03-27T11:12:14","slug":"axes-de-recherche","status":"publish","type":"page","link":"https:\/\/sites-recherche.univ-rennes2.fr\/erimit\/axes-de-recherche\/","title":{"rendered":"Axes de recherche"},"content":{"rendered":"<h3>Axes de recherche 2021 &#8211; 2026<\/h3>\n<ol>\n<li style=\"margin: 0px; line-height: normal;\"><span style=\"font-size: 12pt;\">Marges et p\u00e9riph\u00e9ries<\/span><\/li>\n<li style=\"margin: 0px; line-height: normal;\"><span style=\"font-size: 12pt;\"> R\u00e9pressions et r\u00e9sistances<\/span><\/li>\n<li style=\"margin: 0px; line-height: normal;\"><span style=\"font-size: 12pt;\"> M\u00e9moires et paroles<\/span><\/li>\n<li style=\"margin: 0px; line-height: normal;\"><span style=\"font-size: 12pt;\"> Corps, genres et sexualit\u00e9s<\/span><\/li>\n<li style=\"margin: 0px;\"><span style=\"font-size: 12pt; line-height: 107%;\"> Patrimoines et industries cr\u00e9atives : circulations et m\u00e9diations interculturelles<\/span><\/li>\n<\/ol>\n<p><span style=\"font-size: 12pt; line-height: 107%;\">Un argumentaire d\u00e9taill\u00e9 est en cours de r\u00e9daction. Il sera mis en ligne prochainement.<\/span><\/p>\n<hr \/>\n<h3>Axes de recherche 2020 &#8211; 2025<\/h3>\n<ol>\n<li><strong> Les sph\u00e8res publiques et les territoires de l\u2019intime<\/strong><\/li>\n<\/ol>\n<p><strong><em>Sph\u00e8res publiques<\/em><\/strong><\/p>\n<ul>\n<li>Institutions<\/li>\n<li>Mobilisation et citoyennet\u00e9<\/li>\n<li>M\u00e9moires \/ \u00e9changes \/ interactions<\/li>\n<li>Formes et langages cr\u00e9atifs dans l\u2019espace public<\/li>\n<\/ul>\n<p><strong><em>Place du corps, des \u00e9motions <\/em><\/strong><\/p>\n<ul>\n<li>L\u2019intime dans la sph\u00e8re politique, entre privation et exposition<\/li>\n<li>L\u2019intime\/ l\u2019ex-time dans la sph\u00e8re culturelle<\/li>\n<li>L\u2019intime dans la sph\u00e8re linguistique<\/li>\n<li>L\u2019intime dans la sph\u00e8re \u00e9conomique<\/li>\n<\/ul>\n<p>&nbsp;<\/p>\n<ol>\n<li><strong> La repr\u00e9sentation. Interpr\u00e9tation, interaction, incarnation, praxis <\/strong><\/li>\n<\/ol>\n<p><strong>dans une perspective:<\/strong><\/p>\n<ul>\n<li>dynamique<\/li>\n<li>performative<\/li>\n<li>contextuelle<\/li>\n<\/ul>\n<p>&nbsp;<\/p>\n<p>Ces deux axes f\u00e9d\u00e8rent ainsi nos <strong>5 \u00a0composantes<\/strong>\u00a0:<\/p>\n<p><strong>\u00c9tudes chinoises<\/strong><\/p>\n<ul>\n<li>Pratiques individuelles et intimes et leur expression -repr\u00e9sentation dans la sph\u00e8re publique<\/li>\n<li>La m\u00e9ditation, exp\u00e9rience intime, transpos\u00e9e dans la po\u00e9sie et la peinture chinoise<\/li>\n<li>L\u2019intimit\u00e9 au f\u00e9minin : sous le r\u00e9gime socialiste chinois, dans le cin\u00e9ma et la litt\u00e9rature<\/li>\n<\/ul>\n<p><strong>\u00c9tudes russes, sovi\u00e9tiques et post-sovi\u00e9tiques<\/strong><\/p>\n<ul>\n<li>L\u2019intime au f\u00e9minin comme \u00e9l\u00e9ment subversif dans l\u2019espace sovi\u00e9tique<\/li>\n<li>La litt\u00e9rature transitionnelle<\/li>\n<\/ul>\n<p><strong>Groupe de Recherche sur l&rsquo;Allemagne et l&rsquo;Autriche (GRAAL)<\/strong><\/p>\n<ul>\n<li>Privation de l\u2019intime<\/li>\n<li>Enfermement et fuite au XXIe, dans les soci\u00e9t\u00e9s germanophones<\/li>\n<li>La vision de l\u2019Autre (Allemagne\/Bretagne)<\/li>\n<\/ul>\n<p><strong>Langue, Savoirs et Imaginaires dans le Monde Arabe (LASIMA)<\/strong><\/p>\n<ul>\n<li>L\u2019\u00e9criture po\u00e9tique<\/li>\n<li>La traduction<\/li>\n<li>Migrations et\u00a0 constructions identitaires<\/li>\n<\/ul>\n<p><strong>REcherche sur les Espaces Hispanophones et Lusophones (REEHL)<\/strong><\/p>\n<ul>\n<li>Les sph\u00e8res publiques et les territoires de l\u2019intime<\/li>\n<\/ul>\n<p><em>Dans le domaine litt\u00e9raire <\/em><\/p>\n<ul>\n<li>L\u2019\u00e9criture du confinement<\/li>\n<li>Les subjectivit\u00e9s litt\u00e9raires<\/li>\n<\/ul>\n<p><em>Dans le domaine politique<\/em><\/p>\n<ul>\n<li>Les mises en sc\u00e8ne de l\u2019intime dans les mouvements sociaux<\/li>\n<\/ul>\n<p><em>Dans le domaine culturel<\/em><\/p>\n<ul>\n<li>L\u2019artivisme<\/li>\n<li>L\u2019art dans l&rsquo;espace public<\/li>\n<\/ul>\n<p><em>Dans le domaine \u00e9conomique<\/em><\/p>\n<ul>\n<li>L\u2019exploitation et la marchandisation des corps-territoires<\/li>\n<li>Relations internationales. N\u00e9gociations<\/li>\n<\/ul>\n<p><strong>\u2013<\/strong> La repr\u00e9sentation<\/p>\n<ul>\n<li>La repr\u00e9sentation et les m\u00e9moires<\/li>\n<li>La construction des m\u00e9moires collectives et familiales<\/li>\n<li>La construction langagi\u00e8re de l\u2019identit\u00e9 gastronomique<\/li>\n<\/ul>\n<p><strong>Les deux axes de recherche <\/strong>dessinent de nouveaux territoires et de nouvelles identit\u00e9s en s\u2019inscrivant dans des processus de repr\u00e9sentation renouvel\u00e9s \u00e0 travers des objets de recherche qui ouvrent \u00e0 de nouveaux possibles.<\/p>\n<p>&nbsp;<\/p>\n","protected":false},"excerpt":{"rendered":"<p>Axes de recherche 2021 &#8211; 2026 Marges et p\u00e9riph\u00e9ries R\u00e9pressions et r\u00e9sistances M\u00e9moires et paroles Corps, genres et sexualit\u00e9s Patrimoines et industries cr\u00e9atives :&hellip;<\/p>\n","protected":false},"author":1,"featured_media":0,"parent":0,"menu_order":0,"comment_status":"closed","ping_status":"closed","template":"","meta":{"_acf_changed":false,"footnotes":""},"class_list":["post-104","page","type-page","status-publish","hentry"],"acf":[],"_links":{"self":[{"href":"https:\/\/sites-recherche.univ-rennes2.fr\/erimit\/wp-json\/wp\/v2\/pages\/104","targetHints":{"allow":["GET"]}}],"collection":[{"href":"https:\/\/sites-recherche.univ-rennes2.fr\/erimit\/wp-json\/wp\/v2\/pages"}],"about":[{"href":"https:\/\/sites-recherche.univ-rennes2.fr\/erimit\/wp-json\/wp\/v2\/types\/page"}],"author":[{"embeddable":true,"href":"https:\/\/sites-recherche.univ-rennes2.fr\/erimit\/wp-json\/wp\/v2\/users\/1"}],"replies":[{"embeddable":true,"href":"https:\/\/sites-recherche.univ-rennes2.fr\/erimit\/wp-json\/wp\/v2\/comments?post=104"}],"version-history":[{"count":14,"href":"https:\/\/sites-recherche.univ-rennes2.fr\/erimit\/wp-json\/wp\/v2\/pages\/104\/revisions"}],"predecessor-version":[{"id":1353,"href":"https:\/\/sites-recherche.univ-rennes2.fr\/erimit\/wp-json\/wp\/v2\/pages\/104\/revisions\/1353"}],"wp:attachment":[{"href":"https:\/\/sites-recherche.univ-rennes2.fr\/erimit\/wp-json\/wp\/v2\/media?parent=104"}],"curies":[{"name":"wp","href":"https:\/\/api.w.org\/{rel}","templated":true}]}}