{"id":106,"date":"2020-09-29T13:38:10","date_gmt":"2020-09-29T11:38:10","guid":{"rendered":"https:\/\/sites-recherche.univ-rennes2.fr\/erimit\/?page_id=106"},"modified":"2021-04-21T16:00:44","modified_gmt":"2021-04-21T14:00:44","slug":"reseau","status":"publish","type":"page","link":"https:\/\/sites-recherche.univ-rennes2.fr\/erimit\/reseau\/","title":{"rendered":"R\u00e9seaux"},"content":{"rendered":"<h2>ABRALIC (Associa\u00e7\u00e3o Brasileira de Literatura Comparada)<\/h2>\n<p><img loading=\"lazy\" decoding=\"async\" class=\"size-full wp-image-509 alignleft\" src=\"https:\/\/sites-recherche.univ-rennes2.fr\/erimit\/wp-content\/uploads\/2021\/03\/telechargement.png\" alt=\"\" width=\"288\" height=\"175\" \/><\/p>\n<p>&nbsp;<\/p>\n<p class=\"trn\" data-trn-key=\"p1\">A\u00a0<b>Associa\u00e7\u00e3o Brasileira de Literatura Comparada \u2013 ABRALIC<\/b>\u00a0\u00e9 uma associa\u00e7\u00e3o civil de car\u00e1ter cultural, sem fins lucrativos, que congrega professores universit\u00e1rios, pesquisadores e estudiosos de Literatura Comparada em \u00e2mbito nacional.<\/p>\n<p class=\"trn\" data-trn-key=\"p2\">Os objetivos fundamentais de nossa entidade s\u00e3o os de fomentar os estudos comparatistas nos cursos de gradua\u00e7\u00e3o e p\u00f3s-gradua\u00e7\u00e3o em Letras por meio da promo\u00e7\u00e3o de semin\u00e1rios, simp\u00f3sios e cursos destinados ao p\u00fablico acad\u00eamico.<\/p>\n<p class=\"trn\" data-trn-key=\"p3\">Desde sua funda\u00e7\u00e3o, a ABRALIC mant\u00e9m publica\u00e7\u00f5es especializadas em Literatura Comparada e realiza a divulga\u00e7\u00e3o de obras cient\u00edficas e liter\u00e1rias dessa \u00e1rea de interesse, assim como estimula o interc\u00e2mbio cultural com outras entidades cong\u00eaneres nacionais e de \u00e2mbito internacional.<\/p>\n<p class=\"trn\" data-trn-key=\"p3\">Plus d&rsquo;informations <a href=\"https:\/\/www.abralic.org.br\/\">ici.<\/a><\/p>\n<h2 class=\"trn\" data-trn-key=\"p3\">Ages<\/h2>\n<p><strong><img loading=\"lazy\" decoding=\"async\" class=\"wp-image-700 alignleft\" src=\"https:\/\/sites-recherche.univ-rennes2.fr\/erimit\/wp-content\/uploads\/2021\/03\/ages.png\" alt=\"\" width=\"203\" height=\"128\" \/><\/strong><\/p>\n<p>Association des Germanistes de l&rsquo;Enseignement Sup\u00e9rieur<\/p>\n<p>Lien vers le <a href=\"http:\/\/ages-info.org\/fr\/\">site<\/a><\/p>\n<h2><\/h2>\n<p>&nbsp;<\/p>\n<h2>Annuaire des mexicanistes<\/h2>\n<p><a href=\"https:\/\/fr.calameo.com\/read\/00621886106a5d29fceab?view=book&amp;page=1\">https:\/\/fr.calameo.com\/read\/00621886106a5d29fceab?view=book&amp;page=1<\/a><\/p>\n<p>&nbsp;<\/p>\n<h2>AsHisCom (Asociaci\u00f3n de Historiadores de la Comunicaci\u00f3n)<\/h2>\n<p><img loading=\"lazy\" decoding=\"async\" class=\"size-medium wp-image-510 alignleft\" src=\"https:\/\/sites-recherche.univ-rennes2.fr\/erimit\/wp-content\/uploads\/2021\/03\/telechargement-3-300x150.jpg\" alt=\"\" width=\"300\" height=\"150\" srcset=\"https:\/\/sites-recherche.univ-rennes2.fr\/erimit\/wp-content\/uploads\/2021\/03\/telechargement-3-300x150.jpg 300w, https:\/\/sites-recherche.univ-rennes2.fr\/erimit\/wp-content\/uploads\/2021\/03\/telechargement-3.jpg 318w\" sizes=\"auto, (max-width: 300px) 100vw, 300px\" \/><\/p>\n<p>&nbsp;<\/p>\n<p>La Asociaci\u00f3n de Historiadores de la Comunicaci\u00f3n fue creada con los\u00a0<b>siguientes fines<\/b>:<\/p>\n<ol>\n<li><b>Agrupar a profesionales de las Facultades de Ciencias de la Comunicaci\u00f3n<\/b>\u00a0de toda Espa\u00f1a, dedicados a la docencia e investigaci\u00f3n de materias relacionadas con la historia de la comunicaci\u00f3n.<\/li>\n<li><b>Impulsar los estudios e investigaciones<\/b>\u00a0en dicho \u00e1mbito mediante la\u00a0<b>celebraci\u00f3n de encuentros y jornadas cient\u00edficas<\/b>, editadas luego en forma de libro.<\/li>\n<li>Servir como\u00a0<b>foro peri\u00f3dico de debate metodol\u00f3gico y acad\u00e9mico<\/b>\u00a0entre sus miembros.<\/li>\n<li>Encauzar todo tipo de iniciativas que sirvan para facilitar el\u00a0<b>acceso a las fuentes hist\u00f3ricas<\/b>, el\u00a0<b>intercambio de los resultados de las investigaciones<\/b>\u00a0de sus miembros, y la\u00a0<b>cooperaci\u00f3n con otras asociaciones<\/b>\u00a0afines.<\/li>\n<\/ol>\n<p>Pertenecen a la AsHisCom varias decenas de profesores e investigadores de diversas universidades espa\u00f1olas, tanto p\u00fablicas como privadas. La asociaci\u00f3n cuenta asimismo con algunos miembros procedentes de universidades extranjeras que se dedican a la investigaci\u00f3n hist\u00f3rica de la comunicaci\u00f3n en Espa\u00f1a.<\/p>\n<p>Plus d&rsquo;informations <a href=\"https:\/\/www.ashiscom.org\/\">ici.<\/a><\/p>\n<p>&nbsp;<\/p>\n<h2>CAER (Centre Aixois d&rsquo;\u00c9tudes Romanes)<\/h2>\n<p><img loading=\"lazy\" decoding=\"async\" class=\"size-medium wp-image-513 alignleft\" src=\"https:\/\/sites-recherche.univ-rennes2.fr\/erimit\/wp-content\/uploads\/2021\/03\/telechargement-1-300x99.png\" alt=\"\" width=\"300\" height=\"99\" srcset=\"https:\/\/sites-recherche.univ-rennes2.fr\/erimit\/wp-content\/uploads\/2021\/03\/telechargement-1-300x99.png 300w, https:\/\/sites-recherche.univ-rennes2.fr\/erimit\/wp-content\/uploads\/2021\/03\/telechargement-1.png 389w\" sizes=\"auto, (max-width: 300px) 100vw, 300px\" \/><\/p>\n<p>Le domaine de recherche du Centre Aixois d\u2019\u00c9tudes Romanes est celui des litt\u00e9ratures, des civilisations, de la linguistique de l\u2019aire culturelle romane, notamment de l\u2019Italie, de l\u2019Espagne, de l\u2019Am\u00e9rique Latine, du Portugal et de la Roumanie.<\/p>\n<p>Plus d&rsquo;informations <a href=\"https:\/\/caer.univ-amu.fr\/\">ici<\/a>.<\/p>\n<p>&nbsp;<\/p>\n<h2>Indague<\/h2>\n<p><img loading=\"lazy\" decoding=\"async\" id=\"logo\" class=\"alignleft\" src=\"https:\/\/www.indague.es\/wp-content\/uploads\/2020\/12\/logoweb.png\" alt=\"INDAGUE\" width=\"321\" height=\"44\" data-height-percentage=\"54\" data-actual-width=\"1024\" data-actual-height=\"140\" \/><\/p>\n<div class=\"et_pb_column et_pb_column_4_4 et_pb_column_3 et_pb_css_mix_blend_mode_passthrough et-last-child\">\n<div class=\"et_pb_module et_pb_text et_pb_text_2 et_pb_text_align_left et_pb_bg_layout_light et_had_animation\">\n<div class=\"et_pb_text_inner\">\n<p>INDAGUE es la Asociaci\u00f3n Espa\u00f1ola de Investigadores y Difusores de Graffiti y Arte Urbano fundada el 20 de mayo de 2016 como asociaci\u00f3n de car\u00e1cter civil, cient\u00edfico y social, sin \u00e1nimo de lucro.<b>\u00a0<\/b>En ella se re\u00fanen buena parte de <strong>los investigadores\/as y difusores\/as m\u00e1s activos<\/strong> <strong>del estado<\/strong> con diferentes objetivos comunes.<\/p>\n<p>Plus d&rsquo;informations <a href=\"https:\/\/www.indague.es\/\">ici<\/a>.<\/p>\n<\/div>\n<\/div>\n<\/div>\n<p>&nbsp;<\/p>\n<h2>IDA Rennes (Institut des Am\u00e9riques)<\/h2>\n<p><img loading=\"lazy\" decoding=\"async\" class=\"size-full wp-image-508 alignleft\" src=\"https:\/\/sites-recherche.univ-rennes2.fr\/erimit\/wp-content\/uploads\/2021\/03\/telechargement-2.jpg\" alt=\"\" width=\"160\" height=\"200\" \/><\/p>\n<p>Le Groupe d\u2019Int\u00e9r\u00eat scientifique IDA Rennes m\u00e8ne une politique internationale en vue de d\u00e9velopper le rayonnement de la recherche rennaise dans les Am\u00e9riques et de favoriser la pr\u00e9sence internationale \u00e0 Rennes. Sa mission est de consolider et dynamiser les partenariats institutionnels, d\u00e9velopper les \u00e9changes entre des \u00e9tablissements d\u2019enseignement sup\u00e9rieur rennais et des institutions am\u00e9ricaines, et renforcer la dimension internationale des\u00a0masters am\u00e9ricanistes.<\/p>\n<p>Plus d&rsquo;informations <a href=\"https:\/\/idarennes.hypotheses.org\/\">ici.<\/a><\/p>\n<p>&nbsp;<\/p>\n<h2>Institut du genre<\/h2>\n<p><img loading=\"lazy\" decoding=\"async\" class=\"spip_logo spip_logos alignleft\" src=\"https:\/\/institut-du-genre.fr\/local\/cache-gd2\/9f\/d3f3abca95cc0f1af4398eb262cd9b.png?1581607569\" alt=\"Institut du Genre\" width=\"235\" height=\"86\" \/>L\u2019Institut du Genre est un <strong>Groupement d\u2019Int\u00e9r\u00eat Scientifique<\/strong> qui r\u00e9unit 30 partenaires institutionnels. Il est h\u00e9berg\u00e9 par la <strong>Maison des Sciences de l\u2019Homme Paris Nord<\/strong>.<\/p>\n<p>S\u2019appuyant sur des <strong>UMR et des \u00e9quipes<\/strong> explicitement engag\u00e9es dans la recherche sur le genre, il constitue un lieu de coordination, de r\u00e9f\u00e9rence et d\u2019accueil scientifique des recherches fran\u00e7aises sur le genre et les sexualit\u00e9s.<\/p>\n<p>Plus d&rsquo;informations<a href=\"https:\/\/institut-du-genre.fr\/\"> ici<\/a>.<\/p>\n<p>&nbsp;<\/p>\n<h2>MUFRAMEX<\/h2>\n<p><img loading=\"lazy\" decoding=\"async\" class=\"size-full wp-image-799 alignleft\" src=\"https:\/\/sites-recherche.univ-rennes2.fr\/erimit\/wp-content\/uploads\/2021\/04\/muframex-logo.jpg\" alt=\"\" width=\"218\" height=\"190\" \/>La Maison Universitaire Franco-Mexicaine (MUFRAMEX) est une institution bilat\u00e9rale, \u00e0 comp\u00e9tence nationale, au service de la coop\u00e9ration universitaire et scientifique entre les deux pays.\u00a0Projet franco-mexicain port\u00e9 par la volont\u00e9 politique des ministres de l\u2019\u00e9ducation nationale et de l\u2019enseignement sup\u00e9rieur, la MUFRAMEX est n\u00e9e en 2004 par la signature d\u2019un M\u00e9morandum d\u2019entente. Elle est plac\u00e9e sous la double tutelle du Minist\u00e8re de l\u2019Enseignement Sup\u00e9rieur, de la Recherche et de l\u2019Innovation (MESRI) fran\u00e7ais et de son homologue mexicain, la Secretar\u00eda de Educaci\u00f3n P\u00fablica (SEP) et rattach\u00e9e administrativement \u00e0 l\u2019Universit\u00e9 F\u00e9d\u00e9rale de Toulouse Midi-Pyr\u00e9n\u00e9es (UFTMiP).<\/p>\n<p>R\u00e9seau : <a href=\"https:\/\/www.muframex.fr\/reseau-recherche-france-mexique\/\">https:\/\/www.muframex.fr\/reseau-recherche-france-mexique\/<\/a><\/p>\n<p>&nbsp;<\/p>\n<h2>PILAR (Prensa, Impresos, Lectura en el \u00c1rea Rom\u00e1nica)<\/h2>\n<p><img loading=\"lazy\" decoding=\"async\" class=\" wp-image-511 alignleft\" src=\"https:\/\/sites-recherche.univ-rennes2.fr\/erimit\/wp-content\/uploads\/2021\/03\/pilar.png\" alt=\"\" width=\"220\" height=\"167\" \/><\/p>\n<p>PILAR (Presse, Imprim\u00e9s, Lecture dans l\u2019Aire Romane) est une association d\u2019universitaires qui a pour but de d\u00e9velopper la recherche et les \u00e9tudes sur la presse, l\u2019imprim\u00e9 et la lecture dans les pays de langues romanes et d\u2019assurer un lien entre les chercheurs dans ce domaine.<\/p>\n<p>Plus d&rsquo;informations <a href=\"https:\/\/www.pilar.fr\/\">ici.<\/a><\/p>\n<p>&nbsp;<\/p>\n<h2>SHF (Soci\u00e9t\u00e9 des Hispanistes Fran\u00e7ais de l&rsquo;Enseignement Sup\u00e9rieur)<\/h2>\n<p><img loading=\"lazy\" decoding=\"async\" class=\"size-full wp-image-512 alignleft\" src=\"https:\/\/sites-recherche.univ-rennes2.fr\/erimit\/wp-content\/uploads\/2021\/03\/logo-1.png\" alt=\"\" width=\"276\" height=\"160\" \/><\/p>\n<div>La Soci\u00e9t\u00e9 des Hispanistes Fran\u00e7ais de l\u2019enseignement sup\u00e9rieur, soci\u00e9t\u00e9 savante fond\u00e9e en 1963, compte actuellement environ 450 membres cotisants (enseignants-chercheurs, enseignants, chercheurs, doctorants\u2026).<\/div>\n<div>Les principaux objectifs de la SHF sont les suivants : favoriser le d\u00e9veloppement des recherches portant sur les langues, les arts, les litt\u00e9ratures, les cultures et les civilisations des pays ib\u00e9riques et ib\u00e9ro-am\u00e9ricains ; favoriser le d\u00e9veloppement et la d\u00e9fense en France des langues parl\u00e9es dans le monde hispanique ; favoriser les contacts entre hispanistes fran\u00e7ais et europ\u00e9ens ; collaborer avec l\u2019Association Internationale des Hispanistes (AIH) ; d\u00e9velopper les contacts et les collaborations avec les autres associations d\u2019hispanistes, en particulier les associations regroup\u00e9es dans le REAH.<\/div>\n<div><\/div>\n<div>Plus d&rsquo;informations<a href=\"https:\/\/www.hispanistes.fr\/\"> ici.<\/a><\/div>\n","protected":false},"excerpt":{"rendered":"<p>ABRALIC (Associa\u00e7\u00e3o Brasileira de Literatura Comparada) &nbsp; A\u00a0Associa\u00e7\u00e3o Brasileira de Literatura Comparada \u2013 ABRALIC\u00a0\u00e9 uma associa\u00e7\u00e3o civil de car\u00e1ter cultural, sem fins lucrativos, que&hellip;<\/p>\n","protected":false},"author":1,"featured_media":0,"parent":0,"menu_order":0,"comment_status":"closed","ping_status":"closed","template":"","meta":{"_acf_changed":false,"footnotes":""},"class_list":["post-106","page","type-page","status-publish","hentry"],"acf":[],"_links":{"self":[{"href":"https:\/\/sites-recherche.univ-rennes2.fr\/erimit\/wp-json\/wp\/v2\/pages\/106","targetHints":{"allow":["GET"]}}],"collection":[{"href":"https:\/\/sites-recherche.univ-rennes2.fr\/erimit\/wp-json\/wp\/v2\/pages"}],"about":[{"href":"https:\/\/sites-recherche.univ-rennes2.fr\/erimit\/wp-json\/wp\/v2\/types\/page"}],"author":[{"embeddable":true,"href":"https:\/\/sites-recherche.univ-rennes2.fr\/erimit\/wp-json\/wp\/v2\/users\/1"}],"replies":[{"embeddable":true,"href":"https:\/\/sites-recherche.univ-rennes2.fr\/erimit\/wp-json\/wp\/v2\/comments?post=106"}],"version-history":[{"count":20,"href":"https:\/\/sites-recherche.univ-rennes2.fr\/erimit\/wp-json\/wp\/v2\/pages\/106\/revisions"}],"predecessor-version":[{"id":802,"href":"https:\/\/sites-recherche.univ-rennes2.fr\/erimit\/wp-json\/wp\/v2\/pages\/106\/revisions\/802"}],"wp:attachment":[{"href":"https:\/\/sites-recherche.univ-rennes2.fr\/erimit\/wp-json\/wp\/v2\/media?parent=106"}],"curies":[{"name":"wp","href":"https:\/\/api.w.org\/{rel}","templated":true}]}}