{"id":120,"date":"2020-09-29T14:28:39","date_gmt":"2020-09-29T12:28:39","guid":{"rendered":"https:\/\/sites-recherche.univ-rennes2.fr\/erimit\/?page_id=120"},"modified":"2021-03-17T16:04:05","modified_gmt":"2021-03-17T15:04:05","slug":"masters","status":"publish","type":"page","link":"https:\/\/sites-recherche.univ-rennes2.fr\/erimit\/masters\/","title":{"rendered":"Masters"},"content":{"rendered":"<h2>Master des Am\u00e9riques<\/h2>\n<p>Organisation et contenu du Master des Am\u00e9riques:<\/p>\n<ul>\n<li><a title=\"ouverture d'un nouvel onglet\" href=\"https:\/\/formations.univ-rennes2.fr\/fr\/formations\/master-37\/master-mention-langues-et-societes-parcours-les-ameriques-JFC81P6B.html\" target=\"_blank\" rel=\"noopener noreferrer\">Parcours litt\u00e9ratures et cultures des Am\u00e9riques<\/a><\/li>\n<li><a title=\"ouverture d'un nouvel onglet\" href=\"https:\/\/intranet.univ-rennes2.fr\/system\/files\/UHB\/SUIO-IP\/INFORMATION-ORIENTATION\/Offreformation\/master_les_ameriques_peso.pdf\" target=\"_blank\" rel=\"noopener noreferrer\">Parcours politiques, espaces et soci\u00e9t\u00e9s (PESO)<\/a><\/li>\n<\/ul>\n<p>Le Master des Am\u00e9riques, consacr\u00e9 \u00e0 l&rsquo;\u00e9tude de l&rsquo;ensemble du territoire am\u00e9ricain, est pluridisciplinaire et plurilingue. Il est g\u00e9r\u00e9 par le d\u00e9partement de Portugais.<\/p>\n<hr \/>\n<h2>Master ETILA<\/h2>\n<p>Organisation et contenu du Master Recherche \u00c9tudes Ib\u00e9riques et Latino-Am\u00e9ricaines:<br \/>\n&#8211;\u00a0Master ETILA &#8211; Parcours national<br \/>\n&#8211;\u00a0Master ETILA &#8211; Parcours international<br \/>\n=&gt;\u00a0<a title=\"ouverture d'un nouvel onglet\" href=\"https:\/\/intranet.univ-rennes2.fr\/system\/files\/UHB\/DEPARTEMENT-ESPAGNOL\/master_langues_etila_2017_18_def.pdf\" target=\"_blank\" rel=\"noopener noreferrer\">T\u00e9l\u00e9charger la plaquette du Master ETILA<\/a><\/p>\n<p>Le Master ETILA International permet\u00a0une bi-dipl\u00f4mation avec l&rsquo;Universit\u00e9 Aut\u00f3noma de Madrid.<\/p>\n<hr \/>\n<h2>Master d&rsquo;\u00e9tudes chinoises<\/h2>\n<p><a href=\"https:\/\/formations.univ-rennes2.fr\/fr\/formations\/master-37\/master-mention-langues-litteratures-et-civilisations-etrangeres-et-regionales-parcours-etudes-chinoises-JFDOLC73.html\">Mention Langues, litt\u00e9ratures et civilisations \u00e9trang\u00e8res et r\u00e9gionales parcours chinois<\/a><\/p>\n<hr \/>\n<h2>Master \u00e9tudes germaniques<\/h2>\n<p><a href=\"https:\/\/formations.univ-rennes2.fr\/fr\/formations\/master-37\/master-mention-langues-litteratures-et-civilisations-etrangeres-et-regionales-parcours-etudes-germaniques-JFDQ75FR.html\">Master <span class=\"content-title summary\">Langues, litt\u00e9ratures et civilisations \u00e9trang\u00e8res et r\u00e9gionales, parcours Etudes germaniques<\/span><\/a><\/p>\n<p>&nbsp;<\/p>\n<hr \/>\n<h2>Master MEEF<\/h2>\n<p>Organisation et contenu des Masters M\u00e9tiers de l&rsquo;Enseignement, de l&rsquo;\u00c9ducation et de la Formation :<\/p>\n<p>&#8211; <a href=\"https:\/\/formations.univ-rennes2.fr\/fr\/formations\/master-37\/master-mention-metiers-de-l-enseignement-de-l-education-et-de-la-formation-meef-parcours-allemand-JFV77W9X.html\">Master MEEF Allemand<\/a><\/p>\n<p>&#8211; <a href=\"https:\/\/formations.univ-rennes2.fr\/fr\/formations\/master-37\/master-mention-metiers-de-l-enseignement-de-l-education-et-de-la-formation-meef-parcours-chinois-JFV7D6CM.html\">Master MEEF Chinois<\/a><\/p>\n<p>&#8211;\u00a0<a title=\"ouverture d'un nouvel onglet\" href=\"https:\/\/www.espe-bretagne.fr\/l-offre-de-formation\/metiers-de-l-enseignement-de-l-education-et-de-la-formation-second-degre\" target=\"_blank\" rel=\"noopener noreferrer\">Master MEEF Espagnol<\/a><\/p>\n<p>Les cours sont dispens\u00e9s conjointement \u00e0 l&rsquo;Universit\u00e9 Rennes 2 et \u00e0 l&rsquo;ESPE de Rennes.<\/p>\n<p>Pour plus d&rsquo;information sur les programmes du CAPES pr\u00e9par\u00e9 pendant l&rsquo;ann\u00e9e de MEEF1, cliquer\u00a0<a href=\"https:\/\/intranet.univ-rennes2.fr\/espagnol\/concours-espagnol\">ici<\/a>.<\/p>\n<hr \/>\n<h2 id=\"page-title\" class=\"page__title title\">Master \u00ab\u00a0Langues \u00c9trang\u00e8res Appliqu\u00e9es\u00a0\u00bb au Commerce International : Parcours Am\u00e9rique Latine &amp; P\u00e9ninsule Ib\u00e9rique ( ALPI)<\/h2>\n<p>Le <a href=\"https:\/\/formations.univ-rennes2.fr\/fr\/formations\/master-37\/master-mention-langues-etrangeres-appliquees-JFC9OLGQ\/parcours-commerce-international-amerique-latine-et-peninsule-iberique-JFC9T2PX.html\">Master ALPI<\/a> du D\u00e9partement LEA -Commerce International, sp\u00e9cialis\u00e9 sur l\u2019Am\u00e9rique Latine et la P\u00e9ninsule Ib\u00e9rique- est un Master \u00e0 caract\u00e8re \u00ab International \u00bb. Il comporte un semestre obligatoire \u00e0 l\u2019\u00e9tranger enti\u00e8rement int\u00e9gr\u00e9 \u00e0 la formation (M2).<\/p>\n<p>&nbsp;<\/p>\n<hr \/>\n<h2>Encadrement des m\u00e9moires : membres permanents et champs de recherche respectifs<\/h2>\n<p>BENTALEB Fares (LASIMA) :<strong> Andalousie ; Math\u00e9maticiens ; Savants musulmans<\/strong><\/p>\n<p>BLANCHET Richard (GRAAL) : <strong>Litt\u00e9rature et soci\u00e9t\u00e9s ; RDA<\/strong><\/p>\n<p>CHIA PING Blanche\u00a0(\u00c9tudes chinoises) :<strong> Contes ; Litt\u00e9ratures chinoises<\/strong><\/p>\n<p>DA COSTA Jesus Jose (REEHL) : <strong>\u00c9tudes lusophones; Portugal<\/strong><\/p>\n<p><a href=\"https:\/\/sites.google.com\/site\/joeldelhom\/\">DELHOM Jo\u00ebl<\/a> (REEHL) : <strong>Anarchisme ; Espagne ; P\u00e9rou ; Presse<\/strong><\/p>\n<p><a href=\"https:\/\/perso.univ-rennes2.fr\/laetitia.devos\">DEVOS Laetitia<\/a> (GRAAL) :\u00a0 <strong>Op\u00e9ra ; RDA ; Georg B\u00fcchner ; Utopie<\/strong><\/p>\n<p><a href=\"https:\/\/perso.univ-rennes2.fr\/francoise.dubosquet\">DUBOSQUET Fran\u00e7oise<\/a> (REEHL) : <strong>Litt\u00e9ratures et m\u00e9moire ; \u00c9criture de l&rsquo;histoire ; Arts et Identit\u00e9s ; Identit\u00e9s et Territoires ; Intellectuels et presse dans l&rsquo;Espagne post-franquiste<\/strong><\/p>\n<p><a href=\"https:\/\/perso.univ-rennes2.fr\/virginie.dumanoir\">DUMANOIR Virginie<\/a> (REEHL) : <strong>Moyen Age espagnol ; <em>Cancionero<\/em><br \/>\n<\/strong><\/p>\n<p><a href=\"https:\/\/perso.univ-rennes2.fr\/valerie.dubslaff\">DUBSLAFF Val\u00e9rie<\/a> (REEHL) : <strong>Histoire et civilisation de l&rsquo;Allemagne contemporaine (XXe-XXIe si\u00e8cles) ; Histoire du genre et des femmes ; Histoire de la d\u00e9mocratie et de l&rsquo;extr\u00eame droite (extr\u00e9misme, populisme, nationalisme, antieurop\u00e9isme, terrorisme)<\/strong><\/p>\n<p><a href=\"https:\/\/perso.univ-rennes2.fr\/chrystelle.fortineau\">FORTINEAU-BR\u00c9MOND\u00a0Chrystelle<\/a> (REEHL) : <strong>Linguistique hispanique ; Linguistique du signifiant ; Submorph\u00e9mie ; Phonosymbolisme<\/strong><\/p>\n<p><a href=\"https:\/\/perso.univ-rennes2.fr\/mireille.garcia\">GARCIA Mireille<\/a> ( REEHL) : <strong>Identit\u00e9 et alt\u00e9rit\u00e9 (\u00e9criture migrante, indig\u00e8nes, prol\u00e9tariat, populations marginalis\u00e9es) ; Territoire et espace symbolique\u00a0 ; Figurations de la m\u00e9moire<\/strong><\/p>\n<p><a href=\"https:\/\/perso.univ-rennes2.fr\/rita.godet\">GODET Rita<\/a> (REEHL) : <strong>Litt\u00e9rature br\u00e9silienne ; Litt\u00e9rature compar\u00e9e ; Approches culturelles ; Repr\u00e9sentations esth\u00e9tiques ; Po\u00e9tique de l\u2019alt\u00e9rit\u00e9 ; Avant-gardes ; Modernisme br\u00e9silien ; Probl\u00e9matique identitaire<\/strong><\/p>\n<p>GRABAR Michel (\u00c9tudes russes, sovi\u00e9tiques et post-sovi\u00e9tiques) : <span class=\"aCOpRe\"><strong>Philosophie religieuse ; Russie<\/strong> <\/span><\/p>\n<p>GUTI\u00c9RREZ-LAFFARGUE Patricia (REEHL) : <strong>Linguistique espagnole ; Economie<\/strong><\/p>\n<p><a href=\"https:\/\/perso.univ-rennes2.fr\/cedric.laurent\">LAURENT C\u00e9dric<\/a> (\u00c9tudes chinoises) : <strong>Histoire de la peinture chinoise ; XVIe et XVIIe si\u00e8cles; Narration picturale ; Illustration litt\u00e9raire ; Relations texte \/ image\u00a0 ; Art classique chinois<\/strong><\/p>\n<p><a href=\"https:\/\/perso.univ-rennes2.fr\/nathalie.ludec\">LUDEC Nathalie<\/a> (REEHL) :\u00a0<strong>F\u00e9minismes latino-am\u00e9ricains ; Mexique ; <\/strong><strong>Ecof\u00e9minisme ; Genre et m\u00e9dias ; <\/strong><strong>Genre et entreprises<br \/>\n<\/strong><\/p>\n<p><a href=\"https:\/\/perso.univ-rennes2.fr\/abdelfattah.nissabouri\">NISSABOURI Abdelfattah<\/a> (LASIMA) : <strong>Dialectologie ; Sociolinguistique du Maroc et du monde arabophone ; Francophonie arabe et toponymie ; Passerelles aire arabo-musulmane<\/strong><\/p>\n<p>OBREGON ITURRA Jimena (REEHL) : <strong>Am\u00e9rique Latine ; XVIe si\u00e8cle \/ temps pr\u00e9sent ; Anthropologie historique des faits coloniaux ; Anthropologie et histoire compar\u00e9e ; Anthropologie et histoire politique et culturelle<\/strong><\/p>\n<p><a href=\"https:\/\/perso.univ-rennes2.fr\/anne.puech\">PUECH Anne<\/a> (REEHL) : <strong>Arts visuels ; Espagne ; Peinture ; Cin\u00e9ma ; Art public ; Art urbain ; Muralisme ; Graffiti ; Processus de cr\u00e9ation ; R\u00e9ception ; Espace public<\/strong><\/p>\n<p><a href=\"https:\/\/perso.univ-rennes2.fr\/rodolphe.robin\">ROBIN Rodolphe<\/a> (REEHL) : <strong>R\u00e9gionalisme ; Inter-r\u00e9gionalisme ; MERCOSUR ; UE ; Association ; N\u00e9gociation ; Acteurs politiques ; Secteur priv\u00e9<\/strong><\/p>\n<p>SHCHERBAKOVA Anna (\u00c9tudes russes, sovi\u00e9tiques et post-sovi\u00e9tiques)\u00a0: <strong>Litt\u00e9ratures ; Femmes ;\u00a0 XXe et XXIe si\u00e8cles<br \/>\n<\/strong><\/p>\n<p><a href=\"https:\/\/perso.univ-rennes2.fr\/claire.sourp\">SOURP Claire<\/a> (REEHL) : <strong>Violence ; Construction du discours ; Roman ; T\u00e9moignage ; Discours politique ; Guerre sale ; Sentier Lumineux ; Forces arm\u00e9es ; P\u00e9rou<\/strong><\/p>\n<p>TILLY Eva (REEHL) : <strong>Litt\u00e9rature ; F\u00e9minin ; Cin\u00e9ma<\/strong><\/p>\n<p>&nbsp;<\/p>\n","protected":false},"excerpt":{"rendered":"<p>Master des Am\u00e9riques Organisation et contenu du Master des Am\u00e9riques: Parcours litt\u00e9ratures et cultures des Am\u00e9riques Parcours politiques, espaces et soci\u00e9t\u00e9s (PESO) Le Master&hellip;<\/p>\n","protected":false},"author":1,"featured_media":0,"parent":0,"menu_order":0,"comment_status":"closed","ping_status":"closed","template":"","meta":{"_acf_changed":false,"footnotes":""},"class_list":["post-120","page","type-page","status-publish","hentry"],"acf":[],"_links":{"self":[{"href":"https:\/\/sites-recherche.univ-rennes2.fr\/erimit\/wp-json\/wp\/v2\/pages\/120","targetHints":{"allow":["GET"]}}],"collection":[{"href":"https:\/\/sites-recherche.univ-rennes2.fr\/erimit\/wp-json\/wp\/v2\/pages"}],"about":[{"href":"https:\/\/sites-recherche.univ-rennes2.fr\/erimit\/wp-json\/wp\/v2\/types\/page"}],"author":[{"embeddable":true,"href":"https:\/\/sites-recherche.univ-rennes2.fr\/erimit\/wp-json\/wp\/v2\/users\/1"}],"replies":[{"embeddable":true,"href":"https:\/\/sites-recherche.univ-rennes2.fr\/erimit\/wp-json\/wp\/v2\/comments?post=120"}],"version-history":[{"count":35,"href":"https:\/\/sites-recherche.univ-rennes2.fr\/erimit\/wp-json\/wp\/v2\/pages\/120\/revisions"}],"predecessor-version":[{"id":413,"href":"https:\/\/sites-recherche.univ-rennes2.fr\/erimit\/wp-json\/wp\/v2\/pages\/120\/revisions\/413"}],"wp:attachment":[{"href":"https:\/\/sites-recherche.univ-rennes2.fr\/erimit\/wp-json\/wp\/v2\/media?parent=120"}],"curies":[{"name":"wp","href":"https:\/\/api.w.org\/{rel}","templated":true}]}}