{"id":128,"date":"2020-09-29T14:29:36","date_gmt":"2020-09-29T12:29:36","guid":{"rendered":"https:\/\/sites-recherche.univ-rennes2.fr\/erimit\/?page_id=128"},"modified":"2022-01-13T22:02:16","modified_gmt":"2022-01-13T21:02:16","slug":"hdr-et-theses-soutenues","status":"publish","type":"page","link":"https:\/\/sites-recherche.univ-rennes2.fr\/erimit\/hdr-et-theses-soutenues\/","title":{"rendered":"HDR et th\u00e8ses soutenues"},"content":{"rendered":"<h2>HDR<\/h2>\n<p>Miloud GHARRAFI<br \/>\nLe roman arabe de la migration. (2018)<\/p>\n<p>Direction: \u00c9lisabeth Vauthier.<\/p>\n<h2><\/h2>\n<h2>Th\u00e8ses<\/h2>\n<h2>2021<\/h2>\n<p>Miguel Angel PARADA BERNAL<\/p>\n<p><strong>COMUNICACI\u00d3N Y DISCURSOS EN EL PROCESO DE PAZ EN COLOMBIA<\/strong><\/p>\n<p>Direction: Nathalie Ludec &amp; Xaqu\u00edn Rodr\u00edguez Campos<\/p>\n<h2>2020<\/h2>\n<h3>Leila NAFATI<\/h3>\n<p><strong>Censure, autocensure et l&rsquo;art d\u00b4\u00e9crire dans la litt\u00e9rature tunisienne moderne<\/strong><\/p>\n<p>Direction: \u00c9lisabeth Vauthier<\/p>\n<p>Plus d&rsquo;informations <a href=\"https:\/\/theses.fr\/s84321\">ici<\/a><\/p>\n<h3>\u00a0Astrid SCHENK<\/h3>\n<p><strong><em>Quiza\/quizas et l&rsquo;expression du doute en espagnol contemporain. Contribution a\u0300 la linguistique du signifiant<\/em><\/strong><\/p>\n<p>Direction: Chrystelle Fortineau-Br\u00e9mond<\/p>\n<h2>2019<\/h2>\n<h3>Marie AUDRAN<\/h3>\n<p><strong>Monstres : insurrection de la Chair et R\u00e9volution du Voir dans la Nueva Narrativa Argentina : lecture des mutations du monstrueux chez Ariana Harwicz, Fernanda Garc\u00eda Lao, Gabriela Cabez\u00f3n C\u00e1mara, Mariana Enr\u00edquez et Samanta Schweblin<br \/>\n<\/strong>13\/12\/2019<strong><br \/>\n<\/strong><\/p>\n<p>Direction\u00a0: Claire Sourp et N\u00e9stor Ponce<\/p>\n<p>Plus d&rsquo;informations <a href=\"https:\/\/theses.fr\/2019REN20040\">ici<\/a><\/p>\n<h3>Cheikh TIDIANE NDIAYE<\/h3>\n<p><strong>L\u2019alternance codique wolof-arabe au S\u00e9n\u00e9gal : approche sociolinguistique<\/strong><\/p>\n<p>14\/12\/2019<\/p>\n<p>Direction\u00a0: \u00c9lisabeth Vauthier et Abdelfattah Nissabouri<\/p>\n<p>Plus d&rsquo;informations <a href=\"https:\/\/theses.fr\/2019REN20049\">ici<\/a><\/p>\n<h3>Marine POIRIER<\/h3>\n<h3><strong>\u00c9l\u00e9ments pour une \u00e9tude de la coalescence en espagnol : contribution aux fondements d\u2019une linguistique du signifiant \u00e9nactivisante<\/strong><\/h3>\n<p>30\/11\/2019<\/p>\n<p>Direction: Chrystelle Fortineau-Br\u00e9mond<\/p>\n<p>Plus d&rsquo;informations <a href=\"https:\/\/theses.fr\/2019REN20036\">ici<\/a><\/p>\n<h3>Solenne DERIGON<\/h3>\n<h3><strong>Migrations nordestines et r\u00e9invention de la litt\u00e9rature de cordel au Br\u00e9sil\u00a0<\/strong><\/h3>\n<p>22\/11\/2019<\/p>\n<p>Direction\u00a0: Rita Olivieri-Godet et Paulo Iumatti<\/p>\n<p>Plus d&rsquo;informations<a href=\"https:\/\/theses.fr\/2019REN20032\"> ici<\/a><\/p>\n<h3>Pauline CHAMPAGNAT<\/h3>\n<h3><strong>Litt\u00e9rature et identit\u00e9s minoris\u00e9es dans les \u0153uvres de Concei\u00e7\u00e3o Evaristo (Br\u00e9sil) et Paulina Chiziane (Mozambique)<\/strong><\/h3>\n<p>29\/11\/2019<\/p>\n<p>Direction\u00a0: Rita Olivieri-Godet et Pires Laranjeira<\/p>\n<p>Plus d&rsquo;informations <a href=\"https:\/\/theses.fr\/2019REN20042\">ici<\/a><\/p>\n<h3>Denise DIAS<\/h3>\n<h3><strong>La tradition du roman picaresque et l\u2019\u0153uvre de Jorge Amado<\/strong><\/h3>\n<p><strong>16\/06\/2019<\/strong><\/p>\n<p>Direction\u00a0: Rita Olivieri-Godet et Jo\u00e3o Vianney Cavalcanti Nuto<\/p>\n<p>Plus d&rsquo;informations<a href=\"https:\/\/theses.fr\/s170813\"> ici<\/a><\/p>\n<h2>2018<\/h2>\n<h3>Joice LEMOS DOS SANTOS<\/h3>\n<h3><strong>A recep\u00e7\u00e3o da obra de Jorge Amado na Fran\u00e7a<\/strong><\/h3>\n<p><strong>12\/12\/2018<\/strong><\/p>\n<p>Direction: Rita Olivieri-Godet et Ana Rosa Neves Ramos<\/p>\n<p>Plus d&rsquo;informations <a href=\"https:\/\/theses.fr\/2018REN20072\">ici<\/a><\/p>\n<h2>2016<\/h2>\n<h3>Aur\u00e9lie JULIEN<\/h3>\n<p><em><strong>Errance identitaire, errance scripturale : Patrick Modiano, W. G. Sebald, Fred Wander et la litt\u00e9rature de l&rsquo;apr\u00e8s<\/strong>.<\/em><\/p>\n<p><em>2016<\/em><\/p>\n<p>Direction: Francine Maier<\/p>\n<p>&nbsp;<\/p>\n","protected":false},"excerpt":{"rendered":"<p>HDR Miloud GHARRAFI Le roman arabe de la migration. (2018) Direction: \u00c9lisabeth Vauthier. Th\u00e8ses 2021 Miguel Angel PARADA BERNAL COMUNICACI\u00d3N Y DISCURSOS EN EL&hellip;<\/p>\n","protected":false},"author":1,"featured_media":0,"parent":0,"menu_order":0,"comment_status":"closed","ping_status":"closed","template":"","meta":{"_acf_changed":false,"footnotes":""},"class_list":["post-128","page","type-page","status-publish","hentry"],"acf":[],"_links":{"self":[{"href":"https:\/\/sites-recherche.univ-rennes2.fr\/erimit\/wp-json\/wp\/v2\/pages\/128","targetHints":{"allow":["GET"]}}],"collection":[{"href":"https:\/\/sites-recherche.univ-rennes2.fr\/erimit\/wp-json\/wp\/v2\/pages"}],"about":[{"href":"https:\/\/sites-recherche.univ-rennes2.fr\/erimit\/wp-json\/wp\/v2\/types\/page"}],"author":[{"embeddable":true,"href":"https:\/\/sites-recherche.univ-rennes2.fr\/erimit\/wp-json\/wp\/v2\/users\/1"}],"replies":[{"embeddable":true,"href":"https:\/\/sites-recherche.univ-rennes2.fr\/erimit\/wp-json\/wp\/v2\/comments?post=128"}],"version-history":[{"count":16,"href":"https:\/\/sites-recherche.univ-rennes2.fr\/erimit\/wp-json\/wp\/v2\/pages\/128\/revisions"}],"predecessor-version":[{"id":930,"href":"https:\/\/sites-recherche.univ-rennes2.fr\/erimit\/wp-json\/wp\/v2\/pages\/128\/revisions\/930"}],"wp:attachment":[{"href":"https:\/\/sites-recherche.univ-rennes2.fr\/erimit\/wp-json\/wp\/v2\/media?parent=128"}],"curies":[{"name":"wp","href":"https:\/\/api.w.org\/{rel}","templated":true}]}}