{"id":376,"date":"2021-03-08T12:40:01","date_gmt":"2021-03-08T11:40:01","guid":{"rendered":"https:\/\/sites-recherche.univ-rennes2.fr\/erimit\/?page_id=376"},"modified":"2021-03-19T16:50:14","modified_gmt":"2021-03-19T15:50:14","slug":"hdr-et-theses-en-cours","status":"publish","type":"page","link":"https:\/\/sites-recherche.univ-rennes2.fr\/erimit\/hdr-et-theses-en-cours\/","title":{"rendered":"HDR et th\u00e8ses en cours"},"content":{"rendered":"<h3>ALZAIAT Khaled<\/h3>\n<p><em>La repre\u0301sentation de l&rsquo;Autre dans l&rsquo;\u0153uvre de Mahmoud Al-Badawi <\/em><\/p>\n<p>Inscr. 2018, Miloud Gharrafi.<\/p>\n<h3>BAEZA Martine<\/h3>\n<p><em>Rituels festifs en situation de migration. Les Pe\u0301ruviens et Colombiens au Chili (2010- 2020)<\/em><\/p>\n<p>Inscr.2019, Jimena Obreg\u00f3n<\/p>\n<h3>BELLEC Mael<\/h3>\n<p><em>La repr\u00e9sentation de lieux re\u0301els comme facteur de renouvellement des paysages conventionnels\u00a0: l\u2019exemple de l\u2019\u00e9cole de Jingjiang<\/em>.<\/p>\n<p>Inscr. 2018, C. Laurent<\/p>\n<h3>BELTRAN ROJAS Evelyn<\/h3>\n<p><em>La presse fran\u00e7aise au service des relations franco-colombiennes<\/em><\/p>\n<p>Inscr. 2020, Nathalie Ludec<\/p>\n<h3>BERNARD Chlo\u00e9<\/h3>\n<p><em>La coope\u0301ration universitaire et scientifique entre le Mercosud et l&rsquo;Union Europe\u0301enne : un instrument de de\u0301veloppement e\u0301conomique et commercial<\/em><\/p>\n<p>Inscr. 2016, Rodolphe Robin et Nathalie Ludec 2016<\/p>\n<h3>CARREIRA LOPEZ Maria<\/h3>\n<p><em>Identit\u00e9s galiciennes trac\u00e9es, la repr\u00e9sentation des migrations atlantiques \u00e0 travers l\u2019indexation s\u00e9mantique de l\u2019oralit\u00e9 dans des documents d\u2019archive textuels <\/em><\/p>\n<p>Inscr. 2019,\u00a0 Chrystelle Fortineau \u00a0\/ G.Fern\u00e1ndez Su\u00e1rez ( co-tutelle)<\/p>\n<h3>CHEIKH Niang<\/h3>\n<p><em>Le ro\u0302le des confr\u00e8ries islamiques au Se\u0301ne\u0301gal. Travail sur le discours de propagande islamique et son rapport a\u0300 la construction identitaires a\u0300 travers l&rsquo;imaginaire <\/em><\/p>\n<p>Inscr. 2017, Miloud Gharrafi<\/p>\n<h3>DIAS DE ABREU Marie<\/h3>\n<p><em>La traduction franc\u0327aise des textes litte\u0301raires en portugais : les voix fe\u0301minines de Teolinda Gersao et d&rsquo;Adriana Lisboa<\/em><\/p>\n<p>Inscr. 2016, Rita Godet<\/p>\n<h3>DOBRE Christiana<\/h3>\n<p><em>Durabilite\u0301 globale : la coope\u0301ration triangulaire, garant du respect des 17 ODD <\/em><\/p>\n<p>Inscr.2017, Nathalie Ludec et Rodolphe Robin<\/p>\n<h3>DURAN CID Daniel<\/h3>\n<p><em>Coope\u0301ration franc\u0327aise et re\u0301forme agraire au Chili durant les anne\u0301es 1960 : transferts technologiques et enjeux politiques. <\/em><\/p>\n<p>Inscr.<em>2<\/em>015, Jimena Obreg\u00f3n<\/p>\n<h3>GLON Alexandra<\/h3>\n<p><em>Pour une approche e\u0301nactive des phe\u0301nome\u0300nes d&#8217;emprunt. Anglicismes et gallicismes lexicaux de l&rsquo;espagnol <\/em><\/p>\n<p>Inscr.2018, Chrystelle Fortineau<\/p>\n<h3>HANADA Mohamad<\/h3>\n<p><em>L&rsquo;e\u0301rotisme dans le roman arabe contemporain. Le cas de l&rsquo;e\u0301preuve par le miel de Salwa NUAYMI\u00a0 <\/em><\/p>\n<p>Inscr.2018, Miloud Gharrafi<\/p>\n<h3>JEQUEL Gwenael<\/h3>\n<p><em>La politique linguistique de la Russie depuis 1991<\/em><\/p>\n<p>Inscr. 2014, C. Vaissier<\/p>\n<h3>KHEDER Sara<\/h3>\n<p><em>L&rsquo;usage de l&rsquo;alimentation dans le traitement des pathologies psychologiques chez les savants arabo-musulmans<\/em>.<\/p>\n<p>Inscr.2016, Fares Bentaleb<\/p>\n<h3>LERCIER M\u00e9lanie<\/h3>\n<p><em>Fe\u0302tes et rituels a\u0300 l&rsquo;e\u0301preuve des migrations : mobilite\u0301, vie rituelle et sociale d&rsquo;une communaute\u0301 des Andes sud-pe\u0301ruviennes<\/em><\/p>\n<p>Inscr.2018, Jimena Obreg\u00f3n<\/p>\n<h3>MARTIN HUERTAS Concepci\u00f3n<\/h3>\n<p><em>Identite\u0301, me\u0301moire et transition : l&rsquo;autofiction dans les romans espagnols contemporains<\/em><\/p>\n<p>Inscr. 2017, Fran\u00e7oise Dubosquet \/ Carmen Valc\u00e1rcel (UAM) Co-tutelle<\/p>\n<h3>MAYANS Lirio<\/h3>\n<p><em>Radiographie d&rsquo;une Espagne en crise: de Mimoun a\u0300 Sur le rivage, te\u0301moignage et m\u00e9moire selon l\u2019\u00e9crivain espagnol R. Chirbes<\/em><\/p>\n<p>Inscr. 2016, Fran\u00e7oise Dubosquet<\/p>\n<h3>MEDINA\u00a0 Diego<\/h3>\n<p><em>Trabajos de vicios, afanes de amor vicioso. Monstruos de la ingratitid, exemplos\u00a0 para la enmienda, politicas para el acierto. Reducida a la histotia de un sugeto de modernas experiencias de Rodrigo Correa Castel Blanca. Edition critique et \u00e9tude<\/em>.<\/p>\n<p>Inscr. 2015, Virginie Dumanoir \/ Jos\u00e9 Ram\u00f3n Trujillo (UAM) Co-tutelle<\/p>\n<h3>MEIRELLES DAMACENO Taiane<\/h3>\n<p><em>Analyse de la (re)construction identitaire des personnages f\u00e9minins en d\u00e9placement dans la litt\u00e9rature br\u00e9silienne contemporaine<\/em><\/p>\n<p>Inscr. 2020, Rita Olivieri-Godet \/ Mireille Garcia<\/p>\n<h3>MICHEL Karine<\/h3>\n<p><em>Aphorismes politiques et philosophie du bonheur\u00a0; Trad. et commentaires de kit \u00e2 t al s \u00e4 da Wa-l-is ad Al Amon.<\/em><\/p>\n<p>Inscr.2015,\u00a0 Elisabeth Vauthier et M. Abbes<\/p>\n<h3>MILIN Th\u00e9o<\/h3>\n<p><em>Rituels profanes de la \u00ab\u00a0reine de la fe\u0302te\u00a0\u00bb\u00a0 re\u0301inventions polymorphes d&rsquo;un couronnement symbolique\u00a0; red\u00e9finitions des identit\u00e9s collectives et des rapports de genre. <\/em><\/p>\n<p>Inscr.2018, Jimena Obreg\u00f3n<\/p>\n<h3>MORALES David<\/h3>\n<p><em>Les formes de de\u0301signation de l&rsquo;allocutaire dans l&rsquo;espagnol du Costa Rica .Approche dialectologique, sociolinguistique et pragmatique<\/em><\/p>\n<p>Inscr. 2014, Chrystelle.Fortineau \/ Jorge Murillo Medrano. (Costa Rica)<\/p>\n<h3>PAGEOT Charlotte<\/h3>\n<p><em>Entre la Chine et l&rsquo;Europe. L&rsquo;\u0153uvre de Jean Denis ATTIRET (1702-1768)\u00a0: missionnaire et peintre \u00e0 la cour de Chine<\/em><\/p>\n<p>Inscr. 2014, C\u00e9dric Laurent<\/p>\n<h3>PARADA Bernal<\/h3>\n<p><em>Les m\u00e9dias dans l\u2019agenda de paix de la Colombie<\/em><\/p>\n<p>Inscr. 2016, Nathalie Ludec et Xaqu\u00edn Rodr\u00edguez\u00a0 (USC.) Co-tutelle<\/p>\n<h3>TAHAR TAIBA Sara<\/h3>\n<p><em>Estudio comparativo de los estereotipos culturales y de g\u00e9nero en educaci\u00f3n secundaria a nivel de Bachillerato a trav\u00e9s de los programas deducativos de lenguas ( Espa\u00f1a, Francia, Argelia)<\/em><\/p>\n<p>Inscr. 2019, Fran\u00e7oise Dubosquet \/ Carmen Valc\u00e1rcel Blanco. Co-tutelle<\/p>\n","protected":false},"excerpt":{"rendered":"<p>ALZAIAT Khaled La repre\u0301sentation de l&rsquo;Autre dans l&rsquo;\u0153uvre de Mahmoud Al-Badawi Inscr. 2018, Miloud Gharrafi. BAEZA Martine Rituels festifs en situation de migration. Les&hellip;<\/p>\n","protected":false},"author":1,"featured_media":0,"parent":0,"menu_order":0,"comment_status":"closed","ping_status":"closed","template":"","meta":{"_acf_changed":false,"footnotes":""},"class_list":["post-376","page","type-page","status-publish","hentry"],"acf":[],"_links":{"self":[{"href":"https:\/\/sites-recherche.univ-rennes2.fr\/erimit\/wp-json\/wp\/v2\/pages\/376","targetHints":{"allow":["GET"]}}],"collection":[{"href":"https:\/\/sites-recherche.univ-rennes2.fr\/erimit\/wp-json\/wp\/v2\/pages"}],"about":[{"href":"https:\/\/sites-recherche.univ-rennes2.fr\/erimit\/wp-json\/wp\/v2\/types\/page"}],"author":[{"embeddable":true,"href":"https:\/\/sites-recherche.univ-rennes2.fr\/erimit\/wp-json\/wp\/v2\/users\/1"}],"replies":[{"embeddable":true,"href":"https:\/\/sites-recherche.univ-rennes2.fr\/erimit\/wp-json\/wp\/v2\/comments?post=376"}],"version-history":[{"count":9,"href":"https:\/\/sites-recherche.univ-rennes2.fr\/erimit\/wp-json\/wp\/v2\/pages\/376\/revisions"}],"predecessor-version":[{"id":649,"href":"https:\/\/sites-recherche.univ-rennes2.fr\/erimit\/wp-json\/wp\/v2\/pages\/376\/revisions\/649"}],"wp:attachment":[{"href":"https:\/\/sites-recherche.univ-rennes2.fr\/erimit\/wp-json\/wp\/v2\/media?parent=376"}],"curies":[{"name":"wp","href":"https:\/\/api.w.org\/{rel}","templated":true}]}}