{"id":698,"date":"2021-03-22T14:36:53","date_gmt":"2021-03-22T13:36:53","guid":{"rendered":"https:\/\/sites-recherche.univ-rennes2.fr\/erimit\/?page_id=698"},"modified":"2023-06-22T10:19:53","modified_gmt":"2023-06-22T08:19:53","slug":"fonctionnement","status":"publish","type":"page","link":"https:\/\/sites-recherche.univ-rennes2.fr\/erimit\/fonctionnement\/","title":{"rendered":"Fonctionnement"},"content":{"rendered":"<h2><strong>EA 4327 ERIMIT \u2013 VADE-MECUM<\/strong><\/h2>\n<p>&nbsp;<\/p>\n<h3><strong>1. Missions (participation \u00e0 une journ\u00e9e d\u2019\u00e9tude ou un colloque) et travail de terrain<\/strong><\/h3>\n<p><strong>\u00a0<\/strong><\/p>\n<p>Tout membre permanent, enseignant.e-chercheur.e \u00a0ou doctorant.e, disposera d\u2019une enveloppe de 700 euros par ann\u00e9e civile, qui sera destin\u00e9e \u00e0 la participation \u00e0 une journ\u00e9e d\u2019\u00e9tude ou un colloque avec publication et\/ou \u00e0 un travail de terrain adoss\u00e9 \u00e0 un financement ext\u00e9rieur.<\/p>\n<p><strong>Marche \u00e0 suivre\u00a0<\/strong>:<\/p>\n<p>1\/ D\u00e8s l\u2019envoi de la proposition de communication, et sans attendre la r\u00e9ponse des organisateurs du colloque, avertir le responsable de composante et la direction de l\u2019\u00e9quipe, en indiquant\u00a0: le titre du colloque, le lieu, la date, le budget approximatif.<\/p>\n<p>2\/ Transmettre d\u00e8s que possible au responsable de composante et \u00e0 la direction de l\u2019\u00e9quipe le programme et un courrier des organisateurs indiquant qu\u2019il y aura publication.<\/p>\n<p>3\/ Pour un projet de travail de terrain, avertir le responsable de la composante et la direction de l\u2019\u00e9quipe, en fournissant\u00a0: un descriptif (lieu, dur\u00e9e, budget), le financement ext\u00e9rieur.<\/p>\n<p>Un forfait journalier sera fix\u00e9 pour le remboursement des frais de bouche.<\/p>\n<p>4\/ Prendre contact avec la Cellule Recherche de l\u2019UFR Langues (Yann Aubin \/ Alison Tribodet), qui se chargera d\u2019acheter les titres de transport.<\/p>\n<p>&nbsp;<\/p>\n<p>N.B. Conditions particuli\u00e8res concernant les doctorants :<\/p>\n<p>Pour les colloques ayant lieu en France, les demandes seront envoy\u00e9es directement \u00e0 l&rsquo;\u00e9quipe selon la proc\u00e9dure d\u00e9crite ci-dessus. Pour les colloques ayant lieu \u00e0 l&rsquo;\u00e9tranger, il est demand\u00e9 aux doctorants de solliciter en premier lieu l&rsquo;\u00c9cole Doctorale lors de l&rsquo;un des deux appels d&rsquo;offre envoy\u00e9s chaque ann\u00e9e en avril (colloques entre le 1<sup>er<\/sup> juillet et le 31 d\u00e9cembre) et octobre (colloques entre le 1<sup>er<\/sup> janvier et le 30 juin).<\/p>\n<p>&nbsp;<\/p>\n<h3><strong>2.\u00a0 Organisation d\u2019une journ\u00e9e d\u2019\u00e9tude<\/strong><\/h3>\n<p><strong>\u00a0<\/strong><\/p>\n<p>Tout projet de journ\u00e9e d\u2019\u00e9tude doit \u00eatre valid\u00e9 par la composante, puis par le Bureau de l\u2019\u00e9quipe, et cela quel que soit le financement.<\/p>\n<p>&nbsp;<\/p>\n<p>Le dossier de pr\u00e9sentation du projet doit comporter :<\/p>\n<ol>\n<li>le titre et la (les) date(s) pr\u00e9vue(s) ;<\/li>\n<li>l\u2019argumentaire scientifique : probl\u00e9matique, p\u00e9riode, ;<\/li>\n<li>la liste des intervenants attendus ;<\/li>\n<li>le budget (transport, restauration, reprographie).<\/li>\n<\/ol>\n<p>Le budget maximum pour une JE, quels que soient son format et sa dur\u00e9e, est de 750 euros.<\/p>\n<p>&nbsp;<\/p>\n<p>Marche \u00e0 suivre :<\/p>\n<p>1\/ Transmettre le projet au responsable de composante ;<\/p>\n<p>2\/ Quand il a \u00e9t\u00e9 valid\u00e9 par la composante et par le Bureau, prendre contact avec la Cellule Recherche pour l\u2019organisation mat\u00e9rielle ;<\/p>\n<p>3\/ D\u00e8s que les affiches et le programme sont pr\u00eats, diffuser l\u2019information (direction et copie \u00e0 F. Bouvet).<\/p>\n<p>4\/ Apr\u00e8s la manifestation, pr\u00e9voir un tr\u00e8s bref compte-rendu, envoy\u00e9 au responsable de composante et \u00e0 la direction (Titre de la manifestation, date, organisateur(s), contenu scientifique, nom et affiliation des participants, prolongements).<\/p>\n<p>N.B. Les propositions des journ\u00e9es d&rsquo;\u00e9tude devront \u00eatre transmises \u00e0 la Cellule Recherche <strong>avant le 30 septembre <\/strong>pour celles se tenant sur le 1<sup>er<\/sup> semestre de l&rsquo;ann\u00e9e civile suivante et <strong>avant le 1<sup>er<\/sup> avril <\/strong>pour celles se tenant sur le 2<sup>nd<\/sup> semestre de l&rsquo;ann\u00e9e civile suivante. Les propositions de dates pour chaque manifestation scientifique seront plurielles (au moins deux dates) et purement indicatives lors du d\u00e9p\u00f4t ; elles auront \u00e9t\u00e9 valid\u00e9es pr\u00e9alablement par les directions des unit\u00e9s de recherche<\/p>\n<p><strong>Attention <\/strong>: Les JE n\u2019impliquent pas de publication. Si vous pr\u00e9voyez de publier les travaux pr\u00e9sent\u00e9s dans le cadre d\u2019une ou plusieurs journ\u00e9es d\u2019\u00e9tudes, il faut faire une demande sp\u00e9cifique (voir point 4- Publication).<\/p>\n<p>&nbsp;<\/p>\n<h3><strong>3. Organisation d\u2019un colloque<\/strong><\/h3>\n<p><strong>\u00a0<\/strong><\/p>\n<p>Tout projet de colloque doit d\u2019abord \u00eatre valid\u00e9 par la composante et le Bureau. Il faut ensuite contacter la Cellule Recherche de l\u2019UFR Langues pour fixer la date du colloque et envoyer un dossier \u00e0 la Direction de la Recherche et de la Valorisation. En effet, tous les projets de colloques doivent \u00eatre soumis \u00e0 la Commission Recherche pour avis, avant transmission des demandes de financement aux collectivit\u00e9s territoriales.<\/p>\n<p>Marche \u00e0 suivre pour un colloque se d\u00e9roulant l\u2019ann\u00e9e N<\/p>\n<p>Ann\u00e9e N-1 :<\/p>\n<p>1\/ mai-juin : validation du projet par la composante et le Bureau. La demande doit comprendre au minimum les \u00e9l\u00e9ments suivants :<\/p>\n<p>a. titre du colloque,<br \/>\nb. nom du ou des organisateurs,<br \/>\nc. dates pressenties,<br \/>\nd. argumentaire scientifique,<br \/>\ne. liste des membres du comit\u00e9 scientifique,<br \/>\nf. appel \u00e0 communication,<br \/>\ng. intervenants pressentis ;<\/p>\n<p>2\/ avant la fin de la premi\u00e8re semaine de septembre : communication \u00e0 la Cellule Recherche des dates du colloque ;<\/p>\n<p>3\/ entre septembre et fin octobre : transmission du projet \u00e0 la DRV (formulaire en PJ).<\/p>\n<p>&nbsp;<\/p>\n<p>Il est recommand\u00e9 de prendre contact le plus t\u00f4t possible avec la Cellule Recherche pour le montage du projet.<\/p>\n<h3><\/h3>\n<h3><strong>4. Publications<\/strong><\/h3>\n<p><strong>\u00a0<\/strong><\/p>\n<p>L\u2019ERIMIT peut \u00e9galement financer, en totalit\u00e9 ou en partie selon le montant des frais, les publications r\u00e9dig\u00e9es ou dirig\u00e9es par les membres de l\u2019\u00c9quipe. La demande de financement comportera au minimum les \u00e9l\u00e9ments suivants :<\/p>\n<ol>\n<li>titre de l\u2019ouvrage, nom de l\u2019\u00e9diteur scientifique ;<\/li>\n<li>pr\u00e9sentation de l\u2019ouvrage (probl\u00e9matique, contenu, ) ;<\/li>\n<li>sommaire (liste des auteurs et titres des contributions) ;<\/li>\n<li>date de publication envisag\u00e9e ;<\/li>\n<li>budget.<\/li>\n<\/ol>\n<p>&nbsp;<\/p>\n<p>Marche \u00e0 suivre :<\/p>\n<p>1\/ Prendre contact avec un \u00e9diteur potentiel ;<\/p>\n<p>2\/ Soumettre le projet au responsable de la composante ;<\/p>\n<p>3\/ Quand la demande a \u00e9t\u00e9 accept\u00e9e par la composante et par le Bureau, soumettre le manuscrit \u00e0 l\u2019\u00e9diteur.<\/p>\n<p>&nbsp;<\/p>\n<p>Attention : ne pas soumettre de manuscrit \u00e0 un \u00e9diteur avant d\u2019avoir obtenu l\u2019accord de financement.<\/p>\n<p>&nbsp;<\/p>\n<p>Ne pas oublier les possibilit\u00e9s de publication en ligne (revues, e-books), beaucoup moins on\u00e9reuses, et b\u00e9n\u00e9ficiant souvent d\u2019une meilleure diffusion.<\/p>\n<h3><strong>5\/ Diffusion<\/strong><\/h3>\n<p><strong>\u00a0<\/strong><\/p>\n<ul>\n<li>Pour la r\u00e9alisation des affiches, le service Communication de Rennes 2 propose des mod\u00e8les, accessibles \u00e0 partir de l\u2019ENT (\u00ab Service communication : vos projets \u00bb \u2192 \u00ab Mod\u00e8les de documents \u00bb \u2192 \u00ab Affiche \u00bb). Des mod\u00e8les ERIMIT d\u2019affiches et de programmes sont \u00e9galement disponibles sur le site de l\u2019\u00e9quipe : apr\u00e8s s\u2019\u00eatre identifi\u00e9, rubrique \u00ab Composantes \u00bb, cliquer sur \u00ab mod\u00e8les d\u2019affiches \u00bb en bas de la page.<\/li>\n<\/ul>\n<p>&nbsp;<\/p>\n<ul>\n<li>Pour la diffusion de l\u2019information via les listes [ERIMIT] ou [recherche-langues], envoyer un message \u00e0 Yann Aubin, <strong>en indiquant imp\u00e9rativement comme objet du message le titre et la date de la manifestation<\/strong>. Dans le corps du message, reprendre le titre et la date de la manifestation, indiquer \u00e9galement le nom de l\u2019organisateur et joindre l\u2019affiche et le programme.<\/li>\n<\/ul>\n<p>&nbsp;<\/p>\n<ul>\n<li>Ne pas oublier les autres relais de diffusion, tels que Calenda (<a href=\"http:\/\/calenda.org\/)\">http:\/\/calenda.org\/),<\/a> Fabula (www.fabula.org) ou les sites des soci\u00e9t\u00e9s savantes et associations (AFDArabisants, AGES, SoFHIA\/SHF, Libero, etc.).<\/li>\n<\/ul>\n","protected":false},"excerpt":{"rendered":"<p>EA 4327 ERIMIT \u2013 VADE-MECUM &nbsp; 1. Missions (participation \u00e0 une journ\u00e9e d\u2019\u00e9tude ou un colloque) et travail de terrain \u00a0 Tout membre permanent,&hellip;<\/p>\n","protected":false},"author":6,"featured_media":0,"parent":0,"menu_order":0,"comment_status":"closed","ping_status":"closed","template":"","meta":{"_acf_changed":false,"footnotes":""},"class_list":["post-698","page","type-page","status-publish","hentry"],"acf":[],"_links":{"self":[{"href":"https:\/\/sites-recherche.univ-rennes2.fr\/erimit\/wp-json\/wp\/v2\/pages\/698","targetHints":{"allow":["GET"]}}],"collection":[{"href":"https:\/\/sites-recherche.univ-rennes2.fr\/erimit\/wp-json\/wp\/v2\/pages"}],"about":[{"href":"https:\/\/sites-recherche.univ-rennes2.fr\/erimit\/wp-json\/wp\/v2\/types\/page"}],"author":[{"embeddable":true,"href":"https:\/\/sites-recherche.univ-rennes2.fr\/erimit\/wp-json\/wp\/v2\/users\/6"}],"replies":[{"embeddable":true,"href":"https:\/\/sites-recherche.univ-rennes2.fr\/erimit\/wp-json\/wp\/v2\/comments?post=698"}],"version-history":[{"count":10,"href":"https:\/\/sites-recherche.univ-rennes2.fr\/erimit\/wp-json\/wp\/v2\/pages\/698\/revisions"}],"predecessor-version":[{"id":1066,"href":"https:\/\/sites-recherche.univ-rennes2.fr\/erimit\/wp-json\/wp\/v2\/pages\/698\/revisions\/1066"}],"wp:attachment":[{"href":"https:\/\/sites-recherche.univ-rennes2.fr\/erimit\/wp-json\/wp\/v2\/media?parent=698"}],"curies":[{"name":"wp","href":"https:\/\/api.w.org\/{rel}","templated":true}]}}