{"id":136,"date":"2020-10-07T17:37:47","date_gmt":"2020-10-07T15:37:47","guid":{"rendered":"https:\/\/sites-recherche.univ-rennes2.fr\/liris\/?page_id=136"},"modified":"2021-05-27T10:22:33","modified_gmt":"2021-05-27T08:22:33","slug":"partenariats-et-reseaux","status":"publish","type":"page","link":"https:\/\/sites-recherche.univ-rennes2.fr\/liris\/partenariats-et-reseaux\/","title":{"rendered":"Partenariats et r\u00e9seaux"},"content":{"rendered":"<p>Le LiRIS b\u00e9n\u00e9ficie du soutien de la <a href=\"https:\/\/www.mshb.fr\/\">Maison des Sciences de l\u2019Homme en Bretagne (MSHB)<\/a>. Les projets COMINSANT (commerce international de services de sant\u00e9 en Tunisie), ASINEGALE (Asie : in\u00e9galit\u00e9s et protection sociale) et ASEAN-CHINA-NORMS (mont\u00e9e en puissance chinoise et nouvelles normes sociales en ASEAN) ont \u00e9t\u00e9 labellis\u00e9s et soutenus par la MSHB.<\/p>\n<p>Le LiRIS a rejoint l\u2019<a href=\"https:\/\/www.agrifood-transition.fr\/\">Institut Carnot AgriFood Transition<\/a> en janvier 2020. L\u2019int\u00e9gration du LiRIS au Carnot devrait permettre d\u2019am\u00e9liorer sa visibilit\u00e9 \u00e0 l\u2019\u00e9chelle nationale et de d\u00e9velopper sa recherche contractuelle au cours du prochain contrat.<\/p>\n<p>Le LiRIS est membre de quatre GIS : le <a href=\"https:\/\/www.sofeir.fr\/recherche\/groupement-dinteret-scientifique-eire\/\">GIS E.I.R.E.<\/a> (Etudes Irlandaises R\u00e9seaux et Enjeux), le <a href=\"https:\/\/institutdesameriques.fr\/fr\">GIS IDA (Institut des Am\u00e9riques)<\/a>, le <a href=\"http:\/\/www.gemdev.org\/\">GEMDEV<\/a> (Groupement pour l\u2019\u00e9tude de la mondialisation et du d\u00e9veloppement) et le <a href=\"https:\/\/www.marsouin.org\/\">GIS Marsouin<\/a>. <\/p>\n","protected":false},"excerpt":{"rendered":"<p>Le LiRIS b\u00e9n\u00e9ficie du soutien de la Maison des Sciences de l\u2019Homme en Bretagne (MSHB). Les projets COMINSANT (commerce international de services de sant\u00e9&hellip;<\/p>\n","protected":false},"author":1,"featured_media":0,"parent":0,"menu_order":0,"comment_status":"closed","ping_status":"closed","template":"","meta":{"_acf_changed":false,"footnotes":""},"class_list":["post-136","page","type-page","status-publish","hentry"],"acf":[],"_links":{"self":[{"href":"https:\/\/sites-recherche.univ-rennes2.fr\/liris\/wp-json\/wp\/v2\/pages\/136","targetHints":{"allow":["GET"]}}],"collection":[{"href":"https:\/\/sites-recherche.univ-rennes2.fr\/liris\/wp-json\/wp\/v2\/pages"}],"about":[{"href":"https:\/\/sites-recherche.univ-rennes2.fr\/liris\/wp-json\/wp\/v2\/types\/page"}],"author":[{"embeddable":true,"href":"https:\/\/sites-recherche.univ-rennes2.fr\/liris\/wp-json\/wp\/v2\/users\/1"}],"replies":[{"embeddable":true,"href":"https:\/\/sites-recherche.univ-rennes2.fr\/liris\/wp-json\/wp\/v2\/comments?post=136"}],"version-history":[{"count":5,"href":"https:\/\/sites-recherche.univ-rennes2.fr\/liris\/wp-json\/wp\/v2\/pages\/136\/revisions"}],"predecessor-version":[{"id":421,"href":"https:\/\/sites-recherche.univ-rennes2.fr\/liris\/wp-json\/wp\/v2\/pages\/136\/revisions\/421"}],"wp:attachment":[{"href":"https:\/\/sites-recherche.univ-rennes2.fr\/liris\/wp-json\/wp\/v2\/media?parent=136"}],"curies":[{"name":"wp","href":"https:\/\/api.w.org\/{rel}","templated":true}]}}