{"id":141,"date":"2020-10-07T17:45:15","date_gmt":"2020-10-07T15:45:15","guid":{"rendered":"https:\/\/sites-recherche.univ-rennes2.fr\/liris\/?page_id=141"},"modified":"2025-11-26T13:54:57","modified_gmt":"2025-11-26T12:54:57","slug":"hdr-et-theses-en-cours","status":"publish","type":"page","link":"https:\/\/sites-recherche.univ-rennes2.fr\/liris\/hdr-et-theses-en-cours\/","title":{"rendered":"HDR et Th\u00e8ses en cours"},"content":{"rendered":"<p><strong>Befio Bamandja Oscar<\/strong><\/p>\n<p>Accueil et accompagnement des demandeurs d&rsquo;asile en secteur rural en France: l&rsquo;exemple de communes et territoires en r\u00e9gion Bretagne<\/p>\n<p>Sous la direction de <strong>Jean-Yves Dartiguenave<\/strong><\/p>\n<p>&nbsp;<\/p>\n<p><strong>Binart Chlo\u00e9<\/strong><\/p>\n<p>\u00ab\u00a0La fabrique de l&rsquo;esprit de d\u00e9fense \u02f8 analyse de dispositifs contemporains \u00e0 destination des jeunes en France\u00a0\u00bb<\/p>\n<p>Sous la direction de <strong>Claude Weber<\/strong> et le co-encadrement de <strong>Mathias Thura\u00a0<\/strong><\/p>\n<p>&nbsp;<\/p>\n<p><strong>Br\u00e9ant Killian<\/strong><\/p>\n<p>\u00ab\u00a0La gouvernance en droit public fran\u00e7ais\u00a0\u00bb<\/p>\n<p>Sous la direction de <strong>Corinne Delon Desmoulin<\/strong> et <strong>Xavier Barella<\/strong><\/p>\n<p>&nbsp;<\/p>\n<p><strong>COULIBALY A\u00efssatou<\/strong><\/p>\n<p>\u00ab\u00a0Les d\u00e9fis li\u00e9s au management de l&rsquo;entreprise familiale entre les pratiques locales et globales au S\u00e9n\u00e9gal : les facteurs de r\u00e9ussite des entreprises locales\u00a0\u00bb<\/p>\n<p>Sous la direction de<strong> Anne-Laure LE NADANT<\/strong><\/p>\n<p>&nbsp;<\/p>\n<p><strong>DADIE kouame Jacob <\/strong><\/p>\n<p>\u00ab\u00a0Savoirs locaux et strat\u00e9gies d&rsquo;autonomisation dans l&rsquo;entrepreneuriat f\u00e9minin : une analyse compar\u00e9e du S\u00e9n\u00e9gal et de la C\u00f4te d&rsquo;Ivoire dans le domaine de l&rsquo;entrepreneuriat glocalis\u00e9\u00a0\u00bb<\/p>\n<p>Sous la direction d&rsquo;<strong>Ulrike SCHUERKENS\u00a0<\/strong><\/p>\n<p>&nbsp;<\/p>\n<p><strong>DEMBELE Abdul-Aziz<\/strong><\/p>\n<p>\u00a0\u00bb Transformations num\u00e9riques et d\u00e9veloppement, \u00e9tudes de cas en C\u00f4te d\u2019Ivoire \u00a0\u00bb<\/p>\n<p>Sous la direction d&rsquo;<strong>Ulrike SCHUERKENS\u00a0<\/strong><\/p>\n<p>&nbsp;<\/p>\n<p><strong>DIEDHIOU Paul Mamba<\/strong><\/p>\n<p>\u00a0\u00bb Auchan au S\u00e9n\u00e9gal : une multinationale controvers\u00e9e. Entre protestations citoyennes et logiques d&rsquo;appropriation\u00a0\u00bb<\/p>\n<p>Sous la direction d&rsquo;<strong>Ulrike Schuerkens <\/strong>et<strong> Sylvain LandryFaye<\/strong><\/p>\n<p>&nbsp;<\/p>\n<p><strong>DIOUF Yaya<\/strong><\/p>\n<p>\u00a0\u00bb La mondialisation agricole et ses effets sur la paysannerie au S\u00e9n\u00e9gal\u00a0\u00bb<\/p>\n<p>Sous la direction d&rsquo;<strong>Ali Ait Abdelmalek<\/strong> et <strong>Souleymane Gomis<\/strong><\/p>\n<p>&nbsp;<\/p>\n<p><strong>EL MOUDDANE Hicham<\/strong><\/p>\n<p>\u00ab\u00a0La port\u00e9e sociale des associations marocaines du microcr\u00e9dit\u00a0 dans l&rsquo;\u00e9quilibre de performance sociale et financi\u00e8re\u00a0\u00bb<\/p>\n<p>Sous la direction de <strong>Pascal GLEMAIN<\/strong> et <strong>Ga\u00ebl HENAFF<\/strong><\/p>\n<p>&nbsp;<\/p>\n<p><strong>KAMAGATE Yaya<\/strong><\/p>\n<div>\u00ab\u00a0Les nouvelles formes d&rsquo;organisation du travail en Afrique de l&rsquo;ouest francophone. Les r\u00e9alit\u00e9s du t\u00e9l\u00e9travail, du tiers-lieu et du coworking \u00e0 Dakar (S\u00e9n\u00e9gal) et Abidjan (C\u00f4te d&rsquo;Ivoire)\u00a0\u00bb<\/div>\n<div><\/div>\n<p>Sous la direction d&rsquo;<strong>Ulrike SCHUERKENS<\/strong><\/p>\n<p>&nbsp;<\/p>\n<p><strong>KOMLJENO VIC Dolores<\/strong><\/p>\n<div>\u00ab\u00a0Transition \u00e9nerg\u00e9tique juste en Bretagne : une approche institutionnaliste sur le cas de la m\u00e9thanisation agricole\u00a0\u00bb<\/div>\n<div><\/div>\n<div>Sous la direction d&rsquo;<strong>Alexandre Berthe <\/strong>et<strong> Pascal Grouiez<\/strong><\/div>\n<p>&nbsp;<\/p>\n<p><strong>LESAGE Marie<\/strong><\/p>\n<p>\u00a0\u00bb Scolarit\u00e9s et protection de l&rsquo;enfance : d\u00e9crochage et strat\u00e9gies de remobilisation \u00a0\u00bb<\/p>\n<p>Sous la direction d&rsquo;<strong>Emilie POTIN<\/strong><\/p>\n<p>&nbsp;<\/p>\n<p><strong>MBALA NDI Protais Emma<\/strong><\/p>\n<p>\u00a0\u00bb Les capacit\u00e9s op\u00e9rationnelles de l&rsquo;arm\u00e9e camerounaise \u00e0 l&rsquo;\u00e8re de la num\u00e9risation de l&rsquo;espace de bataille et de l&rsquo;info-valorisation des conflits\u00a0\u00bb<\/p>\n<p>Sous la direction d&rsquo;<strong>Axel Aug\u00e9<\/strong> et <strong>\u00c9ric Mathias Owona Nguini<\/strong><\/p>\n<p>&nbsp;<\/p>\n<p><strong>METELUS Jean-Ernst<\/strong><\/p>\n<p>\u00ab\u00a0Les collectivit\u00e9s territoriales \u00e0 l&rsquo;\u00e9preuve de la performance\u00a0\u00bb<\/p>\n<p>Sous la direction de <strong>Corinne DELON-DESMOULIN<\/strong><\/p>\n<p>&nbsp;<\/p>\n<p><strong>N&rsquo;GUESSAN Yao Karim<\/strong><\/p>\n<p>\u00ab\u00a0Les savoirs paysans face au changement climatique : transformation des pratiques agraires et reconfigurations sociales des producteurs de cacao en C\u00f4te d\u2019Ivoire\u00a0\u00bb<\/p>\n<p>Sous la direction d&rsquo;<strong>Ali AIT ABDELMALEK<\/strong><\/p>\n<p>&nbsp;<\/p>\n<p><strong>OUEDRAOGO Pat\u00e9n\u00e9ma<\/strong><\/p>\n<p>\u00ab\u00a0Les d\u00e9terminants des difficult\u00e9s de paiement de la dette dans les pays \u00e0 faible revenu\u00a0\u00bb<\/p>\n<p>Sous la direction de <strong>Marc LAUTIER<\/strong><\/p>\n<p>&nbsp;<\/p>\n<p><strong>PEKETI Mindourewa<\/strong><\/p>\n<p>\u00ab\u00a0E-commerce et performances commerciales dans les pays en d\u00e9veloppement\u00a0\u00bb<\/p>\n<p>Sous la direction <strong>de Diad\u00e9 DIAW<\/strong> et <strong>Marc LAUTIER<\/strong><\/p>\n<p>&nbsp;<\/p>\n<p><strong>TAKATSU Ryunosuke<\/strong><\/p>\n<p>\u00ab\u00a0Analyse compar\u00e9e de la reconnaissance et la promotion d&rsquo;un mouvement &lsquo;des plus beaux villages&rsquo; en France, en Italie et au Japon\u00a0\u00bb<\/p>\n<p>Sous la direction de <strong>Marc LAUTIER<\/strong> et <strong>Marc HUMBERT<\/strong><\/p>\n<p>&nbsp;<\/p>\n<p><strong>THIOR Maimouna Eliane<\/strong><\/p>\n<p>\u00ab\u00a0L&rsquo;histoire des mouvements de femmes au S\u00e9n\u00e9gal : un rapport ambivalent \u00e0 la globalisation\u00a0\u00bb<\/p>\n<p>Sous la direction de <strong>Ulrike SCHUERKENS<\/strong><\/p>\n<p>&nbsp;<\/p>\n<p><strong>YAKUSHIN Hitoshi<\/strong><\/p>\n<p>\u00ab\u00a0Recherche sur les facteurs sociaux de l&rsquo;essor des forces populistes : d\u00e9cryptage sociologique des \u00e9lections europ\u00e9ennes en 2019\u00a0\u00bb<\/p>\n<p>Sous la direction d&rsquo; <strong>Ali AIT ABDELMALEK<\/strong><\/p>\n<p>&nbsp;<\/p>\n<p>&nbsp;<\/p>\n<p>&nbsp;<\/p>\n","protected":false},"excerpt":{"rendered":"<p>Befio Bamandja Oscar Accueil et accompagnement des demandeurs d&rsquo;asile en secteur rural en France: l&rsquo;exemple de communes et territoires en r\u00e9gion Bretagne Sous la&hellip;<\/p>\n","protected":false},"author":1,"featured_media":0,"parent":0,"menu_order":0,"comment_status":"closed","ping_status":"closed","template":"","meta":{"_acf_changed":false,"footnotes":""},"class_list":["post-141","page","type-page","status-publish","hentry"],"acf":[],"_links":{"self":[{"href":"https:\/\/sites-recherche.univ-rennes2.fr\/liris\/wp-json\/wp\/v2\/pages\/141","targetHints":{"allow":["GET"]}}],"collection":[{"href":"https:\/\/sites-recherche.univ-rennes2.fr\/liris\/wp-json\/wp\/v2\/pages"}],"about":[{"href":"https:\/\/sites-recherche.univ-rennes2.fr\/liris\/wp-json\/wp\/v2\/types\/page"}],"author":[{"embeddable":true,"href":"https:\/\/sites-recherche.univ-rennes2.fr\/liris\/wp-json\/wp\/v2\/users\/1"}],"replies":[{"embeddable":true,"href":"https:\/\/sites-recherche.univ-rennes2.fr\/liris\/wp-json\/wp\/v2\/comments?post=141"}],"version-history":[{"count":32,"href":"https:\/\/sites-recherche.univ-rennes2.fr\/liris\/wp-json\/wp\/v2\/pages\/141\/revisions"}],"predecessor-version":[{"id":1072,"href":"https:\/\/sites-recherche.univ-rennes2.fr\/liris\/wp-json\/wp\/v2\/pages\/141\/revisions\/1072"}],"wp:attachment":[{"href":"https:\/\/sites-recherche.univ-rennes2.fr\/liris\/wp-json\/wp\/v2\/media?parent=141"}],"curies":[{"name":"wp","href":"https:\/\/api.w.org\/{rel}","templated":true}]}}