{"id":145,"date":"2020-10-07T17:45:58","date_gmt":"2020-10-07T15:45:58","guid":{"rendered":"https:\/\/sites-recherche.univ-rennes2.fr\/liris\/?page_id=145"},"modified":"2021-06-12T12:15:40","modified_gmt":"2021-06-12T10:15:40","slug":"faire-un-doctorat-au-liris","status":"publish","type":"page","link":"https:\/\/sites-recherche.univ-rennes2.fr\/liris\/faire-un-doctorat-au-liris\/","title":{"rendered":"Faire un doctorat au LIRIS"},"content":{"rendered":"<p>Le candidat doit, dans un premier temps, solliciter un des chercheurs du LiRIS habilit\u00e9s \u00e0 diriger des recherches afin qu&rsquo;il accepte de diriger sa th\u00e8se. Le directeur de recherche doit \u00eatre sp\u00e9cialis\u00e9 dans la th\u00e9matique dans laquelle le candidat souhaite r\u00e9aliser ses travaux de recherche. Dans un deuxi\u00e8me temps, avec ce directeur de recherche, le candidat doit pr\u00e9ciser son sujet de th\u00e8se.<\/p>\n<div class=\"row\">\n<div class=\"col-md-6\"><\/div>\n<div class=\"col-md-3\">\n<span id=\"OBJ_PREFIX_DWT2245_com_zimbra_url\" class=\"Object\"><span id=\"OBJ_PREFIX_DWT2250_com_zimbra_url\" class=\"Object\"><span id=\"OBJ_PREFIX_DWT108_com_zimbra_url\" class=\"Object\" role=\"link\"><\/span><\/span><\/span><\/div>\n<\/div>\n<p class=\"rtejustify\">L&rsquo;inscription au doctorat est prononc\u00e9e par le chef d&rsquo;\u00e9tablissement sur proposition du directeur de l&rsquo;\u00e9cole doctorale apr\u00e8s avis du directeur de th\u00e8se et de la direction de l&rsquo;unit\u00e9 de recherche sur la qualit\u00e9 du projet et les conditions de sa r\u00e9alisation. Elle vaut admission aux formations dispens\u00e9es par l&rsquo;\u00e9cole doctorale. L&rsquo;inscription doit \u00eatre renouvel\u00e9e au d\u00e9but de chaque ann\u00e9e universitaire. <span style=\"color: #333333; font-family: helvetica neue, helvetica, arial, sans-serif;\"><span id=\"OBJ_PREFIX_DWT109_com_zimbra_url\" class=\"Object\" role=\"link\"><a href=\"https:\/\/www.univ-rennes2.fr\/formation\/inscriptions-candidatures\/doctorat\" target=\"_blank\" rel=\"noopener\">https:\/\/www.univ-rennes2.fr\/formation\/inscriptions-candidatures\/doctorat<\/a><\/span><\/span><\/p>\n<p class=\"rtejustify\">Les r\u00e8gles relatives au dipl\u00f4me national de doctorat sont fix\u00e9es par l&rsquo;arr\u00eat\u00e9 du\u00a0<span id=\"OBJ_PREFIX_DWT110_com_zimbra_date\" class=\"Object\" role=\"link\">25 mai 2016<\/span>\u00a0du Minist\u00e8re de l&rsquo;Education nationale, de l&rsquo;Enseignement sup\u00e9rieur et de la Recherche. Conform\u00e9ment \u00e0 son article 12, une charte du doctorat et une convention de formation sont sign\u00e9es lors de la premi\u00e8re inscription du doctorant. Chacun de ces documents sera fourni au doctorant \u00e0 l&rsquo;occasion de son inscription.<\/p>\n","protected":false},"excerpt":{"rendered":"<p>Le candidat doit, dans un premier temps, solliciter un des chercheurs du LiRIS habilit\u00e9s \u00e0 diriger des recherches afin qu&rsquo;il accepte de diriger sa&hellip;<\/p>\n","protected":false},"author":1,"featured_media":0,"parent":0,"menu_order":0,"comment_status":"closed","ping_status":"closed","template":"","meta":{"_acf_changed":false,"footnotes":""},"class_list":["post-145","page","type-page","status-publish","hentry"],"acf":[],"_links":{"self":[{"href":"https:\/\/sites-recherche.univ-rennes2.fr\/liris\/wp-json\/wp\/v2\/pages\/145","targetHints":{"allow":["GET"]}}],"collection":[{"href":"https:\/\/sites-recherche.univ-rennes2.fr\/liris\/wp-json\/wp\/v2\/pages"}],"about":[{"href":"https:\/\/sites-recherche.univ-rennes2.fr\/liris\/wp-json\/wp\/v2\/types\/page"}],"author":[{"embeddable":true,"href":"https:\/\/sites-recherche.univ-rennes2.fr\/liris\/wp-json\/wp\/v2\/users\/1"}],"replies":[{"embeddable":true,"href":"https:\/\/sites-recherche.univ-rennes2.fr\/liris\/wp-json\/wp\/v2\/comments?post=145"}],"version-history":[{"count":3,"href":"https:\/\/sites-recherche.univ-rennes2.fr\/liris\/wp-json\/wp\/v2\/pages\/145\/revisions"}],"predecessor-version":[{"id":393,"href":"https:\/\/sites-recherche.univ-rennes2.fr\/liris\/wp-json\/wp\/v2\/pages\/145\/revisions\/393"}],"wp:attachment":[{"href":"https:\/\/sites-recherche.univ-rennes2.fr\/liris\/wp-json\/wp\/v2\/media?parent=145"}],"curies":[{"name":"wp","href":"https:\/\/api.w.org\/{rel}","templated":true}]}}