{"id":662,"date":"2024-02-09T15:40:45","date_gmt":"2024-02-09T14:40:45","guid":{"rendered":"https:\/\/sites-recherche.univ-rennes2.fr\/liris\/?page_id=662"},"modified":"2026-02-05T09:09:40","modified_gmt":"2026-02-05T08:09:40","slug":"seminaires-esr%c2%b2","status":"publish","type":"page","link":"https:\/\/sites-recherche.univ-rennes2.fr\/liris\/seminaires-esr%c2%b2\/","title":{"rendered":"S\u00e9minaires ESR\u00b2"},"content":{"rendered":"<p><img loading=\"lazy\" decoding=\"async\" class=\"alignright wp-image-299 size-medium\" src=\"https:\/\/sites-recherche.univ-rennes2.fr\/liris\/wp-content\/uploads\/2020\/11\/Logo-ESR2-1-300x300.png\" alt=\"\" width=\"300\" height=\"300\" srcset=\"https:\/\/sites-recherche.univ-rennes2.fr\/liris\/wp-content\/uploads\/2020\/11\/Logo-ESR2-1-300x300.png 300w, https:\/\/sites-recherche.univ-rennes2.fr\/liris\/wp-content\/uploads\/2020\/11\/Logo-ESR2-1-150x150.png 150w, https:\/\/sites-recherche.univ-rennes2.fr\/liris\/wp-content\/uploads\/2020\/11\/Logo-ESR2-1.png 707w\" sizes=\"auto, (max-width: 300px) 100vw, 300px\" \/><\/p>\n<p>Port\u00e9 par les \u00e9conomistes de l\u2019universit\u00e9 Rennes 2, ce s\u00e9minaire se veut ouvert \u00e0 l\u2019ensemble des sciences sociales et propose un \u00e9change entre les disciplines sur des th\u00e9matiques de recherche vari\u00e9es.<\/p>\n<p>Pour le premier semestre de 2026 le programme est le suivant :<\/p>\n<p><strong>Jeudi 15 janvier 2026 \u00e0 13h30 \u00e0 15h \u2013 Salle C9 \u00e0 la Maison des Sciences de l\u2019Homme de Bretagne)<\/strong><\/p>\n<p>Pierre Alayrac, Ma\u00eetre de conf\u00e9rences en Sciences Politiques \u00e0 l\u2019Universit\u00e9 Paris 8 : <em>Socio-histoire de l&rsquo;autorit\u00e9 des \u00e9conomistes de la commission europ\u00e9enne<\/em><\/p>\n<p><strong>Jeudi 5 f\u00e9vrier 2026 de 13h30 \u00e0 15h \u2013 Salle P510<\/strong><\/p>\n<p>J\u00e9r\u00e9mie Bastien et Thomas Lamarche, Economistes \u00e0 l\u2019Universit\u00e9 Paris Cit\u00e9 : <em>M\u00e9so\u00e9conomie. Penser la pluralit\u00e9 des dynamiques \u00e9conomiques<\/em><\/p>\n<p><em>\u00a0<\/em><strong>Jeudi 19 f\u00e9vrier 2026 de 13h30 \u00e0 17h \u2013 Salle N323<\/strong><\/p>\n<p>Antoine Bouzin, sociologue au Centre Emile Durkheim ; Dolores Komljenovic, doctorante en \u00e9conomie \u00e0 l\u2019Universit\u00e9 Rennes 2 et Alban Pellegris, \u00e9conomiste \u00e0 l\u2019Universit\u00e9 Rennes 2 : <em>Journ\u00e9e d\u2019\u00e9tude approches institutionnalistes de la fili\u00e8re biogaz (3 pr\u00e9sentations)<\/em><\/p>\n<p><strong>Jeudi 19 mars 2026 de 13h30 \u00e0 15h \u2013 Salle N323 <\/strong><\/p>\n<p>Jeffrey Althouse, Economiste \u00e0 l\u2019Universit\u00e9 Sorbonne Paris Nord : <em>Financial Subordination in the RIFT: Ecological breakdown, geopolitical fragmentation and the reorganization of global accumulation<\/em><\/p>\n<p><strong>Jeudi 9 avril 2026 de <\/strong><strong>13h30 \u00e0 15h <\/strong><strong>\u2013\u00a0 Salle N323<\/strong><\/p>\n<p>St\u00e9phanie Le Cam, Ma\u00eetresse de conf\u00e9rences en droit priv\u00e9 \u00e0 l\u2019Universit\u00e9 Rennes 2 : <em>Cr\u00e9ation et Information Durables \u00e0 l\u2019\u00e8re de l\u2019intelligence artificielle g\u00e9n\u00e9rative<\/em><\/p>\n<p>&nbsp;<\/p>\n<p>&nbsp;<\/p>\n<p>&nbsp;<\/p>\n<p>S&rsquo;abonner \u2799 https:\/\/framalistes.org\/sympa\/subscribe\/esr2<\/p>\n","protected":false},"excerpt":{"rendered":"<p>Port\u00e9 par les \u00e9conomistes de l\u2019universit\u00e9 Rennes 2, ce s\u00e9minaire se veut ouvert \u00e0 l\u2019ensemble des sciences sociales et propose un \u00e9change entre les&hellip;<\/p>\n","protected":false},"author":24,"featured_media":299,"parent":0,"menu_order":0,"comment_status":"closed","ping_status":"closed","template":"","meta":{"_acf_changed":false,"footnotes":""},"class_list":["post-662","page","type-page","status-publish","has-post-thumbnail","hentry"],"acf":[],"_links":{"self":[{"href":"https:\/\/sites-recherche.univ-rennes2.fr\/liris\/wp-json\/wp\/v2\/pages\/662","targetHints":{"allow":["GET"]}}],"collection":[{"href":"https:\/\/sites-recherche.univ-rennes2.fr\/liris\/wp-json\/wp\/v2\/pages"}],"about":[{"href":"https:\/\/sites-recherche.univ-rennes2.fr\/liris\/wp-json\/wp\/v2\/types\/page"}],"author":[{"embeddable":true,"href":"https:\/\/sites-recherche.univ-rennes2.fr\/liris\/wp-json\/wp\/v2\/users\/24"}],"replies":[{"embeddable":true,"href":"https:\/\/sites-recherche.univ-rennes2.fr\/liris\/wp-json\/wp\/v2\/comments?post=662"}],"version-history":[{"count":12,"href":"https:\/\/sites-recherche.univ-rennes2.fr\/liris\/wp-json\/wp\/v2\/pages\/662\/revisions"}],"predecessor-version":[{"id":1094,"href":"https:\/\/sites-recherche.univ-rennes2.fr\/liris\/wp-json\/wp\/v2\/pages\/662\/revisions\/1094"}],"wp:featuredmedia":[{"embeddable":true,"href":"https:\/\/sites-recherche.univ-rennes2.fr\/liris\/wp-json\/wp\/v2\/media\/299"}],"wp:attachment":[{"href":"https:\/\/sites-recherche.univ-rennes2.fr\/liris\/wp-json\/wp\/v2\/media?parent=662"}],"curies":[{"name":"wp","href":"https:\/\/api.w.org\/{rel}","templated":true}]}}