{"id":691,"date":"2024-02-14T11:09:14","date_gmt":"2024-02-14T10:09:14","guid":{"rendered":"https:\/\/sites-recherche.univ-rennes2.fr\/liris\/?page_id=691"},"modified":"2024-02-14T11:09:14","modified_gmt":"2024-02-14T10:09:14","slug":"territoires-communs-pour-un-maillage-du-vivant-dans-une-commune-en-transition","status":"publish","type":"page","link":"https:\/\/sites-recherche.univ-rennes2.fr\/liris\/territoires-communs-pour-un-maillage-du-vivant-dans-une-commune-en-transition\/","title":{"rendered":"Territoires communs: pour un maillage du vivant dans une commune en transition"},"content":{"rendered":"<p>Le souhait du territoire serait d&rsquo;aller vers une transition \u00e9cologique et la cr\u00e9ation d&rsquo;une culture du vivant. De fait, la question de recherche pos\u00e9e serait la suivante : \u00ab\u00a0en quoi les actions d&rsquo;un territoire en transition peuvent amener \u00e0 la cr\u00e9ation d&rsquo;une culture du vivant, et r\u00e9ciproquement?\u00a0\u00bb<\/p>\n","protected":false},"excerpt":{"rendered":"<p>Le souhait du territoire serait d&rsquo;aller vers une transition \u00e9cologique et la cr\u00e9ation d&rsquo;une culture du vivant. De fait, la question de recherche pos\u00e9e&hellip;<\/p>\n","protected":false},"author":24,"featured_media":0,"parent":0,"menu_order":0,"comment_status":"closed","ping_status":"closed","template":"","meta":{"_acf_changed":false,"footnotes":""},"class_list":["post-691","page","type-page","status-publish","hentry"],"acf":[],"_links":{"self":[{"href":"https:\/\/sites-recherche.univ-rennes2.fr\/liris\/wp-json\/wp\/v2\/pages\/691","targetHints":{"allow":["GET"]}}],"collection":[{"href":"https:\/\/sites-recherche.univ-rennes2.fr\/liris\/wp-json\/wp\/v2\/pages"}],"about":[{"href":"https:\/\/sites-recherche.univ-rennes2.fr\/liris\/wp-json\/wp\/v2\/types\/page"}],"author":[{"embeddable":true,"href":"https:\/\/sites-recherche.univ-rennes2.fr\/liris\/wp-json\/wp\/v2\/users\/24"}],"replies":[{"embeddable":true,"href":"https:\/\/sites-recherche.univ-rennes2.fr\/liris\/wp-json\/wp\/v2\/comments?post=691"}],"version-history":[{"count":1,"href":"https:\/\/sites-recherche.univ-rennes2.fr\/liris\/wp-json\/wp\/v2\/pages\/691\/revisions"}],"predecessor-version":[{"id":692,"href":"https:\/\/sites-recherche.univ-rennes2.fr\/liris\/wp-json\/wp\/v2\/pages\/691\/revisions\/692"}],"wp:attachment":[{"href":"https:\/\/sites-recherche.univ-rennes2.fr\/liris\/wp-json\/wp\/v2\/media?parent=691"}],"curies":[{"name":"wp","href":"https:\/\/api.w.org\/{rel}","templated":true}]}}