{"id":126,"date":"2022-10-04T12:56:43","date_gmt":"2022-10-04T10:56:43","guid":{"rendered":"https:\/\/sites-recherche.univ-rennes2.fr\/ptac\/?page_id=126"},"modified":"2024-05-01T12:32:35","modified_gmt":"2024-05-01T10:32:35","slug":"theses-et-hdr-soutenues","status":"publish","type":"page","link":"https:\/\/sites-recherche.univ-rennes2.fr\/ptac\/theses-et-hdr-soutenues\/","title":{"rendered":"Th\u00e8ses et HDR soutenues"},"content":{"rendered":"<p><b>Anne Zeitz<\/b><\/p>\n<p><span style=\"font-weight: 400;\">Habilitation \u00e0 diriger des recherches, soutenue le 18 d\u00e9cembre 2023 <\/span>sous la direction scientifique de Nicolas Th\u00e9ly, professeur \u00e0 l&rsquo;universit\u00e9 Rennes 2.<\/p>\n<p><span style=\"font-weight: 400;\">Titre: <\/span><i><\/i><em>Chercher sous terre et dans l&rsquo;air. Ou comment interroger l&rsquo;\u00e9coute \u2013 de l&rsquo;archive \u00e0 l&rsquo;exposition \u2013 dans l&rsquo;art contemporain<\/em><\/p>\n<p><a href=\"https:\/\/sites-recherche.univ-rennes2.fr\/ptac\/articles\/soutenance-hdr-anne-zeitz\/\">Plus&#8230;<\/a><\/p>\n<hr \/>\n<p><b>Marie Boivent<\/b><\/p>\n<p><span style=\"font-weight: 400;\">Habilitation \u00e0 diriger des recherches, soutenue le 18 d\u00e9cembre 2023 <\/span>sous la direction scientifique de Leszek Brogowski, professeur \u00e0 l&rsquo;universit\u00e9 Rennes 2.<\/p>\n<p><span style=\"font-weight: 400;\">Titre: <\/span><i><\/i><em>Les imprim\u00e9s modestes<\/em><\/p>\n<p><a href=\"https:\/\/sites-recherche.univ-rennes2.fr\/ptac\/articles\/soutenance-hdr-marie-boivent\/\">Plus&#8230;<\/a><\/p>\n<hr \/>\n<p><strong>Azza Ben Chaabane\u00a0<\/strong><\/p>\n<p><span style=\"font-weight: 400;\">Th\u00e8se de Doctorat en Arts Plastiques, soutenue le 9 d\u00e9cembre 2023 sous la direction de Marie-No\u00eblle Semet-Haviaras<\/span><\/p>\n<p><span style=\"font-weight: 400;\">Titre:<\/span><i><span style=\"font-weight: 400;\"> L\u2019Espace sc\u00e9nique comme lieu d\u2019expression des imaginaires\u00a0: le cas des sc\u00e9nographies de l\u2019\u00c9cole des femmes dans les mises en sc\u00e8ne contemporaines <\/span><\/i><\/p>\n<hr \/>\n<p><strong>Antoine Quilici<\/strong><\/p>\n<p><span style=\"font-weight: 400;\">Th\u00e8se de Doctorat en Arts Plastiques, soutenue le 8 d\u00e9cembre 2023 sous la direction de Sandrine Ferret<\/span><\/p>\n<p><span style=\"font-weight: 400;\">Titre:<\/span><i><span style=\"font-weight: 400;\"> Les motifs des produits d\u00e9riv\u00e9s. Vers une place du produit d\u00e9riv\u00e9 dans le champ des arts plastiques<\/span><\/i><\/p>\n<hr \/>\n<p><strong>Jan Middelbos<\/strong><\/p>\n<p><span style=\"font-weight: 400;\">Th\u00e8se de Doctorat en Arts, soutenue le 8 septembre 2023 sous la direction de Leszek Brogowski<\/span><\/p>\n<p><span style=\"font-weight: 400;\">Titre: <i>Les Arts tactiques au travail : de la repr\u00e9sentation des mondes du travail \u00e0 la pratique de la perruque<\/i><\/span><\/p>\n<hr \/>\n<p><b>Jil Daniel<\/b><\/p>\n<p><span style=\"font-weight: 400;\">Th\u00e8se de Doctorat en Esth\u00e9tique, soutenue le 27 janvier 2023 sous la direction de Leszek Brogowski<\/span><\/p>\n<p><span style=\"font-weight: 400;\">Titre:<\/span><i><span style=\"font-weight: 400;\"> Impression artisanale, militante, collective et anonyme pendant le printemps 1968 et ses suites<\/span><\/i><\/p>\n<p><a href=\"https:\/\/sites-recherche.univ-rennes2.fr\/ptac\/articles\/soutenance-these-en-esthetique-jil-daniel\/\"><span style=\"font-weight: 400;\">Plus&#8230;<\/span><\/a><\/p>\n<hr \/>\n<p><b>Jean-Baptiste Farkas\u00a0<\/b><\/p>\n<p><span style=\"font-weight: 400;\">Th\u00e8se de Doctorat Arts plastiques, soutenue le 21 octobre 2022 sous la direction de Leszek Brogowski<\/span><\/p>\n<p><span style=\"font-weight: 400;\">Titre : <\/span><i><span style=\"font-weight: 400;\">De plus en plus de moins. L\u2019art et ses logiques soustractives<\/span><\/i><\/p>\n<p><a href=\"https:\/\/sites-recherche.univ-rennes2.fr\/ptac\/?post_type=article&amp;p=601&amp;preview=true\"><span style=\"font-weight: 400;\">Plus\u2026<\/span><\/a><\/p>\n<hr \/>\n<p><b>Tifenn Charles-Blin<\/b><\/p>\n<p><span style=\"font-weight: 400;\">Th\u00e8se de Doctorat Arts plastiques, soutenue le 4 octobre 2022 sous la direction de Sandrine Ferret<\/span><\/p>\n<p><span style=\"font-weight: 400;\">Titre : <\/span><i><span style=\"font-weight: 400;\">Figures th\u00e9\u00e2trales du grotesque en c\u00e9ramique contemporaine<\/span><\/i><\/p>\n<hr \/>\n<p><strong>Oph\u00e9lie Queffurus<\/strong><\/p>\n<p><span style=\"font-weight: 400;\">Th\u00e8se de Doctorat en Arts Plastiques, soutenue le 9 novembre 2020 sous la direction de Leszek Brogowski<\/span><\/p>\n<p><span style=\"font-weight: 400;\">Titre: <i>Phys[art]um : pour une approche artistique de la culture de physarum polycephalum<\/i><\/span><\/p>\n<hr \/>\n<p><b>Marie-Dominique Bidard<\/b><\/p>\n<p><span style=\"font-weight: 400;\">Th\u00e8se de Doctorat Arts plastiques, soutenue le 1 octobre 2020 sous la direction de Sandrine Ferret<\/span><\/p>\n<p><span style=\"font-weight: 400;\">Titre : <\/span><i><span style=\"font-weight: 400;\">Dessiner l\u2018actualit\u00e9, une pratique sensible<\/span><\/i><\/p>\n<p><a href=\"https:\/\/sites-recherche.univ-rennes2.fr\/ptac\/articles\/soutenance-these-en-arts-plastiques-marie-dominique-bidard\/\"><span style=\"font-weight: 400;\">Plus\u2026<\/span><\/a><\/p>\n<hr \/>\n<p><strong>Maria Alejandra Lopez<\/strong><\/p>\n<p><span style=\"font-weight: 400;\">Th\u00e8se de Doctorat en Humanit\u00e9s num\u00e9riques, soutenue le 23 septembre 2020 sous la direction de Nicolas Th\u00e9ly et Antonia Vila Martinez<\/span><\/p>\n<p><span style=\"font-weight: 400;\">Titre: <i>Datafication et individuation : enqu\u00eate sur la corpor\u00e9it\u00e9 num\u00e9rique dans les pratiques artistiques contemporaines<\/i><\/span><\/p>\n<hr \/>\n<p><strong>Robin de MOURAT\u00a0<\/strong><\/p>\n<p><span style=\"font-weight: 400;\">Th\u00e8se de Doctorat en Esth\u00e9tique, soutenue le 18 septembre 2020 sous la direction de Nicolas Th\u00e9ly<\/span><\/p>\n<p><span style=\"font-weight: 400;\">Titre:<\/span><i><span style=\"font-weight: 400;\"> Le Vacillement des formats : mat\u00e9rialit\u00e9, \u00e9criture et enqu\u00eate : le design des publications en sciences humaines et sociales<\/span><\/i><i><\/i><\/p>\n<hr \/>\n<p><b>St\u00e9phane Le Mercier<\/b><\/p>\n<p><span style=\"font-weight: 400;\">Th\u00e8se de Doctorat en Esth\u00e9tique, soutenue le 20 janvier 2020 sous la direction de Leszek Brogowski<\/span><\/p>\n<p><span style=\"font-weight: 400;\">Titre : <\/span><i><span style=\"font-weight: 400;\">Le Colporteur ou la mobilit\u00e9 de diffusion de l\u2019imprim\u00e9 contemporain<\/span><\/i><\/p>\n<p><a href=\"https:\/\/sites-recherche.univ-rennes2.fr\/ptac\/articles\/soutenance-these-en-esthetique-stephane-le-mercier\/\"><span style=\"font-weight: 400;\">Plus&#8230;<\/span><\/a><\/p>\n<hr \/>\n<p><b>Quentin Montagne<\/b><\/p>\n<p><span style=\"font-weight: 400;\">Th\u00e8se de Doctorat en Esth\u00e9tique, soutenue le 7 janvier 2019 sous la direction de Christophe Viart<\/span><\/p>\n<p><span style=\"font-weight: 400;\">Titre : <\/span><i><span style=\"font-weight: 400;\">\u00a0L\u2019Aquarium : vision et repr\u00e9sentation des mondes subaquatiques, Un dispositif d\u2019exposition au croisement de l\u2019art et de la science.<\/span><\/i><\/p>\n<p><a href=\"https:\/\/sites-recherche.univ-rennes2.fr\/ptac\/articles\/soutenance-these-en-arts-plastiques-quentin-montagne\/\"><span style=\"font-weight: 400;\">Plus\u2026<\/span><\/a><\/p>\n<hr \/>\n<p><b>L\u00e9onie Lauvaux<\/b><\/p>\n<p><span style=\"font-weight: 400;\">Th\u00e8se de Doctorat en Arts Plastiques, soutenue le 20 d\u00e9cembre 2018 sous la direction de Sandrine Ferret<\/span><\/p>\n<p><span style=\"font-weight: 400;\">Titre : <\/span><i><span style=\"font-weight: 400;\">\u00a0Broder la pornographie. \u00c0 la recherche d&rsquo;un d\u00e9sir f\u00e9minin<\/span><\/i><\/p>\n<p><a href=\"https:\/\/sites-recherche.univ-rennes2.fr\/ptac\/articles\/soutenance-these-en-arts-plastiques-leonie-lauvaux\/\"><span style=\"font-weight: 400;\">Plus\u2026<\/span><\/a><\/p>\n<hr \/>\n<p><b>Emmanuel Latreille<\/b><\/p>\n<p><span style=\"font-weight: 400;\">Th\u00e8se de Doctorat en Arts Plastiques, soutenue le 2 mars 2018 sous la direction de Leszek Brogowski.<\/span><\/p>\n<p><span style=\"font-weight: 400;\">Titre : <\/span><i><span style=\"font-weight: 400;\">\u00a0Le Monde comme art<\/span><\/i><\/p>\n<p><a href=\"https:\/\/sites-recherche.univ-rennes2.fr\/ptac\/wp-admin\/post.php?post=659&amp;action=edit#:~:text=https%3A\/\/sites%2Drecherche.univ%2Drennes2.fr\/ptac\/articles\/soutenance%2Dthese%E2%80%A6manuel%2Dlatreille\/\"><span style=\"font-weight: 400;\">Plus\u2026<\/span><\/a><\/p>\n<hr \/>\n<p><b>Rahaf Demashki<\/b><\/p>\n<p><span style=\"font-weight: 400;\">Th\u00e8se de Doctorat en Arts Plastiques, soutenue le 15 f\u00e9vrier 2018 sous la direction d\u2019Ivan Toulouse<\/span><\/p>\n<p><span style=\"font-weight: 400;\">Titre : <\/span><i><span style=\"font-weight: 400;\">\u00a0Action artistique et pr\u00e9carit\u00e9<\/span><\/i><\/p>\n<p><a href=\"https:\/\/sites-recherche.univ-rennes2.fr\/ptac\/articles\/soutenance-these-en-arts-plastiques-rahaf-demashki\/\"><span style=\"font-weight: 400;\">Plus..<\/span><\/a><\/p>\n<hr \/>\n<p><b>Virginie Pringuet<\/b><\/p>\n<p><span style=\"font-weight: 400;\">Th\u00e8se de Doctorat en Arts Plastiques, soutenue le 31 janvier 2017 sous la direction de Nicolas Th\u00e9ly<\/span><\/p>\n<p><span style=\"font-weight: 400;\">Titre : <\/span><i><span style=\"font-weight: 400;\">\u00a0Vers un atlas de l&rsquo;art dans l&rsquo;espace public : la mod\u00e9lisation d&rsquo;un mus\u00e9e r\u00e9ticulaire<\/span><\/i><\/p>\n<p><a href=\"https:\/\/sites-recherche.univ-rennes2.fr\/ptac\/articles\/soutenance-these-en-esthetique-virginie-pringuet\/\"><span style=\"font-weight: 400;\">Plus\u2026<\/span><\/a><\/p>\n","protected":false},"excerpt":{"rendered":"<p>Anne Zeitz Habilitation \u00e0 diriger des recherches, soutenue le 18 d\u00e9cembre 2023 sous la direction scientifique de Nicolas Th\u00e9ly, professeur \u00e0 l&rsquo;universit\u00e9 Rennes 2.&hellip;<\/p>\n","protected":false},"author":1,"featured_media":0,"parent":0,"menu_order":0,"comment_status":"closed","ping_status":"closed","template":"","meta":{"_acf_changed":false,"footnotes":""},"class_list":["post-126","page","type-page","status-publish","hentry"],"acf":[],"_links":{"self":[{"href":"https:\/\/sites-recherche.univ-rennes2.fr\/ptac\/wp-json\/wp\/v2\/pages\/126","targetHints":{"allow":["GET"]}}],"collection":[{"href":"https:\/\/sites-recherche.univ-rennes2.fr\/ptac\/wp-json\/wp\/v2\/pages"}],"about":[{"href":"https:\/\/sites-recherche.univ-rennes2.fr\/ptac\/wp-json\/wp\/v2\/types\/page"}],"author":[{"embeddable":true,"href":"https:\/\/sites-recherche.univ-rennes2.fr\/ptac\/wp-json\/wp\/v2\/users\/1"}],"replies":[{"embeddable":true,"href":"https:\/\/sites-recherche.univ-rennes2.fr\/ptac\/wp-json\/wp\/v2\/comments?post=126"}],"version-history":[{"count":17,"href":"https:\/\/sites-recherche.univ-rennes2.fr\/ptac\/wp-json\/wp\/v2\/pages\/126\/revisions"}],"predecessor-version":[{"id":1136,"href":"https:\/\/sites-recherche.univ-rennes2.fr\/ptac\/wp-json\/wp\/v2\/pages\/126\/revisions\/1136"}],"wp:attachment":[{"href":"https:\/\/sites-recherche.univ-rennes2.fr\/ptac\/wp-json\/wp\/v2\/media?parent=126"}],"curies":[{"name":"wp","href":"https:\/\/api.w.org\/{rel}","templated":true}]}}