{"id":128,"date":"2022-10-04T12:56:53","date_gmt":"2022-10-04T10:56:53","guid":{"rendered":"https:\/\/sites-recherche.univ-rennes2.fr\/ptac\/?page_id=128"},"modified":"2023-11-07T12:56:28","modified_gmt":"2023-11-07T11:56:28","slug":"master","status":"publish","type":"page","link":"https:\/\/sites-recherche.univ-rennes2.fr\/ptac\/master\/","title":{"rendered":"Master"},"content":{"rendered":"<p>Informations g\u00e9n\u00e9rales pour s&rsquo;inscrire en Master :<\/p>\n<ul>\n<li><a href=\"https:\/\/www.univ-rennes2.fr\/formation\/inscriptions-candidatures\/master\" target=\"_blank\" rel=\"noopener\">Proc\u00e9dures d&rsquo;inscription \u00e0 l&rsquo;universit\u00e9 Rennes 2<\/a><\/li>\n<li><a href=\"https:\/\/formations.univ-rennes2.fr\/fr\/formations\/master-37.html\" target=\"_blank\" rel=\"noopener\">Catalogue des formations en Master de l&rsquo;universit\u00e9 Rennes 2<\/a><\/li>\n<\/ul>\n<p>Informations sp\u00e9cifiques sur :<\/p>\n<ul>\n<li><a href=\"https:\/\/formations.univ-rennes2.fr\/fr\/formations\/master-37\/master-mention-arts-plastiques-JDY7KWVB.html\" target=\"_blank\" rel=\"noopener\">Master mention Arts plastiques<\/a><\/li>\n<li><a href=\"https:\/\/formations.univ-rennes2.fr\/fr\/formations\/master-37\/master-mention-design-parcours-design-et-sciences-sociales-JF9GLNGM.html\" target=\"_blank\" rel=\"noopener\">Master mention Design, parcours design et sciences sociales<\/a><\/li>\n<li><a href=\"https:\/\/formations.univ-rennes2.fr\/fr\/formations\/master-37\/master-mention-approches-creatives-de-l-espace-public-KZ2TSLLB.html\" target=\"_blank\" rel=\"noopener\">Master mention Approches cr\u00e9atives de l&rsquo;espace public<\/a> (CAPS)<\/li>\n<\/ul>\n","protected":false},"excerpt":{"rendered":"<p>Informations g\u00e9n\u00e9rales pour s&rsquo;inscrire en Master : Proc\u00e9dures d&rsquo;inscription \u00e0 l&rsquo;universit\u00e9 Rennes 2 Catalogue des formations en Master de l&rsquo;universit\u00e9 Rennes 2 Informations sp\u00e9cifiques&hellip;<\/p>\n","protected":false},"author":1,"featured_media":0,"parent":0,"menu_order":0,"comment_status":"closed","ping_status":"closed","template":"","meta":{"_acf_changed":false,"footnotes":""},"class_list":["post-128","page","type-page","status-publish","hentry"],"acf":[],"_links":{"self":[{"href":"https:\/\/sites-recherche.univ-rennes2.fr\/ptac\/wp-json\/wp\/v2\/pages\/128","targetHints":{"allow":["GET"]}}],"collection":[{"href":"https:\/\/sites-recherche.univ-rennes2.fr\/ptac\/wp-json\/wp\/v2\/pages"}],"about":[{"href":"https:\/\/sites-recherche.univ-rennes2.fr\/ptac\/wp-json\/wp\/v2\/types\/page"}],"author":[{"embeddable":true,"href":"https:\/\/sites-recherche.univ-rennes2.fr\/ptac\/wp-json\/wp\/v2\/users\/1"}],"replies":[{"embeddable":true,"href":"https:\/\/sites-recherche.univ-rennes2.fr\/ptac\/wp-json\/wp\/v2\/comments?post=128"}],"version-history":[{"count":3,"href":"https:\/\/sites-recherche.univ-rennes2.fr\/ptac\/wp-json\/wp\/v2\/pages\/128\/revisions"}],"predecessor-version":[{"id":1088,"href":"https:\/\/sites-recherche.univ-rennes2.fr\/ptac\/wp-json\/wp\/v2\/pages\/128\/revisions\/1088"}],"wp:attachment":[{"href":"https:\/\/sites-recherche.univ-rennes2.fr\/ptac\/wp-json\/wp\/v2\/media?parent=128"}],"curies":[{"name":"wp","href":"https:\/\/api.w.org\/{rel}","templated":true}]}}