{"id":5,"date":"2020-12-16T14:39:55","date_gmt":"2020-12-16T13:39:55","guid":{"rendered":"https:\/\/sites-recherche.univ-rennes2.fr\/ptac\/accueil\/"},"modified":"2026-03-09T18:27:22","modified_gmt":"2026-03-09T17:27:22","slug":"accueil","status":"publish","type":"page","link":"https:\/\/sites-recherche.univ-rennes2.fr\/ptac\/","title":{"rendered":"Accueil"},"content":{"rendered":"<p><span style=\"font-weight: 400;\">Elle rassemble vingt-trois enseignantes-chercheuses et enseignants-chercheurs en arts plastiques, design, histoire de l\u2019art, esth\u00e9tique et sciences sociales, une trentaine de doctorantes et doctorants et quinze membres associ\u00e9s.<\/span><\/p>\n<p><span style=\"font-weight: 400;\">L\u2019ensemble de ses travaux et projets porte sur les pratiques artistiques contemporaines depuis la seconde moiti\u00e9 du vingti\u00e8me si\u00e8cle, leurs mutations formelles et leurs rapports avec les questions soci\u00e9tales.\u00a0<\/span><\/p>\n<p><span style=\"font-weight: 400;\">Ses recherches sont organis\u00e9es autour de trois axes :<\/span><\/p>\n<ul>\n<li style=\"font-weight: 400;\" aria-level=\"1\"><span style=\"font-weight: 400;\">L\u2019art comme production<\/span><\/li>\n<li style=\"font-weight: 400;\" aria-level=\"1\"><span style=\"font-weight: 400;\">Art et politique<\/span><\/li>\n<li style=\"font-weight: 400;\" aria-level=\"1\"><span style=\"font-weight: 400;\">\u00c9pist\u00e9mologie de l\u2019art<\/span><\/li>\n<\/ul>\n<p><span style=\"font-weight: 400;\">Ses productions se d\u00e9ploient sur deux versants\u00a0\u00e9troitement li\u00e9s, pratique et th\u00e9orique, cr\u00e9atif et conceptuel.\u00a0<\/span><\/p>\n<p><span style=\"font-weight: 400;\">L\u2019Unit\u00e9 de recherche s\u2019appuie sur des structures et dispositifs tels que la Galerie Art &amp; Essai, le Cabinet du Livre d\u2019artiste, l\u2019espace Tokonoma, Les \u00c9crans variables, l\u2019\u00c9cole Universitaire de Recherche Cr\u00e9ation dans l\u2019Espace Public CAPS. <\/span><\/p>\n","protected":false},"excerpt":{"rendered":"<p>Elle rassemble vingt-trois enseignantes-chercheuses et enseignants-chercheurs en arts plastiques, design, histoire de l\u2019art, esth\u00e9tique et sciences sociales, une trentaine de doctorantes et doctorants et&hellip;<\/p>\n","protected":false},"author":1,"featured_media":0,"parent":0,"menu_order":0,"comment_status":"closed","ping_status":"closed","template":"","meta":{"_acf_changed":false,"footnotes":""},"class_list":["post-5","page","type-page","status-publish","hentry"],"acf":[],"_links":{"self":[{"href":"https:\/\/sites-recherche.univ-rennes2.fr\/ptac\/wp-json\/wp\/v2\/pages\/5","targetHints":{"allow":["GET"]}}],"collection":[{"href":"https:\/\/sites-recherche.univ-rennes2.fr\/ptac\/wp-json\/wp\/v2\/pages"}],"about":[{"href":"https:\/\/sites-recherche.univ-rennes2.fr\/ptac\/wp-json\/wp\/v2\/types\/page"}],"author":[{"embeddable":true,"href":"https:\/\/sites-recherche.univ-rennes2.fr\/ptac\/wp-json\/wp\/v2\/users\/1"}],"replies":[{"embeddable":true,"href":"https:\/\/sites-recherche.univ-rennes2.fr\/ptac\/wp-json\/wp\/v2\/comments?post=5"}],"version-history":[{"count":25,"href":"https:\/\/sites-recherche.univ-rennes2.fr\/ptac\/wp-json\/wp\/v2\/pages\/5\/revisions"}],"predecessor-version":[{"id":1166,"href":"https:\/\/sites-recherche.univ-rennes2.fr\/ptac\/wp-json\/wp\/v2\/pages\/5\/revisions\/1166"}],"wp:attachment":[{"href":"https:\/\/sites-recherche.univ-rennes2.fr\/ptac\/wp-json\/wp\/v2\/media?parent=5"}],"curies":[{"name":"wp","href":"https:\/\/api.w.org\/{rel}","templated":true}]}}