{"id":120,"date":"2020-07-20T10:05:48","date_gmt":"2020-07-20T08:05:48","guid":{"rendered":"https:\/\/sites-recherche.univ-rennes2.fr\/tempora\/?page_id=120"},"modified":"2025-12-16T18:03:26","modified_gmt":"2025-12-16T17:03:26","slug":"tempora-en-bref","status":"publish","type":"page","link":"https:\/\/sites-recherche.univ-rennes2.fr\/tempora\/tempora-en-bref\/","title":{"rendered":"Tempora en bref"},"content":{"rendered":"<h4><strong>Petit historique<\/strong><\/h4>\n<p><img loading=\"lazy\" decoding=\"async\" class=\"size-medium wp-image-262 alignright\" src=\"https:\/\/sites-recherche.univ-rennes2.fr\/tempora\/wp-content\/uploads\/2020\/08\/spirale-Tempora-noir-sur-blc-249x300.png\" alt=\"\" width=\"249\" height=\"300\" srcset=\"https:\/\/sites-recherche.univ-rennes2.fr\/tempora\/wp-content\/uploads\/2020\/08\/spirale-Tempora-noir-sur-blc-249x300.png 249w, https:\/\/sites-recherche.univ-rennes2.fr\/tempora\/wp-content\/uploads\/2020\/08\/spirale-Tempora-noir-sur-blc-849x1024.png 849w, https:\/\/sites-recherche.univ-rennes2.fr\/tempora\/wp-content\/uploads\/2020\/08\/spirale-Tempora-noir-sur-blc-768x927.png 768w, https:\/\/sites-recherche.univ-rennes2.fr\/tempora\/wp-content\/uploads\/2020\/08\/spirale-Tempora-noir-sur-blc-920x1110.png 920w, https:\/\/sites-recherche.univ-rennes2.fr\/tempora\/wp-content\/uploads\/2020\/08\/spirale-Tempora-noir-sur-blc.png 1147w\" sizes=\"auto, (max-width: 249px) 100vw, 249px\" \/>La gen\u00e8se de l\u2019unit\u00e9 de recherche <strong>Tempora<\/strong> remonte \u00e0 l\u2019automne 2016. Elle fait suite \u00e0 la restructuration du Centre de Recherches Historiques de l\u2019Ouest (ex-UMR 6258, multisite, fond\u00e9e en 2006).<\/p>\n<p>Son noyau rennais \u00e9tait l\u2019Institut Armoricain de Recherche Historique, cr\u00e9\u00e9 \u00e0 l\u2019Universit\u00e9 de Rennes par Henri Fr\u00e9ville, et dirig\u00e9 successivement par deux \u00e9minents historiens : Jean Delumeau et Fran\u00e7ois Lebrun \u2013 dont la biblioth\u00e8que de <strong>Tempora<\/strong> porte aujourd&rsquo;hui le nom (voir <a href=\"https:\/\/sites-recherche.univ-rennes2.fr\/tempora\/bfl\/\"><em>Biblioth\u00e8que<\/em><\/a>).<\/p>\n<p>Valid\u00e9e par le Minist\u00e8re de l\u2019Enseignement Sup\u00e9rieur et de la Recherche, <strong>Tempora<\/strong> \u2013 dont le nom n\u2019est pas un acronyme \u2013 a d\u00e9but\u00e9 officiellement ses activit\u00e9s le 1<sup>er<\/sup> janvier 2017, sous le nom d\u2019EA (\u00ab\u00a0\u00c9quipe d\u2019Accueil\u00a0\u00bb) n\u00b0 7468, aujourd\u2019hui UR (\u00ab\u00a0Unit\u00e9 de Recherche\u00a0\u00bb). Elle est num\u00e9rot\u00e9e 201722259A dans le R\u00e9pertoire National des Structures de Recherche.<\/p>\n<p>Elle a pour si\u00e8ge la Maison de la Recherche en Sciences sociales de l\u2019universit\u00e9 Rennes 2 (Campus Villejean, b\u00e2timent N).<\/p>\n<h4><strong>Effectifs et gouvernance<\/strong><\/h4>\n<p>L\u2019unit\u00e9 de recherche <strong>Tempora<\/strong> regroupe \u00e0 ce jour plus d\u2019une centaine de membres : pr\u00e8s de trente enseignants-chercheurs, une grosse vingtaine de doctorants \u2013 presque tous\u00a0inscrits \u00e0 titre principal \u00e0 Tempora \u2013, et une cinquantaine d<strong>e <\/strong>membres associ\u00e9s (voir <em><a href=\"https:\/\/sites-recherche.univ-rennes2.fr\/tempora\/membres\/\">Membres<\/a><\/em>).<\/p>\n<p>Elle est dirig\u00e9e depuis janvier 2017 par une \u00e9quipe resserr\u00e9e, compos\u00e9e d\u2019un directeur et d\u2019un Conseil d&rsquo;unit\u00e9 (comprenant 4 enseignants-chercheurs, un repr\u00e9sentant des doctorants et le\/la secr\u00e9taire-gestionnaire), dont les propositions et orientations sont soumises \u00e0 l&rsquo;ensemble des membres, p\u00e9riodiquement r\u00e9unis en Assembl\u00e9e g\u00e9n\u00e9rale, conform\u00e9ment au cadre d\u00e9fini par le R\u00e8glement int\u00e9rieur (voir <em><a href=\"https:\/\/sites-recherche.univ-rennes2.fr\/tempora\/fonctionnement\/\">Fonctionnement<\/a><\/em>).<\/p>\n<p>Elle a un r\u00e9f\u00e9rent \u00ab\u00a0Handicap\u00a0\u00bb (Michel Tissier), un r\u00e9f\u00e9rent \u00ab\u00a0D\u00e9veloppement durable\/Transition sociale et environnementale\u00a0\u00bb (Gaelle Bosseman) et une r\u00e9f\u00e9rente \u00ab\u00a0\u00c9galit\u00e9\u00a0\u00bb (\u00c9va Guillorel). Ses membres conforment leurs activit\u00e9s aux recommandations de sa <a href=\"https:\/\/sites-recherche.univ-rennes2.fr\/tempora\/wp-content\/uploads\/2025\/06\/tempora_charte-de-responsabilite-sociale-et-environnementale.pdf\">Charte de responsabilite\u0301 sociale et environnementale<\/a>.<\/p>\n<h4><strong>Profil et objectifs scientifiques <\/strong><\/h4>\n<p>Le nom de <strong>Tempora<\/strong> renvoie aux questions de temporalit\u00e9 qui se trouvent au c\u0153ur de la d\u00e9marche historienne. Elles sont associ\u00e9es \u00e0 la prise en compte des r\u00e9alit\u00e9s, faits ou ph\u00e9nom\u00e8nes spatiaux, politiques et culturels.<\/p>\n<p>\u00c0 dominante monodisciplinaire, <strong>Tempora<\/strong> donne la priorit\u00e9 \u00e0 l&rsquo;approche historienne \u2013 en embrassant toutes les p\u00e9riodes, de l\u2019Antiquit\u00e9 au \u00ab temps pr\u00e9sent \u00bb \u2013 tout en la croisant avec celles de la science politique, de l\u2019histoire du droit, de l\u2019histoire de la litt\u00e9rature, de l\u2019histoire de l\u2019art, ou encore de l\u2019arch\u00e9ologie et de l\u2019arch\u00e9og\u00e9ographie.<\/p>\n<p>Ses activit\u00e9s s\u2019articulent autour des th\u00e9matiques suivantes (d\u00e9tail dans <em><a href=\"https:\/\/sites-recherche.univ-rennes2.fr\/tempora\/axes-et-equipes-de-recherche\/\">Axes et \u00e9quipes de recherche<\/a><\/em>):<\/p>\n<ol>\n<li><strong>Jeux d\u2019\u00e9chelles\u00a0: du local au global<\/strong>\n<ol>\n<li>histoire, patrimoine et identit\u00e9s : le laboratoire breton<\/li>\n<li>communaut\u00e9s et construction des territoires<\/li>\n<li>r\u00e9seaux et circuits d\u2019\u00e9changes mat\u00e9riels et immat\u00e9riels<\/li>\n<li>histoires transnationales<\/li>\n<\/ol>\n<\/li>\n<li><strong>Gouverner et \u00eatre gouvern\u00e9 <\/strong>\n<ol>\n<li>\u00c9tats et \u00c9glises\u00a0: rouages institutionnels et agents<\/li>\n<li>exercice de l\u2019autorit\u00e9 et encadrement des populations<\/li>\n<li>dissidences, r\u00e9bellions et r\u00e9pressions<\/li>\n<li>guerres et soci\u00e9t\u00e9s<\/li>\n<\/ol>\n<\/li>\n<li><strong>Savoirs et pratiques socio-culturelles<\/strong>\n<ol>\n<li>apprentissages<\/li>\n<li>pratiques de l\u2019\u00e9crit et cultures du livre<\/li>\n<li>genre, corps, apparences et identit\u00e9s.<\/li>\n<\/ol>\n<\/li>\n<\/ol>\n<h4><strong>Environnement de recherche<\/strong><\/h4>\n<p>Le premier niveau d\u2019environnement institutionnel de <strong>Tempora<\/strong> est la <strong>Maison de la Recherche en Sciences Sociales<\/strong>, plac\u00e9e sous la tutelle de l\u2019UFR Sciences sociales de l\u2019Universit\u00e9 Rennes 2, qui agit comme une plateforme logistique. \u00c0 l&rsquo;\u00e9chelon sup\u00e9rieur, l\u2019<strong>Universit\u00e9 Rennes 2<\/strong> fixe des objectifs scientifiques et participe au financement de la Biblioth\u00e8que Fran\u00e7ois-Lebrun. Elle sollicite les membres de <strong>Tempora<\/strong> autour de certaines th\u00e9matiques. Elle est partenaire de plusieurs GIS impliquant, entre autres laboratoires, des membres de <strong>Tempora<\/strong> (<strong><a href=\"https:\/\/institut-du-genre.fr\/\" target=\"_blank\" rel=\"noopener noreferrer\">GIS Institut du Genre<\/a><\/strong>, par exemple).<\/p>\n<p><strong>Tempora<\/strong> fait \u00e9galement partie des organismes gravitant autour de la <strong><a href=\"https:\/\/www.mshb.fr\/\" target=\"_blank\" rel=\"noopener noreferrer\">Maison des Sciences de l\u2019Homme en Bretagne<\/a> <\/strong>et elle monte certains projets en partenariat avec cette structure.<\/p>\n<p>Des collaborations scientifiques sont \u00e9tablies avec le <strong><a href=\"https:\/\/www.musee-bretagne.fr\/\" target=\"_blank\" rel=\"noopener noreferrer\">Mus\u00e9e de Bretagne<\/a> <\/strong>(Rennes), en mati\u00e8re de fonds documentaires comme de valorisation de la recherche, activit\u00e9 dont les <a href=\"https:\/\/sites-recherche.univ-rennes2.fr\/tempora\/activites\/les-rencontres-dhistoire\/\"><strong><em>Rencontres d\u2019Histoire <\/em><\/strong><\/a>constituent le fleuron.<\/p>\n<p>Parmi les soci\u00e9t\u00e9s savantes locales et r\u00e9gionales, <strong>Tempora<\/strong> entretient des liens \u00e9troits avec la <a href=\"https:\/\/www.sahiv.fr\/\"><strong>Soci\u00e9t\u00e9 Arch\u00e9ologique et Historique d\u2019Ille-et-Vilaine<\/strong><\/a> (SAHIV), la <a href=\"https:\/\/www.shabretagne.com\/la-shab.php\"><strong>Soci\u00e9t\u00e9 d&rsquo;Histoire et d&rsquo;Arch\u00e9ologie de Bretagne<\/strong><\/a> (SHAB) et la <a href=\"https:\/\/www.shabretagne.com\/societe-d-emulation-des-cotes-d-armor.php\"><strong>Soci\u00e9t\u00e9 d\u2019\u00c9mulation des C\u00f4tes-d\u2019Armor<\/strong><\/a> (SEDCA). Des colloques, journ\u00e9es d&rsquo;\u00e9tude et publications conjointes en r\u00e9sultent.<\/p>\n<p>D&rsquo;autres partenariats confirment et stimulent le rayonnement de <strong>Tempora<\/strong> hors des fronti\u00e8res nationales (voir <em><a href=\"https:\/\/sites-recherche.univ-rennes2.fr\/tempora\/collaborations-institutionnelles\/\">Collaborations internationales<\/a><\/em>).<\/p>\n","protected":false},"excerpt":{"rendered":"<p>Petit historique La gen\u00e8se de l\u2019unit\u00e9 de recherche Tempora remonte \u00e0 l\u2019automne 2016. Elle fait suite \u00e0 la restructuration du Centre de Recherches Historiques&hellip;<\/p>\n","protected":false},"author":1,"featured_media":0,"parent":0,"menu_order":0,"comment_status":"closed","ping_status":"closed","template":"","meta":{"_acf_changed":false,"footnotes":""},"class_list":["post-120","page","type-page","status-publish","hentry"],"acf":[],"_links":{"self":[{"href":"https:\/\/sites-recherche.univ-rennes2.fr\/tempora\/wp-json\/wp\/v2\/pages\/120","targetHints":{"allow":["GET"]}}],"collection":[{"href":"https:\/\/sites-recherche.univ-rennes2.fr\/tempora\/wp-json\/wp\/v2\/pages"}],"about":[{"href":"https:\/\/sites-recherche.univ-rennes2.fr\/tempora\/wp-json\/wp\/v2\/types\/page"}],"author":[{"embeddable":true,"href":"https:\/\/sites-recherche.univ-rennes2.fr\/tempora\/wp-json\/wp\/v2\/users\/1"}],"replies":[{"embeddable":true,"href":"https:\/\/sites-recherche.univ-rennes2.fr\/tempora\/wp-json\/wp\/v2\/comments?post=120"}],"version-history":[{"count":57,"href":"https:\/\/sites-recherche.univ-rennes2.fr\/tempora\/wp-json\/wp\/v2\/pages\/120\/revisions"}],"predecessor-version":[{"id":4814,"href":"https:\/\/sites-recherche.univ-rennes2.fr\/tempora\/wp-json\/wp\/v2\/pages\/120\/revisions\/4814"}],"wp:attachment":[{"href":"https:\/\/sites-recherche.univ-rennes2.fr\/tempora\/wp-json\/wp\/v2\/media?parent=120"}],"curies":[{"name":"wp","href":"https:\/\/api.w.org\/{rel}","templated":true}]}}