{"id":125,"date":"2020-07-20T10:06:21","date_gmt":"2020-07-20T08:06:21","guid":{"rendered":"https:\/\/sites-recherche.univ-rennes2.fr\/tempora\/?page_id=125"},"modified":"2022-09-13T16:48:21","modified_gmt":"2022-09-13T14:48:21","slug":"fonctionnement","status":"publish","type":"page","link":"https:\/\/sites-recherche.univ-rennes2.fr\/tempora\/fonctionnement\/","title":{"rendered":"Fonctionnement"},"content":{"rendered":"<h2><strong>La gouvernance de Tempora<\/strong><\/h2>\n<p>Coll\u00e9giale et \u00e9lective, la gouvernance de l\u2019unit\u00e9 de recherche Tempora comporte trois niveaux de d\u00e9cision : la direction, le Conseil d\u2019unit\u00e9 et l\u2019Assembl\u00e9e g\u00e9n\u00e9rale, en conformit\u00e9 avec le R\u00e8glement int\u00e9rieur.<\/p>\n<p><strong><img loading=\"lazy\" decoding=\"async\" class=\"aligncenter wp-image-271 size-full\" src=\"https:\/\/sites-recherche.univ-rennes2.fr\/tempora\/wp-content\/uploads\/2020\/08\/Organigramme-fonctionnel.png\" alt=\"\" width=\"559\" height=\"510\" srcset=\"https:\/\/sites-recherche.univ-rennes2.fr\/tempora\/wp-content\/uploads\/2020\/08\/Organigramme-fonctionnel.png 559w, https:\/\/sites-recherche.univ-rennes2.fr\/tempora\/wp-content\/uploads\/2020\/08\/Organigramme-fonctionnel-300x274.png 300w\" sizes=\"auto, (max-width: 559px) 100vw, 559px\" \/><\/strong><\/p>\n<p>Le\/la <strong>directeur\/-trice de Tempora<\/strong>, auquel suppl\u00e9e un directeur adjoint, a plusieurs missions :<\/p>\n<ul>\n<li>mettre en \u0153uvre la politique scientifique de l\u2019unit\u00e9 et ex\u00e9cuter le budget<\/li>\n<li>veiller \u00e0 la qualit\u00e9 des conditions de travail des membres<\/li>\n<li>r\u00e9unir le Conseil d\u2019unit\u00e9 au moins 3 fois par an et communiquer ses d\u00e9cisions<\/li>\n<li>convoquer l\u2019AG de l\u2019unit\u00e9 au moins une fois par an.<\/li>\n<\/ul>\n<p>Le <strong>Conseil d\u2019unit\u00e9<\/strong> forme, autour du directeur\/-trice, l\u2019\u00c9quipe de direction. C&rsquo;est elle qui prend l\u2019essentiel des initiatives concernant la vie de l\u2019unit\u00e9, sous r\u00e9serve de validation par l\u2019AG, \u00e0 savoir :<\/p>\n<ul>\n<li>d\u00e9finir la politique scientifique de l\u2019unit\u00e9<\/li>\n<li>examiner les demandes de financement<\/li>\n<li>pr\u00e9parer le budget (pr\u00e9visionnel et consolid\u00e9), sur la base des demandes qui lui ont \u00e9t\u00e9 transmises<\/li>\n<li>s\u00e9lectionner les candidatures pour les contrats doctoraux<\/li>\n<li>participer \u00e0 la d\u00e9finition du profil des postes rattach\u00e9s \u00e0 l\u2019unit\u00e9 et \u00e0 la composition des comit\u00e9s de s\u00e9lection<\/li>\n<li>valider l\u2019admission de nouveaux membres associ\u00e9s<\/li>\n<li>organiser l\u2019\u00e9lection de l\u2019\u00c9quipe de direction suivante<\/li>\n<li>inciter les membres au respect de l\u2019int\u00e9grit\u00e9 scientifique et au d\u00e9p\u00f4t des r\u00e9f\u00e9rences bibliographiques.<\/li>\n<\/ul>\n<p>L\u2019<strong>Assembl\u00e9e g\u00e9n\u00e9rale<\/strong> se compose de tous les membres (permanents, doctorants, post-doctorants, \u00e9m\u00e9rites ou b\u00e9n\u00e9voles, associ\u00e9s, personnel d\u2019appui). Les membres permanents y expriment leurs suffrages pour :<\/p>\n<ul>\n<li>\u00e9lire les membres de l\u2019\u00c9quipe de direction<\/li>\n<li>proc\u00e9der aux amendements du R\u00e8glement int\u00e9rieur qu\u2019elle estime n\u00e9cessaire<\/li>\n<li>discuter de la politique scientifique de l\u2019unit\u00e9, de mani\u00e8re g\u00e9n\u00e9rale ou pour d\u00e9cider de l\u2019attribution de subventions sp\u00e9cifiques<\/li>\n<li>approuver, avec modifications ou non, le budget pr\u00e9visionnel pr\u00e9sent\u00e9 par l\u2019\u00c9quipe de direction<\/li>\n<li>d\u00e9cider de l\u2019admission de nouveaux membres permanents.<\/li>\n<\/ul>\n<p>&nbsp;<\/p>\n<h2><strong>Tempora en pratique : comment obtenir et utiliser un financement ?<\/strong><\/h2>\n<p>Les membres permanents et doctorants de Tempora peuvent obtenir un soutien mat\u00e9riel du laboratoire pour financer, int\u00e9gralement ou partiellement, leurs activit\u00e9s de recherche (colloques, journ\u00e9es d&rsquo;\u00e9tude, s\u00e9minaires de recherche, publications, missions individuelles\u2026). Ces projets peuvent \u00eatre mont\u00e9s en collaboration avec des membres associ\u00e9s.<\/p>\n<p>Trois configurations sont \u00e0 distinguer :<\/p>\n<ol>\n<li>soit le projet \u00e0 financer figure dans le budget pr\u00e9visionnel de Tempora portant sur l\u2019ann\u00e9e civile en cours, valid\u00e9es en AG<\/li>\n<li>soit il n&rsquo;y figure pas<\/li>\n<li>soit il concerne une activit\u00e9 qui se d\u00e9roulera pendant l&rsquo;ann\u00e9e civile suivante.<\/li>\n<\/ol>\n<p>Dans la\u00a0<strong>configuration 1<\/strong>, prendre contact avec le gestionnaire de l&rsquo;unit\u00e9 (sophie.guihard@univ-rennes2.fr)\u00a0<span style=\"font-size: 1rem;\">pour mettre en \u0153uvre le financement pr\u00e9vu, <\/span><span style=\"font-size: 1rem;\">au plus tard 1 mois avant le d\u00e9but de l&rsquo;activit\u00e9 en cas de d\u00e9roulement \u00e0 l\u2019\u00e9tranger, 2 <\/span><span style=\"font-size: 1rem;\">semaines si elle a lieu en France.<\/span><\/p>\n<p>Dans la\u00a0<strong>configuration 2<\/strong>, adresser la demande de financement par courriel \u00e0 <a class=\"spamspan\" href=\"mailto:tempora-conseil@univ-rennes2.fr\">tempora-conseil@univ-rennes2.fr<\/a>, au plus tard fin septembre pour une activit\u00e9 se d\u00e9roulant avant la fin de l&rsquo;ann\u00e9e civile en cours, en fournissant, pour chaque activit\u00e9 :<\/p>\n<ul>\n<li>une courte description du projet<\/li>\n<li>le montant de la\u00a0contribution demand\u00e9e \u00e0 Tempora<\/li>\n<li>une estimation du\u00a0co\u00fbt total de l&rsquo;activit\u00e9<\/li>\n<li>la liste des co-financeurs \u00e9ventuels et le montant indicatif de leur participation.<\/li>\n<\/ul>\n<p>Le Conseil traitera les demandes en tenant compte (1) de l\u2019\u00e9tat des finances du laboratoire, (2) de l&rsquo;insertion du projet dans les th\u00e9matiques prioritaires de Tempora, (3) des sommes r\u00e9cemment \u00e9t\u00e9 allou\u00e9es au porteur du projet par Tempora, (4) des possibilit\u00e9s de financement compl\u00e9mentaire.<\/p>\n<p>Dans la\u00a0<strong>configuration 3<\/strong>, transmettre au plus tard 2 semaines avant l\u2019AG d&rsquo;automne la demande de financement, sous la forme indiqu\u00e9e plus haut.<\/p>\n<p>Dans tous les cas, les titres de transports (billets de train ou d\u2019avion) doivent \u00eatre pris par les services de l&rsquo;Universit\u00e9 (pas de remboursement).<br \/>\nEn raison de la c\u00e9sure comptable annuelle de Rennes 2, il vaut mieux \u00e9viter de placer des activit\u00e9s de grande ampleur entre le 10 d\u00e9cembre et le 10 janvier qui suit.<\/p>\n<p>Le <strong>logo<\/strong> de Tempora (disponible<span style=\"font-size: 1rem;\"> en plusieurs versions sur la page <em><a href=\"https:\/\/sites-recherche.univ-rennes2.fr\/tempora\/private-files\/\">Intranet<\/a><\/em>)\u00a0<\/span>doit figurer sur les affiches, programmes et publications soutenues en totalit\u00e9 ou en partie par le laboratoire.<\/p>\n","protected":false},"excerpt":{"rendered":"<p>La gouvernance de Tempora Coll\u00e9giale et \u00e9lective, la gouvernance de l\u2019unit\u00e9 de recherche Tempora comporte trois niveaux de d\u00e9cision : la direction, le Conseil&hellip;<\/p>\n","protected":false},"author":1,"featured_media":0,"parent":0,"menu_order":0,"comment_status":"closed","ping_status":"closed","template":"","meta":{"_acf_changed":false,"footnotes":""},"class_list":["post-125","page","type-page","status-publish","hentry"],"acf":[],"_links":{"self":[{"href":"https:\/\/sites-recherche.univ-rennes2.fr\/tempora\/wp-json\/wp\/v2\/pages\/125","targetHints":{"allow":["GET"]}}],"collection":[{"href":"https:\/\/sites-recherche.univ-rennes2.fr\/tempora\/wp-json\/wp\/v2\/pages"}],"about":[{"href":"https:\/\/sites-recherche.univ-rennes2.fr\/tempora\/wp-json\/wp\/v2\/types\/page"}],"author":[{"embeddable":true,"href":"https:\/\/sites-recherche.univ-rennes2.fr\/tempora\/wp-json\/wp\/v2\/users\/1"}],"replies":[{"embeddable":true,"href":"https:\/\/sites-recherche.univ-rennes2.fr\/tempora\/wp-json\/wp\/v2\/comments?post=125"}],"version-history":[{"count":45,"href":"https:\/\/sites-recherche.univ-rennes2.fr\/tempora\/wp-json\/wp\/v2\/pages\/125\/revisions"}],"predecessor-version":[{"id":2983,"href":"https:\/\/sites-recherche.univ-rennes2.fr\/tempora\/wp-json\/wp\/v2\/pages\/125\/revisions\/2983"}],"wp:attachment":[{"href":"https:\/\/sites-recherche.univ-rennes2.fr\/tempora\/wp-json\/wp\/v2\/media?parent=125"}],"curies":[{"name":"wp","href":"https:\/\/api.w.org\/{rel}","templated":true}]}}