{"id":127,"date":"2020-07-20T10:06:26","date_gmt":"2020-07-20T08:06:26","guid":{"rendered":"https:\/\/sites-recherche.univ-rennes2.fr\/tempora\/?page_id=127"},"modified":"2020-09-23T10:30:26","modified_gmt":"2020-09-23T08:30:26","slug":"archives","status":"publish","type":"page","link":"https:\/\/sites-recherche.univ-rennes2.fr\/tempora\/archives\/","title":{"rendered":"Archives"},"content":{"rendered":"<h2>Le point de d\u00e9part<\/h2>\n<h3><strong><a href=\"https:\/\/sites-recherche.univ-rennes2.fr\/tempora\/wp-content\/uploads\/2020\/08\/EA-Tempora-Projet-scientifique-2017-2021.pdf\" target=\"_blank\" rel=\"noopener noreferrer\">Le Projet scientifique de Tempora (2017-2021)<\/a><\/strong><\/h3>\n<p><span style=\"font-size: 1rem;\">Le projet scientifique de l\u2019EA TEMPORA r\u00e9sulte de la prise en compte simultan\u00e9e de trois ensembles de r\u00e9alit\u00e9s : <\/span><\/p>\n<ul>\n<li><span style=\"font-size: 1rem;\">les th\u00e8mes de recherche explor\u00e9s par les enseignants-chercheurs ayant exprim\u00e9 leur intention d\u2019entrer dans cette unit\u00e9 de recherche \u00e0 la date de remise du pr\u00e9sent projet <\/span><\/li>\n<li><span style=\"font-size: 1rem;\">les atouts du site rennais \u2013 riche de fonds documentaires originaux, fort de partenariats f\u00e9conds avec les institutions culturelles locales, et stimul\u00e9 par la politique scientifique de l\u2019Universit\u00e9 Rennes 2 \u2013, qui conf\u00e8rent \u00e0 l\u2019EA un fort potentiel de singularisation dans le paysage actuel de la recherche institutionnelle fran\u00e7aise <\/span><\/li>\n<li><span style=\"font-size: 1rem;\">les d\u00e9fis contemporains de la recherche en Sciences humaines et sociales, que l\u2019EA entend relever \u00e0 son niveau.<\/span><\/li>\n<\/ul>\n<p>&nbsp;<\/p>\n<h2>Avant Tempora : la Lettre du CERHIO-Rennes (2012-2016)<\/h2>\n<p><img loading=\"lazy\" decoding=\"async\" class=\"alignleft wp-image-313 \" src=\"https:\/\/sites-recherche.univ-rennes2.fr\/tempora\/wp-content\/uploads\/2020\/08\/Lettre-du-CERHIO-Rennes-212x300.png\" alt=\"La lettre du CERHIO-Rennes #4\" width=\"253\" height=\"358\" srcset=\"https:\/\/sites-recherche.univ-rennes2.fr\/tempora\/wp-content\/uploads\/2020\/08\/Lettre-du-CERHIO-Rennes-212x300.png 212w, https:\/\/sites-recherche.univ-rennes2.fr\/tempora\/wp-content\/uploads\/2020\/08\/Lettre-du-CERHIO-Rennes-724x1024.png 724w, https:\/\/sites-recherche.univ-rennes2.fr\/tempora\/wp-content\/uploads\/2020\/08\/Lettre-du-CERHIO-Rennes-768x1087.png 768w, https:\/\/sites-recherche.univ-rennes2.fr\/tempora\/wp-content\/uploads\/2020\/08\/Lettre-du-CERHIO-Rennes-848x1200.png 848w, https:\/\/sites-recherche.univ-rennes2.fr\/tempora\/wp-content\/uploads\/2020\/08\/Lettre-du-CERHIO-Rennes.png 945w\" sizes=\"auto, (max-width: 253px) 100vw, 253px\" \/><\/p>\n<p><strong><span class=\"important\">Le CERHIO-Rennes<\/span><\/strong>\u00a0\u00e9tait jusqu&rsquo;\u00e0 fin 2016\u00a0<strong>le site rennais du\u00a0<span class=\"important\">Centre de Recherches Historiques de l\u2019Ouest<\/span><\/strong>, laboratoire de recherche en\u00a0<strong>histoire<\/strong>\u00a0reconnu par le CNRS en tant qu\u2019Unit\u00e9 Mixte de Recherche de 2008 \u00e0 2016 (CERHIO &#8211; CNRS UMR 6258) et en tant que FRE depuis le 1<sup>er<\/sup>\u00a0janvier 2017.<\/p>\n<p>Le CERHIO\u00a0regroupait fin 2016 environ\u00a0<strong>90 enseignants-chercheurs et chercheurs<\/strong>\u00a0ainsi qu\u2019<strong>une centaine de doctorants rattach\u00e9s \u00e0 quatre universit\u00e9s<\/strong>\u00a0de l\u2019ouest de la France \u2013\u00a0<span class=\"important\"><strong>Angers, Le Mans, Lorient et Rennes\u00a02<\/strong><\/span> \u2013 travaillant sur les m\u00eames th\u00e9matiques.<\/p>\n<p>Le\u00a0<span class=\"important\"><strong>CERHIO-Rennes<\/strong><\/span>\u00a0r\u00e9unissait\u00a0les\u00a0<strong>39\u00a0enseignants-chercheurs et chercheurs<\/strong>, les\u00a0<strong>doctorants<\/strong>\u00a0ainsi que les\u00a0<strong>personnels d\u2019appui \u00e0 la recherche<\/strong>\u00a0attach\u00e9s au site de Rennes et dont les activit\u00e9s s\u2019inscrivaient dans les diff\u00e9rents axes de recherche de l\u2019Unit\u00e9.<\/p>\n<p>La plupart des enseignants-chercheurs du CERHIO-Rennes ont choisi de fonder une\u00a0<strong>nouvelle unit\u00e9 de recherche en histoire<\/strong>\u00a0au 1<sup>er<\/sup>\u00a0janvier 2017 : l&rsquo;\u00c9quipe d&rsquo;Accueil\u00a0<span class=\"important\"><strong>Tempora.<\/strong><\/span><\/p>\n<p>&nbsp;<\/p>\n<h3><strong>Vous pouvez acc\u00e9der \u00e0 l&rsquo;ensemble des Lettres du CERHIO-Rennes de 2012 \u00e0 2016 :<\/strong><\/h3>\n<ul>\n<li><a href=\"https:\/\/sites-recherche.univ-rennes2.fr\/tempora\/wp-content\/uploads\/2020\/08\/La-Lettre-du-CERHIO-Rennes-n\u00b01.pdf\" target=\"_blank\" rel=\"noopener noreferrer\">Lettre n\u00b01<\/a><\/li>\n<li><a href=\"https:\/\/sites-recherche.univ-rennes2.fr\/tempora\/wp-content\/uploads\/2020\/08\/La-Lettre-du-CERHIO-Rennes-n\u00b02.pdf\" target=\"_blank\" rel=\"noopener noreferrer\">Lettre n\u00b02<\/a><\/li>\n<li><a href=\"https:\/\/sites-recherche.univ-rennes2.fr\/tempora\/wp-content\/uploads\/2020\/08\/La-Lettre-du-CERHIO-Rennes-n\u00b03.pdf\" target=\"_blank\" rel=\"noopener noreferrer\">Lettre n\u00b03<\/a><\/li>\n<li><a href=\"https:\/\/sites-recherche.univ-rennes2.fr\/tempora\/wp-content\/uploads\/2020\/08\/La-Lettre-du-CERHIO-Rennes-n\u00b04.pdf\" target=\"_blank\" rel=\"noopener noreferrer\">Lettre n\u00b04<\/a><\/li>\n<li><a href=\"https:\/\/sites-recherche.univ-rennes2.fr\/tempora\/wp-content\/uploads\/2020\/08\/La-Lettre-du-CERHIO-Rennes-n\u00b05.pdf\" target=\"_blank\" rel=\"noopener noreferrer\">Lettre n\u00b05<\/a><\/li>\n<li><a href=\"https:\/\/sites-recherche.univ-rennes2.fr\/tempora\/wp-content\/uploads\/2020\/08\/La-Lettre-du-CERHIO-Rennes-n\u00b06.pdf\" target=\"_blank\" rel=\"noopener noreferrer\">Lettre n\u00b06<\/a><\/li>\n<li><a href=\"https:\/\/sites-recherche.univ-rennes2.fr\/tempora\/wp-content\/uploads\/2020\/08\/La-Lettre-du-CERHIO-Rennes-n\u00b07.pdf\" target=\"_blank\" rel=\"noopener noreferrer\">Lettre n\u00b07<\/a><\/li>\n<li><a href=\"https:\/\/sites-recherche.univ-rennes2.fr\/tempora\/wp-content\/uploads\/2020\/08\/La-Lettre-du-CERHIO-Rennes-n\u00b08.pdf\" target=\"_blank\" rel=\"noopener noreferrer\">Lettre n\u00b08<\/a><\/li>\n<\/ul>\n<p>&nbsp;<\/p>\n","protected":false},"excerpt":{"rendered":"<p>Le point de d\u00e9part Le Projet scientifique de Tempora (2017-2021) Le projet scientifique de l\u2019EA TEMPORA r\u00e9sulte de la prise en compte simultan\u00e9e de&hellip;<\/p>\n","protected":false},"author":1,"featured_media":0,"parent":0,"menu_order":0,"comment_status":"closed","ping_status":"closed","template":"","meta":{"_acf_changed":false,"footnotes":""},"class_list":["post-127","page","type-page","status-publish","hentry"],"acf":[],"_links":{"self":[{"href":"https:\/\/sites-recherche.univ-rennes2.fr\/tempora\/wp-json\/wp\/v2\/pages\/127","targetHints":{"allow":["GET"]}}],"collection":[{"href":"https:\/\/sites-recherche.univ-rennes2.fr\/tempora\/wp-json\/wp\/v2\/pages"}],"about":[{"href":"https:\/\/sites-recherche.univ-rennes2.fr\/tempora\/wp-json\/wp\/v2\/types\/page"}],"author":[{"embeddable":true,"href":"https:\/\/sites-recherche.univ-rennes2.fr\/tempora\/wp-json\/wp\/v2\/users\/1"}],"replies":[{"embeddable":true,"href":"https:\/\/sites-recherche.univ-rennes2.fr\/tempora\/wp-json\/wp\/v2\/comments?post=127"}],"version-history":[{"count":36,"href":"https:\/\/sites-recherche.univ-rennes2.fr\/tempora\/wp-json\/wp\/v2\/pages\/127\/revisions"}],"predecessor-version":[{"id":1053,"href":"https:\/\/sites-recherche.univ-rennes2.fr\/tempora\/wp-json\/wp\/v2\/pages\/127\/revisions\/1053"}],"wp:attachment":[{"href":"https:\/\/sites-recherche.univ-rennes2.fr\/tempora\/wp-json\/wp\/v2\/media?parent=127"}],"curies":[{"name":"wp","href":"https:\/\/api.w.org\/{rel}","templated":true}]}}