{"id":140,"date":"2020-07-20T10:07:27","date_gmt":"2020-07-20T08:07:27","guid":{"rendered":"https:\/\/sites-recherche.univ-rennes2.fr\/tempora\/?page_id=140"},"modified":"2026-03-23T09:17:59","modified_gmt":"2026-03-23T08:17:59","slug":"hdr-en-preparation","status":"publish","type":"page","link":"https:\/\/sites-recherche.univ-rennes2.fr\/tempora\/hdr-en-preparation\/","title":{"rendered":"HDR en pr\u00e9paration"},"content":{"rendered":"<h2 id=\"section_further_up\">M\u00e9moires pour l&rsquo;Habilitation \u00e0 diriger des recherches<\/h2>\n<h3>Sont actuellement en pr\u00e9paration \u00e0 Tempora les dossiers pour l&rsquo;HDR suivants :<\/h3>\n<ul>\n<li><span style=\"font-size: 1rem;\">Aur\u00e9lie CHATENET-CALYSTE<\/span><\/li>\n<li><span style=\"font-size: 1rem;\">Valeria PANSINI<\/span><\/li>\n<\/ul>\n<h3>Les derni\u00e8res soutenances d&rsquo;HDR de membres de Tempora suivent :<\/h3>\n<ul>\n<li><span style=\"font-size: 1rem;\"><span style=\"font-size: 1rem;\">Samuel GICQUEL : <\/span><\/span><em><strong>Clerg\u00e9 et soci\u00e9t\u00e9 en France (XIX<sup>e<\/sup>-d\u00e9but du XX<sup>e<\/sup> si\u00e8cle),<\/strong><\/em> m\u00e9moire in\u00e9dit sur <strong>L<em>a faune, la flore et Dieu. Les clercs naturalistes fran\u00e7ais des ann\u00e9es 1850 aux ann\u00e9es 1930<\/em><\/strong> ; garant : Denis Pelletier (EPHE) ; <span style=\"font-size: 1rem;\">soutenance le 13 mai 2025<\/span><\/li>\n<\/ul>\n<ul>\n<li><a href=\"https:\/\/sites-recherche.univ-rennes2.fr\/tempora\/author\/eguillorel\/\">\u00c9va GUILLOREL<\/a>\u00a0:\u00a0<strong><em>Cultures orales et circulations chansonni\u00e8res dans l\u2019espace atlantique colonial fran\u00e7ais (XVII<span style=\"font-size: 0.75em; line-height: 0; position: relative; vertical-align: baseline; top: -0.5em;\">e<\/span><span style=\"font-size: 1rem;\">-XVIII<\/span><span style=\"font-size: 0.75em; line-height: 0; position: relative; vertical-align: baseline; top: -0.5em;\">e<\/span><\/em><\/strong><span style=\"font-size: 1rem;\"><strong><em>\u00a0si\u00e8cles)<\/em><\/strong>\u00a0; garant : Gilles Havard (EHESS) ; soutenance le 9 d\u00e9cembre 2024 <\/span><\/li>\n<li>Guillaume BLANC, <em><strong>Histoires de natures et d\u2019Afriques<\/strong> ; <\/em>garante : Isabelle Surun (universit\u00e9 de Lille) ; soutenance le18 d\u00e9cembre 2023<\/li>\n<li><a href=\"https:\/\/sites-recherche.univ-rennes2.fr\/tempora\/author\/jlebihan\/\">Jean LE BIHAN<\/a> : <strong><em>\u00c9tat et mobilit\u00e9 sociale au XIXe si\u00e8cle<\/em><\/strong>, dont un m\u00e9moire in\u00e9dit intitul\u00e9 <strong><em>D<strong>e<\/strong>s \u00ab\u00a0exceptions consolantes\u00a0\u00bb ? Bourses et boursiers dans l&rsquo;enseignement secondaire en France (1802-1914)<\/em><\/strong> ; garant : Jean-No\u00ebl Luc (Sorbonne Universit\u00e9) ; <a href=\"https:\/\/sites-recherche.univ-rennes2.fr\/tempora\/event\/soutenance-pour-lhdr-de-jean-le-bihan\/\">soutenance le 10 d\u00e9cembre 2022<\/a><\/li>\n<li><a href=\"https:\/\/sites-recherche.univ-rennes2.fr\/tempora\/author\/aboltanski\/\">Ariane BOLTANSKI<\/a> : <strong><em>Fondations pieuses et contr\u00f4le nobiliaire des populations en France et en Italie, des ann\u00e9es 1590 aux ann\u00e9es 1660\u00a0<\/em><\/strong>; garant : Denis Crouzet (Sorbonne Universit\u00e9) ; <a href=\"https:\/\/sites-recherche.univ-rennes2.fr\/tempora\/event\/ariane-boltanski-soutient-son-hdr\/\">soutenance<\/a> le 4 d\u00e9cembre 2021 (Sorbonne Universit\u00e9)<\/li>\n<li><a href=\"https:\/\/sites-recherche.univ-rennes2.fr\/tempora\/author\/irose\/\">Isabelle ROS\u00c9<\/a> : <strong><em>L\u2019\u00c9glise et les pr\u00eatres mari\u00e9s au Moyen \u00c2ge. Gen\u00e8se du nicola\u00efsme, une h\u00e9r\u00e9sie cl\u00e9ricale (Ier-XIe si\u00e8cle)<\/em><\/strong> ; garante : Genevi\u00e8ve B\u00fchrer-Thierry (Universit\u00e9 du Panth\u00e9on-Sorbonne) ; <a href=\"https:\/\/sites-recherche.univ-rennes2.fr\/tempora\/event\/isabelle-rose-soutient-son-hdr\/\">soutenance<\/a> le 4 d\u00e9cembre 2021 (Universit\u00e9 du Panth\u00e9on-Sorbonne)<\/li>\n<\/ul>\n<h3>Des membres de Tempora sont \u2013 ou ont \u00e9t\u00e9 \u2013 les garants des dossiers pour l&rsquo;HDR suivants :<\/h3>\n<ul>\n<li>Florence BUTTAY, <strong style=\"font-size: 1rem;\"><em>Le pouvoir du lieu commun. Transmission et usages des savoirs et des images dans l\u2019Europe de la Renaissance<\/em><\/strong><span style=\"font-size: 1rem;\">\u00a0; m\u00e9moire in\u00e9dit :\u00a0<\/span><em style=\"font-size: 1rem;\">Peindre en leurs \u00e2mes des fant\u00f4mes. P\u00e9dagogie et politique pendant les guerres de religion ; <\/em><span style=\"font-size: 1rem;\">dossier soutenu \u00e0 l&rsquo;Universit\u00e9 Rennes 2 le <strong>6 mars 2017<\/strong> ; garant : <a href=\"https:\/\/sites-recherche.univ-rennes2.fr\/tempora\/author\/cmichon\/\">C\u00e9dric MICHON<\/a><\/span><\/li>\n<li>Aur\u00e9lien LIGNEREUX, <strong style=\"font-size: 1rem;\"><em>L&#8217;empire de l&rsquo;administration. Histoire sociale des gendarmes et des fonctionnaires expatri\u00e9s en contexte imp\u00e9rial (XIX<sup>e<\/sup>\u00a0si\u00e8cle)<\/em><\/strong><span style=\"font-size: 1rem;\">\u00a0;\u00a0m\u00e9moire in\u00e9dit :\u00a0<\/span><em style=\"font-size: 1rem;\">Les Imp\u00e9riaux, de l&rsquo;Europe napol\u00e9onienne \u00e0 la France post-imp\u00e9riale\u00a0<\/em>;\u00a0<span style=\"font-size: 1rem;\">dossier soutenu \u00e0 l&rsquo;Universit\u00e9 Rennes 2 le <strong>9 novembre 2017<\/strong>\u00a0; garant : <a href=\"https:\/\/sites-recherche.univ-rennes2.fr\/tempora\/author\/pkarilacohen\/\">Pierre KARILA-COHEN<\/a><\/span><\/li>\n<\/ul>\n<p>&nbsp;<\/p>\n<p>&nbsp;<\/p>\n","protected":false},"excerpt":{"rendered":"<p>M\u00e9moires pour l&rsquo;Habilitation \u00e0 diriger des recherches Sont actuellement en pr\u00e9paration \u00e0 Tempora les dossiers pour l&rsquo;HDR suivants : Aur\u00e9lie CHATENET-CALYSTE Valeria PANSINI Les&hellip;<\/p>\n","protected":false},"author":1,"featured_media":0,"parent":0,"menu_order":0,"comment_status":"closed","ping_status":"closed","template":"","meta":{"_acf_changed":false,"footnotes":""},"class_list":["post-140","page","type-page","status-publish","hentry"],"acf":[],"_links":{"self":[{"href":"https:\/\/sites-recherche.univ-rennes2.fr\/tempora\/wp-json\/wp\/v2\/pages\/140","targetHints":{"allow":["GET"]}}],"collection":[{"href":"https:\/\/sites-recherche.univ-rennes2.fr\/tempora\/wp-json\/wp\/v2\/pages"}],"about":[{"href":"https:\/\/sites-recherche.univ-rennes2.fr\/tempora\/wp-json\/wp\/v2\/types\/page"}],"author":[{"embeddable":true,"href":"https:\/\/sites-recherche.univ-rennes2.fr\/tempora\/wp-json\/wp\/v2\/users\/1"}],"replies":[{"embeddable":true,"href":"https:\/\/sites-recherche.univ-rennes2.fr\/tempora\/wp-json\/wp\/v2\/comments?post=140"}],"version-history":[{"count":77,"href":"https:\/\/sites-recherche.univ-rennes2.fr\/tempora\/wp-json\/wp\/v2\/pages\/140\/revisions"}],"predecessor-version":[{"id":4903,"href":"https:\/\/sites-recherche.univ-rennes2.fr\/tempora\/wp-json\/wp\/v2\/pages\/140\/revisions\/4903"}],"wp:attachment":[{"href":"https:\/\/sites-recherche.univ-rennes2.fr\/tempora\/wp-json\/wp\/v2\/media?parent=140"}],"curies":[{"name":"wp","href":"https:\/\/api.w.org\/{rel}","templated":true}]}}