{"id":2,"date":"2020-07-06T10:54:56","date_gmt":"2020-07-06T08:54:56","guid":{"rendered":"https:\/\/sites-recherche.univ-rennes2.fr\/tempora\/?page_id=2"},"modified":"2026-01-13T10:09:04","modified_gmt":"2026-01-13T09:09:04","slug":"page-d-exemple","status":"publish","type":"page","link":"https:\/\/sites-recherche.univ-rennes2.fr\/tempora\/page-d-exemple\/","title":{"rendered":"Doctorants : actualit\u00e9s"},"content":{"rendered":"<p>&#8211;<a href=\"https:\/\/sites-recherche.univ-rennes2.fr\/tempora\/author\/qvilla\/\"><strong>Quentin Villa<\/strong><\/a> a soutenu sa th\u00e8se de doctorat intitul\u00e9e : <em>L\u2019av\u00e8nement d\u2019un loisir : le cirque ambulant en France et en Espagne (1901-1939)\u00a0<\/em>le <strong>mardi 16 d\u00e9cembre 2025<\/strong>.<\/p>\n<p>Les nouveaux repr\u00e9sentants des doctorants de Tempora sont \u00e0 partir du 4 d\u00e9cembre 2025 :<\/p>\n<p>&#8211; <strong><a href=\"https:\/\/sites-recherche.univ-rennes2.fr\/tempora\/author\/lpaupiere\/\">Lia PAUPIERE<\/a> (titulaire)<\/strong><\/p>\n<p>&#8211; <strong><a href=\"https:\/\/sites-recherche.univ-rennes2.fr\/tempora\/author\/rold\/\">Romain OLD<\/a> (suppl\u00e9ant)<\/strong><\/p>\n<p><strong>&#8211; <\/strong>Le\u00a0<b>mardi 25 novembre 2025, Pierre Meignan <\/b>soutiendra sa th\u00e8se de doctorat intitul\u00e9e : <i>Administrer l\u2019exception. Les agents nationaux de district sous la R\u00e9volution fran\u00e7aise : trajectoires, pratiques et construction de l\u2019\u00c9tat (1750-1830). <\/i>La soutenance sera publique et aura lieu \u00e0 partir de 14h dans la salle des th\u00e8ses du b\u00e2timent P de l&rsquo;Universit\u00e9 Rennes 2. Retrouvez plus d&rsquo;informations <a href=\"https:\/\/sites-recherche.univ-rennes2.fr\/tempora\/event\/soutenance-de-these-de-pierre-meignan\/\">ici<\/a>.<\/p>\n<p><strong>&#8211; Lucile Chaput <\/strong>co-organise le IIIe symposium international du groupe sur les espaces d&rsquo;internement ReSI (Remembering Spaces of Internment). Celui-ci se tiendra du 18 au 20 juin 2025 au M\u00e9morial du camp de Rivesaltes. Retrouvez plus d&rsquo;informations <a href=\"https:\/\/www.resiresearch.org\/journeedetude-2025-rivesaltes-appel?lang=fr\">ici<\/a>.<\/p>\n<p><strong>&#8211; Goulven P\u00e9ron<\/strong> a soutenu sa th\u00e8se de doctorat en histoire intitul\u00e9e <em>Les traditions celtiques dans la production versifi\u00e9e d\u2019o\u00efl de la Mati\u00e8re de Bretagne, XII<sup>e<\/sup>-XIII<sup>e<\/sup> si\u00e8cle\u00a0<\/em>le vendredi 25 avril 2025.<\/p>\n<p>&#8211; <strong>Quentin Villa<\/strong> co-organise le colloque international en ligne, \u00ab\u00a0Arts du cirque sans fronti\u00e8re. Pour une histoire mondiale du cirque\u00a0\u00bb, qui aura lieu les 3 et 4 f\u00e9vrier 2025. Pour ce plus amples informations, suivez ce lien.<\/p>\n<p>&#8211; <strong>Lucile Chaput<\/strong> co-organise le second congr\u00e8s international du groupe sur les espaces d&rsquo;internement ReSI (Remembering Spaces of Internment). Celui-ci se tient du 6 au 8 mars 2024 \u00e0 l&rsquo;Universit\u00e9 d&rsquo;Arizona (Tucson). Retrouvez plus d&rsquo;informations <a href=\"https:\/\/www.resiresearch.org\/symposium-tucson-2024-cfp-eng?lang=fr\">ici<\/a>.<\/p>\n<p>&#8211; <strong>Alexandre Lepesteur<\/strong> soutient sa th\u00e8se de doctorat le samedi 9 d\u00e9cembre 2023, en salle des th\u00e8ses de l&rsquo;universit\u00e9 Rennes 2 (septi\u00e8me \u00e9tage du b\u00e2timent P). Sa th\u00e8se intitul\u00e9e \u00ab\u00a0Entrer en paix. La sortie des guerres de Religion en Bretagne (1598-ann\u00e9es 1610)\u00a0\u00bb a \u00e9t\u00e9 dirig\u00e9e par <strong>Philippe Hamon<\/strong>. Jury : Michel de Waele (Universit\u00e9 de Laval &#8211; Canada), Nicolas le Roux (Universit\u00e9 Paris Sorbonne Nouvelle 3), Gauthier Aubert (Universit\u00e9 Rennes 2), Ariane Boltanski (Universit\u00e9 de Caen), Olivia Carpi (Universit\u00e9 de Picardie Jules Verne), Philippe Hamon (Universit\u00e9 Rennes 2).<\/p>\n<p>&#8211; La r\u00e9union d&rsquo;accueil des nouveaux et nouvelles doctorants et doctorantes a eu lieu le jeudi 16 novembre 2024 dans le bureau N104 en pr\u00e9sence de <a href=\"https:\/\/sites-recherche.univ-rennes2.fr\/tempora\/author\/mmdc\/\">Marie-Madeleine de Cevins<\/a>, directrice de Tempora, et de plusieurs doctorantes et doctorants.<\/p>\n<p>&#8211; <strong>Jean-Fran\u00e7ois Morvan<\/strong> a particip\u00e9 au colloque organis\u00e9 par le CRULH et la Soci\u00e9t\u00e9 d\u2019Histoire Religieuse de la France, \u00a0\u00ab Le pouvoir de d\u00e9cider (Christianisme, Occident, du Grand Schisme \u00e0 nos jours) \u00bb qui s&rsquo;est tenu du 5 au <span id=\"OBJ_PREFIX_DWT193_com_zimbra_date\" class=\"Object\" role=\"link\">7 octobre 2023<\/span> dans les locaux du Campus LSH de Nancy. Il y a pr\u00e9sent\u00e9 une communication intitul\u00e9e : \u00ab \u2018<i>O francisce! De tantis malis, quid eligendum ?\u2019<\/i> Distribution et l\u00e9gitimation du pouvoir de d\u00e9cider chez les Mineurs de l\u2019Observance (Bosnie, Hongrie, Pologne, Boh\u00eame, Autriche ; XVe s. et premi\u00e8re moiti\u00e9 du XVIe s.) \u00bb.<\/p>\n<p>&#8211; Avec la nouvelle ann\u00e9e universitaire, reprennent les s\u00e9ances des Temporiales. Trois d&rsquo;entre elles ont \u00e9t\u00e9 organis\u00e9es au premier semestre. La s\u00e9ance du 24 octobre 2023 a \u00e9t\u00e9 anim\u00e9e par Isabelle Ros\u00e9, autour de son ouvrage <em>Le Mariage des pr\u00eatres, une h\u00e9r\u00e9sie ? Gen\u00e8se du nicola\u00efsme, Ier-XIIe si\u00e8cle <\/em>(2023), tir\u00e9 de son m\u00e9moire d&rsquo;HDR. Lors de la deuxi\u00e8me, le 9 novembre, Gauthier Aubert a pr\u00e9sent\u00e9 son ouvrage <em>1709. L&rsquo;ann\u00e9e o\u00f9 la r\u00e9volution n&rsquo;a pas \u00e9clat\u00e9 <\/em>(2023). Le 6 d\u00e9cembre, pour la troisi\u00e8me, Guillaume Blanc a pr\u00e9sent\u00e9 l&rsquo;ouvrage collectif dont il a \u00e9t\u00e9 l&rsquo;un des coordinateurs : <em>Colonisations. Notre histoire<\/em> (2023).<\/p>\n<p>&#8211; La th\u00e8se de doctorat d&rsquo;Anthony Hamon a \u00e9t\u00e9 r\u00e9compens\u00e9e par le <strong>prix M\u00e9rim\u00e9e 2023.<\/strong><\/p>\n<p>&#8211; Les 14 et 15 juin 2023, <strong>Anthony Hamon<\/strong> a particip\u00e9 au colloque <em>Progr\u00e8s<\/em>, organis\u00e9 par Sciences Po Lille. Il a pr\u00e9sent\u00e9 une communication intitul\u00e9e : \u00ab\u00a0L&rsquo;enqu\u00eate agricole de 1866-1870 : une r\u00e9volution \u00ab\u00a0conservatrice-progressiste\u00a0\u00bb des campagnes fran\u00e7ais ?\u00a0\u00bb<\/p>\n<p>&#8211; Le vendredi 12 mai, de 15h \u00e0 17h30, <strong>Jean-Fran\u00e7ois Morvan<\/strong> a pr\u00e9sent\u00e9 une intervention intitul\u00e9e \u00ab Collecter, compiler, ordonner. Approche comparative de la l\u00e9gislation des fr\u00e8res mineurs hongrois de l\u2019Observance \u00e0 la fin du Moyen \u00c2ge (XV<sup>e<\/sup> s.-d\u00e9but XVI<sup>e<\/sup> s.) \u00bb \u00e0 l&rsquo;occasion du s\u00e9minaire annuel de l\u2019\u00c9cole franciscaine de Paris.<\/p>\n<p>Les nouveaux repr\u00e9sentants des doctorants de Tempora sont, depuis le 10 novembre 2022 :<\/p>\n<p>&#8211; <strong>Quentin VILLA (titulaire)<\/strong><\/p>\n<p>&#8211; <strong>Lucile CHAPUT (suppl\u00e9ant)<\/strong><\/p>\n<p>&#8211; L&rsquo;automne 2022 est l&rsquo;occasion d&rsquo;\u00e9lire les nouveaux <strong>repr\u00e9sentants<\/strong> des doctorants et doctorantes du laboratoire.<\/p>\n<ul>\n<li>Le d\u00e9p\u00f4t des <strong>candidatures<\/strong> est fix\u00e9 au <strong>vendredi 28 octobre 2022<\/strong>.<\/li>\n<li>Les <strong>\u00e9lections<\/strong> se d\u00e9rouleront le <strong>jeudi 10 novembre 2022.<\/strong><\/li>\n<li>Les <strong>r\u00e9sultats<\/strong> seront proclam\u00e9s lors de l&rsquo;assembl\u00e9e g\u00e9n\u00e9rale de Tempora, <strong>le jeudi 17 novembre 2022. <\/strong><\/li>\n<\/ul>\n<p><strong>&#8211; La r\u00e9union d&rsquo;accueil des nouveaux (nouvelles) doctorants (doctorantes) aura lieu le mercredi 26 octobre 2021, \u00e0 18h, en N204 (bureau des doctorants), <\/strong>en pr\u00e9sence de la directrice du laboratoire, <a href=\"https:\/\/sites-recherche.univ-rennes2.fr\/tempora\/author\/mmdc\/\">Marie-Madeleine de Cevins<\/a>, de Dominique Godineau, directrice-adjointe, de Sophie Guihard, gestionnaire, et des deux repr\u00e9sentants actuels des doctorants (<a href=\"https:\/\/sites-recherche.univ-rennes2.fr\/tempora\/author\/ahamon\/\">Anthony Hamon<\/a> et A<a href=\"https:\/\/sites-recherche.univ-rennes2.fr\/tempora\/author\/alepesteur\/\">lexandre Lepesteur<\/a>).<\/p>\n<p>&#8211; Les s\u00e9ances des <a href=\"https:\/\/sites-recherche.univ-rennes2.fr\/tempora\/articles\/les-temporiales\/\">Temporiales<\/a> reprennent pour cette nouvelle ann\u00e9e universitaire.<\/p>\n<p>Vous pouvez d&rsquo;ores et d\u00e9j\u00e0 not\u00e9 que les <a href=\"https:\/\/sites-recherche.univ-rennes2.fr\/tempora\/articles\/les-temporiales\/\">deux prochaines s\u00e9ances des Temporiales<\/a> auront lieu respectivement les <strong>22 novembre<\/strong> (invit\u00e9e : <a href=\"https:\/\/www.theses.fr\/s147190\">\u00c9lise Meyer<\/a>) et <strong>8 d\u00e9cembre<\/strong> (<a href=\"https:\/\/sites-recherche.univ-rennes2.fr\/tempora\/author\/jmroubineau\/\">Jean-Manuel Roubineau<\/a>).<\/p>\n<p>&#8211; Le <strong>jeudi 12 mai 2022, <\/strong>les doctorants et doctorantes de Tempora organiseront une nouvelle s\u00e9ance des <a href=\"https:\/\/sites-recherche.univ-rennes2.fr\/tempora\/articles\/les-temporiales\/\">Temporiales<\/a>. Elle sera consacr\u00e9e \u00e0 la pr\u00e9sentation par <a href=\"https:\/\/sites-recherche.univ-rennes2.fr\/tempora\/author\/horain\/\"><strong>Hugo Orain, <\/strong><\/a>docteur en histoire moderne, de sa th\u00e8se <em>Images et R\u00e9volution en mouvement. Repr\u00e9sentations fictionnelles de la R\u00e9volution Fran\u00e7aise au cin\u00e9ma, \u00e0 la t\u00e9l\u00e9vision, et dans le jeu vid\u00e9o entre 2000 et 2020. <\/em><\/p>\n<p><a href=\"https:\/\/sites-recherche.univ-rennes2.fr\/tempora\/wp-content\/uploads\/2022\/04\/Affiche-Temporiales-12-mai-2022.pdf\">Affiche Temporiales (12 mai 2022)<\/a><\/p>\n<p>&#8211; Les doctorants et doctorantes de Tempora accueilleront le <strong>jeudi 7 avril 2022 (12h45-13h45) <a href=\"https:\/\/www.grhs.uqam.ca\/?portfolio=pascal-bastien\">Pascal Bastien<\/a><\/strong> lors d&rsquo;une nouvelle s\u00e9ance des <a href=\"https:\/\/sites-recherche.univ-rennes2.fr\/tempora\/articles\/les-temporiales\/\">Temporiales<\/a>. Elle sera consacr\u00e9e \u00e0 une communication intitul\u00e9e <em>De sac, de corde et de cire. L&rsquo;\u00e9conomie des supplices \u00e0 Paris au XVIIIe si\u00e8cle.<\/em><\/p>\n<p><em><img loading=\"lazy\" decoding=\"async\" class=\"alignnone size-medium wp-image-2755\" src=\"https:\/\/sites-recherche.univ-rennes2.fr\/tempora\/wp-content\/uploads\/2022\/03\/Pascal-Bastien-Temporiales-214x300.png\" alt=\"\" width=\"214\" height=\"300\" srcset=\"https:\/\/sites-recherche.univ-rennes2.fr\/tempora\/wp-content\/uploads\/2022\/03\/Pascal-Bastien-Temporiales-214x300.png 214w, https:\/\/sites-recherche.univ-rennes2.fr\/tempora\/wp-content\/uploads\/2022\/03\/Pascal-Bastien-Temporiales.png 588w\" sizes=\"auto, (max-width: 214px) 100vw, 214px\" \/><\/em><\/p>\n<p>&#8211; Les doctorants et doctorantes de Tempora organiseront le <strong>jeudi 17 mars 2022 (12h45-13h45) <\/strong>la cinqui\u00e8me s\u00e9ance des <a href=\"https:\/\/sites-recherche.univ-rennes2.fr\/tempora\/articles\/les-temporiales\/\">Temporiales<\/a>. Cette derni\u00e8re sera consacr\u00e9e \u00e0 la pr\u00e9sentation par <a href=\"https:\/\/sites-recherche.univ-rennes2.fr\/tempora\/author\/mmdc\/\">Marie-Madeleine de Cevins<\/a> de l&rsquo;ouvrage qu&rsquo;elle a dirig\u00e9 : <em><a href=\"https:\/\/sites-recherche.univ-rennes2.fr\/tempora\/articles\/demystifier-leurope-centrale\/\">D\u00e9mystifier l&rsquo;Europe centrale, Boh\u00eame, Hongrie et Pologne du VIIe au XVIe si\u00e8cle<\/a> <\/em>(2021).<\/p>\n<p><em><a href=\"https:\/\/sites-recherche.univ-rennes2.fr\/tempora\/wp-content\/uploads\/2022\/03\/2Affiche_Temporiales_mars22.pdf\">2Affiche_Temporiales_mars22<\/a><\/em><\/p>\n<p><em>&#8211; <\/em><a href=\"https:\/\/sites-recherche.univ-rennes2.fr\/tempora\/author\/qvilla\/\"><strong>Quentin Villa<\/strong><\/a>, doctorant de Tempora, a particip\u00e9 au <a href=\"https:\/\/imacirque.sciencesconf.org\/\">colloque international <em>Imageries et imaginaires du cirque, <\/em>organis\u00e9 par l&rsquo;Universit\u00e9 de Rouen<\/a>. Il y pr\u00e9sentera, le vendredi 4 mars, une communication intitul\u00e9e : \u00ab\u00a0La figure du tigre dans le cirque europ\u00e9en d&rsquo;entre-deux guerres. Un fauve \u00e0 la crois\u00e9e des imaginaires\u00a0\u00bb.<\/p>\n<p>&#8211; <a href=\"https:\/\/sites-recherche.univ-rennes2.fr\/tempora\/author\/horain\/\"><strong>Hugo Orain<\/strong><\/a>, doctorant de Tempora, a pr\u00e9sent\u00e9 une communication intitul\u00e9e \u00ab\u00a0Mythologies contemporaines : repr\u00e9senter la R\u00e9volution fran\u00e7aise dans <em>We. The Revolution<\/em> (Polyslash, 2019)\u00a0\u00bb au cours du <a href=\"https:\/\/sites-recherche.univ-rennes2.fr\/tempora\/event\/raconter-lhistoire-recits-et-histoire-dans-les-cultures-de-limaginaire\/\">colloque <em>Raconter l&rsquo;histoire. R\u00e9cits et Histoire dans les cultures de l&rsquo;imaginaire<\/em> (10 et 11 f\u00e9vrier 2022)<\/a>. <a href=\"https:\/\/sites-recherche.univ-rennes2.fr\/tempora\/wp-content\/uploads\/2022\/02\/labodesimaginaires_colloquehistoire2022_programme.pdf\">Le programme est disponible en suivant le lien suivant<\/a>.<\/p>\n<p>&#8211; <strong><a href=\"https:\/\/sites-recherche.univ-rennes2.fr\/tempora\/author\/sgaillaud\/\">Sylvain Gaillaud<\/a>,<\/strong> doctorant de Tempora, a publi\u00e9 dans les <em>Cahiers Sirice<\/em> (n\u00b0 27, 2021\/2), un article intitul\u00e9\u00a0 \u00ab\u00ab Pretty nice guys \u00bb ? John Limbert, Barry Rosen et Michael Metrinkon : les passions persanes de trois volontaires am\u00e9ricains, entre id\u00e9al humanitaire et int\u00e9r\u00eat national\u00a0\u00bb. L&rsquo;article est disponible en suivant le <a href=\"https:\/\/www.cairn.info\/revue-les-cahiers-sirice-2021-2-page-69.htm\">lien suivant<\/a>.<\/p>\n<p>&#8211; Les doctorants et doctorantes de Tempora organiseront le <strong>jeudi 3 F\u00e9vrier (12h45-13h45), <\/strong>la troisi\u00e8me s\u00e9ance des <a href=\"https:\/\/sites-recherche.univ-rennes2.fr\/tempora\/articles\/les-temporiales\/\">Temporiales<\/a>. Cette derni\u00e8re sera consacr\u00e9e \u00e0 la pr\u00e9sentation par <a href=\"https:\/\/sites-recherche.univ-rennes2.fr\/tempora\/author\/lchantre\/\">Luc Chantre<\/a> de son dernier ouvrage : <em><a href=\"https:\/\/sites-recherche.univ-rennes2.fr\/tempora\/articles\/le-pelerinage-a-la-mecque\/\">Le P\u00e8lerinage \u00e0 la Mecque : une affaire fran\u00e7aise. Anthologie de langue fran\u00e7aise sur le hajj (1798-1963). <\/a><\/em><\/p>\n<p>&#8211; Deux doctorants de Tempora <strong><a href=\"https:\/\/sites-recherche.univ-rennes2.fr\/tempora\/author\/qvilla\/\">Quentin Villa<\/a> et <a href=\"https:\/\/sites-recherche.univ-rennes2.fr\/tempora\/author\/lchaput\/\">Lucile Chaput<\/a><\/strong> communiqueront au <a href=\"https:\/\/sites-recherche.univ-rennes2.fr\/tempora\/collaborations-institutionnelles\/\">s\u00e9minaire commun du CI\u00c9Q et de Tempora<\/a>. Ils pr\u00e9senteront respectivement leurs travaux \u00e0 14h45 (\u00ab\u00a0Cirques itin\u00e9rants, forains et autorit\u00e9s dans la premi\u00e8re moiti\u00e9 du XXe si\u00e8cle\u00a0\u00bb) et 15h05 (\u00ab\u00a0Interner pour r\u00e9guler : l&rsquo;internement des civils au Canada durant la Seconde Guerre mondiale\u00a0\u00bb). Le programme est disponible en suivant <a href=\"https:\/\/sites-recherche.univ-rennes2.fr\/tempora\/wp-content\/uploads\/2021\/10\/Programmation-CIEQ-TEMPORA-2022-horaire-France.pdf\">le lien suivant<\/a>.<\/p>\n<p>&#8211; <strong><a href=\"https:\/\/sites-recherche.univ-rennes2.fr\/tempora\/author\/rbenoit\/\">Romain Beno\u00eet-L\u00e9vy<\/a><\/strong> (doctorant \u00e0 Tempora) a co-organis\u00e9 un colloque intitul\u00e9 <em>Donner et tenir sa parole. Engagements et r\u00e9putations dans les soci\u00e9t\u00e9s europ\u00e9ennes \u00e0 l&rsquo;\u00e9poque moderne<\/em>, qui se d\u00e9roulera sur le site de l&rsquo;universit\u00e9 Rennes 2 (dans l&rsquo;amphith\u00e9\u00e2tre L3) du jeudi 25 au vendredi 26 novembre.<\/p>\n<p>Plusieurs doctorants et doctorantes du laboratoire pr\u00e9sentent leurs travaux : <a href=\"https:\/\/sites-recherche.univ-rennes2.fr\/tempora\/author\/vgrandclaude\/\">Valentin Grandclaude<\/a>, <a href=\"https:\/\/sites-recherche.univ-rennes2.fr\/tempora\/author\/agodbout\/\">Ariane Godbout<\/a> et <a href=\"https:\/\/sites-recherche.univ-rennes2.fr\/tempora\/author\/alepesteur\/\">Alexandre Lepesteur<\/a>. Pour plus de pr\u00e9cisions, voir les informations d\u00e9taill\u00e9es sur <a href=\"https:\/\/sites-recherche.univ-rennes2.fr\/tempora\/event\/colloque-donner-et-tenir-sa-parole-engagements-et-reputations-dans-les-societes-europeennes-a-lepoque-moderne\/\">le site de Tempora<\/a> et le <a href=\"https:\/\/sites-recherche.univ-rennes2.fr\/tempora\/wp-content\/uploads\/2021\/02\/211125-engager-et-tenir-sa-parole-programme_v3.pdf\">programme du colloque<\/a>.<\/p>\n<p><strong>&#8211; La r\u00e9union d&rsquo;accueil des nouveaux (nouvelles) doctorants (doctorantes) a eu lieu le mercredi 23 novembre 2021 en N204, en pr\u00e9sence de la directrice du laboratoire, <a href=\"https:\/\/sites-recherche.univ-rennes2.fr\/tempora\/author\/mmdc\/\">Marie-Madeleine de Cevins<\/a>, de <a href=\"https:\/\/sites-recherche.univ-rennes2.fr\/tempora\/author\/maxime\/\">Maxime Valot<\/a> et des deux repr\u00e9sentants (<a href=\"https:\/\/sites-recherche.univ-rennes2.fr\/tempora\/author\/ahamon\/\">Anthony Hamon<\/a> et A<a href=\"https:\/\/sites-recherche.univ-rennes2.fr\/tempora\/author\/alepesteur\/\">lexandre Lepesteur<\/a>). <\/strong><\/p>\n<p><strong><a href=\"https:\/\/sites-recherche.univ-rennes2.fr\/tempora\/author\/horain\/\">&#8211; <\/a><a href=\"https:\/\/sites-recherche.univ-rennes2.fr\/tempora\/author\/horain\/\">Hugo Orai<\/a><a href=\"https:\/\/sites-recherche.univ-rennes2.fr\/tempora\/author\/horain\/\">n\u00a0<\/a><\/strong>(doctorant \u00e0 Tempora) a particip\u00e9 \u00e0 la journ\u00e9e d&rsquo;\u00e9tude \u00ab\u00a0Utiliser ses recherches historiques dans les cours du secondaire\u00a0\u00bb, le 25 octobre 2021 \u00e0 l&rsquo;IRHIS. Il y a pr\u00e9sentera une communication intitul\u00e9e \u00ab\u00a0Promenons-nous dans le Paris de la R\u00e9volution Fran\u00e7aise : initiation \u00e0 l&rsquo;\u00e9tude critique du jeu vid\u00e9o historique avec l&rsquo;exemple d&rsquo;<em>Assassin&rsquo;s Creed Unity<\/em> (Ubisoft, 2014)\u00a0\u00bb. Voir <a href=\"https:\/\/www.aphg.fr\/IMG\/pdf\/201025_programme_he._secondaire_et_recherche.pdf\">le programme ci-joint <\/a>ou sur <a href=\"https:\/\/www.aphg.fr\/Utiliser-ses-recherches-historiques-dans-les-cours-du-secondaire\">le site de l&rsquo;APHG<\/a>.<\/p>\n<p><strong><a href=\"https:\/\/sites-recherche.univ-rennes2.fr\/tempora\/author\/mgoupiltravert\/\">&#8211; Maria Goupil-Travert<\/a><\/strong> (doctorante \u00e0 Tempora) et <a href=\"https:\/\/sites-recherche.univ-rennes2.fr\/tempora\/author\/flostec\/\"><strong>Fabien Lostec<\/strong><\/a> (docteur en histoire contemporaine, Tempora) ont particip\u00e9 le 21 octobre 2021 au colloque international jeunes chercheur.e.s histoire de la guerre (Montr\u00e9al) intitul\u00e9 \u00ab\u00a0Femmes en guerre : du front domestique aux champs de bataille\u00a0\u00bb. Ils y ont pr\u00e9sent\u00e9 respectivement les communications suivantes : \u00ab\u00a0Demandes de pension et L\u00e9gion d&rsquo;Honneur : les anciennes combattantes des arm\u00e9es r\u00e9volutionnaires, royalistes et imp\u00e9riales en qu\u00eate d&rsquo;une reconnaissance de l&rsquo;administration militaire fran\u00e7aise (1793-1851)\u00a0\u00bb ; \u00ab\u00a0Combattre au nom de la collaboration : des femmes en guerre en France sous l&rsquo;Occupation\u00a0\u00bb.<\/p>\n<p>Toutes les informations sont disponibles sur <a href=\"https:\/\/grhg.hypotheses.org\/216\">le site du GRHG<\/a>.<\/p>\n<p><strong><a href=\"https:\/\/sites-recherche.univ-rennes2.fr\/tempora\/author\/sgaillaud\/\">&#8211; Sylvain Gaillaud <\/a><\/strong>(doctorant \u00e0 Tempora), a publi\u00e9 une note de synth\u00e8se sur l&rsquo;\u00e9tat des lieux des pourparlers de Vienne sur la r\u00e9int\u00e9gration des Etats-Unis dans le cadre du JCPOA, encadrant la nucl\u00e9arisation de la R\u00e9publique islamique d&rsquo;Iran.\u00a0A lire sur <a href=\"https:\/\/www.ifri.org\/fr\/publications\/briefings-de-lifri\/washington-teheran-pourparlers-de-vienne-jcpoa-peuvent-aboutir\">le site de l&rsquo;Ifri<\/a>.<\/p>\n<p><a href=\"https:\/\/sites-recherche.univ-rennes2.fr\/tempora\/author\/sgaillaud\/\"><strong>&#8211; Sylvain Gaillaud<\/strong><\/a> (doctorant \u00e0 Tempora) a propos\u00e9 une <a href=\"https:\/\/lhetairie.fr\/2021\/06\/11\/uk-usarelationspeciale\/\">analyse<\/a> des relations diplomatiques r\u00e9centes entre la Grande-Bretagne et les Etats-Unis, en revenant notamment sur le concept de \u00ab\u00a0<strong>relation sp\u00e9ciale<\/strong>\u00ab\u00a0.<\/p>\n<p>&#8211; La deuxi\u00e8me \u00e9dition des <strong>Rencontres du XIXe si\u00e8cle (colloque des jeunes chercheurs dix-neuvi\u00e9mistes), <\/strong>sur le th\u00e8me \u00ab\u00a0Populaire\u00a0\u00bb, a eu lieu les <strong>3 et 4 juin 2021 \u00e0 Toulouse<\/strong> (Universit\u00e9 Jean Jaur\u00e8s) et en <strong>ligne. <\/strong><\/p>\n<p><a href=\"https:\/\/sites-recherche.univ-rennes2.fr\/tempora\/author\/ahamon\/\"><strong>Anthony Hamon<\/strong><\/a> (doctorant \u00e0 Tempora), co-organisateur du colloque, a conclu ces deux journ\u00e9es.<\/p>\n<p>Ci-joint <a href=\"https:\/\/sites-recherche.univ-rennes2.fr\/tempora\/wp-content\/uploads\/2021\/05\/Affiche_Populaire.pdf\">l&rsquo;affiche<\/a> et <a href=\"https:\/\/histoire19.hypotheses.org\/8186\">le programme de ce colloque.<\/a><\/p>\n<div class=\"canvasWrapper\"><\/div>\n<div class=\"canvasWrapper\"><a href=\"https:\/\/sites-recherche.univ-rennes2.fr\/tempora\/author\/mgoupiltravert\/\"><strong>&#8211; Maria Goupil-Travert<\/strong><\/a> (doctorante \u00e0 Tempora), laur\u00e9ate du prix Mn\u00e9mosyne 2019, a pr\u00e9sent\u00e9 son ouvrage publi\u00e9 aux PUR <a href=\"http:\/\/www.pur-editions.fr\/detail.php?idOuv=5111\"><em>Braves combattantes, humbles h\u00e9ro\u00efnes. Trajectoires et m\u00e9moires des engag\u00e9es volontaires de la R\u00e9volution et de l&rsquo;Empire<\/em><\/a>, lors des rencontres virtuelles de l&rsquo;AJCH (Association des Jeunes Chercheurs en Histoire).<\/div>\n<p>La s\u00e9ance a eu lieu sur zoom le <strong>mercredi 12 mai 2021 \u00e0 18 h 30. <\/strong>D&rsquo;une dur\u00e9e d&rsquo;une heure, elle \u00e9tait constitu\u00e9e d&rsquo;un temps de pr\u00e9sentation (30 min.), suivi d&rsquo;un temps de discussion avec l&rsquo;intervenante.<\/p>\n<p>Ci-joint <a href=\"https:\/\/sites-recherche.univ-rennes2.fr\/tempora\/wp-content\/uploads\/2021\/04\/Actualite%CC%81s-de-lAJCH-Maria-Goupil-Travert.pdf\">le programme<\/a> de la s\u00e9ance.<\/p>\n<p><strong><img loading=\"lazy\" decoding=\"async\" class=\"wp-image-1702 aligncenter\" src=\"https:\/\/sites-recherche.univ-rennes2.fr\/tempora\/wp-content\/uploads\/2021\/02\/braves-combattantes-205x300.jpg\" alt=\"\" width=\"250\" height=\"366\" srcset=\"https:\/\/sites-recherche.univ-rennes2.fr\/tempora\/wp-content\/uploads\/2021\/02\/braves-combattantes-205x300.jpg 205w, https:\/\/sites-recherche.univ-rennes2.fr\/tempora\/wp-content\/uploads\/2021\/02\/braves-combattantes.jpg 512w\" sizes=\"auto, (max-width: 250px) 100vw, 250px\" \/><\/strong><\/p>\n<p>&nbsp;<\/p>\n<p><strong><a href=\"https:\/\/sites-recherche.univ-rennes2.fr\/tempora\/author\/jfmorvan\/\">&#8211; Jean-Fran\u00e7ois Morvan <\/a><\/strong>(doctorant \u00e0 Tempora) a particip\u00e9 le jeudi 8 avril 2021 au quatri\u00e8me congr\u00e8s biannuel du MECERN (Medieval Central Europe Research Network), organis\u00e9 par l&rsquo;universit\u00e9 de Gda\u0144sk (\u00e0 distance). Il y a pr\u00e9sent\u00e9 lors de la session 28 (entre 11h 30 et 13h) une communication intitul\u00e9e : \u00ab\u00a0Composing the Statutes. Adoption of Norms among Observant Franciscains in Central Eastern Europe : between Rivalry and Cooperation (c. 1450-1520)\u00a0\u00bb.<\/p>\n<p>Plus d&rsquo;informations sont disponibles sur <a href=\"https:\/\/en.prawo.ug.edu.pl\/media\/aktualnosci\/102930\/fourth_biennial_conference_medieval_central_europe_research_network_-line_april_7-9\">le site de l&rsquo;universit\u00e9 de Gda\u0144sk.<\/a><\/p>\n<p>&nbsp;<\/p>\n<p><img loading=\"lazy\" decoding=\"async\" class=\"aligncenter\" src=\"https:\/\/en.prawo.ug.edu.pl\/sites\/default\/files\/_nodes\/news\/102930\/files\/2flyer_.jpg\" alt=\"https:\/\/en.prawo.ug.edu.pl\/sites\/default\/files\/_nodes\/news\/102930\/files\/2flyer_.jpg\" width=\"297\" height=\"419\" \/><\/p>\n<p>&nbsp;<\/p>\n<p><strong><a href=\"https:\/\/sites-recherche.univ-rennes2.fr\/tempora\/author\/horain\/\">&#8211; Hugo Orain <\/a><\/strong>(doctorant \u00e0 Tempora) a particip\u00e9 le mercredi 31 mars 2021 aux \u00ab\u00a0Nocturnes de l&rsquo;histoire\u00a0\u00bb de l&rsquo;Universit\u00e9 de Lorraine (20h-22h, en distanciel). Il y a pr\u00e9sent\u00e9 une communication intitul\u00e9e : \u00ab\u00a0Rejouer la R\u00e9volution ? La repr\u00e9sentation fictionnelle de la R\u00e9volution fran\u00e7aise dans <em>Assassin&rsquo;s Creed Unity <\/em>(Ubisoft, 2014)\u00a0\u00bb.<\/p>\n<p>Plus de d\u00e9tails sont disponibles sur <a href=\"https:\/\/factuel.univ-lorraine.fr\/node\/16406\">le site d&rsquo;informations de l&rsquo;universit\u00e9 de Lorraine.<\/a><\/p>\n<p>Vous pouvez trouver l&rsquo;intervention d&rsquo;Hugo <a href=\"https:\/\/www.youtube.com\/watch?v=C6pSn3Gz_W8\">en suivant le lien suivant<\/a> (deuxi\u00e8me partie de la vid\u00e9o).<\/p>\n<p>&nbsp;<\/p>\n<p>&nbsp;<\/p>\n<p>&nbsp;<\/p>\n<p>&nbsp;<\/p>\n<p>&nbsp;<\/p>\n<p>&nbsp;<\/p>\n","protected":false},"excerpt":{"rendered":"<p>&#8211;Quentin Villa a soutenu sa th\u00e8se de doctorat intitul\u00e9e : L\u2019av\u00e8nement d\u2019un loisir : le cirque ambulant en France et en Espagne (1901-1939)\u00a0le mardi&hellip;<\/p>\n","protected":false},"author":1,"featured_media":0,"parent":0,"menu_order":0,"comment_status":"closed","ping_status":"closed","template":"","meta":{"_acf_changed":false,"footnotes":""},"class_list":["post-2","page","type-page","status-publish","hentry"],"acf":[],"_links":{"self":[{"href":"https:\/\/sites-recherche.univ-rennes2.fr\/tempora\/wp-json\/wp\/v2\/pages\/2","targetHints":{"allow":["GET"]}}],"collection":[{"href":"https:\/\/sites-recherche.univ-rennes2.fr\/tempora\/wp-json\/wp\/v2\/pages"}],"about":[{"href":"https:\/\/sites-recherche.univ-rennes2.fr\/tempora\/wp-json\/wp\/v2\/types\/page"}],"author":[{"embeddable":true,"href":"https:\/\/sites-recherche.univ-rennes2.fr\/tempora\/wp-json\/wp\/v2\/users\/1"}],"replies":[{"embeddable":true,"href":"https:\/\/sites-recherche.univ-rennes2.fr\/tempora\/wp-json\/wp\/v2\/comments?post=2"}],"version-history":[{"count":70,"href":"https:\/\/sites-recherche.univ-rennes2.fr\/tempora\/wp-json\/wp\/v2\/pages\/2\/revisions"}],"predecessor-version":[{"id":4853,"href":"https:\/\/sites-recherche.univ-rennes2.fr\/tempora\/wp-json\/wp\/v2\/pages\/2\/revisions\/4853"}],"wp:attachment":[{"href":"https:\/\/sites-recherche.univ-rennes2.fr\/tempora\/wp-json\/wp\/v2\/media?parent=2"}],"curies":[{"name":"wp","href":"https:\/\/api.w.org\/{rel}","templated":true}]}}