{"id":2270,"date":"2021-11-10T08:14:31","date_gmt":"2021-11-10T07:14:31","guid":{"rendered":"https:\/\/sites-recherche.univ-rennes2.fr\/tempora\/?page_id=2270"},"modified":"2023-06-30T12:00:37","modified_gmt":"2023-06-30T10:00:37","slug":"publications-en-langues-etrangeres","status":"publish","type":"page","link":"https:\/\/sites-recherche.univ-rennes2.fr\/tempora\/publications-en-langues-etrangeres\/","title":{"rendered":"Publications en langues \u00e9trang\u00e8res"},"content":{"rendered":"<p>Liste s\u00e9lective se limitant aux livres et volumes collectifs.<\/p>\n<ul>\n<li>Jean-Manuel ROUBINEAU,\u00a0<i><a href=\"https:\/\/sites-recherche.univ-rennes2.fr\/tempora\/articles\/diogenes-the-cynic\/\"><strong>The Dangerous Life and Ideas of Diogenes the Cynic<\/strong><\/a>,\u00a0<\/i>Oxford, OUP, 2023<\/li>\n<li>Pierre KARILA-COHEN (dir.),\u00a0<strong><em><a href=\"https:\/\/sites-recherche.univ-rennes2.fr\/tempora\/articles\/prefects-and-gov%E2%80%A6h-century-europe\/\">Prefects and Governors in Nineteenth-century Europe<\/a>,<\/em><\/strong>\u00a0Londres, Palgrave MacMillan, 2022<\/li>\n<li>Andr\u00e9 BELO,\u00a0<a href=\"https:\/\/sites-recherche.univ-rennes2.fr\/tempora\/articles\/mort-et-fiction-du-faux-roi-sebastien\/\"><strong><em>Morte e fic\u00e7\u00e3o do rei D. Sebasti\u00e3o<\/em><\/strong><\/a>, Lisbonne, Tinta da China, 2021<\/li>\n<li>Patrick BOUCHERON (dir.), N. DELALANDE, F. MAZEL, Y. POTIN et P. SINGARAV\u00c9LOU (coord.), avec les contributions d\u2019Isabelle\u00a0ROS\u00c9 et de Philippe HAMON,\u00a0<em><a href=\"https:\/\/sites-recherche.univ-rennes2.fr\/tempora\/articles\/histoire-mondiale-de-la-france\/\"><strong>France in the World. A New Global History<\/strong><\/a>,\u00a0<\/em>New York, Other Press, 2019<\/li>\n<li>Marie-Madeleine de CEVINS,\u00a0<a href=\"https:\/\/sites-recherche.univ-rennes2.fr\/tempora\/articles\/confraternity-me%E2%80%A6-the-middle-ages\/\"><strong><em>Confraternity, Mendicant Orders, and Salvation in the Middle Ages: The Contribution of the Hungarian Sources (c. 1270\u2013c. 1530)<\/em><\/strong><\/a>, Turnhout, Brepols, 2018<\/li>\n<\/ul>\n","protected":false},"excerpt":{"rendered":"<p>Liste s\u00e9lective se limitant aux livres et volumes collectifs. Jean-Manuel ROUBINEAU,\u00a0The Dangerous Life and Ideas of Diogenes the Cynic,\u00a0Oxford, OUP, 2023 Pierre KARILA-COHEN (dir.),\u00a0Prefects&hellip;<\/p>\n","protected":false},"author":1,"featured_media":0,"parent":0,"menu_order":0,"comment_status":"closed","ping_status":"closed","template":"","meta":{"_acf_changed":false,"footnotes":""},"class_list":["post-2270","page","type-page","status-publish","hentry"],"acf":[],"_links":{"self":[{"href":"https:\/\/sites-recherche.univ-rennes2.fr\/tempora\/wp-json\/wp\/v2\/pages\/2270","targetHints":{"allow":["GET"]}}],"collection":[{"href":"https:\/\/sites-recherche.univ-rennes2.fr\/tempora\/wp-json\/wp\/v2\/pages"}],"about":[{"href":"https:\/\/sites-recherche.univ-rennes2.fr\/tempora\/wp-json\/wp\/v2\/types\/page"}],"author":[{"embeddable":true,"href":"https:\/\/sites-recherche.univ-rennes2.fr\/tempora\/wp-json\/wp\/v2\/users\/1"}],"replies":[{"embeddable":true,"href":"https:\/\/sites-recherche.univ-rennes2.fr\/tempora\/wp-json\/wp\/v2\/comments?post=2270"}],"version-history":[{"count":7,"href":"https:\/\/sites-recherche.univ-rennes2.fr\/tempora\/wp-json\/wp\/v2\/pages\/2270\/revisions"}],"predecessor-version":[{"id":3752,"href":"https:\/\/sites-recherche.univ-rennes2.fr\/tempora\/wp-json\/wp\/v2\/pages\/2270\/revisions\/3752"}],"wp:attachment":[{"href":"https:\/\/sites-recherche.univ-rennes2.fr\/tempora\/wp-json\/wp\/v2\/media?parent=2270"}],"curies":[{"name":"wp","href":"https:\/\/api.w.org\/{rel}","templated":true}]}}