{"id":493,"date":"2020-09-10T09:26:17","date_gmt":"2020-09-10T07:26:17","guid":{"rendered":"https:\/\/sites-recherche.univ-rennes2.fr\/tempora\/?page_id=493"},"modified":"2021-11-30T08:20:33","modified_gmt":"2021-11-30T07:20:33","slug":"fonds","status":"publish","type":"page","link":"https:\/\/sites-recherche.univ-rennes2.fr\/tempora\/fonds\/","title":{"rendered":"Fonds"},"content":{"rendered":"<p>La Biblioth\u00e8que Fran\u00e7ois-Lebrun abrite environ 18 000 volumes, 162 titres de revues (dont 23 abonnements \u00ab papier \u00bb en cours) orient\u00e9s vers la recherche en histoire, du Moyen \u00c2ge \u00e0 nos jours refl\u00e9tant ainsi l&rsquo;\u00e9volution de la recherche en Histoire \u00e0 Rennes 2<\/p>\n<p>Elle dispose \u00e9galement d\u2019un fonds de 4000 m\u00e9moires d\u2019\u00e9tudiants en Histoire (DES, Ma\u00eetrises, DEA et Masters).<\/p>\n<p>La politique d\u2019acquisition de la BFL refl\u00e8te les th\u00e9matiques explor\u00e9es \u2013 collectivement ou individuellement \u2013 par les membres de Tempora et par les \u00e9tudiants dont ils encadrent les recherches, du Master au Doctorat.<\/p>\n<p>Les collections de la BFL sont int\u00e9gralement r\u00e9f\u00e9renc\u00e9es dans le\u00a0<a title=\"ouverture d'un nouvel onglet\" href=\"https:\/\/rechercher.bu.univ-rennes2.fr\/primo-explore\/search?vid=33UDR2_VU1&amp;lang=fr_FR&amp;sortby=rank\" target=\"_blank\" rel=\"noopener noreferrer\">catalogue\u00a0<\/a>Rennes 2.<\/p>\n<p>La BFL est le lieu de consultation des archives de l&rsquo; \u00ab\u00a0<a href=\"https:\/\/sites-recherche.univ-rennes2.fr\/tempora\/activites\/anr-obardi\/\">enqu\u00eate Jean Nicolas<\/a>\u00ab\u00a0, qui porte sur les mouvements r\u00e9bellionnaires dans la France d\u2019Ancien R\u00e9gime.<\/p>\n<p>La BFL est d\u00e9positaire du fonds de l&rsquo;enqu\u00eate de Jean Delumeau sur les mouvements du port de Saint-Malo de la fin du 17e \u00e0 l&rsquo;aube de la R\u00e9volution fran\u00e7aise.<\/p>\n","protected":false},"excerpt":{"rendered":"<p>La Biblioth\u00e8que Fran\u00e7ois-Lebrun abrite environ 18 000 volumes, 162 titres de revues (dont 23 abonnements \u00ab papier \u00bb en cours) orient\u00e9s vers la recherche&hellip;<\/p>\n","protected":false},"author":1,"featured_media":0,"parent":0,"menu_order":0,"comment_status":"closed","ping_status":"closed","template":"","meta":{"_acf_changed":false,"footnotes":""},"class_list":["post-493","page","type-page","status-publish","hentry"],"acf":[],"_links":{"self":[{"href":"https:\/\/sites-recherche.univ-rennes2.fr\/tempora\/wp-json\/wp\/v2\/pages\/493","targetHints":{"allow":["GET"]}}],"collection":[{"href":"https:\/\/sites-recherche.univ-rennes2.fr\/tempora\/wp-json\/wp\/v2\/pages"}],"about":[{"href":"https:\/\/sites-recherche.univ-rennes2.fr\/tempora\/wp-json\/wp\/v2\/types\/page"}],"author":[{"embeddable":true,"href":"https:\/\/sites-recherche.univ-rennes2.fr\/tempora\/wp-json\/wp\/v2\/users\/1"}],"replies":[{"embeddable":true,"href":"https:\/\/sites-recherche.univ-rennes2.fr\/tempora\/wp-json\/wp\/v2\/comments?post=493"}],"version-history":[{"count":11,"href":"https:\/\/sites-recherche.univ-rennes2.fr\/tempora\/wp-json\/wp\/v2\/pages\/493\/revisions"}],"predecessor-version":[{"id":2355,"href":"https:\/\/sites-recherche.univ-rennes2.fr\/tempora\/wp-json\/wp\/v2\/pages\/493\/revisions\/2355"}],"wp:attachment":[{"href":"https:\/\/sites-recherche.univ-rennes2.fr\/tempora\/wp-json\/wp\/v2\/media?parent=493"}],"curies":[{"name":"wp","href":"https:\/\/api.w.org\/{rel}","templated":true}]}}