{"id":495,"date":"2020-09-10T09:26:32","date_gmt":"2020-09-10T07:26:32","guid":{"rendered":"https:\/\/sites-recherche.univ-rennes2.fr\/tempora\/?page_id=495"},"modified":"2025-10-17T08:52:53","modified_gmt":"2025-10-17T06:52:53","slug":"bases-de-donnees","status":"publish","type":"page","link":"https:\/\/sites-recherche.univ-rennes2.fr\/tempora\/bases-de-donnees\/","title":{"rendered":"Bases de donn\u00e9es"},"content":{"rendered":"<p>La Biblioth\u00e8que Fran\u00e7ois-Lebrun administre les bases suivantes :<\/p>\n<p>\u2013\u00a0<a href=\"https:\/\/services.univ-rennes2.fr\/dipouest\/\">DIPOUEST<\/a>\u00a0(articles et contributions sur l\u2019histoire de la Bretagne et des r\u00e9gions limitrophes).<\/p>\n<p>\u2013\u00a0<a title=\"ouverture d'un nouvel onglet\" href=\"https:\/\/memhouest.nakalona.fr\/\" target=\"_blank\" rel=\"noopener noreferrer\">MemHOuest<\/a>\u00a0(travaux d\u2019\u00e9tudiants sur l\u2019histoire d\u2019un tr\u00e8s grand ouest fran\u00e7ais).<\/p>\n<p>\u2013<a title=\"ouverture d'un nouvel onglet\" href=\"https:\/\/19m.nakalona.fr\/\" target=\"_blank\" rel=\"noopener noreferrer\">\u00a0XIXe si\u00e8cle en m\u00e9moires<\/a> (travaux d\u2019\u00e9tudiants sur l\u2019histoire du XIXe si\u00e8cle d\u00e9pos\u00e9s en France m\u00e9tropolitaine et outre-mer).<\/p>\n<p>&#8211; <a href=\"https:\/\/marchandises-malouines.nakala.fr\/\">Marchandises Malouines<\/a> (fiches de l&rsquo;enqu\u00eate J. Delumeau sur le mouvement du port de St-Malo de la fin du 17e s. \u00e0 la fin du 18e s.)<\/p>\n","protected":false},"excerpt":{"rendered":"<p>La Biblioth\u00e8que Fran\u00e7ois-Lebrun administre les bases suivantes : \u2013\u00a0DIPOUEST\u00a0(articles et contributions sur l\u2019histoire de la Bretagne et des r\u00e9gions limitrophes). \u2013\u00a0MemHOuest\u00a0(travaux d\u2019\u00e9tudiants sur l\u2019histoire&hellip;<\/p>\n","protected":false},"author":1,"featured_media":0,"parent":0,"menu_order":0,"comment_status":"closed","ping_status":"closed","template":"","meta":{"_acf_changed":false,"footnotes":""},"class_list":["post-495","page","type-page","status-publish","hentry"],"acf":[],"_links":{"self":[{"href":"https:\/\/sites-recherche.univ-rennes2.fr\/tempora\/wp-json\/wp\/v2\/pages\/495","targetHints":{"allow":["GET"]}}],"collection":[{"href":"https:\/\/sites-recherche.univ-rennes2.fr\/tempora\/wp-json\/wp\/v2\/pages"}],"about":[{"href":"https:\/\/sites-recherche.univ-rennes2.fr\/tempora\/wp-json\/wp\/v2\/types\/page"}],"author":[{"embeddable":true,"href":"https:\/\/sites-recherche.univ-rennes2.fr\/tempora\/wp-json\/wp\/v2\/users\/1"}],"replies":[{"embeddable":true,"href":"https:\/\/sites-recherche.univ-rennes2.fr\/tempora\/wp-json\/wp\/v2\/comments?post=495"}],"version-history":[{"count":6,"href":"https:\/\/sites-recherche.univ-rennes2.fr\/tempora\/wp-json\/wp\/v2\/pages\/495\/revisions"}],"predecessor-version":[{"id":4725,"href":"https:\/\/sites-recherche.univ-rennes2.fr\/tempora\/wp-json\/wp\/v2\/pages\/495\/revisions\/4725"}],"wp:attachment":[{"href":"https:\/\/sites-recherche.univ-rennes2.fr\/tempora\/wp-json\/wp\/v2\/media?parent=495"}],"curies":[{"name":"wp","href":"https:\/\/api.w.org\/{rel}","templated":true}]}}