{"id":5,"date":"2020-07-06T10:55:23","date_gmt":"2020-07-06T08:55:23","guid":{"rendered":"https:\/\/sites-recherche.univ-rennes2.fr\/tempora\/accueil\/"},"modified":"2024-11-14T08:37:29","modified_gmt":"2024-11-14T07:37:29","slug":"accueil","status":"publish","type":"page","link":"https:\/\/sites-recherche.univ-rennes2.fr\/tempora\/","title":{"rendered":"Accueil"},"content":{"rendered":"<p><strong><span class=\"important\">Tempora<\/span><\/strong> est une unit\u00e9 de recherche en histoire rattach\u00e9e \u00e0 l&rsquo;universit\u00e9 Rennes 2.<\/p>\n<p>Elle a \u00e9t\u00e9 reconnue par le Minist\u00e8re de l&rsquo;Enseignement Sup\u00e9rieur et de la Recherche en janvier 2017 comme \u00ab\u00a0\u00c9quipe d&rsquo;Accueil <span style=\"font-size: 1rem;\">n\u00b0 7468<\/span><span style=\"font-size: 1rem;\">\u00a0\u00bb et constitue d\u00e9sormais une \u00ab\u00a0Unit\u00e9 de Recherche\u00a0\u00bb (UR).<\/span><\/p>\n<p>Son objectif scientifique est de renouveler <span style=\"font-size: 1rem;\">la compr\u00e9hension des liens entre temps, espaces, pouvoirs et cultures<\/span><span style=\"font-size: 1rem;\"> en appliquant les m\u00e9thodes propres \u00e0 l&rsquo;histoire. Il se d\u00e9cline en trois <\/span><a style=\"background-color: #ffffff; font-size: 1rem;\" href=\"https:\/\/sites-recherche.univ-rennes2.fr\/tempora\/axes-et-equipes-de-recherche\/\">axes<\/a><span style=\"font-size: 1rem;\"> th\u00e9matiques : (1) <em>Jeux d&rsquo;\u00e9chelles : du local au global<\/em>, (2) <em>Gouverner et \u00eatre gouvern\u00e9<\/em>, (3) <em>Savoirs et pratiques socio-culturelles<\/em>.<\/span><\/p>\n<p><strong>Tempora<\/strong> regroupe une trentaine d&rsquo;enseignants-chercheurs, pr\u00e8s de trente doctorants (dont une vingtaine sont inscrits exclusivement \u00e0 Rennes 2), plus de cinquante membres associ\u00e9s et <span style=\"color: #434a54;\">deux <\/span>personnels administratifs.<\/p>\n<p>Situ\u00e9e dans la Maison de la Recherche en Sciences sociales de l&rsquo;universit\u00e9 Rennes 2 (b\u00e2timent N du Campus Villejean), elle dispose des ressources documentaires de la <a href=\"https:\/\/sites-recherche.univ-rennes2.fr\/tempora\/bfl\/\">Biblioth\u00e8que Fran\u00e7ois-Lebrun<\/a>.<\/p>\n<p>Le compte \u00ab\u00a0X\u00a0\u00bb (anciennement \u00ab\u00a0twitter\u00a0\u00bb) <a style=\"font-family: var(--bs-body-font-family); font-size: var(--bs-body-font-size); font-weight: var(--bs-body-font-weight); text-align: var(--bs-body-text-align);\" title=\"ouverture d'un nouvel onglet\" href=\"https:\/\/twitter.com\/EAtempora\" target=\"_blank\" rel=\"noopener noreferrer\">@EATempora <\/a><span style=\"background-color: var(--bs-body-bg); color: var(--sg-secondary-dark); font-family: var(--bs-body-font-family); font-size: var(--bs-body-font-size); font-weight: var(--bs-body-font-weight); text-align: var(--bs-body-text-align);\">permet de suivre le fil de l&rsquo;actualit\u00e9 de <\/span><strong style=\"background-color: var(--bs-body-bg); font-family: var(--bs-body-font-family); font-size: var(--bs-body-font-size); text-align: var(--bs-body-text-align);\">Tempora<\/strong>.<\/p>\n","protected":false},"excerpt":{"rendered":"<p>Tempora est une unit\u00e9 de recherche en histoire rattach\u00e9e \u00e0 l&rsquo;universit\u00e9 Rennes 2. Elle a \u00e9t\u00e9 reconnue par le Minist\u00e8re de l&rsquo;Enseignement Sup\u00e9rieur et&hellip;<\/p>\n","protected":false},"author":1,"featured_media":0,"parent":0,"menu_order":0,"comment_status":"closed","ping_status":"closed","template":"","meta":{"_acf_changed":false,"footnotes":""},"class_list":["post-5","page","type-page","status-publish","hentry"],"acf":[],"_links":{"self":[{"href":"https:\/\/sites-recherche.univ-rennes2.fr\/tempora\/wp-json\/wp\/v2\/pages\/5","targetHints":{"allow":["GET"]}}],"collection":[{"href":"https:\/\/sites-recherche.univ-rennes2.fr\/tempora\/wp-json\/wp\/v2\/pages"}],"about":[{"href":"https:\/\/sites-recherche.univ-rennes2.fr\/tempora\/wp-json\/wp\/v2\/types\/page"}],"author":[{"embeddable":true,"href":"https:\/\/sites-recherche.univ-rennes2.fr\/tempora\/wp-json\/wp\/v2\/users\/1"}],"replies":[{"embeddable":true,"href":"https:\/\/sites-recherche.univ-rennes2.fr\/tempora\/wp-json\/wp\/v2\/comments?post=5"}],"version-history":[{"count":70,"href":"https:\/\/sites-recherche.univ-rennes2.fr\/tempora\/wp-json\/wp\/v2\/pages\/5\/revisions"}],"predecessor-version":[{"id":4433,"href":"https:\/\/sites-recherche.univ-rennes2.fr\/tempora\/wp-json\/wp\/v2\/pages\/5\/revisions\/4433"}],"wp:attachment":[{"href":"https:\/\/sites-recherche.univ-rennes2.fr\/tempora\/wp-json\/wp\/v2\/media?parent=5"}],"curies":[{"name":"wp","href":"https:\/\/api.w.org\/{rel}","templated":true}]}}